{"id":1435,"date":"2025-04-18T22:01:19","date_gmt":"2025-04-18T20:01:19","guid":{"rendered":"https:\/\/ellypara.com\/?post_type=product&#038;p=1435"},"modified":"2025-04-18T22:01:19","modified_gmt":"2025-04-18T20:01:19","slug":"nuk-sucette-space-avec-boite-0-6-mois","status":"publish","type":"product","link":"https:\/\/ellypara.com\/index.php\/produit\/nuk-sucette-space-avec-boite-0-6-mois\/","title":{"rendered":"NUK Sucette Space avec Boite 0-6 Mois"},"content":{"rendered":"<p>Les sucettes ont une forme originale qui favorise le d\u00e9veloppement sain de la m\u00e2choire.\u00a0D\u00e9velopp\u00e9 par des dentistes praticiens.\u00a0La forme est emprunt\u00e9e \u00e0 la nature elle-m\u00eame.<\/p>\n<ul>\n<li>Fabriqu\u00e9 en mat\u00e9riaux synth\u00e9tiques de haute qualit\u00e9 (silicone, PP)<\/li>\n<li>Avoir un look moderne<\/li>\n<li>R\u00e9cipient r\u00e9utilisable durable pour le stockage et le transport.\u00a0Peut \u00eatre trait\u00e9 au micro-ondes<\/li>\n<li>Forme orthodontique NUK avanc\u00e9e bas\u00e9e sur les derni\u00e8res avanc\u00e9es de la m\u00e9decine \u2013 la meilleure t\u00e9tine orthodontique NUK Trendline de tous les temps<\/li>\n<li>Plus mince, plus \u00e9troit et plus plat<\/li>\n<li>Pour le d\u00e9veloppement sain de la cavit\u00e9 buccale du b\u00e9b\u00e9 \u2013 r\u00e9p\u00e8te la forme du mamelon du sein de la m\u00e8re pendant l\u2019allaitement<\/li>\n<li>Embout buccal de forme anatomique avec bouton plat pour \u00e9viter les bosses sur le visage de b\u00e9b\u00e9 lorsqu\u2019il est allong\u00e9 sur le ventre ou sur le c\u00f4t\u00e9, id\u00e9al pour dormir<\/li>\n<li>Ne contient pas de Bisph\u00e9nol A<\/li>\n<\/ul>\n<p>Toutes les sucettes NUK sont \u00e9quip\u00e9es du syst\u00e8me anti-coliques NUK AirSystem, qui lib\u00e8re l\u2019air de la t\u00e9tine comprim\u00e9e.<\/p>\n<p>Ainsi, la t\u00e9tine reste douce et souple, s\u2019adapte parfaitement \u00e0 la bouche de b\u00e9b\u00e9.<\/p>\n","protected":false},"excerpt":{"rendered":"<p>La t\u00e9tine Disney Mickey Mouse est une forme orthodontique NUK avanc\u00e9e bas\u00e9e sur les derni\u00e8res avanc\u00e9es m\u00e9dicales. Pour le d\u00e9veloppement sain de la cavit\u00e9 buccale de b\u00e9b\u00e9 !<\/p>\n","protected":false},"featured_media":1439,"comment_status":"open","ping_status":"closed","template":"","meta":{"ocean_post_layout":"","ocean_both_sidebars_style":"","ocean_both_sidebars_content_width":0,"ocean_both_sidebars_sidebars_width":0,"ocean_sidebar":"0","ocean_second_sidebar":"0","ocean_disable_margins":"enable","ocean_add_body_class":"","ocean_shortcode_before_top_bar":"","ocean_shortcode_after_top_bar":"","ocean_shortcode_before_header":"","ocean_shortcode_after_header":"","ocean_has_shortcode":"","ocean_shortcode_after_title":"","ocean_shortcode_before_footer_widgets":"","ocean_shortcode_after_footer_widgets":"","ocean_shortcode_before_footer_bottom":"","ocean_shortcode_after_footer_bottom":"","ocean_display_top_bar":"default","ocean_display_header":"default","ocean_header_style":"","ocean_center_header_left_menu":"0","ocean_custom_header_template":"0","ocean_custom_logo":0,"ocean_custom_retina_logo":0,"ocean_custom_logo_max_width":0,"ocean_custom_logo_tablet_max_width":0,"ocean_custom_logo_mobile_max_width":0,"ocean_custom_logo_max_height":0,"ocean_custom_logo_tablet_max_height":0,"ocean_custom_logo_mobile_max_height":0,"ocean_header_custom_menu":"0","ocean_menu_typo_font_family":"0","ocean_menu_typo_font_subset":"","ocean_menu_typo_font_size":0,"ocean_menu_typo_font_size_tablet":0,"ocean_menu_typo_font_size_mobile":0,"ocean_menu_typo_font_size_unit":"px","ocean_menu_typo_font_weight":"","ocean_menu_typo_font_weight_tablet":"","ocean_menu_typo_font_weight_mobile":"","ocean_menu_typo_transform":"","ocean_menu_typo_transform_tablet":"","ocean_menu_typo_transform_mobile":"","ocean_menu_typo_line_height":0,"ocean_menu_typo_line_height_tablet":0,"ocean_menu_typo_line_height_mobile":0,"ocean_menu_typo_line_height_unit":"","ocean_menu_typo_spacing":0,"ocean_menu_typo_spacing_tablet":0,"ocean_menu_typo_spacing_mobile":0,"ocean_menu_typo_spacing_unit":"","ocean_menu_link_color":"","ocean_menu_link_color_hover":"","ocean_menu_link_color_active":"","ocean_menu_link_background":"","ocean_menu_link_hover_background":"","ocean_menu_link_active_background":"","ocean_menu_social_links_bg":"","ocean_menu_social_hover_links_bg":"","ocean_menu_social_links_color":"","ocean_menu_social_hover_links_color":"","ocean_disable_title":"default","ocean_disable_heading":"default","ocean_post_title":"","ocean_post_subheading":"","ocean_post_title_style":"","ocean_post_title_background_color":"","ocean_post_title_background":0,"ocean_post_title_bg_image_position":"","ocean_post_title_bg_image_attachment":"","ocean_post_title_bg_image_repeat":"","ocean_post_title_bg_image_size":"","ocean_post_title_height":0,"ocean_post_title_bg_overlay":0.5,"ocean_post_title_bg_overlay_color":"","ocean_disable_breadcrumbs":"default","ocean_breadcrumbs_color":"","ocean_breadcrumbs_separator_color":"","ocean_breadcrumbs_links_color":"","ocean_breadcrumbs_links_hover_color":"","ocean_display_footer_widgets":"default","ocean_display_footer_bottom":"default","ocean_custom_footer_template":"0"},"product_brand":[],"product_cat":[24,59],"product_tag":[],"class_list":{"0":"post-1435","1":"product","2":"type-product","3":"status-publish","4":"has-post-thumbnail","6":"product_cat-bebe-et-maman","7":"product_cat-puericulture","9":"entry","10":"has-media","12":"first","13":"instock","14":"taxable","15":"shipping-taxable","16":"purchasable","17":"product-type-simple","18":"has-product-nav","19":"col","20":"span_1_of_3","21":"owp-content-center","22":"owp-thumbs-layout-horizontal","23":"owp-btn-normal","24":"owp-tabs-layout-horizontal"},"_links":{"self":[{"href":"https:\/\/ellypara.com\/index.php\/wp-json\/wp\/v2\/product\/1435","targetHints":{"allow":["GET"]}}],"collection":[{"href":"https:\/\/ellypara.com\/index.php\/wp-json\/wp\/v2\/product"}],"about":[{"href":"https:\/\/ellypara.com\/index.php\/wp-json\/wp\/v2\/types\/product"}],"replies":[{"embeddable":true,"href":"https:\/\/ellypara.com\/index.php\/wp-json\/wp\/v2\/comments?post=1435"}],"wp:featuredmedia":[{"embeddable":true,"href":"https:\/\/ellypara.com\/index.php\/wp-json\/wp\/v2\/media\/1439"}],"wp:attachment":[{"href":"https:\/\/ellypara.com\/index.php\/wp-json\/wp\/v2\/media?parent=1435"}],"wp:term":[{"taxonomy":"product_brand","embeddable":true,"href":"https:\/\/ellypara.com\/index.php\/wp-json\/wp\/v2\/product_brand?post=1435"},{"taxonomy":"product_cat","embeddable":true,"href":"https:\/\/ellypara.com\/index.php\/wp-json\/wp\/v2\/product_cat?post=1435"},{"taxonomy":"product_tag","embeddable":true,"href":"https:\/\/ellypara.com\/index.php\/wp-json\/wp\/v2\/product_tag?post=1435"}],"curies":[{"name":"wp","href":"https:\/\/api.w.org\/{rel}","templated":true}]}}