{"id":1441,"date":"2025-04-18T22:06:36","date_gmt":"2025-04-18T20:06:36","guid":{"rendered":"https:\/\/ellypara.com\/?post_type=product&#038;p=1441"},"modified":"2025-04-18T22:06:36","modified_gmt":"2025-04-18T20:06:36","slug":"nuk-sucette-disney-winnie-avec-boite-0-6-mois","status":"publish","type":"product","link":"https:\/\/ellypara.com\/index.php\/produit\/nuk-sucette-disney-winnie-avec-boite-0-6-mois\/","title":{"rendered":"NUK Sucette Disney Winnie avec Boite 0-6 Mois"},"content":{"rendered":"<p>La sucette Nuke Favorise une bonne formation des m\u00e2choires gr\u00e2ce \u00e0 son embout physiologique.<\/p>\n<p>Anneau de pr\u00e9hension, muni de picots de massage pour les gencives de b\u00e9b\u00e9<\/p>\n<p>Favorise une bonne formation des m\u00e2choires.<\/p>\n<p>La t\u00e9tine \u00bb NUK \u00bb a un design amusant et color\u00e9, avec une application de la pr\u00e9f\u00e9r\u00e9e des enfants Winnie l\u2019ourson. Convient aux b\u00e9b\u00e9s de 0+ \u00e0 6 mois. Il a une forme orthodontique et aide au bon d\u00e9veloppement de la m\u00e2choire et du palais du b\u00e9b\u00e9.<\/p>\n<p>Il est con\u00e7u pour r\u00e9duire la tension sur les gencives et assurer un d\u00e9veloppement sain de la bouche, du palais et des dents du b\u00e9b\u00e9. Sa base est con\u00e7ue pour s\u2019adapter \u00e0 la petite bouche du b\u00e9b\u00e9 et les fentes d\u2019a\u00e9ration lat\u00e9rales prot\u00e8gent la peau de l\u2019inflammation, des \u00e9ruptions cutan\u00e9es et des allergies.<\/p>\n<p>La t\u00e9tine est faite de silicone souple qui n\u2019irrite pas les gencives d\u00e9licates du b\u00e9b\u00e9. Le \u00ab Air System \u00bb permet de lib\u00e9rer l\u2019air de la sucette, ce qui permet \u00e0 la sucette de rester douce et de conserver sa forme, assurant ainsi le bon d\u00e9veloppement de la m\u00e2choire et du palais de votre b\u00e9b\u00e9.<\/p>\n<p>La sucette est livr\u00e9e avec une bo\u00eete de rangement et de st\u00e9rilisation.<\/p>\n","protected":false},"excerpt":{"rendered":"<p>NUK Sucette + boite Disney 0-6M<\/p>\n","protected":false},"featured_media":1442,"comment_status":"open","ping_status":"closed","template":"","meta":{"ocean_post_layout":"","ocean_both_sidebars_style":"","ocean_both_sidebars_content_width":0,"ocean_both_sidebars_sidebars_width":0,"ocean_sidebar":"0","ocean_second_sidebar":"0","ocean_disable_margins":"enable","ocean_add_body_class":"","ocean_shortcode_before_top_bar":"","ocean_shortcode_after_top_bar":"","ocean_shortcode_before_header":"","ocean_shortcode_after_header":"","ocean_has_shortcode":"","ocean_shortcode_after_title":"","ocean_shortcode_before_footer_widgets":"","ocean_shortcode_after_footer_widgets":"","ocean_shortcode_before_footer_bottom":"","ocean_shortcode_after_footer_bottom":"","ocean_display_top_bar":"default","ocean_display_header":"default","ocean_header_style":"","ocean_center_header_left_menu":"0","ocean_custom_header_template":"0","ocean_custom_logo":0,"ocean_custom_retina_logo":0,"ocean_custom_logo_max_width":0,"ocean_custom_logo_tablet_max_width":0,"ocean_custom_logo_mobile_max_width":0,"ocean_custom_logo_max_height":0,"ocean_custom_logo_tablet_max_height":0,"ocean_custom_logo_mobile_max_height":0,"ocean_header_custom_menu":"0","ocean_menu_typo_font_family":"0","ocean_menu_typo_font_subset":"","ocean_menu_typo_font_size":0,"ocean_menu_typo_font_size_tablet":0,"ocean_menu_typo_font_size_mobile":0,"ocean_menu_typo_font_size_unit":"px","ocean_menu_typo_font_weight":"","ocean_menu_typo_font_weight_tablet":"","ocean_menu_typo_font_weight_mobile":"","ocean_menu_typo_transform":"","ocean_menu_typo_transform_tablet":"","ocean_menu_typo_transform_mobile":"","ocean_menu_typo_line_height":0,"ocean_menu_typo_line_height_tablet":0,"ocean_menu_typo_line_height_mobile":0,"ocean_menu_typo_line_height_unit":"","ocean_menu_typo_spacing":0,"ocean_menu_typo_spacing_tablet":0,"ocean_menu_typo_spacing_mobile":0,"ocean_menu_typo_spacing_unit":"","ocean_menu_link_color":"","ocean_menu_link_color_hover":"","ocean_menu_link_color_active":"","ocean_menu_link_background":"","ocean_menu_link_hover_background":"","ocean_menu_link_active_background":"","ocean_menu_social_links_bg":"","ocean_menu_social_hover_links_bg":"","ocean_menu_social_links_color":"","ocean_menu_social_hover_links_color":"","ocean_disable_title":"default","ocean_disable_heading":"default","ocean_post_title":"","ocean_post_subheading":"","ocean_post_title_style":"","ocean_post_title_background_color":"","ocean_post_title_background":0,"ocean_post_title_bg_image_position":"","ocean_post_title_bg_image_attachment":"","ocean_post_title_bg_image_repeat":"","ocean_post_title_bg_image_size":"","ocean_post_title_height":0,"ocean_post_title_bg_overlay":0.5,"ocean_post_title_bg_overlay_color":"","ocean_disable_breadcrumbs":"default","ocean_breadcrumbs_color":"","ocean_breadcrumbs_separator_color":"","ocean_breadcrumbs_links_color":"","ocean_breadcrumbs_links_hover_color":"","ocean_display_footer_widgets":"default","ocean_display_footer_bottom":"default","ocean_custom_footer_template":"0"},"product_brand":[],"product_cat":[24,59],"product_tag":[],"class_list":{"0":"post-1441","1":"product","2":"type-product","3":"status-publish","4":"has-post-thumbnail","6":"product_cat-bebe-et-maman","7":"product_cat-puericulture","9":"entry","10":"has-media","12":"first","13":"instock","14":"taxable","15":"shipping-taxable","16":"purchasable","17":"product-type-simple","18":"has-product-nav","19":"col","20":"span_1_of_3","21":"owp-content-center","22":"owp-thumbs-layout-horizontal","23":"owp-btn-normal","24":"owp-tabs-layout-horizontal"},"_links":{"self":[{"href":"https:\/\/ellypara.com\/index.php\/wp-json\/wp\/v2\/product\/1441","targetHints":{"allow":["GET"]}}],"collection":[{"href":"https:\/\/ellypara.com\/index.php\/wp-json\/wp\/v2\/product"}],"about":[{"href":"https:\/\/ellypara.com\/index.php\/wp-json\/wp\/v2\/types\/product"}],"replies":[{"embeddable":true,"href":"https:\/\/ellypara.com\/index.php\/wp-json\/wp\/v2\/comments?post=1441"}],"wp:featuredmedia":[{"embeddable":true,"href":"https:\/\/ellypara.com\/index.php\/wp-json\/wp\/v2\/media\/1442"}],"wp:attachment":[{"href":"https:\/\/ellypara.com\/index.php\/wp-json\/wp\/v2\/media?parent=1441"}],"wp:term":[{"taxonomy":"product_brand","embeddable":true,"href":"https:\/\/ellypara.com\/index.php\/wp-json\/wp\/v2\/product_brand?post=1441"},{"taxonomy":"product_cat","embeddable":true,"href":"https:\/\/ellypara.com\/index.php\/wp-json\/wp\/v2\/product_cat?post=1441"},{"taxonomy":"product_tag","embeddable":true,"href":"https:\/\/ellypara.com\/index.php\/wp-json\/wp\/v2\/product_tag?post=1441"}],"curies":[{"name":"wp","href":"https:\/\/api.w.org\/{rel}","templated":true}]}}