{"id":1444,"date":"2025-04-18T22:11:38","date_gmt":"2025-04-18T20:11:38","guid":{"rendered":"https:\/\/ellypara.com\/?post_type=product&#038;p=1444"},"modified":"2025-04-18T22:11:38","modified_gmt":"2025-04-18T20:11:38","slug":"nuk-sucette-space-gris-avec-boite-0-6-mois","status":"publish","type":"product","link":"https:\/\/ellypara.com\/index.php\/produit\/nuk-sucette-space-gris-avec-boite-0-6-mois\/","title":{"rendered":"NUK Sucette Space Gris avec Boite 0-6 Mois"},"content":{"rendered":"<p>Sucette NUK \u2013 id\u00e9ale pour votre b\u00e9b\u00e9 ! NUK a \u00e9t\u00e9 le premier \u00e0 proposer une forme orthodontique (anatomique) de sucettes et de sucettes, qui n\u2019interf\u00e8re pas avec le besoin de succion des b\u00e9b\u00e9s, et la tenue des sucettes aide \u00e0 renforcer les gencives et les muscles de la m\u00e2choire.<\/p>\n<p>Le rebord en plastique de la t\u00e9tine est con\u00e7u pour s\u2019adapter id\u00e9alement \u00e0 la forme de la bouche et de la m\u00e2choire de b\u00e9b\u00e9, afin de ne pas d\u00e9former les m\u00e2choires. Deux trous lat\u00e9raux sur le bord en plastique assurent une alimentation en air optimale. L\u2019embout buccal poss\u00e8de un canal int\u00e9gr\u00e9 pour la circulation de l\u2019air, qui emp\u00eache l\u2019accumulation de liquide hors de la bouche. Cela permet \u00e0 l\u2019air de circuler, ce qui \u00e9vite les rougeurs et les irritations autour de la bouche du b\u00e9b\u00e9. Le tricheur Nuk est totalement s\u00fbr puisqu\u2019il ne contient pas de bisph\u00e9nol A.<\/p>\n<p>Maintenant \u00e9galement dans une bo\u00eete hygi\u00e9nique.<\/p>\n<p>Remarque : le produit est disponible en plusieurs mod\u00e8les, couleurs et personnages diff\u00e9rents.<\/p>\n","protected":false},"excerpt":{"rendered":"<p>NUK Space Sucettes Silicone 0-6 Mois est de sucette dot\u00e9e d\u2019une t\u00e9tine encore plus plate, plus fine et plus \u00e9troite.<\/p>\n","protected":false},"featured_media":1445,"comment_status":"open","ping_status":"closed","template":"","meta":{"ocean_post_layout":"","ocean_both_sidebars_style":"","ocean_both_sidebars_content_width":0,"ocean_both_sidebars_sidebars_width":0,"ocean_sidebar":"0","ocean_second_sidebar":"0","ocean_disable_margins":"enable","ocean_add_body_class":"","ocean_shortcode_before_top_bar":"","ocean_shortcode_after_top_bar":"","ocean_shortcode_before_header":"","ocean_shortcode_after_header":"","ocean_has_shortcode":"","ocean_shortcode_after_title":"","ocean_shortcode_before_footer_widgets":"","ocean_shortcode_after_footer_widgets":"","ocean_shortcode_before_footer_bottom":"","ocean_shortcode_after_footer_bottom":"","ocean_display_top_bar":"default","ocean_display_header":"default","ocean_header_style":"","ocean_center_header_left_menu":"0","ocean_custom_header_template":"0","ocean_custom_logo":0,"ocean_custom_retina_logo":0,"ocean_custom_logo_max_width":0,"ocean_custom_logo_tablet_max_width":0,"ocean_custom_logo_mobile_max_width":0,"ocean_custom_logo_max_height":0,"ocean_custom_logo_tablet_max_height":0,"ocean_custom_logo_mobile_max_height":0,"ocean_header_custom_menu":"0","ocean_menu_typo_font_family":"0","ocean_menu_typo_font_subset":"","ocean_menu_typo_font_size":0,"ocean_menu_typo_font_size_tablet":0,"ocean_menu_typo_font_size_mobile":0,"ocean_menu_typo_font_size_unit":"px","ocean_menu_typo_font_weight":"","ocean_menu_typo_font_weight_tablet":"","ocean_menu_typo_font_weight_mobile":"","ocean_menu_typo_transform":"","ocean_menu_typo_transform_tablet":"","ocean_menu_typo_transform_mobile":"","ocean_menu_typo_line_height":0,"ocean_menu_typo_line_height_tablet":0,"ocean_menu_typo_line_height_mobile":0,"ocean_menu_typo_line_height_unit":"","ocean_menu_typo_spacing":0,"ocean_menu_typo_spacing_tablet":0,"ocean_menu_typo_spacing_mobile":0,"ocean_menu_typo_spacing_unit":"","ocean_menu_link_color":"","ocean_menu_link_color_hover":"","ocean_menu_link_color_active":"","ocean_menu_link_background":"","ocean_menu_link_hover_background":"","ocean_menu_link_active_background":"","ocean_menu_social_links_bg":"","ocean_menu_social_hover_links_bg":"","ocean_menu_social_links_color":"","ocean_menu_social_hover_links_color":"","ocean_disable_title":"default","ocean_disable_heading":"default","ocean_post_title":"","ocean_post_subheading":"","ocean_post_title_style":"","ocean_post_title_background_color":"","ocean_post_title_background":0,"ocean_post_title_bg_image_position":"","ocean_post_title_bg_image_attachment":"","ocean_post_title_bg_image_repeat":"","ocean_post_title_bg_image_size":"","ocean_post_title_height":0,"ocean_post_title_bg_overlay":0.5,"ocean_post_title_bg_overlay_color":"","ocean_disable_breadcrumbs":"default","ocean_breadcrumbs_color":"","ocean_breadcrumbs_separator_color":"","ocean_breadcrumbs_links_color":"","ocean_breadcrumbs_links_hover_color":"","ocean_display_footer_widgets":"default","ocean_display_footer_bottom":"default","ocean_custom_footer_template":"0"},"product_brand":[],"product_cat":[24,59],"product_tag":[],"class_list":{"0":"post-1444","1":"product","2":"type-product","3":"status-publish","4":"has-post-thumbnail","6":"product_cat-bebe-et-maman","7":"product_cat-puericulture","9":"entry","10":"has-media","12":"first","13":"instock","14":"taxable","15":"shipping-taxable","16":"purchasable","17":"product-type-simple","18":"has-product-nav","19":"col","20":"span_1_of_3","21":"owp-content-center","22":"owp-thumbs-layout-horizontal","23":"owp-btn-normal","24":"owp-tabs-layout-horizontal","25":"has-no-thumbnails"},"_links":{"self":[{"href":"https:\/\/ellypara.com\/index.php\/wp-json\/wp\/v2\/product\/1444","targetHints":{"allow":["GET"]}}],"collection":[{"href":"https:\/\/ellypara.com\/index.php\/wp-json\/wp\/v2\/product"}],"about":[{"href":"https:\/\/ellypara.com\/index.php\/wp-json\/wp\/v2\/types\/product"}],"replies":[{"embeddable":true,"href":"https:\/\/ellypara.com\/index.php\/wp-json\/wp\/v2\/comments?post=1444"}],"wp:featuredmedia":[{"embeddable":true,"href":"https:\/\/ellypara.com\/index.php\/wp-json\/wp\/v2\/media\/1445"}],"wp:attachment":[{"href":"https:\/\/ellypara.com\/index.php\/wp-json\/wp\/v2\/media?parent=1444"}],"wp:term":[{"taxonomy":"product_brand","embeddable":true,"href":"https:\/\/ellypara.com\/index.php\/wp-json\/wp\/v2\/product_brand?post=1444"},{"taxonomy":"product_cat","embeddable":true,"href":"https:\/\/ellypara.com\/index.php\/wp-json\/wp\/v2\/product_cat?post=1444"},{"taxonomy":"product_tag","embeddable":true,"href":"https:\/\/ellypara.com\/index.php\/wp-json\/wp\/v2\/product_tag?post=1444"}],"curies":[{"name":"wp","href":"https:\/\/api.w.org\/{rel}","templated":true}]}}