{"id":1477,"date":"2025-04-19T19:43:32","date_gmt":"2025-04-19T17:43:32","guid":{"rendered":"https:\/\/ellypara.com\/?post_type=product&#038;p=1477"},"modified":"2025-04-19T19:54:39","modified_gmt":"2025-04-19T17:54:39","slug":"holistix-holigums-beauty-boost-60-gummies","status":"publish","type":"product","link":"https:\/\/ellypara.com\/index.php\/produit\/holistix-holigums-beauty-boost-60-gummies\/","title":{"rendered":"Holistix HOLIGUMS Beauty Boost 60 gummies"},"content":{"rendered":"<p>Nos gummies beaut\u00e9 sont sp\u00e9cialement formul\u00e9s pour offrir une peau \u00e9clatante, des ongles renforc\u00e9s et des cheveux resplendissants. Gr\u00e2ce \u00e0 une association puissante de biotine, collag\u00e8ne (50 mg) et acide hyaluronique, ils nourrissent et prot\u00e8gent vos cellules, tout en luttant contre le stress oxydatif gr\u00e2ce \u00e0 leurs antioxydants.<\/p>\n<p><strong>Pourquoi les adopter :<\/strong><\/p>\n<p>Am\u00e9liore l\u2019\u00e9lasticit\u00e9 et l\u2019hydratation de la peau<br \/>\nRenforce les ongles et r\u00e9duit leur casse<br \/>\nFavorise la croissance et la vitalit\u00e9 des cheveux<\/p>\n<p><strong>Comment les consommer :<\/strong><\/p>\n<p>Dosage : 2 \u00e0 3 gummies par jour<br \/>\nR\u00e9sultats visibles d\u00e8s 3 semaines d\u2019utilisation r\u00e9guli\u00e8re<br \/>\nCure recommand\u00e9e : 3 mois pour des effets optimaux<br \/>\nMoment de prise : \u00e0 tout moment de la journ\u00e9e<br \/>\nOffrez \u00e0 votre beaut\u00e9 le soin qu\u2019elle m\u00e9rite avec ces d\u00e9licieux gummies !<\/p>\n","protected":false},"excerpt":{"rendered":"<p>Nos gummies beaut\u00e9 sont sp\u00e9cialement formul\u00e9s pour offrir une peau \u00e9clatante, des ongles renforc\u00e9s et des cheveux resplendissants.<\/p>\n","protected":false},"featured_media":1478,"comment_status":"open","ping_status":"closed","template":"","meta":{"ocean_post_layout":"","ocean_both_sidebars_style":"","ocean_both_sidebars_content_width":0,"ocean_both_sidebars_sidebars_width":0,"ocean_sidebar":"0","ocean_second_sidebar":"0","ocean_disable_margins":"enable","ocean_add_body_class":"","ocean_shortcode_before_top_bar":"","ocean_shortcode_after_top_bar":"","ocean_shortcode_before_header":"","ocean_shortcode_after_header":"","ocean_has_shortcode":"","ocean_shortcode_after_title":"","ocean_shortcode_before_footer_widgets":"","ocean_shortcode_after_footer_widgets":"","ocean_shortcode_before_footer_bottom":"","ocean_shortcode_after_footer_bottom":"","ocean_display_top_bar":"default","ocean_display_header":"default","ocean_header_style":"","ocean_center_header_left_menu":"0","ocean_custom_header_template":"0","ocean_custom_logo":0,"ocean_custom_retina_logo":0,"ocean_custom_logo_max_width":0,"ocean_custom_logo_tablet_max_width":0,"ocean_custom_logo_mobile_max_width":0,"ocean_custom_logo_max_height":0,"ocean_custom_logo_tablet_max_height":0,"ocean_custom_logo_mobile_max_height":0,"ocean_header_custom_menu":"0","ocean_menu_typo_font_family":"0","ocean_menu_typo_font_subset":"","ocean_menu_typo_font_size":0,"ocean_menu_typo_font_size_tablet":0,"ocean_menu_typo_font_size_mobile":0,"ocean_menu_typo_font_size_unit":"px","ocean_menu_typo_font_weight":"","ocean_menu_typo_font_weight_tablet":"","ocean_menu_typo_font_weight_mobile":"","ocean_menu_typo_transform":"","ocean_menu_typo_transform_tablet":"","ocean_menu_typo_transform_mobile":"","ocean_menu_typo_line_height":0,"ocean_menu_typo_line_height_tablet":0,"ocean_menu_typo_line_height_mobile":0,"ocean_menu_typo_line_height_unit":"","ocean_menu_typo_spacing":0,"ocean_menu_typo_spacing_tablet":0,"ocean_menu_typo_spacing_mobile":0,"ocean_menu_typo_spacing_unit":"","ocean_menu_link_color":"","ocean_menu_link_color_hover":"","ocean_menu_link_color_active":"","ocean_menu_link_background":"","ocean_menu_link_hover_background":"","ocean_menu_link_active_background":"","ocean_menu_social_links_bg":"","ocean_menu_social_hover_links_bg":"","ocean_menu_social_links_color":"","ocean_menu_social_hover_links_color":"","ocean_disable_title":"default","ocean_disable_heading":"default","ocean_post_title":"","ocean_post_subheading":"","ocean_post_title_style":"","ocean_post_title_background_color":"","ocean_post_title_background":0,"ocean_post_title_bg_image_position":"","ocean_post_title_bg_image_attachment":"","ocean_post_title_bg_image_repeat":"","ocean_post_title_bg_image_size":"","ocean_post_title_height":0,"ocean_post_title_bg_overlay":0.5,"ocean_post_title_bg_overlay_color":"","ocean_disable_breadcrumbs":"default","ocean_breadcrumbs_color":"","ocean_breadcrumbs_separator_color":"","ocean_breadcrumbs_links_color":"","ocean_breadcrumbs_links_hover_color":"","ocean_display_footer_widgets":"default","ocean_display_footer_bottom":"default","ocean_custom_footer_template":"0"},"product_brand":[],"product_cat":[26,23,25,68,65,56],"product_tag":[],"class_list":{"0":"post-1477","1":"product","2":"type-product","3":"status-publish","4":"has-post-thumbnail","6":"product_cat-promo","7":"product_cat-cheuveux","8":"product_cat-complements-alimentaires","9":"product_cat-confort","10":"product_cat-forme-et-vitalite","11":"product_cat-traitements-specifiques","13":"entry","14":"has-media","16":"first","17":"instock","18":"sale","19":"taxable","20":"shipping-taxable","21":"purchasable","22":"product-type-simple","23":"has-product-nav","24":"col","25":"span_1_of_3","26":"owp-content-center","27":"owp-thumbs-layout-horizontal","28":"owp-btn-normal","29":"owp-tabs-layout-horizontal","30":"has-no-thumbnails"},"_links":{"self":[{"href":"https:\/\/ellypara.com\/index.php\/wp-json\/wp\/v2\/product\/1477","targetHints":{"allow":["GET"]}}],"collection":[{"href":"https:\/\/ellypara.com\/index.php\/wp-json\/wp\/v2\/product"}],"about":[{"href":"https:\/\/ellypara.com\/index.php\/wp-json\/wp\/v2\/types\/product"}],"replies":[{"embeddable":true,"href":"https:\/\/ellypara.com\/index.php\/wp-json\/wp\/v2\/comments?post=1477"}],"wp:featuredmedia":[{"embeddable":true,"href":"https:\/\/ellypara.com\/index.php\/wp-json\/wp\/v2\/media\/1478"}],"wp:attachment":[{"href":"https:\/\/ellypara.com\/index.php\/wp-json\/wp\/v2\/media?parent=1477"}],"wp:term":[{"taxonomy":"product_brand","embeddable":true,"href":"https:\/\/ellypara.com\/index.php\/wp-json\/wp\/v2\/product_brand?post=1477"},{"taxonomy":"product_cat","embeddable":true,"href":"https:\/\/ellypara.com\/index.php\/wp-json\/wp\/v2\/product_cat?post=1477"},{"taxonomy":"product_tag","embeddable":true,"href":"https:\/\/ellypara.com\/index.php\/wp-json\/wp\/v2\/product_tag?post=1477"}],"curies":[{"name":"wp","href":"https:\/\/api.w.org\/{rel}","templated":true}]}}