{"id":1489,"date":"2025-04-19T20:38:29","date_gmt":"2025-04-19T18:38:29","guid":{"rendered":"https:\/\/ellypara.com\/?post_type=product&#038;p=1489"},"modified":"2025-04-19T20:38:30","modified_gmt":"2025-04-19T18:38:30","slug":"collagen-vital-hair-et-nails-15-sachets","status":"publish","type":"product","link":"https:\/\/ellypara.com\/index.php\/produit\/collagen-vital-hair-et-nails-15-sachets\/","title":{"rendered":"Collagen Vital Hair et Nails 15 Sachets"},"content":{"rendered":"<p>COLLAGEN VITAL CHEVEUX &amp; ONGLES, r\u00e9parateur fortifiant et anti-chute.<\/p>\n<p><iframe id=\"widget2\" title=\"Collagen Vital- Soyez acteurs de votre beaut\u00e9 &amp; Sant\u00e9 - One step to Beauty &amp; Health\" src=\"https:\/\/www.youtube.com\/embed\/xmYV5eSziJ8?feature=oembed&amp;enablejsapi=1&amp;origin=https:%2F%2Fwww.maparatunisie.tn\" width=\"1020\" height=\"574\" frameborder=\"0\" allowfullscreen=\"allowfullscreen\" data-gtm-yt-inspected-9=\"true\" data-mce-fragment=\"1\"><\/iframe><\/p>\n<p>Le collag\u00e8ne est un des principaux composants de la papille dermique, partie essentielle et vitale du cheveu situ\u00e9 \u00e0 la racine.<br \/>\nQuand le collag\u00e8ne disparait avec l\u2019\u00e2ge, les follicules se contractent alors provoquant la chute des cheveux, la perte de volume et de densit\u00e9.<\/p>\n<p>La racine de l\u2019ongle ne remplit plus son r\u00f4le nourricier.<\/p>\n<p>La suppl\u00e9mentation Collagen Vital Cheveux &amp; Ongles pallie \u00e0 cette perte de collag\u00e8ne et restructure votre cuir chevelu et la racine vos ongles.<\/p>\n<p><strong>Conseil d\u2019utilisation<\/strong><\/p>\n<p>Prendre 1 sachet par jour \u00e0 diluer dans un verre d\u2019eau (ou tout autre liquide non gazeux).<br \/>\nConsommer apr\u00e8s dilution.<\/p>\n","protected":false},"excerpt":{"rendered":"<p>Cure de collag\u00e8ne redonnant force et \u00e9clat<\/p>\n","protected":false},"featured_media":1490,"comment_status":"open","ping_status":"closed","template":"","meta":{"ocean_post_layout":"","ocean_both_sidebars_style":"","ocean_both_sidebars_content_width":0,"ocean_both_sidebars_sidebars_width":0,"ocean_sidebar":"0","ocean_second_sidebar":"0","ocean_disable_margins":"enable","ocean_add_body_class":"","ocean_shortcode_before_top_bar":"","ocean_shortcode_after_top_bar":"","ocean_shortcode_before_header":"","ocean_shortcode_after_header":"","ocean_has_shortcode":"","ocean_shortcode_after_title":"","ocean_shortcode_before_footer_widgets":"","ocean_shortcode_after_footer_widgets":"","ocean_shortcode_before_footer_bottom":"","ocean_shortcode_after_footer_bottom":"","ocean_display_top_bar":"default","ocean_display_header":"default","ocean_header_style":"","ocean_center_header_left_menu":"0","ocean_custom_header_template":"0","ocean_custom_logo":0,"ocean_custom_retina_logo":0,"ocean_custom_logo_max_width":0,"ocean_custom_logo_tablet_max_width":0,"ocean_custom_logo_mobile_max_width":0,"ocean_custom_logo_max_height":0,"ocean_custom_logo_tablet_max_height":0,"ocean_custom_logo_mobile_max_height":0,"ocean_header_custom_menu":"0","ocean_menu_typo_font_family":"0","ocean_menu_typo_font_subset":"","ocean_menu_typo_font_size":0,"ocean_menu_typo_font_size_tablet":0,"ocean_menu_typo_font_size_mobile":0,"ocean_menu_typo_font_size_unit":"px","ocean_menu_typo_font_weight":"","ocean_menu_typo_font_weight_tablet":"","ocean_menu_typo_font_weight_mobile":"","ocean_menu_typo_transform":"","ocean_menu_typo_transform_tablet":"","ocean_menu_typo_transform_mobile":"","ocean_menu_typo_line_height":0,"ocean_menu_typo_line_height_tablet":0,"ocean_menu_typo_line_height_mobile":0,"ocean_menu_typo_line_height_unit":"","ocean_menu_typo_spacing":0,"ocean_menu_typo_spacing_tablet":0,"ocean_menu_typo_spacing_mobile":0,"ocean_menu_typo_spacing_unit":"","ocean_menu_link_color":"","ocean_menu_link_color_hover":"","ocean_menu_link_color_active":"","ocean_menu_link_background":"","ocean_menu_link_hover_background":"","ocean_menu_link_active_background":"","ocean_menu_social_links_bg":"","ocean_menu_social_hover_links_bg":"","ocean_menu_social_links_color":"","ocean_menu_social_hover_links_color":"","ocean_disable_title":"default","ocean_disable_heading":"default","ocean_post_title":"","ocean_post_subheading":"","ocean_post_title_style":"","ocean_post_title_background_color":"","ocean_post_title_background":0,"ocean_post_title_bg_image_position":"","ocean_post_title_bg_image_attachment":"","ocean_post_title_bg_image_repeat":"","ocean_post_title_bg_image_size":"","ocean_post_title_height":0,"ocean_post_title_bg_overlay":0.5,"ocean_post_title_bg_overlay_color":"","ocean_disable_breadcrumbs":"default","ocean_breadcrumbs_color":"","ocean_breadcrumbs_separator_color":"","ocean_breadcrumbs_links_color":"","ocean_breadcrumbs_links_hover_color":"","ocean_display_footer_widgets":"default","ocean_display_footer_bottom":"default","ocean_custom_footer_template":"0"},"product_brand":[],"product_cat":[26,23,25,68,65,54,56],"product_tag":[],"class_list":{"0":"post-1489","1":"product","2":"type-product","3":"status-publish","4":"has-post-thumbnail","6":"product_cat-promo","7":"product_cat-cheuveux","8":"product_cat-complements-alimentaires","9":"product_cat-confort","10":"product_cat-forme-et-vitalite","11":"product_cat-soins-capillaires","12":"product_cat-traitements-specifiques","14":"entry","15":"has-media","17":"first","18":"instock","19":"sale","20":"taxable","21":"shipping-taxable","22":"purchasable","23":"product-type-simple","24":"has-product-nav","25":"col","26":"span_1_of_3","27":"owp-content-center","28":"owp-thumbs-layout-horizontal","29":"owp-btn-normal","30":"owp-tabs-layout-horizontal"},"_links":{"self":[{"href":"https:\/\/ellypara.com\/index.php\/wp-json\/wp\/v2\/product\/1489","targetHints":{"allow":["GET"]}}],"collection":[{"href":"https:\/\/ellypara.com\/index.php\/wp-json\/wp\/v2\/product"}],"about":[{"href":"https:\/\/ellypara.com\/index.php\/wp-json\/wp\/v2\/types\/product"}],"replies":[{"embeddable":true,"href":"https:\/\/ellypara.com\/index.php\/wp-json\/wp\/v2\/comments?post=1489"}],"wp:featuredmedia":[{"embeddable":true,"href":"https:\/\/ellypara.com\/index.php\/wp-json\/wp\/v2\/media\/1490"}],"wp:attachment":[{"href":"https:\/\/ellypara.com\/index.php\/wp-json\/wp\/v2\/media?parent=1489"}],"wp:term":[{"taxonomy":"product_brand","embeddable":true,"href":"https:\/\/ellypara.com\/index.php\/wp-json\/wp\/v2\/product_brand?post=1489"},{"taxonomy":"product_cat","embeddable":true,"href":"https:\/\/ellypara.com\/index.php\/wp-json\/wp\/v2\/product_cat?post=1489"},{"taxonomy":"product_tag","embeddable":true,"href":"https:\/\/ellypara.com\/index.php\/wp-json\/wp\/v2\/product_tag?post=1489"}],"curies":[{"name":"wp","href":"https:\/\/api.w.org\/{rel}","templated":true}]}}