{"id":1495,"date":"2025-04-19T20:44:15","date_gmt":"2025-04-19T18:44:15","guid":{"rendered":"https:\/\/ellypara.com\/?post_type=product&#038;p=1495"},"modified":"2025-04-19T20:44:15","modified_gmt":"2025-04-19T18:44:15","slug":"vital-selenium-ace-30-gelules","status":"publish","type":"product","link":"https:\/\/ellypara.com\/index.php\/produit\/vital-selenium-ace-30-gelules\/","title":{"rendered":"VITAL Selenium A,C,E 30 G\u00e9lules"},"content":{"rendered":"<p>Essentiel des laboratoires Richelet est un compl\u00e9ment alimentaire anti-\u00e2ge \u00e0 protection cellulaire qui permet de prot\u00e9ger vos cellules gr\u00e2ce \u00e0 la pr\u00e9sence des vitamines A, C, E et de silicium organique.<\/p>\n<p>Essentiel des laboratoires Richelet est un compl\u00e9ment alimentaire permettant de favoriser le renouvellement de vos cellules. Il agit \u00e9galement en pr\u00e9vention cellulaire, c\u2019est-\u00e0-dire en prot\u00e9geant vos cellules et en les r\u00e9g\u00e9n\u00e9rant. Essentiel des laboratoires Richelet permet enfin de prot\u00e9ger vos membranes, responsables de la tenue de vos cellules. Retrouvez une peau nette, rajeunie et \u00e9clatante.<br \/>\nIl contribue \u00e0 la pr\u00e9vention du vieillissement cellulaire et des processus d\u00e9g\u00e9n\u00e9ratifs.<br \/>\nLes anti-oxydants auraient une action au niveau :<br \/>\n\u2013 Cutan\u00e9 (vieillissement et la perte d\u2019\u00e9lasticit\u00e9 de la peau),<br \/>\n\u2013 Articulaire,<br \/>\n\u2013 C\u00e9r\u00e9bral,<br \/>\n\u2013 Cardiovasculaire.<br \/>\nL\u2019emploi de Selenium-ACE est notamment recommand\u00e9 lors des situations suivantes :<br \/>\n\u2013 Surproduction par l\u2019organisme de radicaux libres : ph\u00e9nom\u00e8nes inflammatoires, \u00e9pisodes infectieux, polluants.<br \/>\n\u2013 \u00c9puisement des syst\u00e8mes de protection de l\u2019organisme : vieillissement physiologique, insuffisance d\u2019apports alimentaires en anti-oxydants (fruits et l\u00e9gumes).<br \/>\nSelenium-ACE constitue un apport en 4 substances anti-oxydantes, puissantes et compl\u00e9mentaires :<br \/>\nles vitamines A, C, E ;<br \/>\nle s\u00e9l\u00e9nium.<\/p>\n<p><strong>Conseils d\u2019utilisation<\/strong><\/p>\n<p>1 comprim\u00e9 par jour \u00e0 avaler avec un verre d\u2019eau.<br \/>\nIl est recommand\u00e9 une dur\u00e9e de 3 mois \u00e0 renouveler p\u00e9riodiquement.<br \/>\nCe compl\u00e9ment alimentaire ne se substitue pas \u00e0 un r\u00e9gime alimentaire vari\u00e9 et \u00e9quilibr\u00e9 et \u00e0 un mode de vie sain.<\/p>\n<p><strong>Composition<\/strong><\/p>\n<p>Cellulose Microcristalline, Phosphate Dicalcique, Vitamines : C, E, A (Saccharose, Amidon de Ma\u00efs, Gomme Arabique), Levure S\u00e9l\u00e9ni\u00e9e, Sels de Magn\u00e9sium d\u2019Acide gras, Acide St\u00e9arique, Dioxyde de Silicium, Hydropropylm\u00e9thylcelulose, Cire de Carnauba, Oxydes de Fer, Glyc\u00e9rol, Vanilline.<\/p>\n","protected":false},"excerpt":{"rendered":"<p><strong>VITAL SELENIUM ACE :\u00a0<\/strong>Compl\u00e9ment alimentaire qui contient le Selenium,\u00a0oligo-\u00e9l\u00e9ment essentiel indispensable au bon fonctionnement de l\u2019organisme. Le s\u00e9l\u00e9nium est indispensable au fonctionnement d\u2019une enzyme essentielle \u00e0 la d\u00e9toxification des radicaux libres.<br \/>\n\u2013 Antioxydant<br \/>\n\u2013 Anti-\u00e2ge<br \/>\n\u2013 Revitalisant<br \/>\nBoite de 30 g\u00e9lules<\/p>\n","protected":false},"featured_media":1496,"comment_status":"open","ping_status":"closed","template":"","meta":{"ocean_post_layout":"","ocean_both_sidebars_style":"","ocean_both_sidebars_content_width":0,"ocean_both_sidebars_sidebars_width":0,"ocean_sidebar":"0","ocean_second_sidebar":"0","ocean_disable_margins":"enable","ocean_add_body_class":"","ocean_shortcode_before_top_bar":"","ocean_shortcode_after_top_bar":"","ocean_shortcode_before_header":"","ocean_shortcode_after_header":"","ocean_has_shortcode":"","ocean_shortcode_after_title":"","ocean_shortcode_before_footer_widgets":"","ocean_shortcode_after_footer_widgets":"","ocean_shortcode_before_footer_bottom":"","ocean_shortcode_after_footer_bottom":"","ocean_display_top_bar":"default","ocean_display_header":"default","ocean_header_style":"","ocean_center_header_left_menu":"0","ocean_custom_header_template":"0","ocean_custom_logo":0,"ocean_custom_retina_logo":0,"ocean_custom_logo_max_width":0,"ocean_custom_logo_tablet_max_width":0,"ocean_custom_logo_mobile_max_width":0,"ocean_custom_logo_max_height":0,"ocean_custom_logo_tablet_max_height":0,"ocean_custom_logo_mobile_max_height":0,"ocean_header_custom_menu":"0","ocean_menu_typo_font_family":"0","ocean_menu_typo_font_subset":"","ocean_menu_typo_font_size":0,"ocean_menu_typo_font_size_tablet":0,"ocean_menu_typo_font_size_mobile":0,"ocean_menu_typo_font_size_unit":"px","ocean_menu_typo_font_weight":"","ocean_menu_typo_font_weight_tablet":"","ocean_menu_typo_font_weight_mobile":"","ocean_menu_typo_transform":"","ocean_menu_typo_transform_tablet":"","ocean_menu_typo_transform_mobile":"","ocean_menu_typo_line_height":0,"ocean_menu_typo_line_height_tablet":0,"ocean_menu_typo_line_height_mobile":0,"ocean_menu_typo_line_height_unit":"","ocean_menu_typo_spacing":0,"ocean_menu_typo_spacing_tablet":0,"ocean_menu_typo_spacing_mobile":0,"ocean_menu_typo_spacing_unit":"","ocean_menu_link_color":"","ocean_menu_link_color_hover":"","ocean_menu_link_color_active":"","ocean_menu_link_background":"","ocean_menu_link_hover_background":"","ocean_menu_link_active_background":"","ocean_menu_social_links_bg":"","ocean_menu_social_hover_links_bg":"","ocean_menu_social_links_color":"","ocean_menu_social_hover_links_color":"","ocean_disable_title":"default","ocean_disable_heading":"default","ocean_post_title":"","ocean_post_subheading":"","ocean_post_title_style":"","ocean_post_title_background_color":"","ocean_post_title_background":0,"ocean_post_title_bg_image_position":"","ocean_post_title_bg_image_attachment":"","ocean_post_title_bg_image_repeat":"","ocean_post_title_bg_image_size":"","ocean_post_title_height":0,"ocean_post_title_bg_overlay":0.5,"ocean_post_title_bg_overlay_color":"","ocean_disable_breadcrumbs":"default","ocean_breadcrumbs_color":"","ocean_breadcrumbs_separator_color":"","ocean_breadcrumbs_links_color":"","ocean_breadcrumbs_links_hover_color":"","ocean_display_footer_widgets":"default","ocean_display_footer_bottom":"default","ocean_custom_footer_template":"0"},"product_brand":[],"product_cat":[25,68,65,66],"product_tag":[],"class_list":{"0":"post-1495","1":"product","2":"type-product","3":"status-publish","4":"has-post-thumbnail","6":"product_cat-complements-alimentaires","7":"product_cat-confort","8":"product_cat-forme-et-vitalite","9":"product_cat-sante","11":"entry","12":"has-media","14":"first","15":"instock","16":"taxable","17":"shipping-taxable","18":"purchasable","19":"product-type-simple","20":"has-product-nav","21":"col","22":"span_1_of_3","23":"owp-content-center","24":"owp-thumbs-layout-horizontal","25":"owp-btn-normal","26":"owp-tabs-layout-horizontal","27":"has-no-thumbnails"},"_links":{"self":[{"href":"https:\/\/ellypara.com\/index.php\/wp-json\/wp\/v2\/product\/1495","targetHints":{"allow":["GET"]}}],"collection":[{"href":"https:\/\/ellypara.com\/index.php\/wp-json\/wp\/v2\/product"}],"about":[{"href":"https:\/\/ellypara.com\/index.php\/wp-json\/wp\/v2\/types\/product"}],"replies":[{"embeddable":true,"href":"https:\/\/ellypara.com\/index.php\/wp-json\/wp\/v2\/comments?post=1495"}],"wp:featuredmedia":[{"embeddable":true,"href":"https:\/\/ellypara.com\/index.php\/wp-json\/wp\/v2\/media\/1496"}],"wp:attachment":[{"href":"https:\/\/ellypara.com\/index.php\/wp-json\/wp\/v2\/media?parent=1495"}],"wp:term":[{"taxonomy":"product_brand","embeddable":true,"href":"https:\/\/ellypara.com\/index.php\/wp-json\/wp\/v2\/product_brand?post=1495"},{"taxonomy":"product_cat","embeddable":true,"href":"https:\/\/ellypara.com\/index.php\/wp-json\/wp\/v2\/product_cat?post=1495"},{"taxonomy":"product_tag","embeddable":true,"href":"https:\/\/ellypara.com\/index.php\/wp-json\/wp\/v2\/product_tag?post=1495"}],"curies":[{"name":"wp","href":"https:\/\/api.w.org\/{rel}","templated":true}]}}