{"id":1503,"date":"2025-04-19T23:01:11","date_gmt":"2025-04-19T21:01:11","guid":{"rendered":"https:\/\/ellypara.com\/?post_type=product&#038;p=1503"},"modified":"2025-04-19T23:01:11","modified_gmt":"2025-04-19T21:01:11","slug":"chicco-baby-moments-coton-carre-60-pieces","status":"publish","type":"product","link":"https:\/\/ellypara.com\/index.php\/produit\/chicco-baby-moments-coton-carre-60-pieces\/","title":{"rendered":"Chicco Baby Moments Coton Carr\u00e9 60 pi\u00e8ces"},"content":{"rendered":"<p>Ces cotons doux et carr\u00e9s de Chicco sont fabriqu\u00e9s en 100% coton, offrant une texture d\u00e9licate id\u00e9ale pour la peau sensible de votre enfant. Les carr\u00e9s coton doux\u00a0Chicco\u00a0sont con\u00e7us pour \u00e9liminer en douceur toutes les impuret\u00e9s, ils laissent la peau propre sans aucun r\u00e9sidu.<\/p>\n<p>Pour garantir la s\u00e9curit\u00e9 de votre enfant, veuillez garder ces cotons hors de port\u00e9e, car il existe un risque d\u2019\u00e9touffement.<\/p>\n<p>Nous vous recommandons de lire attentivement les \u00e9tiquettes et avertissements figurant sur l\u2019emballage du produit avant de l\u2019utiliser.<\/p>\n<p><strong>Avantages :<\/strong><\/p>\n<p>Cotons doux et carr\u00e9s<\/p>\n<p>Fabriqu\u00e9s en 100% coton<\/p>\n<p>Doux pour la peau de votre enfant<\/p>\n<p><strong>Id\u00e9al pour :<\/strong><\/p>\n<p>Parents de nouveau-n\u00e9s<\/p>\n<p>B\u00e9b\u00e9s et enfants d\u2019\u00e2ge pr\u00e9scolaire<\/p>\n<p>Femmes enceintes<\/p>\n<p>Grands-parents et autres personnes s\u2019occupant d\u2019enfants<\/p>\n<p>P\u00e9diatres et professionnels de la sant\u00e9<\/p>\n<p>Cr\u00e8ches et structures d\u2019accueil<\/p>\n","protected":false},"excerpt":{"rendered":"<p>Fabriqu\u00e9s en coton, les cadrans Chicco accar\u00e8chent d\u00e9licatement la peau de b\u00e9b\u00e9 et retirent les impuret\u00e9s, sans laisser de r\u00e9sidus.<\/p>\n","protected":false},"featured_media":1504,"comment_status":"open","ping_status":"closed","template":"","meta":{"ocean_post_layout":"","ocean_both_sidebars_style":"","ocean_both_sidebars_content_width":0,"ocean_both_sidebars_sidebars_width":0,"ocean_sidebar":"0","ocean_second_sidebar":"0","ocean_disable_margins":"enable","ocean_add_body_class":"","ocean_shortcode_before_top_bar":"","ocean_shortcode_after_top_bar":"","ocean_shortcode_before_header":"","ocean_shortcode_after_header":"","ocean_has_shortcode":"","ocean_shortcode_after_title":"","ocean_shortcode_before_footer_widgets":"","ocean_shortcode_after_footer_widgets":"","ocean_shortcode_before_footer_bottom":"","ocean_shortcode_after_footer_bottom":"","ocean_display_top_bar":"default","ocean_display_header":"default","ocean_header_style":"","ocean_center_header_left_menu":"0","ocean_custom_header_template":"0","ocean_custom_logo":0,"ocean_custom_retina_logo":0,"ocean_custom_logo_max_width":0,"ocean_custom_logo_tablet_max_width":0,"ocean_custom_logo_mobile_max_width":0,"ocean_custom_logo_max_height":0,"ocean_custom_logo_tablet_max_height":0,"ocean_custom_logo_mobile_max_height":0,"ocean_header_custom_menu":"0","ocean_menu_typo_font_family":"0","ocean_menu_typo_font_subset":"","ocean_menu_typo_font_size":0,"ocean_menu_typo_font_size_tablet":0,"ocean_menu_typo_font_size_mobile":0,"ocean_menu_typo_font_size_unit":"px","ocean_menu_typo_font_weight":"","ocean_menu_typo_font_weight_tablet":"","ocean_menu_typo_font_weight_mobile":"","ocean_menu_typo_transform":"","ocean_menu_typo_transform_tablet":"","ocean_menu_typo_transform_mobile":"","ocean_menu_typo_line_height":0,"ocean_menu_typo_line_height_tablet":0,"ocean_menu_typo_line_height_mobile":0,"ocean_menu_typo_line_height_unit":"","ocean_menu_typo_spacing":0,"ocean_menu_typo_spacing_tablet":0,"ocean_menu_typo_spacing_mobile":0,"ocean_menu_typo_spacing_unit":"","ocean_menu_link_color":"","ocean_menu_link_color_hover":"","ocean_menu_link_color_active":"","ocean_menu_link_background":"","ocean_menu_link_hover_background":"","ocean_menu_link_active_background":"","ocean_menu_social_links_bg":"","ocean_menu_social_hover_links_bg":"","ocean_menu_social_links_color":"","ocean_menu_social_hover_links_color":"","ocean_disable_title":"default","ocean_disable_heading":"default","ocean_post_title":"","ocean_post_subheading":"","ocean_post_title_style":"","ocean_post_title_background_color":"","ocean_post_title_background":0,"ocean_post_title_bg_image_position":"","ocean_post_title_bg_image_attachment":"","ocean_post_title_bg_image_repeat":"","ocean_post_title_bg_image_size":"","ocean_post_title_height":0,"ocean_post_title_bg_overlay":0.5,"ocean_post_title_bg_overlay_color":"","ocean_disable_breadcrumbs":"default","ocean_breadcrumbs_color":"","ocean_breadcrumbs_separator_color":"","ocean_breadcrumbs_links_color":"","ocean_breadcrumbs_links_hover_color":"","ocean_display_footer_widgets":"default","ocean_display_footer_bottom":"default","ocean_custom_footer_template":"0"},"product_brand":[],"product_cat":[24,59],"product_tag":[],"class_list":{"0":"post-1503","1":"product","2":"type-product","3":"status-publish","4":"has-post-thumbnail","6":"product_cat-bebe-et-maman","7":"product_cat-puericulture","9":"entry","10":"has-media","12":"first","13":"instock","14":"taxable","15":"shipping-taxable","16":"purchasable","17":"product-type-simple","18":"has-product-nav","19":"col","20":"span_1_of_3","21":"owp-content-center","22":"owp-thumbs-layout-horizontal","23":"owp-btn-normal","24":"owp-tabs-layout-horizontal"},"_links":{"self":[{"href":"https:\/\/ellypara.com\/index.php\/wp-json\/wp\/v2\/product\/1503","targetHints":{"allow":["GET"]}}],"collection":[{"href":"https:\/\/ellypara.com\/index.php\/wp-json\/wp\/v2\/product"}],"about":[{"href":"https:\/\/ellypara.com\/index.php\/wp-json\/wp\/v2\/types\/product"}],"replies":[{"embeddable":true,"href":"https:\/\/ellypara.com\/index.php\/wp-json\/wp\/v2\/comments?post=1503"}],"wp:featuredmedia":[{"embeddable":true,"href":"https:\/\/ellypara.com\/index.php\/wp-json\/wp\/v2\/media\/1504"}],"wp:attachment":[{"href":"https:\/\/ellypara.com\/index.php\/wp-json\/wp\/v2\/media?parent=1503"}],"wp:term":[{"taxonomy":"product_brand","embeddable":true,"href":"https:\/\/ellypara.com\/index.php\/wp-json\/wp\/v2\/product_brand?post=1503"},{"taxonomy":"product_cat","embeddable":true,"href":"https:\/\/ellypara.com\/index.php\/wp-json\/wp\/v2\/product_cat?post=1503"},{"taxonomy":"product_tag","embeddable":true,"href":"https:\/\/ellypara.com\/index.php\/wp-json\/wp\/v2\/product_tag?post=1503"}],"curies":[{"name":"wp","href":"https:\/\/api.w.org\/{rel}","templated":true}]}}