{"id":152,"date":"2025-01-13T11:59:44","date_gmt":"2025-01-13T10:59:44","guid":{"rendered":"https:\/\/ellypara.com\/?post_type=product&#038;p=152"},"modified":"2025-02-01T16:54:00","modified_gmt":"2025-02-01T15:54:00","slug":"svr-sebiaclear-hydra-soin-reparateur-apaisant-40ml","status":"publish","type":"product","link":"https:\/\/ellypara.com\/index.php\/produit\/svr-sebiaclear-hydra-soin-reparateur-apaisant-40ml\/","title":{"rendered":"SVR Sebiaclear Hydra Soin R\u00e9parateur Apaisant 40ml"},"content":{"rendered":"<p><strong>SEBIACLEAR Hydra 40ml<\/strong>\u00a0| Soin r\u00e9parateur apaisant \u00e0 l\u2019efficacit\u00e9 anti-marques, sp\u00e9cifiquement d\u00e9velopp\u00e9 pour les peaux \u00e0 tendance acn\u00e9ique sous traitement dess\u00e9chant.<\/p>\n<p>POUR QUI ? POUR QUOI ?<\/p>\n<p>Peaux \u00e0 tendance acn\u00e9ique sous traitements dess\u00e9chants.<\/p>\n<p>SEBIACLEAR Hydra est le v\u00e9ritable alli\u00e9 des peaux fragilis\u00e9es par les traitements dess\u00e9chants.<br \/>\nPlus qu\u2019un hydratant compensateur, il apaise les irritations li\u00e9es au dess\u00e8chement cutan\u00e9, r\u00e9pare la peau et combat aussi les imperfections et les marques r\u00e9siduelles rouges et brunes.<br \/>\nCe soin \u00e0 la texture matte p\u00e9n\u00e8tre facilement pour un fini velout\u00e9 confortable et non gras. Excellente base de maquillage.<\/p>\n<p>EFFICACIT\u00c9 APPROUV\u00c9E SUR LES PEAUX A TENDANCE ACN\u00c9IQUE SOUS TRAITEMENT<br \/>\n\u2022 Marques rouges et brunes : \u2013 23%*<br \/>\n\u2022 S\u00e9cheresse cutan\u00e9e diffuse : \u2013 42%*<br \/>\n\u2022 Hydratation 48h**<br \/>\n\u2022 Le produit apaise et hydrate la peau : 100%***<br \/>\n\u2022R\u00e9duit les sensations d\u2019irritations et d\u00e9mangeaisons : 100%***<br \/>\n*Scorage clinique- 20 personnes \u2013 utilisation quotidienne pendant 21 jours, % de variation<br \/>\n**Corn\u00e9om\u00e9trie sur 9 volontaires, 48h apr\u00e8s application du produit<br \/>\n*** Auto-\u00e9valuation sur 15 volontaires sur 21 jours d\u2019application quotidienne, % satisfaction<\/p>\n<p>&nbsp;<\/p>\n<p><strong>COMMENT CA MARCHE ?<\/strong><\/p>\n<p>Les traitements dess\u00e9chants topiques ou oraux sont souvent prescrits par les dermatologues en cas d\u2019acn\u00e9 s\u00e9v\u00e8re ou r\u00e9sistante. Tr\u00e8s efficaces, leurs actions sur les glandes s\u00e9bac\u00e9es limitent la production de s\u00e9bum entra\u00eenant des effets dess\u00e9chants importants : l\u00e8vres gerc\u00e9es, peau qui p\u00e8le, rougeurs cutan\u00e9es, d\u00e9mangeaisons\u2026<\/p>\n<p><strong>SEBIACLEAR Hydra<\/strong>\u00a0a \u00e9t\u00e9 sp\u00e9cialement formul\u00e9 pour r\u00e9pondre aux besoins tr\u00e8s sp\u00e9cifiques des peaux \u00e0 tendance acn\u00e9ique fragilis\u00e9es par les traitements dermatologiques dess\u00e9chants. Elle sera votre meilleure alli\u00e9e en apportant confort et hydratation au quotidien tout en combattant les imperfections et les marques.<\/p>\n<p>Ce soin au pH physiologique est adapt\u00e9 pour toutes les peaux, m\u00eame les plus sensibles.<br \/>\nHypoallerg\u00e9nique, non com\u00e9dog\u00e8ne.<\/p>\n<p>&nbsp;<\/p>\n<p>Une peau hydrat\u00e9e gr\u00e2ce \u00e0 une tr\u00e8s haute concentration en actifs dermatologiques haute tol\u00e9rance :<\/p>\n<p>\u20225% de Niacinamide : apaise et soulage les irritations, \u00e9chauffements, sensations de d\u00e9mangeaisons. Favorise la r\u00e9duction des marque brunes et rouges.<\/p>\n<p>\u2022C\u00e9ramides : restaurent la barri\u00e8re protectrice de la peau. Assurent une hydratation imm\u00e9diate &amp; longue dur\u00e9e, r\u00e9duisent le dess\u00e8chement cutan\u00e9 : rugosit\u00e9s, desquamations (peau qui p\u00e8le) et s\u00e9cheresses<\/p>\n<p>\u2022Sucre pr\u00e9biotique : issu d\u2019Ophiopogon japonicus (muguet du Japon) il apaise, restaure la barri\u00e8re cutan\u00e9e fragilis\u00e9e, hydrate la peau et maintient le microbiote cutan\u00e9. Il permet aussi de limiter les d\u00e9mangeaisons.<\/p>\n<p>\u2022Acide Hyaluronique : favorise la r\u00e9paration \u00e9pidermique des peaux fragilis\u00e9es par les traitements et la prot\u00e8ge du dess\u00e8chement.<\/p>\n<p>&nbsp;<\/p>\n<p>Son plus ? Con\u00e7ue pour les peaux \u00e0 tendance acn\u00e9ique sous traitement, sa formule est \u00e0 90% d\u2019origine naturelle dans un tube pratique d\u00e9velopp\u00e9 avec une jupe contenant 50% de mati\u00e8re recycl\u00e9e et 100% recyclable.<\/p>\n<p><strong>Indications :<\/strong><\/p>\n<p>Peaux \u00e0 tendance acn\u00e9ique sous traitements dess\u00e9chants.<\/p>\n<p>&nbsp;<\/p>\n<p><strong>CONSEILS D\u2019UTILISATION<\/strong><\/p>\n<p>Appliquer matin et\/ou soir sur peau nettoy\u00e9e avec l\u2019eau micellaire nettoyante Sebiaclear.<br \/>\nExcellente base de maquillage.<\/p>\n<p><strong>COMPOSITION<\/strong><\/p>\n<p>aqua (purified water), caprylic\/capric triglyceride, niacinamide, butyrospermum parkii (shea) butter extract, glycerin, butyrospermum parkii (shea) butter, methyl methacrylate crosspolymer, cyclopentasiloxane,, cetyl alcohol, glyceryl stearate, cetyl dimethicone, saccharide isomerate, argania spinosa kernel oil, glycolipids, glycosphingolipids, tetra-di-t-butyl hydroxycinnamate, spent grain wax, tocopherol, 1,2-hexanediol, caprylyl gycol, ceteth-20, citric acid, dimethicone crosspolymer, peg-75 stearate, pentylene glycol, sodium citrate, sodium polyacrylate starch, steareth-20, parfum (fragrance).<\/p>\n","protected":false},"excerpt":{"rendered":"<p><strong>SVR Sebiaclear Hydra<\/strong>\u00a0est un soin ultra-confort hydratant 48h des\u00a0<strong>peaux grasses \u00e0 tendance acn\u00e9ique<\/strong>, fragilis\u00e9es par les traitements dess\u00e9chants.<\/p>\n","protected":false},"featured_media":153,"comment_status":"open","ping_status":"closed","template":"","meta":{"ocean_post_layout":"","ocean_both_sidebars_style":"","ocean_both_sidebars_content_width":0,"ocean_both_sidebars_sidebars_width":0,"ocean_sidebar":"0","ocean_second_sidebar":"0","ocean_disable_margins":"enable","ocean_add_body_class":"","ocean_shortcode_before_top_bar":"","ocean_shortcode_after_top_bar":"","ocean_shortcode_before_header":"","ocean_shortcode_after_header":"","ocean_has_shortcode":"","ocean_shortcode_after_title":"","ocean_shortcode_before_footer_widgets":"","ocean_shortcode_after_footer_widgets":"","ocean_shortcode_before_footer_bottom":"","ocean_shortcode_after_footer_bottom":"","ocean_display_top_bar":"default","ocean_display_header":"default","ocean_header_style":"","ocean_center_header_left_menu":"0","ocean_custom_header_template":"0","ocean_custom_logo":0,"ocean_custom_retina_logo":0,"ocean_custom_logo_max_width":0,"ocean_custom_logo_tablet_max_width":0,"ocean_custom_logo_mobile_max_width":0,"ocean_custom_logo_max_height":0,"ocean_custom_logo_tablet_max_height":0,"ocean_custom_logo_mobile_max_height":0,"ocean_header_custom_menu":"0","ocean_menu_typo_font_family":"0","ocean_menu_typo_font_subset":"","ocean_menu_typo_font_size":0,"ocean_menu_typo_font_size_tablet":0,"ocean_menu_typo_font_size_mobile":0,"ocean_menu_typo_font_size_unit":"px","ocean_menu_typo_font_weight":"","ocean_menu_typo_font_weight_tablet":"","ocean_menu_typo_font_weight_mobile":"","ocean_menu_typo_transform":"","ocean_menu_typo_transform_tablet":"","ocean_menu_typo_transform_mobile":"","ocean_menu_typo_line_height":0,"ocean_menu_typo_line_height_tablet":0,"ocean_menu_typo_line_height_mobile":0,"ocean_menu_typo_line_height_unit":"","ocean_menu_typo_spacing":0,"ocean_menu_typo_spacing_tablet":0,"ocean_menu_typo_spacing_mobile":0,"ocean_menu_typo_spacing_unit":"","ocean_menu_link_color":"","ocean_menu_link_color_hover":"","ocean_menu_link_color_active":"","ocean_menu_link_background":"","ocean_menu_link_hover_background":"","ocean_menu_link_active_background":"","ocean_menu_social_links_bg":"","ocean_menu_social_hover_links_bg":"","ocean_menu_social_links_color":"","ocean_menu_social_hover_links_color":"","ocean_disable_title":"default","ocean_disable_heading":"default","ocean_post_title":"","ocean_post_subheading":"","ocean_post_title_style":"","ocean_post_title_background_color":"","ocean_post_title_background":0,"ocean_post_title_bg_image_position":"","ocean_post_title_bg_image_attachment":"","ocean_post_title_bg_image_repeat":"","ocean_post_title_bg_image_size":"","ocean_post_title_height":0,"ocean_post_title_bg_overlay":0.5,"ocean_post_title_bg_overlay_color":"","ocean_disable_breadcrumbs":"default","ocean_breadcrumbs_color":"","ocean_breadcrumbs_separator_color":"","ocean_breadcrumbs_links_color":"","ocean_breadcrumbs_links_hover_color":"","ocean_display_footer_widgets":"default","ocean_display_footer_bottom":"default","ocean_custom_footer_template":"0"},"product_brand":[],"product_cat":[35],"product_tag":[],"class_list":{"0":"post-152","1":"product","2":"type-product","3":"status-publish","4":"has-post-thumbnail","6":"product_cat-soins-hydratants-et-nourrissants","8":"entry","9":"has-media","11":"first","12":"instock","13":"sale","14":"taxable","15":"shipping-taxable","16":"purchasable","17":"product-type-simple","18":"has-product-nav","19":"col","20":"span_1_of_3","21":"owp-content-center","22":"owp-thumbs-layout-horizontal","23":"owp-btn-normal","24":"owp-tabs-layout-horizontal"},"_links":{"self":[{"href":"https:\/\/ellypara.com\/index.php\/wp-json\/wp\/v2\/product\/152","targetHints":{"allow":["GET"]}}],"collection":[{"href":"https:\/\/ellypara.com\/index.php\/wp-json\/wp\/v2\/product"}],"about":[{"href":"https:\/\/ellypara.com\/index.php\/wp-json\/wp\/v2\/types\/product"}],"replies":[{"embeddable":true,"href":"https:\/\/ellypara.com\/index.php\/wp-json\/wp\/v2\/comments?post=152"}],"wp:featuredmedia":[{"embeddable":true,"href":"https:\/\/ellypara.com\/index.php\/wp-json\/wp\/v2\/media\/153"}],"wp:attachment":[{"href":"https:\/\/ellypara.com\/index.php\/wp-json\/wp\/v2\/media?parent=152"}],"wp:term":[{"taxonomy":"product_brand","embeddable":true,"href":"https:\/\/ellypara.com\/index.php\/wp-json\/wp\/v2\/product_brand?post=152"},{"taxonomy":"product_cat","embeddable":true,"href":"https:\/\/ellypara.com\/index.php\/wp-json\/wp\/v2\/product_cat?post=152"},{"taxonomy":"product_tag","embeddable":true,"href":"https:\/\/ellypara.com\/index.php\/wp-json\/wp\/v2\/product_tag?post=152"}],"curies":[{"name":"wp","href":"https:\/\/api.w.org\/{rel}","templated":true}]}}