{"id":1527,"date":"2025-04-19T23:48:53","date_gmt":"2025-04-19T21:48:53","guid":{"rendered":"https:\/\/ellypara.com\/?post_type=product&#038;p=1527"},"modified":"2025-04-19T23:48:53","modified_gmt":"2025-04-19T21:48:53","slug":"chicco-goupillon-en-silicone-bleu","status":"publish","type":"product","link":"https:\/\/ellypara.com\/index.php\/produit\/chicco-goupillon-en-silicone-bleu\/","title":{"rendered":"Chicco Goupillon en Silicone Bleu"},"content":{"rendered":"<p><strong>Brosse \u00e0 bouteille en silicone: polyvalent, s\u00fbr et pratique<\/strong><\/p>\n<picture><source srcset=\"https:\/\/www.maparatunisie.tn\/wp-content\/uploads\/2023\/09\/feeding-silicone-bottle-brush-blue-3-1000x246.avif 1000w,https:\/\/www.maparatunisie.tn\/wp-content\/uploads\/2023\/09\/feeding-silicone-bottle-brush-blue-3-64x16.avif 64w,https:\/\/www.maparatunisie.tn\/wp-content\/uploads\/2023\/09\/feeding-silicone-bottle-brush-blue-3-1200x295.avif 1200w,https:\/\/www.maparatunisie.tn\/wp-content\/uploads\/2023\/09\/feeding-silicone-bottle-brush-blue-3-768x189.avif 768w,https:\/\/www.maparatunisie.tn\/wp-content\/uploads\/2023\/09\/feeding-silicone-bottle-brush-blue-3.avif 1500w\" type=\"image\/avif\" sizes=\"auto, (max-width: 1000px) 100vw, 1000px\" \/><source srcset=\"https:\/\/www.maparatunisie.tn\/wp-content\/uploads\/2023\/09\/feeding-silicone-bottle-brush-blue-3-1000x246.webp 1000w,https:\/\/www.maparatunisie.tn\/wp-content\/uploads\/2023\/09\/feeding-silicone-bottle-brush-blue-3-64x16.webp 64w,https:\/\/www.maparatunisie.tn\/wp-content\/uploads\/2023\/09\/feeding-silicone-bottle-brush-blue-3-1200x295.webp 1200w,https:\/\/www.maparatunisie.tn\/wp-content\/uploads\/2023\/09\/feeding-silicone-bottle-brush-blue-3-768x189.webp 768w,https:\/\/www.maparatunisie.tn\/wp-content\/uploads\/2023\/09\/feeding-silicone-bottle-brush-blue-3.webp 1500w\" type=\"image\/webp\" sizes=\"auto, (max-width: 1000px) 100vw, 1000px\" \/><img fetchpriority=\"high\" decoding=\"async\" class=\"alignnone size-medium wp-image-133985 sp-no-webp\" title=\"Chicco goupillon en silicone bleu\" src=\"https:\/\/www.maparatunisie.tn\/wp-content\/uploads\/2023\/09\/feeding-silicone-bottle-brush-blue-3-1000x246.jpg\" sizes=\"auto, (max-width: 1000px) 100vw, 1000px\" srcset=\"https:\/\/www.maparatunisie.tn\/wp-content\/uploads\/2023\/09\/feeding-silicone-bottle-brush-blue-3-1000x246.jpg 1000w, https:\/\/www.maparatunisie.tn\/wp-content\/uploads\/2023\/09\/feeding-silicone-bottle-brush-blue-3-64x16.jpg 64w, https:\/\/www.maparatunisie.tn\/wp-content\/uploads\/2023\/09\/feeding-silicone-bottle-brush-blue-3-1200x295.jpg 1200w, https:\/\/www.maparatunisie.tn\/wp-content\/uploads\/2023\/09\/feeding-silicone-bottle-brush-blue-3-768x189.jpg 768w, https:\/\/www.maparatunisie.tn\/wp-content\/uploads\/2023\/09\/feeding-silicone-bottle-brush-blue-3.jpg 1500w\" alt=\"Chicco goupillon en silicone bleu\" width=\"1000\" height=\"246\" \/><\/picture>\n<p>La brosse pour biberons en silicone souple sans BPA Chicco vous permet de nettoyer rapidement et facilement les biberons, les t\u00e9tons et les accessoires, ce qui en fait la brosse id\u00e9ale pour nettoyer les produits pour b\u00e9b\u00e9s et plus encore.<\/p>\n<p>La brosse en silicone st\u00e9rilisable de qualit\u00e9 alimentaire est hygi\u00e9nique, inodore et sans danger pour tous les mat\u00e9riaux (verre, plastique, aluminium, c\u00e9ramique, etc.). Les soies de silicone nettoient en douceur sans les rayer.<\/p>\n<p>Cette brosse pratique au lave-vaisselle poss\u00e8de \u00e9galement une poign\u00e9e antid\u00e9rapante confortable et s\u2019accroche pour le s\u00e9chage et le stockage.<\/p>\n","protected":false},"excerpt":{"rendered":"<p>Le goupillon silicone Chicco 0% BPA vous permet de nettoyer rapidement et facilement les biberons et les accessoires de b\u00e9b\u00e9.<\/p>\n","protected":false},"featured_media":1528,"comment_status":"open","ping_status":"closed","template":"","meta":{"ocean_post_layout":"","ocean_both_sidebars_style":"","ocean_both_sidebars_content_width":0,"ocean_both_sidebars_sidebars_width":0,"ocean_sidebar":"0","ocean_second_sidebar":"0","ocean_disable_margins":"enable","ocean_add_body_class":"","ocean_shortcode_before_top_bar":"","ocean_shortcode_after_top_bar":"","ocean_shortcode_before_header":"","ocean_shortcode_after_header":"","ocean_has_shortcode":"","ocean_shortcode_after_title":"","ocean_shortcode_before_footer_widgets":"","ocean_shortcode_after_footer_widgets":"","ocean_shortcode_before_footer_bottom":"","ocean_shortcode_after_footer_bottom":"","ocean_display_top_bar":"default","ocean_display_header":"default","ocean_header_style":"","ocean_center_header_left_menu":"0","ocean_custom_header_template":"0","ocean_custom_logo":0,"ocean_custom_retina_logo":0,"ocean_custom_logo_max_width":0,"ocean_custom_logo_tablet_max_width":0,"ocean_custom_logo_mobile_max_width":0,"ocean_custom_logo_max_height":0,"ocean_custom_logo_tablet_max_height":0,"ocean_custom_logo_mobile_max_height":0,"ocean_header_custom_menu":"0","ocean_menu_typo_font_family":"0","ocean_menu_typo_font_subset":"","ocean_menu_typo_font_size":0,"ocean_menu_typo_font_size_tablet":0,"ocean_menu_typo_font_size_mobile":0,"ocean_menu_typo_font_size_unit":"px","ocean_menu_typo_font_weight":"","ocean_menu_typo_font_weight_tablet":"","ocean_menu_typo_font_weight_mobile":"","ocean_menu_typo_transform":"","ocean_menu_typo_transform_tablet":"","ocean_menu_typo_transform_mobile":"","ocean_menu_typo_line_height":0,"ocean_menu_typo_line_height_tablet":0,"ocean_menu_typo_line_height_mobile":0,"ocean_menu_typo_line_height_unit":"","ocean_menu_typo_spacing":0,"ocean_menu_typo_spacing_tablet":0,"ocean_menu_typo_spacing_mobile":0,"ocean_menu_typo_spacing_unit":"","ocean_menu_link_color":"","ocean_menu_link_color_hover":"","ocean_menu_link_color_active":"","ocean_menu_link_background":"","ocean_menu_link_hover_background":"","ocean_menu_link_active_background":"","ocean_menu_social_links_bg":"","ocean_menu_social_hover_links_bg":"","ocean_menu_social_links_color":"","ocean_menu_social_hover_links_color":"","ocean_disable_title":"default","ocean_disable_heading":"default","ocean_post_title":"","ocean_post_subheading":"","ocean_post_title_style":"","ocean_post_title_background_color":"","ocean_post_title_background":0,"ocean_post_title_bg_image_position":"","ocean_post_title_bg_image_attachment":"","ocean_post_title_bg_image_repeat":"","ocean_post_title_bg_image_size":"","ocean_post_title_height":0,"ocean_post_title_bg_overlay":0.5,"ocean_post_title_bg_overlay_color":"","ocean_disable_breadcrumbs":"default","ocean_breadcrumbs_color":"","ocean_breadcrumbs_separator_color":"","ocean_breadcrumbs_links_color":"","ocean_breadcrumbs_links_hover_color":"","ocean_display_footer_widgets":"default","ocean_display_footer_bottom":"default","ocean_custom_footer_template":"0"},"product_brand":[],"product_cat":[24,59],"product_tag":[],"class_list":{"0":"post-1527","1":"product","2":"type-product","3":"status-publish","4":"has-post-thumbnail","6":"product_cat-bebe-et-maman","7":"product_cat-puericulture","9":"entry","10":"has-media","12":"first","13":"instock","14":"taxable","15":"shipping-taxable","16":"purchasable","17":"product-type-simple","18":"has-product-nav","19":"col","20":"span_1_of_3","21":"owp-content-center","22":"owp-thumbs-layout-horizontal","23":"owp-btn-normal","24":"owp-tabs-layout-horizontal"},"_links":{"self":[{"href":"https:\/\/ellypara.com\/index.php\/wp-json\/wp\/v2\/product\/1527","targetHints":{"allow":["GET"]}}],"collection":[{"href":"https:\/\/ellypara.com\/index.php\/wp-json\/wp\/v2\/product"}],"about":[{"href":"https:\/\/ellypara.com\/index.php\/wp-json\/wp\/v2\/types\/product"}],"replies":[{"embeddable":true,"href":"https:\/\/ellypara.com\/index.php\/wp-json\/wp\/v2\/comments?post=1527"}],"wp:featuredmedia":[{"embeddable":true,"href":"https:\/\/ellypara.com\/index.php\/wp-json\/wp\/v2\/media\/1528"}],"wp:attachment":[{"href":"https:\/\/ellypara.com\/index.php\/wp-json\/wp\/v2\/media?parent=1527"}],"wp:term":[{"taxonomy":"product_brand","embeddable":true,"href":"https:\/\/ellypara.com\/index.php\/wp-json\/wp\/v2\/product_brand?post=1527"},{"taxonomy":"product_cat","embeddable":true,"href":"https:\/\/ellypara.com\/index.php\/wp-json\/wp\/v2\/product_cat?post=1527"},{"taxonomy":"product_tag","embeddable":true,"href":"https:\/\/ellypara.com\/index.php\/wp-json\/wp\/v2\/product_tag?post=1527"}],"curies":[{"name":"wp","href":"https:\/\/api.w.org\/{rel}","templated":true}]}}