{"id":155,"date":"2025-01-13T12:08:09","date_gmt":"2025-01-13T11:08:09","guid":{"rendered":"https:\/\/ellypara.com\/?post_type=product&#038;p=155"},"modified":"2025-02-01T15:59:17","modified_gmt":"2025-02-01T14:59:17","slug":"avene-hydrance-legere-emulsion-hydratante-40ml","status":"publish","type":"product","link":"https:\/\/ellypara.com\/index.php\/produit\/avene-hydrance-legere-emulsion-hydratante-40ml\/","title":{"rendered":"AVENE Hydrance Legere Emulsion Hydratante 40ml"},"content":{"rendered":"<p><strong>Av\u00e8ne Hydrance L\u00e9g\u00e8re \u00c9mulsion Hydratante 40ml\u00a0<\/strong>est une\u00a0<strong>cr\u00e8me fluide non grasse<\/strong>\u00a0qui aide \u00e0\u00a0<strong>hydrater\u00a0<\/strong>et \u00e0<strong>\u00a0adoucir la peau,<\/strong>\u00a0lui apporte souplesse et douceur.<\/p>\n<p>Cette \u00e9mulsion contient de l\u2019<strong>eau thermale d\u2019Av\u00e8ne<\/strong>\u00a0qui permet de prolonger l\u2019<strong>hydratation<\/strong>\u00a0de votre peau pendant 24 heures tout en la gardant\u00a0<strong>apais\u00e9e<\/strong>. Sa texture l\u00e9g\u00e8re hydrate et\u00a0<strong>d\u00e9salt\u00e8re votre peau en un instant<\/strong>. Elle est visiblement hydrat\u00e9e, apais\u00e9e et plus souple.<\/p>\n<p>Convient aux peaux sensibles normales \u00e0 mixtes.<\/p>\n<p>Non com\u00e9dog\u00e8ne.<\/p>\n<p>Fabriqu\u00e9 en France.<\/p>\n<p><strong>Mode d\u2019emploi<\/strong><\/p>\n<p>Appliquer sur le visage, le cou et le d\u00e9collet\u00e9.<\/p>\n<p><strong>Composition<\/strong><\/p>\n<p>AVENE THERMAL SPRING WATER (AVENE AQUA), GLYCERIN, PROPYLENE GLYCOL, DICAPRYLATE\/DICAPRATE, C14-22 ALCOHOLS, DIMETHICONE, ISOCETYL STEAROYL STEARATE, TRIETHYLHEXANOIN, 1,2-HEXANEDIOL, POLYMETHYL METHACRYLATE, POTASSIUM CETYL PHOSPHATE, ACRYLATES\/C10-30 ALKYL ACRYLATE CROSSPOLYMER, BENZOIC ACID, C12-20 ALKYL GLUCOSIDE, FRAGRANCE (PARFUM), HYDROXYETHYL ACRYLATE\/SODIUM ACRYLOYLDIMETHYL TAURATE COPOLYMER, PHYTOSTEROLS, POLYSORBATE 60, SCLEROTIUM GUM, SODIUM HYDROXIDE, SORBITAN ISOSTEARATE, SQUALANE, WATER (AQUA).<\/p>\n<p><strong>Conseil Pharmaceutique<\/strong><\/p>\n<p>L\u2019eau thermale est caract\u00e9ris\u00e9e par sa richesse en min\u00e9raux tels que le calcium, le zinc, le cuivre et le fer, bien que sa composition chimique puisse changer en fonction de l\u2019endroit o\u00f9 elle se trouve.<\/p>\n<p>Extraite directement du sous-sol, elle est mise en bouteille afin de pr\u00e9server ses propri\u00e9t\u00e9s rafra\u00eechissantes, hydratantes et apaisantes, tr\u00e8s appr\u00e9ci\u00e9es en cosm\u00e9tique. Gr\u00e2ce \u00e0 sa teneur en oligo-\u00e9l\u00e9ments, l\u2019eau thermale renforce la barri\u00e8re cutan\u00e9e naturelle, pr\u00e9vient la perte d\u2019\u00e9lasticit\u00e9 et le vieillissement pr\u00e9matur\u00e9. Elle s\u2019av\u00e8re \u00e9galement utile pour calmer les piq\u00fbres et les irritations, ainsi que pour favoriser la cicatrisation et la r\u00e9g\u00e9n\u00e9ration de la peau apr\u00e8s l\u2019\u00e9pilation ou le rasage. Son action apaisante et anti-prurigineuse est b\u00e9n\u00e9fique pour les peaux atopiques, surtout si elle est conserv\u00e9e au r\u00e9frig\u00e9rateur pour une application fra\u00eeche.<\/p>\n<p>L\u2019eau thermale est aussi recommand\u00e9e pour fixer le maquillage afin de maintenir le confort de la peau. Il s\u2019agit par ailleurs d\u2019un excellent ingr\u00e9dient dans les formulations cosm\u00e9tiques o\u00f9 l\u2019eau est remplac\u00e9e par de l\u2019eau thermale.<\/p>\n","protected":false},"excerpt":{"rendered":"<p>Une diffusion optimale d\u2019<strong>Eau thermale<\/strong> d\u2019Av\u00e8ne pour une peau intens\u00e9ment hydrat\u00e9e. Sa texture<strong> fine<\/strong> et <strong>non grasse<\/strong> d\u00e9salt\u00e8re la peau d\u00e8s l\u2019application et lui procure <strong>souplesse, douceur et luminosit\u00e9.<\/strong><\/p>\n","protected":false},"featured_media":156,"comment_status":"open","ping_status":"closed","template":"","meta":{"ocean_post_layout":"","ocean_both_sidebars_style":"","ocean_both_sidebars_content_width":0,"ocean_both_sidebars_sidebars_width":0,"ocean_sidebar":"0","ocean_second_sidebar":"0","ocean_disable_margins":"enable","ocean_add_body_class":"","ocean_shortcode_before_top_bar":"","ocean_shortcode_after_top_bar":"","ocean_shortcode_before_header":"","ocean_shortcode_after_header":"","ocean_has_shortcode":"","ocean_shortcode_after_title":"","ocean_shortcode_before_footer_widgets":"","ocean_shortcode_after_footer_widgets":"","ocean_shortcode_before_footer_bottom":"","ocean_shortcode_after_footer_bottom":"","ocean_display_top_bar":"default","ocean_display_header":"default","ocean_header_style":"","ocean_center_header_left_menu":"0","ocean_custom_header_template":"0","ocean_custom_logo":0,"ocean_custom_retina_logo":0,"ocean_custom_logo_max_width":0,"ocean_custom_logo_tablet_max_width":0,"ocean_custom_logo_mobile_max_width":0,"ocean_custom_logo_max_height":0,"ocean_custom_logo_tablet_max_height":0,"ocean_custom_logo_mobile_max_height":0,"ocean_header_custom_menu":"0","ocean_menu_typo_font_family":"0","ocean_menu_typo_font_subset":"","ocean_menu_typo_font_size":0,"ocean_menu_typo_font_size_tablet":0,"ocean_menu_typo_font_size_mobile":0,"ocean_menu_typo_font_size_unit":"px","ocean_menu_typo_font_weight":"","ocean_menu_typo_font_weight_tablet":"","ocean_menu_typo_font_weight_mobile":"","ocean_menu_typo_transform":"","ocean_menu_typo_transform_tablet":"","ocean_menu_typo_transform_mobile":"","ocean_menu_typo_line_height":0,"ocean_menu_typo_line_height_tablet":0,"ocean_menu_typo_line_height_mobile":0,"ocean_menu_typo_line_height_unit":"","ocean_menu_typo_spacing":0,"ocean_menu_typo_spacing_tablet":0,"ocean_menu_typo_spacing_mobile":0,"ocean_menu_typo_spacing_unit":"","ocean_menu_link_color":"","ocean_menu_link_color_hover":"","ocean_menu_link_color_active":"","ocean_menu_link_background":"","ocean_menu_link_hover_background":"","ocean_menu_link_active_background":"","ocean_menu_social_links_bg":"","ocean_menu_social_hover_links_bg":"","ocean_menu_social_links_color":"","ocean_menu_social_hover_links_color":"","ocean_disable_title":"default","ocean_disable_heading":"default","ocean_post_title":"","ocean_post_subheading":"","ocean_post_title_style":"","ocean_post_title_background_color":"","ocean_post_title_background":0,"ocean_post_title_bg_image_position":"","ocean_post_title_bg_image_attachment":"","ocean_post_title_bg_image_repeat":"","ocean_post_title_bg_image_size":"","ocean_post_title_height":0,"ocean_post_title_bg_overlay":0.5,"ocean_post_title_bg_overlay_color":"","ocean_disable_breadcrumbs":"default","ocean_breadcrumbs_color":"","ocean_breadcrumbs_separator_color":"","ocean_breadcrumbs_links_color":"","ocean_breadcrumbs_links_hover_color":"","ocean_display_footer_widgets":"default","ocean_display_footer_bottom":"default","ocean_custom_footer_template":"0"},"product_brand":[],"product_cat":[35],"product_tag":[],"class_list":{"0":"post-155","1":"product","2":"type-product","3":"status-publish","4":"has-post-thumbnail","6":"product_cat-soins-hydratants-et-nourrissants","8":"entry","9":"has-media","11":"first","12":"instock","13":"sale","14":"taxable","15":"shipping-taxable","16":"purchasable","17":"product-type-simple","18":"has-product-nav","19":"col","20":"span_1_of_3","21":"owp-content-center","22":"owp-thumbs-layout-horizontal","23":"owp-btn-normal","24":"owp-tabs-layout-horizontal"},"_links":{"self":[{"href":"https:\/\/ellypara.com\/index.php\/wp-json\/wp\/v2\/product\/155","targetHints":{"allow":["GET"]}}],"collection":[{"href":"https:\/\/ellypara.com\/index.php\/wp-json\/wp\/v2\/product"}],"about":[{"href":"https:\/\/ellypara.com\/index.php\/wp-json\/wp\/v2\/types\/product"}],"replies":[{"embeddable":true,"href":"https:\/\/ellypara.com\/index.php\/wp-json\/wp\/v2\/comments?post=155"}],"wp:featuredmedia":[{"embeddable":true,"href":"https:\/\/ellypara.com\/index.php\/wp-json\/wp\/v2\/media\/156"}],"wp:attachment":[{"href":"https:\/\/ellypara.com\/index.php\/wp-json\/wp\/v2\/media?parent=155"}],"wp:term":[{"taxonomy":"product_brand","embeddable":true,"href":"https:\/\/ellypara.com\/index.php\/wp-json\/wp\/v2\/product_brand?post=155"},{"taxonomy":"product_cat","embeddable":true,"href":"https:\/\/ellypara.com\/index.php\/wp-json\/wp\/v2\/product_cat?post=155"},{"taxonomy":"product_tag","embeddable":true,"href":"https:\/\/ellypara.com\/index.php\/wp-json\/wp\/v2\/product_tag?post=155"}],"curies":[{"name":"wp","href":"https:\/\/api.w.org\/{rel}","templated":true}]}}