{"id":1578,"date":"2025-04-20T14:20:36","date_gmt":"2025-04-20T12:20:36","guid":{"rendered":"https:\/\/ellypara.com\/?post_type=product&#038;p=1578"},"modified":"2025-04-20T14:20:37","modified_gmt":"2025-04-20T12:20:37","slug":"sensilis-coffret-upgrade-ar","status":"publish","type":"product","link":"https:\/\/ellypara.com\/index.php\/produit\/sensilis-coffret-upgrade-ar\/","title":{"rendered":"SENSILIS Coffret Upgrade AR"},"content":{"rendered":"<p><strong>SENSILIS COFFRET Upgrade AR<\/strong><\/p>\n<p>SENSILIS COFFRET Upgrade [AR] est id\u00e9al pour combattre les rides et l\u2019affaissement de la peau sensible sujette aux rougeurs, gr\u00e2ce \u00e0 des formules uniques qui respectent la peau sensible.<\/p>\n<p>Sensilis Upgrade [AR] Cr\u00e8me Sorbet Apaisante Raffermissante 50ML\u00a0: est id\u00e9ale pour lutter contre les signes de l\u2019\u00e2ge des peaux sensibles sujettes aux rougeurs. Sa formule unique contient de puissants ingr\u00e9dients anti-\u00e2ge qui procurent des bienfaits imm\u00e9diats et \u00e0 long terme. Les Polysaccharides d\u2019Avoine procurent un effet lifting imm\u00e9diat tandis que les Farines de Riz Rouge et de Soja renforcent et stimulent la production de collag\u00e8ne. Ainsi, jour apr\u00e8s jour, il va renforcer l\u2019\u00e9lasticit\u00e9 et la fermet\u00e9 et lisser les rides et ridules. Ayant le plus grand respect pour les peaux sensibles, cette cr\u00e8me est \u00e9galement enrichie d\u2019ingr\u00e9dients qui vont profond\u00e9ment nourrir, apaiser et prot\u00e9ger la peau.<\/p>\n<p>Sensilis Upgrade [Yeux] Soin Concentr\u00e9 Contour des Yeux 15ML\u00a0: est un traitement rajeunissant pour le contour des yeux sp\u00e9cialement formul\u00e9 pour aider \u00e0 combattre les signes du vieillissement. Outre une combinaison d\u2019ingr\u00e9dients qui permettent une action raffermissante du contour des yeux et retardent le vieillissement cutan\u00e9, ce produit contient \u00e9galement de la Caf\u00e9ine et de l\u2019Hamam\u00e9lis. Pour cette raison, cette cr\u00e8me contour des yeux a \u00e9galement la capacit\u00e9 de r\u00e9duire les poches et les cernes, puisque ces ingr\u00e9dients ont une action d\u00e9congestionnante et \u00e9nergisante. De plus, ce produit a une texture douce adapt\u00e9e \u00e0 la peau d\u00e9licate du contour des yeux<\/p>\n","protected":false},"excerpt":{"rendered":"<p>SENSILIS COFFRET Upgrade [AR] est id\u00e9al pour combattre les rides et l\u2019affaissement de la peau sensible sujette aux rougeurs, gr\u00e2ce \u00e0 des formules uniques qui respectent la peau sensible.<\/p>\n","protected":false},"featured_media":1579,"comment_status":"open","ping_status":"closed","template":"","meta":{"ocean_post_layout":"","ocean_both_sidebars_style":"","ocean_both_sidebars_content_width":0,"ocean_both_sidebars_sidebars_width":0,"ocean_sidebar":"0","ocean_second_sidebar":"0","ocean_disable_margins":"enable","ocean_add_body_class":"","ocean_shortcode_before_top_bar":"","ocean_shortcode_after_top_bar":"","ocean_shortcode_before_header":"","ocean_shortcode_after_header":"","ocean_has_shortcode":"","ocean_shortcode_after_title":"","ocean_shortcode_before_footer_widgets":"","ocean_shortcode_after_footer_widgets":"","ocean_shortcode_before_footer_bottom":"","ocean_shortcode_after_footer_bottom":"","ocean_display_top_bar":"default","ocean_display_header":"default","ocean_header_style":"","ocean_center_header_left_menu":"0","ocean_custom_header_template":"0","ocean_custom_logo":0,"ocean_custom_retina_logo":0,"ocean_custom_logo_max_width":0,"ocean_custom_logo_tablet_max_width":0,"ocean_custom_logo_mobile_max_width":0,"ocean_custom_logo_max_height":0,"ocean_custom_logo_tablet_max_height":0,"ocean_custom_logo_mobile_max_height":0,"ocean_header_custom_menu":"0","ocean_menu_typo_font_family":"0","ocean_menu_typo_font_subset":"","ocean_menu_typo_font_size":0,"ocean_menu_typo_font_size_tablet":0,"ocean_menu_typo_font_size_mobile":0,"ocean_menu_typo_font_size_unit":"px","ocean_menu_typo_font_weight":"","ocean_menu_typo_font_weight_tablet":"","ocean_menu_typo_font_weight_mobile":"","ocean_menu_typo_transform":"","ocean_menu_typo_transform_tablet":"","ocean_menu_typo_transform_mobile":"","ocean_menu_typo_line_height":0,"ocean_menu_typo_line_height_tablet":0,"ocean_menu_typo_line_height_mobile":0,"ocean_menu_typo_line_height_unit":"","ocean_menu_typo_spacing":0,"ocean_menu_typo_spacing_tablet":0,"ocean_menu_typo_spacing_mobile":0,"ocean_menu_typo_spacing_unit":"","ocean_menu_link_color":"","ocean_menu_link_color_hover":"","ocean_menu_link_color_active":"","ocean_menu_link_background":"","ocean_menu_link_hover_background":"","ocean_menu_link_active_background":"","ocean_menu_social_links_bg":"","ocean_menu_social_hover_links_bg":"","ocean_menu_social_links_color":"","ocean_menu_social_hover_links_color":"","ocean_disable_title":"default","ocean_disable_heading":"default","ocean_post_title":"","ocean_post_subheading":"","ocean_post_title_style":"","ocean_post_title_background_color":"","ocean_post_title_background":0,"ocean_post_title_bg_image_position":"","ocean_post_title_bg_image_attachment":"","ocean_post_title_bg_image_repeat":"","ocean_post_title_bg_image_size":"","ocean_post_title_height":0,"ocean_post_title_bg_overlay":0.5,"ocean_post_title_bg_overlay_color":"","ocean_disable_breadcrumbs":"default","ocean_breadcrumbs_color":"","ocean_breadcrumbs_separator_color":"","ocean_breadcrumbs_links_color":"","ocean_breadcrumbs_links_hover_color":"","ocean_display_footer_widgets":"default","ocean_display_footer_bottom":"default","ocean_custom_footer_template":"0"},"product_brand":[],"product_cat":[26,36,43,21],"product_tag":[],"class_list":{"0":"post-1578","1":"product","2":"type-product","3":"status-publish","4":"has-post-thumbnail","6":"product_cat-promo","7":"product_cat-soins-anti-age-et-anti-rides","8":"product_cat-soins-anti-rougeurs-et-peau-sensible","9":"product_cat-visage","11":"entry","12":"has-media","14":"first","15":"instock","16":"sale","17":"taxable","18":"shipping-taxable","19":"purchasable","20":"product-type-simple","21":"has-product-nav","22":"col","23":"span_1_of_3","24":"owp-content-center","25":"owp-thumbs-layout-horizontal","26":"owp-btn-normal","27":"owp-tabs-layout-horizontal","28":"has-no-thumbnails"},"_links":{"self":[{"href":"https:\/\/ellypara.com\/index.php\/wp-json\/wp\/v2\/product\/1578","targetHints":{"allow":["GET"]}}],"collection":[{"href":"https:\/\/ellypara.com\/index.php\/wp-json\/wp\/v2\/product"}],"about":[{"href":"https:\/\/ellypara.com\/index.php\/wp-json\/wp\/v2\/types\/product"}],"replies":[{"embeddable":true,"href":"https:\/\/ellypara.com\/index.php\/wp-json\/wp\/v2\/comments?post=1578"}],"wp:featuredmedia":[{"embeddable":true,"href":"https:\/\/ellypara.com\/index.php\/wp-json\/wp\/v2\/media\/1579"}],"wp:attachment":[{"href":"https:\/\/ellypara.com\/index.php\/wp-json\/wp\/v2\/media?parent=1578"}],"wp:term":[{"taxonomy":"product_brand","embeddable":true,"href":"https:\/\/ellypara.com\/index.php\/wp-json\/wp\/v2\/product_brand?post=1578"},{"taxonomy":"product_cat","embeddable":true,"href":"https:\/\/ellypara.com\/index.php\/wp-json\/wp\/v2\/product_cat?post=1578"},{"taxonomy":"product_tag","embeddable":true,"href":"https:\/\/ellypara.com\/index.php\/wp-json\/wp\/v2\/product_tag?post=1578"}],"curies":[{"name":"wp","href":"https:\/\/api.w.org\/{rel}","templated":true}]}}