{"id":1586,"date":"2025-04-20T15:44:18","date_gmt":"2025-04-20T13:44:18","guid":{"rendered":"https:\/\/ellypara.com\/?post_type=product&#038;p=1586"},"modified":"2025-04-20T15:44:19","modified_gmt":"2025-04-20T13:44:19","slug":"sensilis-photocorrection-ha-50-ecran-fluid-teinte-spf-50-50ml","status":"publish","type":"product","link":"https:\/\/ellypara.com\/index.php\/produit\/sensilis-photocorrection-ha-50-ecran-fluid-teinte-spf-50-50ml\/","title":{"rendered":"SENSILIS PHOTOCORRECTION [HA 50+] ECRAN FLUID TEINTE SPF 50 50ML"},"content":{"rendered":"<p style=\"font-weight: 400;\"><b><strong>Description :<\/strong><\/b><\/p>\n<p style=\"font-weight: 400;\">Fluide \u00e0 tr\u00e8s haute protection qui associe un soin visage hydratant anti-rides, gr\u00e2ce \u00e0 ses actifs tels que l&#8217;Acide Hyaluronique et la Provitamine D3, \u00e0 une protection contre les UVA, UVB et les rayons de la lumi\u00e8re bleue. SPF50+ avec couleur.<\/p>\n<p style=\"font-weight: 400;\">Hydrate, prot\u00e8ge et corrige les signes de l&#8217;\u00e2ge. Id\u00e9al pour les peaux sensibles sujettes \u00e0 la d\u00e9shydratation. Non com\u00e9dog\u00e8ne, v\u00e9g\u00e9talien et r\u00e9sistant \u00e0 la transpiration.<\/p>\n<p style=\"font-weight: 400;\"><b><strong>B\u00e9n\u00e9fices :<\/strong><\/b><\/p>\n<p style=\"font-weight: 400;\">Fluide \u00e0 haute photoprotection pour les peaux sensibles sujettes \u00e0 la d\u00e9shydratation.<\/p>\n<p style=\"font-weight: 400;\">Prot\u00e8ge, hydrate et corrige les signes de l&#8217;\u00e2ge.<\/p>\n<p style=\"font-weight: 400;\">Avec de la couleur.<\/p>\n<p style=\"font-weight: 400;\">R\u00e9sistant \u00e0 la transpiration.<\/p>\n<p style=\"font-weight: 400;\">Non com\u00e9dog\u00e8ne.<\/p>\n<p style=\"font-weight: 400;\">Test\u00e9 dermatologiquement sur peau sensible.<\/p>\n<p style=\"font-weight: 400;\"><b><strong>Comment appliquer :<\/strong><\/b><\/p>\n<p style=\"font-weight: 400;\">Appliquer quotidiennement le matin apr\u00e8s votre routine de soin, sur l&#8217;ensemble du visage.<\/p>\n<p style=\"font-weight: 400;\"><b><strong>Ingr\u00e9dients :<\/strong><\/b><\/p>\n<p style=\"font-weight: 400;\">Aqua (Eau); homosalate ; Propyl\u00e8ne glycol; Adipate de dibutyle ; Salicylate d&#8217;\u00e9thylhexyle ; M\u00e9thyl\u00e8ne Bis-Benzotriazolyl T\u00e9tram\u00e9thylbutylph\u00e9nol (Nano); CI 77891 (dioxyde de titane) ; Glyc\u00e9rine; Butylm\u00e9thoxydibenzoylm\u00e9thane ; Bis-\u00c9thylhexyloxyph\u00e9nol M\u00e9thoxyph\u00e9nyl Triazine ; Butyl\u00e8neglycol; Copolym\u00e8re dim\u00e8re hydrog\u00e9n\u00e9 de dilinol\u00e9yle\/dim\u00e9thylcarbonate ; Coco-Caprylate ; Polyester-7 ; Diheptanoate de n\u00e9opentylglycol ; Phosphate de c\u00e9tyle de potassium ; Huile v\u00e9g\u00e9tale hydrog\u00e9n\u00e9e ; Silice; Extrait de Physalis angulata ; allanto\u00efne ; Ac\u00e9tate de tocoph\u00e9rol ; Hyaluronate de sodium; 7-d\u00e9hydrocholest\u00e9rol ; D\u00e9cyl Glucoside ; La cellulose microcristalline; Acrylates\/polym\u00e8re crois\u00e9 d&#8217;acrylate d&#8217;alkyle en C10-30 ; Triglyc\u00e9ride caprylique\/caprique ; Cyclodextrine hydroxypropylique ; Hydroxyde d&#8217;aluminium ; Dist\u00e9ardimonium Hectorite ; Carbonate de Propyl\u00e8ne ; La gomme de cellulose; PEG-8 ; Lauroylglutamate de sodium ; gomme xanthane ; Lysine; Chlorure de magnesium; Hydroxyac\u00e9toph\u00e9none ; Tocoph\u00e9rol ; Palmitate d&#8217;ascorbyle ; Acide ascorbique; Citrate de sodium; Hydroxyde de sodium; Acide citrique; 1,2-hexanediol; CI 77492 (oxydes de fer); CI 77491 (oxydes de fer); CI 77499 (oxydes de fer); Parfum (Parfum).<\/p>\n","protected":false},"excerpt":{"rendered":"<p>Fluide \u00e0 tr\u00e8s haute protection qui associe un soin visage hydratant anti-rides, gr\u00e2ce \u00e0 ses actifs tels que l&#8217;Acide Hyaluronique et la Provitamine D3, \u00e0 une protection contre les UVA, UVB et les rayons de la lumi\u00e8re bleue. SPF50+ avec couleur.<\/p>\n","protected":false},"featured_media":1587,"comment_status":"open","ping_status":"closed","template":"","meta":{"ocean_post_layout":"","ocean_both_sidebars_style":"","ocean_both_sidebars_content_width":0,"ocean_both_sidebars_sidebars_width":0,"ocean_sidebar":"0","ocean_second_sidebar":"0","ocean_disable_margins":"enable","ocean_add_body_class":"","ocean_shortcode_before_top_bar":"","ocean_shortcode_after_top_bar":"","ocean_shortcode_before_header":"","ocean_shortcode_after_header":"","ocean_has_shortcode":"","ocean_shortcode_after_title":"","ocean_shortcode_before_footer_widgets":"","ocean_shortcode_after_footer_widgets":"","ocean_shortcode_before_footer_bottom":"","ocean_shortcode_after_footer_bottom":"","ocean_display_top_bar":"default","ocean_display_header":"default","ocean_header_style":"","ocean_center_header_left_menu":"0","ocean_custom_header_template":"0","ocean_custom_logo":0,"ocean_custom_retina_logo":0,"ocean_custom_logo_max_width":0,"ocean_custom_logo_tablet_max_width":0,"ocean_custom_logo_mobile_max_width":0,"ocean_custom_logo_max_height":0,"ocean_custom_logo_tablet_max_height":0,"ocean_custom_logo_mobile_max_height":0,"ocean_header_custom_menu":"0","ocean_menu_typo_font_family":"0","ocean_menu_typo_font_subset":"","ocean_menu_typo_font_size":0,"ocean_menu_typo_font_size_tablet":0,"ocean_menu_typo_font_size_mobile":0,"ocean_menu_typo_font_size_unit":"px","ocean_menu_typo_font_weight":"","ocean_menu_typo_font_weight_tablet":"","ocean_menu_typo_font_weight_mobile":"","ocean_menu_typo_transform":"","ocean_menu_typo_transform_tablet":"","ocean_menu_typo_transform_mobile":"","ocean_menu_typo_line_height":0,"ocean_menu_typo_line_height_tablet":0,"ocean_menu_typo_line_height_mobile":0,"ocean_menu_typo_line_height_unit":"","ocean_menu_typo_spacing":0,"ocean_menu_typo_spacing_tablet":0,"ocean_menu_typo_spacing_mobile":0,"ocean_menu_typo_spacing_unit":"","ocean_menu_link_color":"","ocean_menu_link_color_hover":"","ocean_menu_link_color_active":"","ocean_menu_link_background":"","ocean_menu_link_hover_background":"","ocean_menu_link_active_background":"","ocean_menu_social_links_bg":"","ocean_menu_social_hover_links_bg":"","ocean_menu_social_links_color":"","ocean_menu_social_hover_links_color":"","ocean_disable_title":"default","ocean_disable_heading":"default","ocean_post_title":"","ocean_post_subheading":"","ocean_post_title_style":"","ocean_post_title_background_color":"","ocean_post_title_background":0,"ocean_post_title_bg_image_position":"","ocean_post_title_bg_image_attachment":"","ocean_post_title_bg_image_repeat":"","ocean_post_title_bg_image_size":"","ocean_post_title_height":0,"ocean_post_title_bg_overlay":0.5,"ocean_post_title_bg_overlay_color":"","ocean_disable_breadcrumbs":"default","ocean_breadcrumbs_color":"","ocean_breadcrumbs_separator_color":"","ocean_breadcrumbs_links_color":"","ocean_breadcrumbs_links_hover_color":"","ocean_display_footer_widgets":"default","ocean_display_footer_bottom":"default","ocean_custom_footer_template":"0"},"product_brand":[],"product_cat":[78,75,72,20],"product_tag":[],"class_list":{"0":"post-1586","1":"product","2":"type-product","3":"status-publish","4":"has-post-thumbnail","6":"product_cat-anti-rides","7":"product_cat-anti-taches-et-eclaircissant","8":"product_cat-protection-solaire-solaire","9":"product_cat-solaire","11":"entry","12":"has-media","14":"first","15":"instock","16":"taxable","17":"shipping-taxable","18":"purchasable","19":"product-type-simple","20":"has-product-nav","21":"col","22":"span_1_of_3","23":"owp-content-center","24":"owp-thumbs-layout-horizontal","25":"owp-btn-normal","26":"owp-tabs-layout-horizontal"},"_links":{"self":[{"href":"https:\/\/ellypara.com\/index.php\/wp-json\/wp\/v2\/product\/1586","targetHints":{"allow":["GET"]}}],"collection":[{"href":"https:\/\/ellypara.com\/index.php\/wp-json\/wp\/v2\/product"}],"about":[{"href":"https:\/\/ellypara.com\/index.php\/wp-json\/wp\/v2\/types\/product"}],"replies":[{"embeddable":true,"href":"https:\/\/ellypara.com\/index.php\/wp-json\/wp\/v2\/comments?post=1586"}],"wp:featuredmedia":[{"embeddable":true,"href":"https:\/\/ellypara.com\/index.php\/wp-json\/wp\/v2\/media\/1587"}],"wp:attachment":[{"href":"https:\/\/ellypara.com\/index.php\/wp-json\/wp\/v2\/media?parent=1586"}],"wp:term":[{"taxonomy":"product_brand","embeddable":true,"href":"https:\/\/ellypara.com\/index.php\/wp-json\/wp\/v2\/product_brand?post=1586"},{"taxonomy":"product_cat","embeddable":true,"href":"https:\/\/ellypara.com\/index.php\/wp-json\/wp\/v2\/product_cat?post=1586"},{"taxonomy":"product_tag","embeddable":true,"href":"https:\/\/ellypara.com\/index.php\/wp-json\/wp\/v2\/product_tag?post=1586"}],"curies":[{"name":"wp","href":"https:\/\/api.w.org\/{rel}","templated":true}]}}