{"id":1592,"date":"2025-04-20T15:58:00","date_gmt":"2025-04-20T13:58:00","guid":{"rendered":"https:\/\/ellypara.com\/?post_type=product&#038;p=1592"},"modified":"2025-04-20T15:58:00","modified_gmt":"2025-04-20T13:58:00","slug":"sensilis-photocorrection-ha50-ecran-invisible-50ml","status":"publish","type":"product","link":"https:\/\/ellypara.com\/index.php\/produit\/sensilis-photocorrection-ha50-ecran-invisible-50ml\/","title":{"rendered":"SENSILIS PHOTOCORRECTION [HA50+] ECRAN INVISIBLE 50ML"},"content":{"rendered":"<p style=\"font-weight: 400;\"><b><strong>Description :<\/strong><\/b><\/p>\n<p style=\"font-weight: 400;\">Fluide \u00e0 tr\u00e8s haute protection hydratante et anti-rides 50+, \u00e0 base d\u2019eau, qui prot\u00e8ge la peau pr\u00e9sentant des signes de vieillissement et un manque d\u2019hydratation des rayons UVA, UVB et de la lumi\u00e8re bleue. Formul\u00e9 avec de l\u2019acide hyaluronique, pour son pouvoir hydratant, de la provitamine D3, pour son action booster de vitamine D3 et de l\u2019extrait de Physalis Angulata, pour ses propri\u00e9t\u00e9s antioxydantes et r\u00e9g\u00e9n\u00e9ratrices.<\/p>\n<p style=\"font-weight: 400;\">Est-ce que c\u2019est pour vous ? Photocorrection [HA 50+] est destin\u00e9 aux peaux sensibles \u00e0 la recherche d\u2019un \u00e9cran solaire quotidien hydratant et anti-rides.<\/p>\n<p style=\"font-weight: 400;\"><b><strong>Bienfaits :<\/strong><\/b><\/p>\n<p style=\"font-weight: 400;\">Cr\u00e8me solaire quotidienne 50+<\/p>\n<p style=\"font-weight: 400;\">Prot\u00e8ge du photovieillissement d\u00e8s la premi\u00e8re utilisation<\/p>\n<p style=\"font-weight: 400;\">Hydrate et calme la peau<\/p>\n<p style=\"font-weight: 400;\">Apaise la peau sensible<\/p>\n<p style=\"font-weight: 400;\">Provitamine D3, r\u00e9duit l&#8217;\u00e9ryth\u00e8me induit par les UV et renforce la barri\u00e8re naturelle de la peau<\/p>\n<p style=\"font-weight: 400;\">Extrait pro-\u00e2ge : r\u00e9duit l&#8217;activit\u00e9 des m\u00e9talloprot\u00e9inases, diminue les m\u00e9diateurs inflammatoires et procure des bienfaits antioxydants et r\u00e9g\u00e9n\u00e9rateurs<\/p>\n<p style=\"font-weight: 400;\">Test\u00e9 dermatologiquement , test\u00e9 sur peau sensible pour une s\u00e9curit\u00e9 optimale<\/p>\n<p style=\"font-weight: 400;\">Acide hyaluronique : hydrate en profondeur, favorise l&#8217;\u00e9lasticit\u00e9 et la fermet\u00e9 de la peau et r\u00e9duit la perte d&#8217;humidit\u00e9, facilitant son absorption<\/p>\n<p style=\"font-weight: 400;\">Allanto\u00efne : apporte douceur et soulagement \u00e0 la peau gr\u00e2ce \u00e0 son effet calmant<\/p>\n<p style=\"font-weight: 400;\"><b><strong>Indication :<\/strong><\/b><\/p>\n<p style=\"font-weight: 400;\">Sensilis Photocorrection HA 50+ 50 ml est parfait pour les hommes et les femmes de plus de 50 ans qui cherchent \u00e0 lutter contre les signes de l&#8217;\u00e2ge de leur peau. Ce produit convient \u00e0 tous les types de peau, m\u00eame les plus sensibles, offrant une solution compl\u00e8te pour celles qui souhaitent prendre soin de leur peau efficacement.<\/p>\n<p style=\"font-weight: 400;\"><b><strong>Conseils d\u2019utilisation :<\/strong><\/b><\/p>\n<p style=\"font-weight: 400;\">01 Avant de commencer : votre photocorrection doit \u00eatre la derni\u00e8re \u00e9tape de votre routine matinale.<\/p>\n<p style=\"font-weight: 400;\">02 Pr\u00e9lever la bonne quantit\u00e9 de produit pour couvrir le visage et le cou.<\/p>\n<p style=\"font-weight: 400;\">03 Une fois que vous avez appliqu\u00e9 votre correcteur photo, vous \u00eates pr\u00eat \u00e0 commencer votre maquillage.<\/p>\n<p style=\"font-weight: 400;\"><b><strong>Ingr\u00e9dients :<\/strong><\/b><\/p>\n<p style=\"font-weight: 400;\">Aqua (Water); Homosalate; Propylene Glycol; Dibutyl Adipate; Ethylhexyl Salicylate; Methylene Bis-Benzotriazolyl Tetramethylbutylphenol (Nano); Glycerin; Butyl Methoxydibenzoylmethane; Bis-Ethylhexyloxyphenol Methoxyphenyl Triazine; Butylene Glycol; Hydrogenated Dimer Dilinoleyl\/Dimethylcarbonate Copolymer; Coco-Caprylate; Polyester-7; Neopentyl Glycol Diheptanoate; Potassium Cetyl Phosphate; Hydrogenated Vegetable Oil; Silica; Physalis angulata Extract; Tocopheryl Acetate; Allantoin; Sodium Hyaluronate; 7-Dehydrocholesterol; Decyl Glucoside; Microcrystalline Cellulose; Acrylates\/C10-30 Alkyl Acrylate Crosspolymer; Caprylic\/Capric Triglyceride; Hydroxypropyl Cyclodextrin; Cetearyl Alcohol; Disteardimonium Hectorite; Propylene Carbonate; Cellulose Gum; PEG-8; Xanthan Gum; Hydroxyacetophenone; Tocopherol; Ascorbyl Palmitate; Ascorbic Acid; Citric Acid; 1,2-Hexanediol; Parfum (Fragrance).<\/p>\n<p style=\"font-weight: 400;\">*Les formulations et les ingr\u00e9dients peuvent changer de temps \u00e0 autre. Voir l&#8217;emballage du produit.<\/p>\n","protected":false},"excerpt":{"rendered":"<p style=\"font-weight: 400;\">Prot\u00e8ge la peau du photovieillissement d\u00e8s la premi\u00e8re application gr\u00e2ce \u00e0 son SPF50+.<\/p>\n<p style=\"font-weight: 400;\">Augmente imm\u00e9diatement l&#8217;hydratation de 45%.<\/p>\n<p style=\"font-weight: 400;\">R\u00e9duit les rides de 25 % en 28 jours.<\/p>\n<p style=\"font-weight: 400;\">Augmente l&#8217;\u00e9lasticit\u00e9 de la peau de 17% en 28 jours..<\/p>\n","protected":false},"featured_media":1593,"comment_status":"open","ping_status":"closed","template":"","meta":{"ocean_post_layout":"","ocean_both_sidebars_style":"","ocean_both_sidebars_content_width":0,"ocean_both_sidebars_sidebars_width":0,"ocean_sidebar":"0","ocean_second_sidebar":"0","ocean_disable_margins":"enable","ocean_add_body_class":"","ocean_shortcode_before_top_bar":"","ocean_shortcode_after_top_bar":"","ocean_shortcode_before_header":"","ocean_shortcode_after_header":"","ocean_has_shortcode":"","ocean_shortcode_after_title":"","ocean_shortcode_before_footer_widgets":"","ocean_shortcode_after_footer_widgets":"","ocean_shortcode_before_footer_bottom":"","ocean_shortcode_after_footer_bottom":"","ocean_display_top_bar":"default","ocean_display_header":"default","ocean_header_style":"","ocean_center_header_left_menu":"0","ocean_custom_header_template":"0","ocean_custom_logo":0,"ocean_custom_retina_logo":0,"ocean_custom_logo_max_width":0,"ocean_custom_logo_tablet_max_width":0,"ocean_custom_logo_mobile_max_width":0,"ocean_custom_logo_max_height":0,"ocean_custom_logo_tablet_max_height":0,"ocean_custom_logo_mobile_max_height":0,"ocean_header_custom_menu":"0","ocean_menu_typo_font_family":"0","ocean_menu_typo_font_subset":"","ocean_menu_typo_font_size":0,"ocean_menu_typo_font_size_tablet":0,"ocean_menu_typo_font_size_mobile":0,"ocean_menu_typo_font_size_unit":"px","ocean_menu_typo_font_weight":"","ocean_menu_typo_font_weight_tablet":"","ocean_menu_typo_font_weight_mobile":"","ocean_menu_typo_transform":"","ocean_menu_typo_transform_tablet":"","ocean_menu_typo_transform_mobile":"","ocean_menu_typo_line_height":0,"ocean_menu_typo_line_height_tablet":0,"ocean_menu_typo_line_height_mobile":0,"ocean_menu_typo_line_height_unit":"","ocean_menu_typo_spacing":0,"ocean_menu_typo_spacing_tablet":0,"ocean_menu_typo_spacing_mobile":0,"ocean_menu_typo_spacing_unit":"","ocean_menu_link_color":"","ocean_menu_link_color_hover":"","ocean_menu_link_color_active":"","ocean_menu_link_background":"","ocean_menu_link_hover_background":"","ocean_menu_link_active_background":"","ocean_menu_social_links_bg":"","ocean_menu_social_hover_links_bg":"","ocean_menu_social_links_color":"","ocean_menu_social_hover_links_color":"","ocean_disable_title":"default","ocean_disable_heading":"default","ocean_post_title":"","ocean_post_subheading":"","ocean_post_title_style":"","ocean_post_title_background_color":"","ocean_post_title_background":0,"ocean_post_title_bg_image_position":"","ocean_post_title_bg_image_attachment":"","ocean_post_title_bg_image_repeat":"","ocean_post_title_bg_image_size":"","ocean_post_title_height":0,"ocean_post_title_bg_overlay":0.5,"ocean_post_title_bg_overlay_color":"","ocean_disable_breadcrumbs":"default","ocean_breadcrumbs_color":"","ocean_breadcrumbs_separator_color":"","ocean_breadcrumbs_links_color":"","ocean_breadcrumbs_links_hover_color":"","ocean_display_footer_widgets":"default","ocean_display_footer_bottom":"default","ocean_custom_footer_template":"0"},"product_brand":[],"product_cat":[78,72,20],"product_tag":[],"class_list":{"0":"post-1592","1":"product","2":"type-product","3":"status-publish","4":"has-post-thumbnail","6":"product_cat-anti-rides","7":"product_cat-protection-solaire-solaire","8":"product_cat-solaire","10":"entry","11":"has-media","13":"first","14":"instock","15":"taxable","16":"shipping-taxable","17":"purchasable","18":"product-type-simple","19":"has-product-nav","20":"col","21":"span_1_of_3","22":"owp-content-center","23":"owp-thumbs-layout-horizontal","24":"owp-btn-normal","25":"owp-tabs-layout-horizontal","26":"has-no-thumbnails"},"_links":{"self":[{"href":"https:\/\/ellypara.com\/index.php\/wp-json\/wp\/v2\/product\/1592","targetHints":{"allow":["GET"]}}],"collection":[{"href":"https:\/\/ellypara.com\/index.php\/wp-json\/wp\/v2\/product"}],"about":[{"href":"https:\/\/ellypara.com\/index.php\/wp-json\/wp\/v2\/types\/product"}],"replies":[{"embeddable":true,"href":"https:\/\/ellypara.com\/index.php\/wp-json\/wp\/v2\/comments?post=1592"}],"wp:featuredmedia":[{"embeddable":true,"href":"https:\/\/ellypara.com\/index.php\/wp-json\/wp\/v2\/media\/1593"}],"wp:attachment":[{"href":"https:\/\/ellypara.com\/index.php\/wp-json\/wp\/v2\/media?parent=1592"}],"wp:term":[{"taxonomy":"product_brand","embeddable":true,"href":"https:\/\/ellypara.com\/index.php\/wp-json\/wp\/v2\/product_brand?post=1592"},{"taxonomy":"product_cat","embeddable":true,"href":"https:\/\/ellypara.com\/index.php\/wp-json\/wp\/v2\/product_cat?post=1592"},{"taxonomy":"product_tag","embeddable":true,"href":"https:\/\/ellypara.com\/index.php\/wp-json\/wp\/v2\/product_tag?post=1592"}],"curies":[{"name":"wp","href":"https:\/\/api.w.org\/{rel}","templated":true}]}}