{"id":1599,"date":"2025-04-20T16:29:38","date_gmt":"2025-04-20T14:29:38","guid":{"rendered":"https:\/\/ellypara.com\/?post_type=product&#038;p=1599"},"modified":"2025-04-20T16:29:38","modified_gmt":"2025-04-20T14:29:38","slug":"sensilis-upgrade-serum-liftant-30ml","status":"publish","type":"product","link":"https:\/\/ellypara.com\/index.php\/produit\/sensilis-upgrade-serum-liftant-30ml\/","title":{"rendered":"SENSILIS Upgrade [serum] Liftant 30ml"},"content":{"rendered":"<h3>description<\/h3>\n<p>D\u00e8s la premi\u00e8re application, ce concentr\u00e9 rajeunissant intensif lissera les rides et les lignes d\u2019expression. De plus, il raffermira votre peau en rehaussant vos traits et red\u00e9finissant l\u2019ovale de votre visage<\/p>\n<h3>conseils d\u2019utilisation<\/h3>\n<div class=\"fila-sensilis\">\n<div class=\"fila-numero-consejo celda-20\">\n<p class=\"numero-consejo\">01\/ Verser quelques gouttes et l\u2019appliquer depuis la moiti\u00e9 du visage jusqu\u2019au menton, de l\u2019int\u00e9rieur vers l\u2019ext\u00e9rieur, par des tapotements.<\/p>\n<\/div>\n<\/div>\n<div class=\"fila-sensilis\">\n<div class=\"fila-numero-consejo celda-20\">\n<p class=\"numero-consejo\">02\/ Mettre le produit sur le front et l\u2019\u00e9taler de bas en haut.<\/p>\n<\/div>\n<\/div>\n<div class=\"fila-sensilis\">\n<div class=\"fila-numero-consejo celda-20\">\n<p class=\"numero-consejo\">03\/ Appliquer une goutte suppl\u00e9mentaire sur tout le cou.<\/p>\n<\/div>\n<\/div>\n<div class=\"fila-sensilis\">\n<div class=\"fila-numero-consejo celda-20\">\n<p class=\"numero-consejo\">04\/ Masser le cou de bas en haut, en contrebalan\u00e7ant la gravit\u00e9<\/p>\n<\/div>\n<\/div>\n","protected":false},"excerpt":{"rendered":"<p>description D\u00e8s la premi\u00e8re application, ce concentr\u00e9 rajeunissant intensif lissera les rides et les lignes d\u2019expression. De plus, il raffermira votre peau en rehaussant vos traits et red\u00e9finissant l\u2019ovale de votre visage conseils d\u2019utilisation 01\/ Verser quelques gouttes et l\u2019appliquer depuis la moiti\u00e9 du visage jusqu\u2019au menton, de l\u2019int\u00e9rieur vers l\u2019ext\u00e9rieur, par des tapotements. 02\/ [&hellip;]<\/p>\n","protected":false},"featured_media":1600,"comment_status":"open","ping_status":"closed","template":"","meta":{"ocean_post_layout":"","ocean_both_sidebars_style":"","ocean_both_sidebars_content_width":0,"ocean_both_sidebars_sidebars_width":0,"ocean_sidebar":"0","ocean_second_sidebar":"0","ocean_disable_margins":"enable","ocean_add_body_class":"","ocean_shortcode_before_top_bar":"","ocean_shortcode_after_top_bar":"","ocean_shortcode_before_header":"","ocean_shortcode_after_header":"","ocean_has_shortcode":"","ocean_shortcode_after_title":"","ocean_shortcode_before_footer_widgets":"","ocean_shortcode_after_footer_widgets":"","ocean_shortcode_before_footer_bottom":"","ocean_shortcode_after_footer_bottom":"","ocean_display_top_bar":"default","ocean_display_header":"default","ocean_header_style":"","ocean_center_header_left_menu":"0","ocean_custom_header_template":"0","ocean_custom_logo":0,"ocean_custom_retina_logo":0,"ocean_custom_logo_max_width":0,"ocean_custom_logo_tablet_max_width":0,"ocean_custom_logo_mobile_max_width":0,"ocean_custom_logo_max_height":0,"ocean_custom_logo_tablet_max_height":0,"ocean_custom_logo_mobile_max_height":0,"ocean_header_custom_menu":"0","ocean_menu_typo_font_family":"0","ocean_menu_typo_font_subset":"","ocean_menu_typo_font_size":0,"ocean_menu_typo_font_size_tablet":0,"ocean_menu_typo_font_size_mobile":0,"ocean_menu_typo_font_size_unit":"px","ocean_menu_typo_font_weight":"","ocean_menu_typo_font_weight_tablet":"","ocean_menu_typo_font_weight_mobile":"","ocean_menu_typo_transform":"","ocean_menu_typo_transform_tablet":"","ocean_menu_typo_transform_mobile":"","ocean_menu_typo_line_height":0,"ocean_menu_typo_line_height_tablet":0,"ocean_menu_typo_line_height_mobile":0,"ocean_menu_typo_line_height_unit":"","ocean_menu_typo_spacing":0,"ocean_menu_typo_spacing_tablet":0,"ocean_menu_typo_spacing_mobile":0,"ocean_menu_typo_spacing_unit":"","ocean_menu_link_color":"","ocean_menu_link_color_hover":"","ocean_menu_link_color_active":"","ocean_menu_link_background":"","ocean_menu_link_hover_background":"","ocean_menu_link_active_background":"","ocean_menu_social_links_bg":"","ocean_menu_social_hover_links_bg":"","ocean_menu_social_links_color":"","ocean_menu_social_hover_links_color":"","ocean_disable_title":"default","ocean_disable_heading":"default","ocean_post_title":"","ocean_post_subheading":"","ocean_post_title_style":"","ocean_post_title_background_color":"","ocean_post_title_background":0,"ocean_post_title_bg_image_position":"","ocean_post_title_bg_image_attachment":"","ocean_post_title_bg_image_repeat":"","ocean_post_title_bg_image_size":"","ocean_post_title_height":0,"ocean_post_title_bg_overlay":0.5,"ocean_post_title_bg_overlay_color":"","ocean_disable_breadcrumbs":"default","ocean_breadcrumbs_color":"","ocean_breadcrumbs_separator_color":"","ocean_breadcrumbs_links_color":"","ocean_breadcrumbs_links_hover_color":"","ocean_display_footer_widgets":"default","ocean_display_footer_bottom":"default","ocean_custom_footer_template":"0"},"product_brand":[],"product_cat":[36,21],"product_tag":[],"class_list":{"0":"post-1599","1":"product","2":"type-product","3":"status-publish","4":"has-post-thumbnail","6":"product_cat-soins-anti-age-et-anti-rides","7":"product_cat-visage","9":"entry","10":"has-media","12":"first","13":"instock","14":"taxable","15":"shipping-taxable","16":"purchasable","17":"product-type-simple","18":"has-product-nav","19":"col","20":"span_1_of_3","21":"owp-content-center","22":"owp-thumbs-layout-horizontal","23":"owp-btn-normal","24":"owp-tabs-layout-horizontal","25":"has-no-thumbnails"},"_links":{"self":[{"href":"https:\/\/ellypara.com\/index.php\/wp-json\/wp\/v2\/product\/1599","targetHints":{"allow":["GET"]}}],"collection":[{"href":"https:\/\/ellypara.com\/index.php\/wp-json\/wp\/v2\/product"}],"about":[{"href":"https:\/\/ellypara.com\/index.php\/wp-json\/wp\/v2\/types\/product"}],"replies":[{"embeddable":true,"href":"https:\/\/ellypara.com\/index.php\/wp-json\/wp\/v2\/comments?post=1599"}],"wp:featuredmedia":[{"embeddable":true,"href":"https:\/\/ellypara.com\/index.php\/wp-json\/wp\/v2\/media\/1600"}],"wp:attachment":[{"href":"https:\/\/ellypara.com\/index.php\/wp-json\/wp\/v2\/media?parent=1599"}],"wp:term":[{"taxonomy":"product_brand","embeddable":true,"href":"https:\/\/ellypara.com\/index.php\/wp-json\/wp\/v2\/product_brand?post=1599"},{"taxonomy":"product_cat","embeddable":true,"href":"https:\/\/ellypara.com\/index.php\/wp-json\/wp\/v2\/product_cat?post=1599"},{"taxonomy":"product_tag","embeddable":true,"href":"https:\/\/ellypara.com\/index.php\/wp-json\/wp\/v2\/product_tag?post=1599"}],"curies":[{"name":"wp","href":"https:\/\/api.w.org\/{rel}","templated":true}]}}