{"id":1602,"date":"2025-04-20T16:45:14","date_gmt":"2025-04-20T14:45:14","guid":{"rendered":"https:\/\/ellypara.com\/?post_type=product&#038;p=1602"},"modified":"2025-04-20T16:45:15","modified_gmt":"2025-04-20T14:45:15","slug":"sensilis-upgrade-day-cream-firming-cream-50ml","status":"publish","type":"product","link":"https:\/\/ellypara.com\/index.php\/produit\/sensilis-upgrade-day-cream-firming-cream-50ml\/","title":{"rendered":"Sensilis Upgrade [Day Cream] Firming Cream 50ml"},"content":{"rendered":"<p><strong>Sensilis Upgrade [Day Cream] Firming Cream 50ml<\/strong> est une cr\u00e8me de jour id\u00e9ale pour aider \u00e0 lutter contre les signes du vieillissement des peaux sensibles. \u00c0 cette fin, sa formule unique contient de puissants ingr\u00e9dients anti-\u00e2ge et une technologie qui procurent des bienfaits imm\u00e9diats et \u00e0 long terme. D&#8217;une part, les Polysaccharides d&#8217;Avoine procurent un effet lifting imm\u00e9diat. D&#8217;autre part, un m\u00e9lange de riz rouge, d&#8217;extrait de soja et d&#8217;extrait de chrysanth\u00e8me renforce et stimule la production de collag\u00e8ne. Ainsi, jour apr\u00e8s jour, il va renforcer l&#8217;\u00e9lasticit\u00e9 et la fermet\u00e9 et lisser les rides et ridules. De plus, cette cr\u00e8me hydratante a une texture luxueuse qui enveloppe la peau de confort, \u00e9tant ainsi id\u00e9ale pour les peaux normales \u00e0 s\u00e8ches. De plus, Sensilis formule toujours en pensant aux peaux sensibles. Ainsi, tous ces bienfaits sont possibles avec une formule qui respecte au plus haut point les peaux sensibles. Au total, il aide \u00e0 am\u00e9liorer la fermet\u00e9 de la peau avec un effet raffermissant imm\u00e9diat en 15 minutes. De plus, il r\u00e9duit visiblement les rides et am\u00e9liore l&#8217;hydratation de la peau jour apr\u00e8s jour. En cons\u00e9quence, la peau est plus lisse et d&#8217;apparence plus jeune.<\/p>\n<p>Les caract\u00e9ristiques:<\/p>\n<p>Texture : cr\u00e8me ;<\/p>\n<p>Probl\u00e8mes de peau : rides et ridules, perte de fermet\u00e9 ;<\/p>\n<p>Heure d&#8217;application : matin ; \u00c2ge : 45+ ;<\/p>\n<p>Type de peau : peaux normales \u00e0 s\u00e8ches, y compris peaux sensibles ;<\/p>\n<p>Principaux bienfaits : lisse les rides et ridules, red\u00e9finit l&#8217;ovale du visage, am\u00e9liore la fermet\u00e9 de la peau, non com\u00e9dog\u00e8ne, vegan, test\u00e9 dermatologiquement sur peaux sensibles ; Formul\u00e9 sans : ingr\u00e9dients d&#8217;origine animale.<\/p>\n<p>Les ingr\u00e9dients principaux Ic\u00f4ne infos Les polysaccharides d&#8217;avoine procurent un effet lifting imm\u00e9diat et aident \u00e9galement \u00e0 lisser l&#8217;apparence des rides \u00e0 long terme ; Le riz rouge stimule la production de collag\u00e8ne et renforce la barri\u00e8re cutan\u00e9e en aidant \u00e0 retenir l&#8217;eau. Il am\u00e9liore l&#8217;\u00e9lasticit\u00e9 et la fermet\u00e9 et lisse les rides et ridules ; La farine de soja aide \u00e0 renforcer les fibres de collag\u00e8ne en am\u00e9liorant l&#8217;\u00e9lasticit\u00e9 et la fermet\u00e9 ; L&#8217;extrait de chrysanth\u00e8me stimule la synth\u00e8se de collag\u00e8ne et d&#8217;\u00e9lastine. Contribuant ainsi \u00e0 pr\u00e9server la fermet\u00e9, l&#8217;\u00e9lasticit\u00e9 et la souplesse de la peau.<\/p>\n<p>Comment utiliser Appliquer Sensilis Upgrade [Day Cream] Firming Cream 50ml le matin sur le visage, le cou et le d\u00e9collet\u00e9 propres et secs. Massez avec des mouvements vers l&#8217;ext\u00e9rieur et vers le haut.<\/p>\n<p class=\"responsive-video-wrap clr\"><iframe title=\"UPGRADE DAY CREAM: O creme de dia que ajuda a aumentar a firmeza da pele\" width=\"1200\" height=\"675\" src=\"https:\/\/www.youtube.com\/embed\/hWUPEsGtr14?feature=oembed\" frameborder=\"0\" allow=\"accelerometer; autoplay; clipboard-write; encrypted-media; gyroscope; picture-in-picture; web-share\" referrerpolicy=\"strict-origin-when-cross-origin\" allowfullscreen><\/iframe><\/p>\n","protected":false},"excerpt":{"rendered":"<p>Sensilis Upgrade [Day Cream] Firming Cream 50ml est une cr\u00e8me qui lisse jour apr\u00e8s jour les rides et les rides d&#8217;expression tout en red\u00e9finissant l&#8217;ovale du visage et en am\u00e9liorant la fermet\u00e9 de la peau.<\/p>\n","protected":false},"featured_media":1603,"comment_status":"open","ping_status":"closed","template":"","meta":{"ocean_post_layout":"","ocean_both_sidebars_style":"","ocean_both_sidebars_content_width":0,"ocean_both_sidebars_sidebars_width":0,"ocean_sidebar":"0","ocean_second_sidebar":"0","ocean_disable_margins":"enable","ocean_add_body_class":"","ocean_shortcode_before_top_bar":"","ocean_shortcode_after_top_bar":"","ocean_shortcode_before_header":"","ocean_shortcode_after_header":"","ocean_has_shortcode":"","ocean_shortcode_after_title":"","ocean_shortcode_before_footer_widgets":"","ocean_shortcode_after_footer_widgets":"","ocean_shortcode_before_footer_bottom":"","ocean_shortcode_after_footer_bottom":"","ocean_display_top_bar":"default","ocean_display_header":"default","ocean_header_style":"","ocean_center_header_left_menu":"0","ocean_custom_header_template":"0","ocean_custom_logo":0,"ocean_custom_retina_logo":0,"ocean_custom_logo_max_width":0,"ocean_custom_logo_tablet_max_width":0,"ocean_custom_logo_mobile_max_width":0,"ocean_custom_logo_max_height":0,"ocean_custom_logo_tablet_max_height":0,"ocean_custom_logo_mobile_max_height":0,"ocean_header_custom_menu":"0","ocean_menu_typo_font_family":"0","ocean_menu_typo_font_subset":"","ocean_menu_typo_font_size":0,"ocean_menu_typo_font_size_tablet":0,"ocean_menu_typo_font_size_mobile":0,"ocean_menu_typo_font_size_unit":"px","ocean_menu_typo_font_weight":"","ocean_menu_typo_font_weight_tablet":"","ocean_menu_typo_font_weight_mobile":"","ocean_menu_typo_transform":"","ocean_menu_typo_transform_tablet":"","ocean_menu_typo_transform_mobile":"","ocean_menu_typo_line_height":0,"ocean_menu_typo_line_height_tablet":0,"ocean_menu_typo_line_height_mobile":0,"ocean_menu_typo_line_height_unit":"","ocean_menu_typo_spacing":0,"ocean_menu_typo_spacing_tablet":0,"ocean_menu_typo_spacing_mobile":0,"ocean_menu_typo_spacing_unit":"","ocean_menu_link_color":"","ocean_menu_link_color_hover":"","ocean_menu_link_color_active":"","ocean_menu_link_background":"","ocean_menu_link_hover_background":"","ocean_menu_link_active_background":"","ocean_menu_social_links_bg":"","ocean_menu_social_hover_links_bg":"","ocean_menu_social_links_color":"","ocean_menu_social_hover_links_color":"","ocean_disable_title":"default","ocean_disable_heading":"default","ocean_post_title":"","ocean_post_subheading":"","ocean_post_title_style":"","ocean_post_title_background_color":"","ocean_post_title_background":0,"ocean_post_title_bg_image_position":"","ocean_post_title_bg_image_attachment":"","ocean_post_title_bg_image_repeat":"","ocean_post_title_bg_image_size":"","ocean_post_title_height":0,"ocean_post_title_bg_overlay":0.5,"ocean_post_title_bg_overlay_color":"","ocean_disable_breadcrumbs":"default","ocean_breadcrumbs_color":"","ocean_breadcrumbs_separator_color":"","ocean_breadcrumbs_links_color":"","ocean_breadcrumbs_links_hover_color":"","ocean_display_footer_widgets":"default","ocean_display_footer_bottom":"default","ocean_custom_footer_template":"0"},"product_brand":[],"product_cat":[36,21],"product_tag":[],"class_list":{"0":"post-1602","1":"product","2":"type-product","3":"status-publish","4":"has-post-thumbnail","6":"product_cat-soins-anti-age-et-anti-rides","7":"product_cat-visage","9":"entry","10":"has-media","12":"first","13":"instock","14":"taxable","15":"shipping-taxable","16":"purchasable","17":"product-type-simple","18":"has-product-nav","19":"col","20":"span_1_of_3","21":"owp-content-center","22":"owp-thumbs-layout-horizontal","23":"owp-btn-normal","24":"owp-tabs-layout-horizontal","25":"has-no-thumbnails"},"_links":{"self":[{"href":"https:\/\/ellypara.com\/index.php\/wp-json\/wp\/v2\/product\/1602","targetHints":{"allow":["GET"]}}],"collection":[{"href":"https:\/\/ellypara.com\/index.php\/wp-json\/wp\/v2\/product"}],"about":[{"href":"https:\/\/ellypara.com\/index.php\/wp-json\/wp\/v2\/types\/product"}],"replies":[{"embeddable":true,"href":"https:\/\/ellypara.com\/index.php\/wp-json\/wp\/v2\/comments?post=1602"}],"wp:featuredmedia":[{"embeddable":true,"href":"https:\/\/ellypara.com\/index.php\/wp-json\/wp\/v2\/media\/1603"}],"wp:attachment":[{"href":"https:\/\/ellypara.com\/index.php\/wp-json\/wp\/v2\/media?parent=1602"}],"wp:term":[{"taxonomy":"product_brand","embeddable":true,"href":"https:\/\/ellypara.com\/index.php\/wp-json\/wp\/v2\/product_brand?post=1602"},{"taxonomy":"product_cat","embeddable":true,"href":"https:\/\/ellypara.com\/index.php\/wp-json\/wp\/v2\/product_cat?post=1602"},{"taxonomy":"product_tag","embeddable":true,"href":"https:\/\/ellypara.com\/index.php\/wp-json\/wp\/v2\/product_tag?post=1602"}],"curies":[{"name":"wp","href":"https:\/\/api.w.org\/{rel}","templated":true}]}}