{"id":1604,"date":"2025-04-20T16:57:55","date_gmt":"2025-04-20T14:57:55","guid":{"rendered":"https:\/\/ellypara.com\/?post_type=product&#038;p=1604"},"modified":"2025-04-20T16:57:56","modified_gmt":"2025-04-20T14:57:56","slug":"sensilis-skin-d-pigment-aha10-overnight-30ml","status":"publish","type":"product","link":"https:\/\/ellypara.com\/index.php\/produit\/sensilis-skin-d-pigment-aha10-overnight-30ml\/","title":{"rendered":"SENSILIS SKIN D-PIGMENT [AHA10 OVERNIGHT] 30ML"},"content":{"rendered":"<p><b><strong>Description :<\/strong><\/b><\/p>\n<p>Soin d\u00e9pigmentant \u00e0 action intensive qui renouvelle la peau du visage pour apporter de la luminosit\u00e9 \u00e0 la peau et r\u00e9duire les taches visibles sur les peaux sensibles.<\/p>\n<p>Les actifs de la formulation Sensilis Skin D-Pigment AHA10 Overnight agissent en synergie pour apporter une efficacit\u00e9 r\u00e9elle et prouv\u00e9e dans le traitement des imperfections cutan\u00e9es, adapt\u00e9e aux peaux les plus sensibles et d\u00e9licates.<\/p>\n<p>Ce soin d\u00e9pigmentant est sp\u00e9cialement con\u00e7u pour \u00e9liminer les taches des peaux les plus sensibles, moins tol\u00e9rantes aux traitements agressifs et aux produits cosm\u00e9tiques comme les peelings chimiques ou l&#8217;utilisation d&#8217;AHA.<\/p>\n<p>Sensilis Skin D-Pigment AHA10 Overnight fournit des r\u00e9sultats visibles, r\u00e9duisant les taches sur les peaux sensibles de plus de 40 % et offrant 40 % de luminosit\u00e9 en plus.<\/p>\n<p>Sa formulation est bas\u00e9e sur l&#8217;action combin\u00e9e de l&#8217;Acide Maltobionique (4%), de la Gluconolactone (6%), de l&#8217;Acide Ellagique Liposom\u00e9 (1,5%) et de l&#8217;Alpha-Arbutine (0,1%). Cette combinaison d\u2019actifs :<\/p>\n<p>&#8211; Effectue une exfoliation d\u00e9licate \u00e0 la surface de la peau, favorisant son renouvellement naturel. De cette mani\u00e8re, la tonicit\u00e9, la fermet\u00e9, l&#8217;\u00e9paisseur et la douceur de la peau sont am\u00e9lior\u00e9es.<\/p>\n<p>&#8211; Renforce la barri\u00e8re cutan\u00e9e, prot\u00e9geant la peau contre l&#8217;action des radicaux libres gr\u00e2ce \u00e0 son action antioxydante.<\/p>\n<p>&#8211; Il a une action anti-inflammatoire.<\/p>\n<p>&#8211; Am\u00e9liore l&#8217;\u00e9clat et la luminosit\u00e9 de la peau.<\/p>\n<p>&#8211; R\u00e9duit la production et l&#8217;accumulation de m\u00e9lanine pour unifier le teint du visage et pr\u00e9venir l&#8217;apparition d&#8217;hyperpigmentation (taches).<\/p>\n<p><b><strong>Conseils d&#8217;utilisation :<\/strong><\/b><\/p>\n<p>Utilisez le soin Sensilis Skin D-Pigment AHA10 Overnight un jour sur deux en appliquant une quantit\u00e9 g\u00e9n\u00e9reuse sur la peau propre et s\u00e8che du visage (en masque fin) afin que ses principes actifs agissent tout au long de la nuit. Le lendemain matin, nettoyez et s\u00e9chez la peau de votre visage.<\/p>\n","protected":false},"excerpt":{"rendered":"<p>La cr\u00e8me de nuit Sensilis Skin D-Pigment AHA10 est un soin d\u00e9pigmentant r\u00e9novateur qui am\u00e9liore la pigmentation des taches cutan\u00e9es ainsi que la luminosit\u00e9 de la peau.<\/p>\n","protected":false},"featured_media":1605,"comment_status":"open","ping_status":"closed","template":"","meta":{"ocean_post_layout":"","ocean_both_sidebars_style":"","ocean_both_sidebars_content_width":0,"ocean_both_sidebars_sidebars_width":0,"ocean_sidebar":"0","ocean_second_sidebar":"0","ocean_disable_margins":"enable","ocean_add_body_class":"","ocean_shortcode_before_top_bar":"","ocean_shortcode_after_top_bar":"","ocean_shortcode_before_header":"","ocean_shortcode_after_header":"","ocean_has_shortcode":"","ocean_shortcode_after_title":"","ocean_shortcode_before_footer_widgets":"","ocean_shortcode_after_footer_widgets":"","ocean_shortcode_before_footer_bottom":"","ocean_shortcode_after_footer_bottom":"","ocean_display_top_bar":"default","ocean_display_header":"default","ocean_header_style":"","ocean_center_header_left_menu":"0","ocean_custom_header_template":"0","ocean_custom_logo":0,"ocean_custom_retina_logo":0,"ocean_custom_logo_max_width":0,"ocean_custom_logo_tablet_max_width":0,"ocean_custom_logo_mobile_max_width":0,"ocean_custom_logo_max_height":0,"ocean_custom_logo_tablet_max_height":0,"ocean_custom_logo_mobile_max_height":0,"ocean_header_custom_menu":"0","ocean_menu_typo_font_family":"0","ocean_menu_typo_font_subset":"","ocean_menu_typo_font_size":0,"ocean_menu_typo_font_size_tablet":0,"ocean_menu_typo_font_size_mobile":0,"ocean_menu_typo_font_size_unit":"px","ocean_menu_typo_font_weight":"","ocean_menu_typo_font_weight_tablet":"","ocean_menu_typo_font_weight_mobile":"","ocean_menu_typo_transform":"","ocean_menu_typo_transform_tablet":"","ocean_menu_typo_transform_mobile":"","ocean_menu_typo_line_height":0,"ocean_menu_typo_line_height_tablet":0,"ocean_menu_typo_line_height_mobile":0,"ocean_menu_typo_line_height_unit":"","ocean_menu_typo_spacing":0,"ocean_menu_typo_spacing_tablet":0,"ocean_menu_typo_spacing_mobile":0,"ocean_menu_typo_spacing_unit":"","ocean_menu_link_color":"","ocean_menu_link_color_hover":"","ocean_menu_link_color_active":"","ocean_menu_link_background":"","ocean_menu_link_hover_background":"","ocean_menu_link_active_background":"","ocean_menu_social_links_bg":"","ocean_menu_social_hover_links_bg":"","ocean_menu_social_links_color":"","ocean_menu_social_hover_links_color":"","ocean_disable_title":"default","ocean_disable_heading":"default","ocean_post_title":"","ocean_post_subheading":"","ocean_post_title_style":"","ocean_post_title_background_color":"","ocean_post_title_background":0,"ocean_post_title_bg_image_position":"","ocean_post_title_bg_image_attachment":"","ocean_post_title_bg_image_repeat":"","ocean_post_title_bg_image_size":"","ocean_post_title_height":0,"ocean_post_title_bg_overlay":0.5,"ocean_post_title_bg_overlay_color":"","ocean_disable_breadcrumbs":"default","ocean_breadcrumbs_color":"","ocean_breadcrumbs_separator_color":"","ocean_breadcrumbs_links_color":"","ocean_breadcrumbs_links_hover_color":"","ocean_display_footer_widgets":"default","ocean_display_footer_bottom":"default","ocean_custom_footer_template":"0"},"product_brand":[],"product_cat":[39,21],"product_tag":[],"class_list":{"0":"post-1604","1":"product","2":"type-product","3":"status-publish","4":"has-post-thumbnail","6":"product_cat-soins-anti-taches-et-depigmentants","7":"product_cat-visage","9":"entry","10":"has-media","12":"first","13":"instock","14":"taxable","15":"shipping-taxable","16":"purchasable","17":"product-type-simple","18":"has-product-nav","19":"col","20":"span_1_of_3","21":"owp-content-center","22":"owp-thumbs-layout-horizontal","23":"owp-btn-normal","24":"owp-tabs-layout-horizontal","25":"has-no-thumbnails"},"_links":{"self":[{"href":"https:\/\/ellypara.com\/index.php\/wp-json\/wp\/v2\/product\/1604","targetHints":{"allow":["GET"]}}],"collection":[{"href":"https:\/\/ellypara.com\/index.php\/wp-json\/wp\/v2\/product"}],"about":[{"href":"https:\/\/ellypara.com\/index.php\/wp-json\/wp\/v2\/types\/product"}],"replies":[{"embeddable":true,"href":"https:\/\/ellypara.com\/index.php\/wp-json\/wp\/v2\/comments?post=1604"}],"wp:featuredmedia":[{"embeddable":true,"href":"https:\/\/ellypara.com\/index.php\/wp-json\/wp\/v2\/media\/1605"}],"wp:attachment":[{"href":"https:\/\/ellypara.com\/index.php\/wp-json\/wp\/v2\/media?parent=1604"}],"wp:term":[{"taxonomy":"product_brand","embeddable":true,"href":"https:\/\/ellypara.com\/index.php\/wp-json\/wp\/v2\/product_brand?post=1604"},{"taxonomy":"product_cat","embeddable":true,"href":"https:\/\/ellypara.com\/index.php\/wp-json\/wp\/v2\/product_cat?post=1604"},{"taxonomy":"product_tag","embeddable":true,"href":"https:\/\/ellypara.com\/index.php\/wp-json\/wp\/v2\/product_tag?post=1604"}],"curies":[{"name":"wp","href":"https:\/\/api.w.org\/{rel}","templated":true}]}}