{"id":1610,"date":"2025-04-20T20:25:14","date_gmt":"2025-04-20T18:25:14","guid":{"rendered":"https:\/\/ellypara.com\/?post_type=product&#038;p=1610"},"modified":"2025-04-20T22:25:13","modified_gmt":"2025-04-20T20:25:13","slug":"sensilis-hydra-essence-creme-40ml","status":"publish","type":"product","link":"https:\/\/ellypara.com\/index.php\/produit\/sensilis-hydra-essence-creme-40ml\/","title":{"rendered":"Sensilis Hydra Essence Creme 40ml"},"content":{"rendered":"<p>Sensilis Hydra essence fondant cr\u00e8me 40ml est un soin tr\u00e8s hydratant pour les peaux s\u00e8ches et tr\u00e8s s\u00e8ches, \u00e0 base d\u2019acide hyaluronique et d\u2019extrait de grenade. Il prot\u00e8ge et r\u00e9pare les peaux sensibles gr\u00e2ce \u00e0 l\u2019Aloe Vera et \u00e0 la Centella asiatica. Apporte un confort imm\u00e9diat.<\/p>\n<p><strong>Quels sont les b\u00e9n\u00e9fices de Sensilis Hydra essence fondant cr\u00e8me 40ml ?<\/strong><\/p>\n<ul>\n<li>Sp\u00e9cialement formul\u00e9e pour les peaux s\u00e8ches et tr\u00e8s s\u00e8ches, convient \u00e9galement aux peaux sensibles.<\/li>\n<li>Texture non grasse.<\/li>\n<li>Hautement nourrissante.<\/li>\n<li>Fortifiante.<\/li>\n<\/ul>\n<p><strong>Mode d\u2019emploi<\/strong><\/p>\n<p>Appliquer quotidiennement matin et\/ou soir, apr\u00e8s un nettoyage r\u00e9gulier, sur le visage, le cou et le d\u00e9collet\u00e9, en massant l\u00e9g\u00e8rement pour favoriser l\u2019absorption.<\/p>\n<p><strong>Composition<\/strong><\/p>\n<p>AQUA (EAU) ; ADIPATE DE DIBUTYLE ; CARBONATE DE DI\u00c9THYLHEXYLE ; PENTYL\u00c8NE GLYCOL ; DIM\u00c9THICONE GLYC\u00c9RETH-26 ; ALCOOL C\u00c9TYLIQUE ; NYLON-6\/12 ; JUS DE FEUILLES D\u2019ALOE BARBADENSIS ; GLYC\u00c9RYLE ST\u00c9ARATE ; ARGANIA SPINOSA NUT OIL ; BIS-PEG-18 METHYL ETHER DIMETHYL SILANE ; BIS-ST\u00c9ARYL DIMETHICONE ; SODIUM BISABOLOL HYALURONATE SILICA ; BUTYROSPERMUM PARKII (KARIT\u00c9) EXTRAIT D\u2019\u00c9CROU ; PUNICA GRANATUM FRUIT EXTRACT ; CENTELLA ASIATICA EXTRACT ; PEG-75 ST\u00c9ARATE ; GLYC\u00c9RINE PROPYL\u00c8NE GLYCOL ; SODIUM POLYACRYLATE AMIDON ; CETETH-20 ; PEPTIDES-20 ; TOCOPHERYL ACETATE CARBOMER ; DISODIUM EDTA ; POTASSIUM SORBATE ; POTASSIUM SORBATE ; SODIUM BENZOATE ; CITRIC ACID ; PARFUM (FRAGRANCE).<\/p>\n","protected":false},"excerpt":{"rendered":"<p>Cr\u00e8me ultra-hydratante \u00e0 absorption rapide pour peaux s\u00e8ches, avec une texture riche mais non grasse. Elle hydrate, apaise et prot\u00e8ge les peaux sensibles sujettes aux rougeurs, offrant un confort imm\u00e9diat et durable, tout en laissant la peau douce et souple d\u00e8s la premi\u00e8re application.<\/p>\n","protected":false},"featured_media":1611,"comment_status":"open","ping_status":"closed","template":"","meta":{"ocean_post_layout":"","ocean_both_sidebars_style":"","ocean_both_sidebars_content_width":0,"ocean_both_sidebars_sidebars_width":0,"ocean_sidebar":"0","ocean_second_sidebar":"0","ocean_disable_margins":"enable","ocean_add_body_class":"","ocean_shortcode_before_top_bar":"","ocean_shortcode_after_top_bar":"","ocean_shortcode_before_header":"","ocean_shortcode_after_header":"","ocean_has_shortcode":"","ocean_shortcode_after_title":"","ocean_shortcode_before_footer_widgets":"","ocean_shortcode_after_footer_widgets":"","ocean_shortcode_before_footer_bottom":"","ocean_shortcode_after_footer_bottom":"","ocean_display_top_bar":"default","ocean_display_header":"default","ocean_header_style":"","ocean_center_header_left_menu":"0","ocean_custom_header_template":"0","ocean_custom_logo":0,"ocean_custom_retina_logo":0,"ocean_custom_logo_max_width":0,"ocean_custom_logo_tablet_max_width":0,"ocean_custom_logo_mobile_max_width":0,"ocean_custom_logo_max_height":0,"ocean_custom_logo_tablet_max_height":0,"ocean_custom_logo_mobile_max_height":0,"ocean_header_custom_menu":"0","ocean_menu_typo_font_family":"0","ocean_menu_typo_font_subset":"","ocean_menu_typo_font_size":0,"ocean_menu_typo_font_size_tablet":0,"ocean_menu_typo_font_size_mobile":0,"ocean_menu_typo_font_size_unit":"px","ocean_menu_typo_font_weight":"","ocean_menu_typo_font_weight_tablet":"","ocean_menu_typo_font_weight_mobile":"","ocean_menu_typo_transform":"","ocean_menu_typo_transform_tablet":"","ocean_menu_typo_transform_mobile":"","ocean_menu_typo_line_height":0,"ocean_menu_typo_line_height_tablet":0,"ocean_menu_typo_line_height_mobile":0,"ocean_menu_typo_line_height_unit":"","ocean_menu_typo_spacing":0,"ocean_menu_typo_spacing_tablet":0,"ocean_menu_typo_spacing_mobile":0,"ocean_menu_typo_spacing_unit":"","ocean_menu_link_color":"","ocean_menu_link_color_hover":"","ocean_menu_link_color_active":"","ocean_menu_link_background":"","ocean_menu_link_hover_background":"","ocean_menu_link_active_background":"","ocean_menu_social_links_bg":"","ocean_menu_social_hover_links_bg":"","ocean_menu_social_links_color":"","ocean_menu_social_hover_links_color":"","ocean_disable_title":"default","ocean_disable_heading":"default","ocean_post_title":"","ocean_post_subheading":"","ocean_post_title_style":"","ocean_post_title_background_color":"","ocean_post_title_background":0,"ocean_post_title_bg_image_position":"","ocean_post_title_bg_image_attachment":"","ocean_post_title_bg_image_repeat":"","ocean_post_title_bg_image_size":"","ocean_post_title_height":0,"ocean_post_title_bg_overlay":0.5,"ocean_post_title_bg_overlay_color":"","ocean_disable_breadcrumbs":"default","ocean_breadcrumbs_color":"","ocean_breadcrumbs_separator_color":"","ocean_breadcrumbs_links_color":"","ocean_breadcrumbs_links_hover_color":"","ocean_display_footer_widgets":"default","ocean_display_footer_bottom":"default","ocean_custom_footer_template":"0"},"product_brand":[],"product_cat":[42,35,21],"product_tag":[],"class_list":{"0":"post-1610","1":"product","2":"type-product","3":"status-publish","4":"has-post-thumbnail","6":"product_cat-peaux-seches","7":"product_cat-soins-hydratants-et-nourrissants","8":"product_cat-visage","10":"entry","11":"has-media","13":"first","14":"outofstock","15":"taxable","16":"shipping-taxable","17":"purchasable","18":"product-type-simple","19":"has-product-nav","20":"col","21":"span_1_of_3","22":"owp-content-center","23":"owp-thumbs-layout-horizontal","24":"owp-btn-normal","25":"owp-tabs-layout-horizontal"},"_links":{"self":[{"href":"https:\/\/ellypara.com\/index.php\/wp-json\/wp\/v2\/product\/1610","targetHints":{"allow":["GET"]}}],"collection":[{"href":"https:\/\/ellypara.com\/index.php\/wp-json\/wp\/v2\/product"}],"about":[{"href":"https:\/\/ellypara.com\/index.php\/wp-json\/wp\/v2\/types\/product"}],"replies":[{"embeddable":true,"href":"https:\/\/ellypara.com\/index.php\/wp-json\/wp\/v2\/comments?post=1610"}],"wp:featuredmedia":[{"embeddable":true,"href":"https:\/\/ellypara.com\/index.php\/wp-json\/wp\/v2\/media\/1611"}],"wp:attachment":[{"href":"https:\/\/ellypara.com\/index.php\/wp-json\/wp\/v2\/media?parent=1610"}],"wp:term":[{"taxonomy":"product_brand","embeddable":true,"href":"https:\/\/ellypara.com\/index.php\/wp-json\/wp\/v2\/product_brand?post=1610"},{"taxonomy":"product_cat","embeddable":true,"href":"https:\/\/ellypara.com\/index.php\/wp-json\/wp\/v2\/product_cat?post=1610"},{"taxonomy":"product_tag","embeddable":true,"href":"https:\/\/ellypara.com\/index.php\/wp-json\/wp\/v2\/product_tag?post=1610"}],"curies":[{"name":"wp","href":"https:\/\/api.w.org\/{rel}","templated":true}]}}