{"id":1613,"date":"2025-04-20T21:28:07","date_gmt":"2025-04-20T19:28:07","guid":{"rendered":"https:\/\/ellypara.com\/?post_type=product&#038;p=1613"},"modified":"2025-04-20T21:28:07","modified_gmt":"2025-04-20T19:28:07","slug":"sensilis-water-fluid-spf50-color-40ml","status":"publish","type":"product","link":"https:\/\/ellypara.com\/index.php\/produit\/sensilis-water-fluid-spf50-color-40ml\/","title":{"rendered":"Sensilis Water Fluid SPF50+ Color 40ml"},"content":{"rendered":"<p><strong>Sensilis Water Fluid SPF50+ Color 40ml<\/strong>\u00a0est une cr\u00e8me solaire teint\u00e9e anti-\u00e2ge ultra-fluide \u00e0 haute protection SPF50+.<\/p>\n<p>Ultra-l\u00e9g\u00e8re, elle offre une couvrance naturelle et contribue \u00e0 unifier le teint, pour un effet bonne mine avec un fini mat. De plus, cette cr\u00e8me solaire ne laisse aucun r\u00e9sidu et procure une sensation de fra\u00eecheur.<\/p>\n<p>Vegan.<\/p>\n<p><strong>Mode d\u2019emploi<\/strong><\/p>\n<p>Agiter avant emploi.<\/p>\n<p>Appliquer uniform\u00e9ment la quantit\u00e9 de deux doigts sur la peau pr\u00e9alablement nettoy\u00e9e du visage, du cou et du d\u00e9collet\u00e9, 30 minutes avant l\u2019exposition au soleil.<\/p>\n<p>\u00c9viter tout contact avec les yeux.<\/p>\n<p>Masser jusqu\u2019\u00e0 absorption compl\u00e8te.<\/p>\n<p>Afin de maintenir une protection efficace, renouveler l\u2019application toutes les 2 heures et syst\u00e9matiquement apr\u00e8s avoir nag\u00e9, transpir\u00e9 ou vous \u00eatre s\u00e9ch\u00e9.<\/p>\n<p><strong>Conseil<\/strong><\/p>\n<p>L\u2019utilisation d\u2019une cr\u00e8me solaire est indispensable pour prot\u00e9ger la peau et emp\u00eacher les rayons UVA et UVB d\u2019y p\u00e9n\u00e9trer. Gr\u00e2ce aux filtres solaires contenus dans les protections solaires, une barri\u00e8re se cr\u00e9e sur la peau, la prot\u00e9geant des irritations, br\u00fblures, allergies ou rougeurs. Pour que la photoprotection soit efficace, elle doit \u00eatre appliqu\u00e9e en quantit\u00e9 suffisante et r\u00e9partie uniform\u00e9ment sur toute la surface cutan\u00e9e.<\/p>\n<p>De plus, il est n\u00e9cessaire de renouveler son application toutes les 2 heures, apr\u00e8s s\u2019\u00eatre baign\u00e9, avoir fait du sport ou transpir\u00e9. Il est \u00e9galement important de ne pas s\u2019exposer en milieu de journ\u00e9e (entre 12h et 16h) et d\u2019\u00e9viter toute exposition directe au soleil pour les nourrissons et les b\u00e9b\u00e9s. Pour rappel, le soleil est responsable du vieillissement de la peau ; une surexposition \u00e0 ses rayons entra\u00eene le photovieillissement, provoque des dommages oxydatifs et favorise l\u2019apparition de maladies cutan\u00e9es.<\/p>\n<p>Cette action de protection peut \u00eatre renforc\u00e9e par la prise de compl\u00e9ments alimentaires associ\u00e9e \u00e0 une alimentation \u00e9quilibr\u00e9e et le port d\u2019accessoires tels que des lunettes de soleil et\/ou chapeaux \u00e0 larges bords. Enfin, n\u2019oubliez pas d\u2019appliquer de l\u2019apr\u00e8s-soleil, sur le visage et le corps, afin que la peau conserve les antioxydants et l\u2019hydratation dont elle a besoin.<\/p>\n<p>Si vous prenez des m\u00e9dicaments photosensibilisants ou si vous souffrez de probl\u00e8mes de peau, il est particuli\u00e8rement important de suivre ces recommandations. Dans tous les cas, si apr\u00e8s une exposition au soleil, des cloques, de la fi\u00e8vre ou des maux de t\u00eate apparaissent, consultez votre m\u00e9decin.<\/p>\n","protected":false},"excerpt":{"rendered":"<p>SENSILIS Water Fluid SPF50 est une tr\u00e8s haute protection visage ultra-l\u00e9g\u00e8re \u00e0 base d\u2019eau qui fond sur la peau et procure une d\u00e9licate sensation de fra\u00eecheur.<\/p>\n","protected":false},"featured_media":1614,"comment_status":"open","ping_status":"closed","template":"","meta":{"ocean_post_layout":"","ocean_both_sidebars_style":"","ocean_both_sidebars_content_width":0,"ocean_both_sidebars_sidebars_width":0,"ocean_sidebar":"0","ocean_second_sidebar":"0","ocean_disable_margins":"enable","ocean_add_body_class":"","ocean_shortcode_before_top_bar":"","ocean_shortcode_after_top_bar":"","ocean_shortcode_before_header":"","ocean_shortcode_after_header":"","ocean_has_shortcode":"","ocean_shortcode_after_title":"","ocean_shortcode_before_footer_widgets":"","ocean_shortcode_after_footer_widgets":"","ocean_shortcode_before_footer_bottom":"","ocean_shortcode_after_footer_bottom":"","ocean_display_top_bar":"default","ocean_display_header":"default","ocean_header_style":"","ocean_center_header_left_menu":"0","ocean_custom_header_template":"0","ocean_custom_logo":0,"ocean_custom_retina_logo":0,"ocean_custom_logo_max_width":0,"ocean_custom_logo_tablet_max_width":0,"ocean_custom_logo_mobile_max_width":0,"ocean_custom_logo_max_height":0,"ocean_custom_logo_tablet_max_height":0,"ocean_custom_logo_mobile_max_height":0,"ocean_header_custom_menu":"0","ocean_menu_typo_font_family":"0","ocean_menu_typo_font_subset":"","ocean_menu_typo_font_size":0,"ocean_menu_typo_font_size_tablet":0,"ocean_menu_typo_font_size_mobile":0,"ocean_menu_typo_font_size_unit":"px","ocean_menu_typo_font_weight":"","ocean_menu_typo_font_weight_tablet":"","ocean_menu_typo_font_weight_mobile":"","ocean_menu_typo_transform":"","ocean_menu_typo_transform_tablet":"","ocean_menu_typo_transform_mobile":"","ocean_menu_typo_line_height":0,"ocean_menu_typo_line_height_tablet":0,"ocean_menu_typo_line_height_mobile":0,"ocean_menu_typo_line_height_unit":"","ocean_menu_typo_spacing":0,"ocean_menu_typo_spacing_tablet":0,"ocean_menu_typo_spacing_mobile":0,"ocean_menu_typo_spacing_unit":"","ocean_menu_link_color":"","ocean_menu_link_color_hover":"","ocean_menu_link_color_active":"","ocean_menu_link_background":"","ocean_menu_link_hover_background":"","ocean_menu_link_active_background":"","ocean_menu_social_links_bg":"","ocean_menu_social_hover_links_bg":"","ocean_menu_social_links_color":"","ocean_menu_social_hover_links_color":"","ocean_disable_title":"default","ocean_disable_heading":"default","ocean_post_title":"","ocean_post_subheading":"","ocean_post_title_style":"","ocean_post_title_background_color":"","ocean_post_title_background":0,"ocean_post_title_bg_image_position":"","ocean_post_title_bg_image_attachment":"","ocean_post_title_bg_image_repeat":"","ocean_post_title_bg_image_size":"","ocean_post_title_height":0,"ocean_post_title_bg_overlay":0.5,"ocean_post_title_bg_overlay_color":"","ocean_disable_breadcrumbs":"default","ocean_breadcrumbs_color":"","ocean_breadcrumbs_separator_color":"","ocean_breadcrumbs_links_color":"","ocean_breadcrumbs_links_hover_color":"","ocean_display_footer_widgets":"default","ocean_display_footer_bottom":"default","ocean_custom_footer_template":"0"},"product_brand":[],"product_cat":[78,72,20],"product_tag":[],"class_list":{"0":"post-1613","1":"product","2":"type-product","3":"status-publish","4":"has-post-thumbnail","6":"product_cat-anti-rides","7":"product_cat-protection-solaire-solaire","8":"product_cat-solaire","10":"entry","11":"has-media","13":"first","14":"instock","15":"taxable","16":"shipping-taxable","17":"purchasable","18":"product-type-simple","19":"has-product-nav","20":"col","21":"span_1_of_3","22":"owp-content-center","23":"owp-thumbs-layout-horizontal","24":"owp-btn-normal","25":"owp-tabs-layout-horizontal","26":"has-no-thumbnails"},"_links":{"self":[{"href":"https:\/\/ellypara.com\/index.php\/wp-json\/wp\/v2\/product\/1613","targetHints":{"allow":["GET"]}}],"collection":[{"href":"https:\/\/ellypara.com\/index.php\/wp-json\/wp\/v2\/product"}],"about":[{"href":"https:\/\/ellypara.com\/index.php\/wp-json\/wp\/v2\/types\/product"}],"replies":[{"embeddable":true,"href":"https:\/\/ellypara.com\/index.php\/wp-json\/wp\/v2\/comments?post=1613"}],"wp:featuredmedia":[{"embeddable":true,"href":"https:\/\/ellypara.com\/index.php\/wp-json\/wp\/v2\/media\/1614"}],"wp:attachment":[{"href":"https:\/\/ellypara.com\/index.php\/wp-json\/wp\/v2\/media?parent=1613"}],"wp:term":[{"taxonomy":"product_brand","embeddable":true,"href":"https:\/\/ellypara.com\/index.php\/wp-json\/wp\/v2\/product_brand?post=1613"},{"taxonomy":"product_cat","embeddable":true,"href":"https:\/\/ellypara.com\/index.php\/wp-json\/wp\/v2\/product_cat?post=1613"},{"taxonomy":"product_tag","embeddable":true,"href":"https:\/\/ellypara.com\/index.php\/wp-json\/wp\/v2\/product_tag?post=1613"}],"curies":[{"name":"wp","href":"https:\/\/api.w.org\/{rel}","templated":true}]}}