{"id":1619,"date":"2025-04-20T22:02:21","date_gmt":"2025-04-20T20:02:21","guid":{"rendered":"https:\/\/ellypara.com\/?post_type=product&#038;p=1619"},"modified":"2025-04-20T22:02:21","modified_gmt":"2025-04-20T20:02:21","slug":"sensilis-fluide-100-allergie-creme-solaire-aqueuse-ultrafluide-spf50-40ml","status":"publish","type":"product","link":"https:\/\/ellypara.com\/index.php\/produit\/sensilis-fluide-100-allergie-creme-solaire-aqueuse-ultrafluide-spf50-40ml\/","title":{"rendered":"Sensilis Fluide 100 Allergie Cr\u00e8me Solaire Aqueuse Ultrafluide SPF50+ 40ml"},"content":{"rendered":"<p>Formul\u00e9 avec des actifs r\u00e9parateurs qui prot\u00e8gent et neutralisent les dommages du soleil, ce protecteur est enrichi en acide hyaluronique, en alpha-bisabolol et en vitamine E.<br \/>\nParticuli\u00e8rement adapt\u00e9 aux peaux claires, sensibles et r\u00e9actives.<\/p>\n<p>Sensilis a men\u00e9 une \u00e9tude sur des mod\u00e8les repr\u00e9sentatifs du phytoplancton et du zooplancton, qui d\u00e9montre que ses formules solaires respectent l\u2019oc\u00e9an.<\/p>\n<p><strong>Mode d\u2019emploi<\/strong><\/p>\n<p>Applique g\u00e9n\u00e9reusement sur le visage une demi-heure avant l\u2019exposition au soleil.<\/p>\n<p>Renouvelle fr\u00e9quemment l\u2019application.<\/p>\n<p><strong>Ingredients :<\/strong><\/p>\n<p>Aqua (water); cyclopentasiloxane; octocrylene; alcohol denat.; dibutyl adipate; diethylhexyl carbonate; cyclohexasiloxane; titanium dioxide (nano); butyl methoxydibenzoylmethane; bis-ethylhexyloxyphenol methoxyphenyl triazine; butylene glycol; peg-30 dipolyhydroxystearate; peg-10 dimethicone; polymethyl methacrylate; sodium chloride; bisabolol; sodium hyaluronate; sodium carboxymethyl beta-glucan; silica; disteardimonium hectorite; dimethicone; dimethiconol; glyceryl stearate; ethylhexylglycerin; peg-8; pentylene glycol; tocopheryl acetate; tocopherol; ascorbyl palmitate; disodium edta; ascorbic acid; citric acid; phenoxyethanol; parfum (fragrance).<\/p>\n","protected":false},"excerpt":{"rendered":"<p>Fluide 100 Allergie solaire SPF50+ poss\u00e8de une photoprotection tr\u00e8s \u00e9lev\u00e9e pour les peaux sensibles.<\/p>\n","protected":false},"featured_media":1620,"comment_status":"open","ping_status":"closed","template":"","meta":{"ocean_post_layout":"","ocean_both_sidebars_style":"","ocean_both_sidebars_content_width":0,"ocean_both_sidebars_sidebars_width":0,"ocean_sidebar":"0","ocean_second_sidebar":"0","ocean_disable_margins":"enable","ocean_add_body_class":"","ocean_shortcode_before_top_bar":"","ocean_shortcode_after_top_bar":"","ocean_shortcode_before_header":"","ocean_shortcode_after_header":"","ocean_has_shortcode":"","ocean_shortcode_after_title":"","ocean_shortcode_before_footer_widgets":"","ocean_shortcode_after_footer_widgets":"","ocean_shortcode_before_footer_bottom":"","ocean_shortcode_after_footer_bottom":"","ocean_display_top_bar":"default","ocean_display_header":"default","ocean_header_style":"","ocean_center_header_left_menu":"0","ocean_custom_header_template":"0","ocean_custom_logo":0,"ocean_custom_retina_logo":0,"ocean_custom_logo_max_width":0,"ocean_custom_logo_tablet_max_width":0,"ocean_custom_logo_mobile_max_width":0,"ocean_custom_logo_max_height":0,"ocean_custom_logo_tablet_max_height":0,"ocean_custom_logo_mobile_max_height":0,"ocean_header_custom_menu":"0","ocean_menu_typo_font_family":"0","ocean_menu_typo_font_subset":"","ocean_menu_typo_font_size":0,"ocean_menu_typo_font_size_tablet":0,"ocean_menu_typo_font_size_mobile":0,"ocean_menu_typo_font_size_unit":"px","ocean_menu_typo_font_weight":"","ocean_menu_typo_font_weight_tablet":"","ocean_menu_typo_font_weight_mobile":"","ocean_menu_typo_transform":"","ocean_menu_typo_transform_tablet":"","ocean_menu_typo_transform_mobile":"","ocean_menu_typo_line_height":0,"ocean_menu_typo_line_height_tablet":0,"ocean_menu_typo_line_height_mobile":0,"ocean_menu_typo_line_height_unit":"","ocean_menu_typo_spacing":0,"ocean_menu_typo_spacing_tablet":0,"ocean_menu_typo_spacing_mobile":0,"ocean_menu_typo_spacing_unit":"","ocean_menu_link_color":"","ocean_menu_link_color_hover":"","ocean_menu_link_color_active":"","ocean_menu_link_background":"","ocean_menu_link_hover_background":"","ocean_menu_link_active_background":"","ocean_menu_social_links_bg":"","ocean_menu_social_hover_links_bg":"","ocean_menu_social_links_color":"","ocean_menu_social_hover_links_color":"","ocean_disable_title":"default","ocean_disable_heading":"default","ocean_post_title":"","ocean_post_subheading":"","ocean_post_title_style":"","ocean_post_title_background_color":"","ocean_post_title_background":0,"ocean_post_title_bg_image_position":"","ocean_post_title_bg_image_attachment":"","ocean_post_title_bg_image_repeat":"","ocean_post_title_bg_image_size":"","ocean_post_title_height":0,"ocean_post_title_bg_overlay":0.5,"ocean_post_title_bg_overlay_color":"","ocean_disable_breadcrumbs":"default","ocean_breadcrumbs_color":"","ocean_breadcrumbs_separator_color":"","ocean_breadcrumbs_links_color":"","ocean_breadcrumbs_links_hover_color":"","ocean_display_footer_widgets":"default","ocean_display_footer_bottom":"default","ocean_custom_footer_template":"0"},"product_brand":[],"product_cat":[72,20,79],"product_tag":[],"class_list":{"0":"post-1619","1":"product","2":"type-product","3":"status-publish","4":"has-post-thumbnail","6":"product_cat-protection-solaire-solaire","7":"product_cat-solaire","8":"product_cat-tout-type-de-peaux","10":"entry","11":"has-media","13":"first","14":"instock","15":"taxable","16":"shipping-taxable","17":"purchasable","18":"product-type-simple","19":"has-product-nav","20":"col","21":"span_1_of_3","22":"owp-content-center","23":"owp-thumbs-layout-horizontal","24":"owp-btn-normal","25":"owp-tabs-layout-horizontal"},"_links":{"self":[{"href":"https:\/\/ellypara.com\/index.php\/wp-json\/wp\/v2\/product\/1619","targetHints":{"allow":["GET"]}}],"collection":[{"href":"https:\/\/ellypara.com\/index.php\/wp-json\/wp\/v2\/product"}],"about":[{"href":"https:\/\/ellypara.com\/index.php\/wp-json\/wp\/v2\/types\/product"}],"replies":[{"embeddable":true,"href":"https:\/\/ellypara.com\/index.php\/wp-json\/wp\/v2\/comments?post=1619"}],"wp:featuredmedia":[{"embeddable":true,"href":"https:\/\/ellypara.com\/index.php\/wp-json\/wp\/v2\/media\/1620"}],"wp:attachment":[{"href":"https:\/\/ellypara.com\/index.php\/wp-json\/wp\/v2\/media?parent=1619"}],"wp:term":[{"taxonomy":"product_brand","embeddable":true,"href":"https:\/\/ellypara.com\/index.php\/wp-json\/wp\/v2\/product_brand?post=1619"},{"taxonomy":"product_cat","embeddable":true,"href":"https:\/\/ellypara.com\/index.php\/wp-json\/wp\/v2\/product_cat?post=1619"},{"taxonomy":"product_tag","embeddable":true,"href":"https:\/\/ellypara.com\/index.php\/wp-json\/wp\/v2\/product_tag?post=1619"}],"curies":[{"name":"wp","href":"https:\/\/api.w.org\/{rel}","templated":true}]}}