{"id":1630,"date":"2025-04-20T22:37:41","date_gmt":"2025-04-20T20:37:41","guid":{"rendered":"https:\/\/ellypara.com\/?post_type=product&#038;p=1630"},"modified":"2025-04-20T22:37:42","modified_gmt":"2025-04-20T20:37:42","slug":"sensilis-skin-d-pigment-serum-atx-b3-30ml","status":"publish","type":"product","link":"https:\/\/ellypara.com\/index.php\/produit\/sensilis-skin-d-pigment-serum-atx-b3-30ml\/","title":{"rendered":"SENSILIS Skin D-pigment [Serum Atx B3] 30ml"},"content":{"rendered":"<p>S\u00e9rum pour le visage formul\u00e9 avec de la vitamine C, 2% d\u2019acide tranexamique et 10% de niacinamide. Aide \u00e0 r\u00e9guler la production naturelle de m\u00e9lanine et \u00e0 pr\u00e9venir la formation de taches sombres sur le visage. Aide \u00e0 \u00e9claircir le teint de la peau tout en renfor\u00e7ant la fonction barri\u00e8re. Enrichi en az\u00e9loglycine, qui favorise l\u2019uniformit\u00e9 de la couleur du teint et la r\u00e9gulation du s\u00e9bum.<\/p>\n<p><strong>Utilisation:<\/strong><\/p>\n<p>Appliquez sur la peau nettoy\u00e9e en effectuant un massage doux dans le cadre de votre routine nocturne.<\/p>\n<p><strong>Composition:<\/strong><br \/>\nAQUA (EAU) ; GLUCONOLACTONE ; GLYC\u00c9RINE ; ISOHEXAD\u00c9CANE ; ACIDE MALTOBIONIQUE ; GLYCERETH- 26 ; HYDROXYDE DE SODIUM ; PHOSPHATE D\u2019ALKYLE EN C20-22 ; ACIDE ST\u00c9ARIQUE ; CITRATE DE SODIUM ; ALCOOLS EN C20-22 ; CARBONATE DE DI\u00c9THYLHEXYLE ; PANTH\u00c9NOL ; ALLANTO\u00cfNE ; SQUALANE ; ALPHA-ARBUTINE ; BISABOLOL ; MANNITOL ; PHOSPHATIDYLCHOLINE ; ACIDE ELLAGIQUE ; 1,2-HEXANEDIOL ; ST\u00c9ARATE DE GLYC\u00c9RYLE ; HYDROXYAC\u00c9TOPH\u00c9NONE ; ST\u00c9ARATE DE PEG-100 ; GOMME DE SCL\u00c9ROTE ; GOMME DE XANTHANE ; DIAC\u00c9TATE DE GLUTAMATE T\u00c9TRASODIQUE ; COPOLYM\u00c8RE D\u2019ACRYLATE D\u2019HYDROXY\u00c9THYLE\/ACRYLOYLDIM\u00c9THYLE TAURATE DE SODIUM ; ACIDE CITRIQUE ; POLYSORBATE 60 ; GLUCOSIDE DE D\u00c9CYLE ; ALCOOL C\u00c9TYLIQUE ; ISOST\u00c9ARATE DE SORBITAN ; CHLORURE DE SODIUM ; SORBATE DE POTASSIUM ; BENZOATE DE SODIUM ; PARFUM.<\/p>\n","protected":false},"excerpt":{"rendered":"<p>C\u2019est un soin avec des actions d\u00e9pigmentantes et anti-\u00e2ge qui aident \u00e0 am\u00e9liorer le tonus et \u00e0 uniformiser la couleur de la peau, en r\u00e9duisant l\u2019apparence des imperfections.<\/p>\n","protected":false},"featured_media":1631,"comment_status":"open","ping_status":"closed","template":"","meta":{"ocean_post_layout":"","ocean_both_sidebars_style":"","ocean_both_sidebars_content_width":0,"ocean_both_sidebars_sidebars_width":0,"ocean_sidebar":"0","ocean_second_sidebar":"0","ocean_disable_margins":"enable","ocean_add_body_class":"","ocean_shortcode_before_top_bar":"","ocean_shortcode_after_top_bar":"","ocean_shortcode_before_header":"","ocean_shortcode_after_header":"","ocean_has_shortcode":"","ocean_shortcode_after_title":"","ocean_shortcode_before_footer_widgets":"","ocean_shortcode_after_footer_widgets":"","ocean_shortcode_before_footer_bottom":"","ocean_shortcode_after_footer_bottom":"","ocean_display_top_bar":"default","ocean_display_header":"default","ocean_header_style":"","ocean_center_header_left_menu":"0","ocean_custom_header_template":"0","ocean_custom_logo":0,"ocean_custom_retina_logo":0,"ocean_custom_logo_max_width":0,"ocean_custom_logo_tablet_max_width":0,"ocean_custom_logo_mobile_max_width":0,"ocean_custom_logo_max_height":0,"ocean_custom_logo_tablet_max_height":0,"ocean_custom_logo_mobile_max_height":0,"ocean_header_custom_menu":"0","ocean_menu_typo_font_family":"0","ocean_menu_typo_font_subset":"","ocean_menu_typo_font_size":0,"ocean_menu_typo_font_size_tablet":0,"ocean_menu_typo_font_size_mobile":0,"ocean_menu_typo_font_size_unit":"px","ocean_menu_typo_font_weight":"","ocean_menu_typo_font_weight_tablet":"","ocean_menu_typo_font_weight_mobile":"","ocean_menu_typo_transform":"","ocean_menu_typo_transform_tablet":"","ocean_menu_typo_transform_mobile":"","ocean_menu_typo_line_height":0,"ocean_menu_typo_line_height_tablet":0,"ocean_menu_typo_line_height_mobile":0,"ocean_menu_typo_line_height_unit":"","ocean_menu_typo_spacing":0,"ocean_menu_typo_spacing_tablet":0,"ocean_menu_typo_spacing_mobile":0,"ocean_menu_typo_spacing_unit":"","ocean_menu_link_color":"","ocean_menu_link_color_hover":"","ocean_menu_link_color_active":"","ocean_menu_link_background":"","ocean_menu_link_hover_background":"","ocean_menu_link_active_background":"","ocean_menu_social_links_bg":"","ocean_menu_social_hover_links_bg":"","ocean_menu_social_links_color":"","ocean_menu_social_hover_links_color":"","ocean_disable_title":"default","ocean_disable_heading":"default","ocean_post_title":"","ocean_post_subheading":"","ocean_post_title_style":"","ocean_post_title_background_color":"","ocean_post_title_background":0,"ocean_post_title_bg_image_position":"","ocean_post_title_bg_image_attachment":"","ocean_post_title_bg_image_repeat":"","ocean_post_title_bg_image_size":"","ocean_post_title_height":0,"ocean_post_title_bg_overlay":0.5,"ocean_post_title_bg_overlay_color":"","ocean_disable_breadcrumbs":"default","ocean_breadcrumbs_color":"","ocean_breadcrumbs_separator_color":"","ocean_breadcrumbs_links_color":"","ocean_breadcrumbs_links_hover_color":"","ocean_display_footer_widgets":"default","ocean_display_footer_bottom":"default","ocean_custom_footer_template":"0"},"product_brand":[],"product_cat":[39,21],"product_tag":[],"class_list":{"0":"post-1630","1":"product","2":"type-product","3":"status-publish","4":"has-post-thumbnail","6":"product_cat-soins-anti-taches-et-depigmentants","7":"product_cat-visage","9":"entry","10":"has-media","12":"first","13":"instock","14":"taxable","15":"shipping-taxable","16":"purchasable","17":"product-type-simple","18":"has-product-nav","19":"col","20":"span_1_of_3","21":"owp-content-center","22":"owp-thumbs-layout-horizontal","23":"owp-btn-normal","24":"owp-tabs-layout-horizontal","25":"has-no-thumbnails"},"_links":{"self":[{"href":"https:\/\/ellypara.com\/index.php\/wp-json\/wp\/v2\/product\/1630","targetHints":{"allow":["GET"]}}],"collection":[{"href":"https:\/\/ellypara.com\/index.php\/wp-json\/wp\/v2\/product"}],"about":[{"href":"https:\/\/ellypara.com\/index.php\/wp-json\/wp\/v2\/types\/product"}],"replies":[{"embeddable":true,"href":"https:\/\/ellypara.com\/index.php\/wp-json\/wp\/v2\/comments?post=1630"}],"wp:featuredmedia":[{"embeddable":true,"href":"https:\/\/ellypara.com\/index.php\/wp-json\/wp\/v2\/media\/1631"}],"wp:attachment":[{"href":"https:\/\/ellypara.com\/index.php\/wp-json\/wp\/v2\/media?parent=1630"}],"wp:term":[{"taxonomy":"product_brand","embeddable":true,"href":"https:\/\/ellypara.com\/index.php\/wp-json\/wp\/v2\/product_brand?post=1630"},{"taxonomy":"product_cat","embeddable":true,"href":"https:\/\/ellypara.com\/index.php\/wp-json\/wp\/v2\/product_cat?post=1630"},{"taxonomy":"product_tag","embeddable":true,"href":"https:\/\/ellypara.com\/index.php\/wp-json\/wp\/v2\/product_tag?post=1630"}],"curies":[{"name":"wp","href":"https:\/\/api.w.org\/{rel}","templated":true}]}}