{"id":1634,"date":"2025-04-22T18:53:55","date_gmt":"2025-04-22T16:53:55","guid":{"rendered":"https:\/\/ellypara.com\/?post_type=product&#038;p=1634"},"modified":"2025-04-22T18:53:56","modified_gmt":"2025-04-22T16:53:56","slug":"mustela-baume-allaitement-30ml","status":"publish","type":"product","link":"https:\/\/ellypara.com\/index.php\/produit\/mustela-baume-allaitement-30ml\/","title":{"rendered":"MUSTELA Baume Allaitement 30ml"},"content":{"rendered":"<p>Pour toutes les jeunes mamans,\u00a0<strong>Mustela<\/strong>\u00a0propose un\u00a0<strong>baume allaitement Bio<\/strong>\u00a0d\u00e9di\u00e9 aux soins des mamelons qui peuvent s\u2019ab\u00eemer et devenir douloureux au fur et \u00e0 mesure des t\u00e9t\u00e9es. Il est compos\u00e9 \u00e0 100\u00a0% d\u2019ingr\u00e9dients d\u2019origine naturelle afin de garantir la sant\u00e9 du nourrisson et de la maman tout en leur apportant un confort mutuel lors de l\u2019allaitement.<\/p>\n<p>Le principal composant de ce\u00a0<strong>baume maternit\u00e9 Mustela Bio<\/strong>\u00a0est l\u2019huile d\u2019olive dont les nombreuses vertus ont un impact b\u00e9n\u00e9fique sur les zones sensibles que sont les mamelons. Elle pr\u00e9sente, en effet, l\u2019avantage d\u2019\u00eatre un agent hydratant\u00a0naturel, du fait de sa richesse en acides gras essentiels et en vitamine A, C, D et E. Elle p\u00e9n\u00e8tre ais\u00e9ment les tissus cutan\u00e9s et favorise le maintien d\u2019une haute teneur en eau des cellules, contribuant ainsi \u00e0 la souplesse et \u00e0 l\u2019\u00e9lasticit\u00e9 de l\u2019\u00e9piderme\u00a0autour du mamelon.<\/p>\n<p>D\u2019autre part, l\u2019huile d\u2019olive d\u00e9pose un film protecteur sur la peau qui emp\u00eache toute \u00e9vaporation trop importante de l\u2019eau et am\u00e9liore la cicatrisation des petites l\u00e9sions. Contenant de la vitamine E, elle lutte contre l\u2019oxydation des tissus par les radicaux libres et limite ainsi le vieillissement de l\u2019\u00e9piderme ainsi que les irritations. Sa texture douce et sa formule bio font de ce\u00a0<strong>baume Mustela<\/strong>\u00a0un soin id\u00e9al pour vous accompagner dans ce moment sp\u00e9cial que repr\u00e9sente l\u2019allaitement.<\/p>\n<p>Et pour pr\u00e9venir l\u2019apparition de vergetures, pensez \u00e0 l\u2019Huile vergetures Bio Mustela Maternit\u00e9.<\/p>\n<p><strong>Contenance :<\/strong>\u00a0Tube de 30\u00a0ml<\/p>\n<p><strong>CONSEILS D\u2019UTILISATION<\/strong><\/p>\n<p>Apr\u00e8s chaque t\u00e9t\u00e9e, appliquer g\u00e9n\u00e9reusement sur le mamelon.<br \/>\nV\u00e9rifier que le mamelon est propre avant la t\u00e9t\u00e9e<br \/>\nSans rin\u00e7age<\/p>\n<p><strong>COMPOSITION<\/strong><\/p>\n<p>Olea europaea (olive) fruit oil (1), glycerin(2), aqua\/water\/eau, sucrose laurate, sucrose stearate, tocopherol, helianthus annuus (sunflower) seed oil.<br \/>\n(1)Ingr\u00e9dient issu de l\u2019agriculture biologique.<br \/>\n(2)Transform\u00e9 \u00e0 partir d\u2019ingr\u00e9dients biologiques.<\/p>\n<p><iframe id=\"widget2\" title=\"Baume Allaitement certifi\u00e9 bio I Mustela Maternit\u00e9\" src=\"https:\/\/www.youtube.com\/embed\/Hr64Y3_8bDM?feature=oembed&amp;enablejsapi=1&amp;origin=https:%2F%2Fwww.maparatunisie.tn\" width=\"1020\" height=\"574\" frameborder=\"0\" allowfullscreen=\"allowfullscreen\" data-gtm-yt-inspected-9=\"true\" data-mce-fragment=\"1\"><\/iframe><\/p>\n<p>&nbsp;<\/p>\n","protected":false},"excerpt":{"rendered":"<p>Pour toutes les jeunes mamans,\u00a0<strong>Mustela<\/strong>\u00a0propose un\u00a0<strong>baume allaitement Bio<\/strong>\u00a0d\u00e9di\u00e9 aux soins des mamelons qui peuvent s\u2019ab\u00eemer et devenir douloureux au fur et \u00e0 mesure des t\u00e9t\u00e9es.<\/p>\n","protected":false},"featured_media":1635,"comment_status":"open","ping_status":"closed","template":"","meta":{"ocean_post_layout":"","ocean_both_sidebars_style":"","ocean_both_sidebars_content_width":0,"ocean_both_sidebars_sidebars_width":0,"ocean_sidebar":"0","ocean_second_sidebar":"0","ocean_disable_margins":"enable","ocean_add_body_class":"","ocean_shortcode_before_top_bar":"","ocean_shortcode_after_top_bar":"","ocean_shortcode_before_header":"","ocean_shortcode_after_header":"","ocean_has_shortcode":"","ocean_shortcode_after_title":"","ocean_shortcode_before_footer_widgets":"","ocean_shortcode_after_footer_widgets":"","ocean_shortcode_before_footer_bottom":"","ocean_shortcode_after_footer_bottom":"","ocean_display_top_bar":"default","ocean_display_header":"default","ocean_header_style":"","ocean_center_header_left_menu":"0","ocean_custom_header_template":"0","ocean_custom_logo":0,"ocean_custom_retina_logo":0,"ocean_custom_logo_max_width":0,"ocean_custom_logo_tablet_max_width":0,"ocean_custom_logo_mobile_max_width":0,"ocean_custom_logo_max_height":0,"ocean_custom_logo_tablet_max_height":0,"ocean_custom_logo_mobile_max_height":0,"ocean_header_custom_menu":"0","ocean_menu_typo_font_family":"0","ocean_menu_typo_font_subset":"","ocean_menu_typo_font_size":0,"ocean_menu_typo_font_size_tablet":0,"ocean_menu_typo_font_size_mobile":0,"ocean_menu_typo_font_size_unit":"px","ocean_menu_typo_font_weight":"","ocean_menu_typo_font_weight_tablet":"","ocean_menu_typo_font_weight_mobile":"","ocean_menu_typo_transform":"","ocean_menu_typo_transform_tablet":"","ocean_menu_typo_transform_mobile":"","ocean_menu_typo_line_height":0,"ocean_menu_typo_line_height_tablet":0,"ocean_menu_typo_line_height_mobile":0,"ocean_menu_typo_line_height_unit":"","ocean_menu_typo_spacing":0,"ocean_menu_typo_spacing_tablet":0,"ocean_menu_typo_spacing_mobile":0,"ocean_menu_typo_spacing_unit":"","ocean_menu_link_color":"","ocean_menu_link_color_hover":"","ocean_menu_link_color_active":"","ocean_menu_link_background":"","ocean_menu_link_hover_background":"","ocean_menu_link_active_background":"","ocean_menu_social_links_bg":"","ocean_menu_social_hover_links_bg":"","ocean_menu_social_links_color":"","ocean_menu_social_hover_links_color":"","ocean_disable_title":"default","ocean_disable_heading":"default","ocean_post_title":"","ocean_post_subheading":"","ocean_post_title_style":"","ocean_post_title_background_color":"","ocean_post_title_background":0,"ocean_post_title_bg_image_position":"","ocean_post_title_bg_image_attachment":"","ocean_post_title_bg_image_repeat":"","ocean_post_title_bg_image_size":"","ocean_post_title_height":0,"ocean_post_title_bg_overlay":0.5,"ocean_post_title_bg_overlay_color":"","ocean_disable_breadcrumbs":"default","ocean_breadcrumbs_color":"","ocean_breadcrumbs_separator_color":"","ocean_breadcrumbs_links_color":"","ocean_breadcrumbs_links_hover_color":"","ocean_display_footer_widgets":"default","ocean_display_footer_bottom":"default","ocean_custom_footer_template":"0"},"product_brand":[],"product_cat":[24,60],"product_tag":[],"class_list":{"0":"post-1634","1":"product","2":"type-product","3":"status-publish","4":"has-post-thumbnail","6":"product_cat-bebe-et-maman","7":"product_cat-maman-grossesse-et-allaitement","9":"entry","10":"has-media","12":"first","13":"instock","14":"taxable","15":"shipping-taxable","16":"purchasable","17":"product-type-simple","18":"has-product-nav","19":"col","20":"span_1_of_3","21":"owp-content-center","22":"owp-thumbs-layout-horizontal","23":"owp-btn-normal","24":"owp-tabs-layout-horizontal"},"_links":{"self":[{"href":"https:\/\/ellypara.com\/index.php\/wp-json\/wp\/v2\/product\/1634","targetHints":{"allow":["GET"]}}],"collection":[{"href":"https:\/\/ellypara.com\/index.php\/wp-json\/wp\/v2\/product"}],"about":[{"href":"https:\/\/ellypara.com\/index.php\/wp-json\/wp\/v2\/types\/product"}],"replies":[{"embeddable":true,"href":"https:\/\/ellypara.com\/index.php\/wp-json\/wp\/v2\/comments?post=1634"}],"wp:featuredmedia":[{"embeddable":true,"href":"https:\/\/ellypara.com\/index.php\/wp-json\/wp\/v2\/media\/1635"}],"wp:attachment":[{"href":"https:\/\/ellypara.com\/index.php\/wp-json\/wp\/v2\/media?parent=1634"}],"wp:term":[{"taxonomy":"product_brand","embeddable":true,"href":"https:\/\/ellypara.com\/index.php\/wp-json\/wp\/v2\/product_brand?post=1634"},{"taxonomy":"product_cat","embeddable":true,"href":"https:\/\/ellypara.com\/index.php\/wp-json\/wp\/v2\/product_cat?post=1634"},{"taxonomy":"product_tag","embeddable":true,"href":"https:\/\/ellypara.com\/index.php\/wp-json\/wp\/v2\/product_tag?post=1634"}],"curies":[{"name":"wp","href":"https:\/\/api.w.org\/{rel}","templated":true}]}}