{"id":164,"date":"2025-01-13T12:55:20","date_gmt":"2025-01-13T11:55:20","guid":{"rendered":"https:\/\/ellypara.com\/?post_type=product&#038;p=164"},"modified":"2025-01-13T12:55:20","modified_gmt":"2025-01-13T11:55:20","slug":"svr-ampoule-b-hydra-b3-concentre-repulpant-anti-rides-30ml","status":"publish","type":"product","link":"https:\/\/ellypara.com\/index.php\/produit\/svr-ampoule-b-hydra-b3-concentre-repulpant-anti-rides-30ml\/","title":{"rendered":"SVR Ampoule B HYDRA [B3] \u2013 Concentr\u00e9 Repulpant Anti-rides 30ML"},"content":{"rendered":"<p>&nbsp;<\/p>\n<p><strong>L\u2019Ampoule [B3] Hydra Concentr\u00e9 R\u00e9parateur 30ml<\/strong>\u00a0du laboratoire\u00a0<strong>SVR<\/strong>\u00a0est un concentr\u00e9 r\u00e9parateur, repulpant et anti-rides con\u00e7u pour agir sur les peaux d\u00e9shydrat\u00e9es, pr\u00e9sentant des rougeurs et des rides.<\/p>\n<p>Sa formule est compos\u00e9e d\u2019ingr\u00e9dients b\u00e9n\u00e9fiques pour am\u00e9liorer la qualit\u00e9 de la peau :<\/p>\n<p>vitamine B3 (5%) : renforce l\u2019\u00e9piderme et apaise la peau des irritations<br \/>\ntrio d\u2019acides hyaluroniques : hydrate la peau en profondeur<br \/>\nJour apr\u00e8s jour, la peau se repulpe et retrouve fermet\u00e9 et \u00e9lasticit\u00e9.<\/p>\n<p>&nbsp;<\/p>\n<p><strong>Ampoule B 30ml<\/strong><\/p>\n<p>Peaux sensibles, d\u00e9shydrat\u00e9es, inconforts, rides.<br \/>\nCe s\u00e9rum ultra-concentr\u00e9 en vitamine B3 apaise et renforce l\u2019\u00e9piderme. L\u2019association de 3 Acides Hyaluroniques recharge durablement les r\u00e9serves hydriques de la peau. Les tiraillements et les inconforts sont r\u00e9duits imm\u00e9diatement. Jour apr\u00e8s jour, la peau se repulpe et les signes de l\u2019\u00e2ge sont estomp\u00e9s.<\/p>\n<p><strong>CONSEIL D\u2019UTILISATION SVR [B3]<\/strong><\/p>\n<p>Appliquer matin et soir avant le soin quotidien ou m\u00e9langer directement \u00e0 la cr\u00e8me de jour.<\/p>\n<p>Eviter le contact avec les yeux.<\/p>\n<p>Indication : Soin anti-\u00e2ge.<\/p>\n<p><strong>COMPOSITION<\/strong><\/p>\n<p>Aqua\/Water\/Eau, Glycerin, Niacinamide, Isopentyldiol, Sodium Hyaluronate Crosspolymer, Hydrolyzed Hyaluronic Acid, Sodium Hyaluronate, 1,2-Hexanediol, Acrylates\/C10-30 Alkyl Acrylate Crosspolymer, Caprylyl Glycol, Pentylene Glycol, Sodium Hydroxide.<\/p>\n","protected":false},"excerpt":{"rendered":"<p>SVR<strong> [B3]<\/strong> Ampoule Hydra Concentr\u00e9 R\u00e9parateur 30 ml est un s\u00e9rum <strong>ultra-concentr\u00e9<\/strong> en vitamine <strong>B3 (5%)<\/strong> et de 3 Acides Hyaluroniques.<\/p>\n","protected":false},"featured_media":165,"comment_status":"open","ping_status":"closed","template":"","meta":{"ocean_post_layout":"","ocean_both_sidebars_style":"","ocean_both_sidebars_content_width":0,"ocean_both_sidebars_sidebars_width":0,"ocean_sidebar":"0","ocean_second_sidebar":"0","ocean_disable_margins":"enable","ocean_add_body_class":"","ocean_shortcode_before_top_bar":"","ocean_shortcode_after_top_bar":"","ocean_shortcode_before_header":"","ocean_shortcode_after_header":"","ocean_has_shortcode":"","ocean_shortcode_after_title":"","ocean_shortcode_before_footer_widgets":"","ocean_shortcode_after_footer_widgets":"","ocean_shortcode_before_footer_bottom":"","ocean_shortcode_after_footer_bottom":"","ocean_display_top_bar":"default","ocean_display_header":"default","ocean_header_style":"","ocean_center_header_left_menu":"0","ocean_custom_header_template":"0","ocean_custom_logo":0,"ocean_custom_retina_logo":0,"ocean_custom_logo_max_width":0,"ocean_custom_logo_tablet_max_width":0,"ocean_custom_logo_mobile_max_width":0,"ocean_custom_logo_max_height":0,"ocean_custom_logo_tablet_max_height":0,"ocean_custom_logo_mobile_max_height":0,"ocean_header_custom_menu":"0","ocean_menu_typo_font_family":"0","ocean_menu_typo_font_subset":"","ocean_menu_typo_font_size":0,"ocean_menu_typo_font_size_tablet":0,"ocean_menu_typo_font_size_mobile":0,"ocean_menu_typo_font_size_unit":"px","ocean_menu_typo_font_weight":"","ocean_menu_typo_font_weight_tablet":"","ocean_menu_typo_font_weight_mobile":"","ocean_menu_typo_transform":"","ocean_menu_typo_transform_tablet":"","ocean_menu_typo_transform_mobile":"","ocean_menu_typo_line_height":0,"ocean_menu_typo_line_height_tablet":0,"ocean_menu_typo_line_height_mobile":0,"ocean_menu_typo_line_height_unit":"","ocean_menu_typo_spacing":0,"ocean_menu_typo_spacing_tablet":0,"ocean_menu_typo_spacing_mobile":0,"ocean_menu_typo_spacing_unit":"","ocean_menu_link_color":"","ocean_menu_link_color_hover":"","ocean_menu_link_color_active":"","ocean_menu_link_background":"","ocean_menu_link_hover_background":"","ocean_menu_link_active_background":"","ocean_menu_social_links_bg":"","ocean_menu_social_hover_links_bg":"","ocean_menu_social_links_color":"","ocean_menu_social_hover_links_color":"","ocean_disable_title":"default","ocean_disable_heading":"default","ocean_post_title":"","ocean_post_subheading":"","ocean_post_title_style":"","ocean_post_title_background_color":"","ocean_post_title_background":0,"ocean_post_title_bg_image_position":"","ocean_post_title_bg_image_attachment":"","ocean_post_title_bg_image_repeat":"","ocean_post_title_bg_image_size":"","ocean_post_title_height":0,"ocean_post_title_bg_overlay":0.5,"ocean_post_title_bg_overlay_color":"","ocean_disable_breadcrumbs":"default","ocean_breadcrumbs_color":"","ocean_breadcrumbs_separator_color":"","ocean_breadcrumbs_links_color":"","ocean_breadcrumbs_links_hover_color":"","ocean_display_footer_widgets":"default","ocean_display_footer_bottom":"default","ocean_custom_footer_template":"0"},"product_brand":[],"product_cat":[26,35],"product_tag":[],"class_list":{"0":"post-164","1":"product","2":"type-product","3":"status-publish","4":"has-post-thumbnail","6":"product_cat-promo","7":"product_cat-soins-hydratants-et-nourrissants","9":"entry","10":"has-media","12":"first","13":"instock","14":"sale","15":"taxable","16":"shipping-taxable","17":"purchasable","18":"product-type-simple","19":"has-product-nav","20":"col","21":"span_1_of_3","22":"owp-content-center","23":"owp-thumbs-layout-horizontal","24":"owp-btn-normal","25":"owp-tabs-layout-horizontal"},"_links":{"self":[{"href":"https:\/\/ellypara.com\/index.php\/wp-json\/wp\/v2\/product\/164","targetHints":{"allow":["GET"]}}],"collection":[{"href":"https:\/\/ellypara.com\/index.php\/wp-json\/wp\/v2\/product"}],"about":[{"href":"https:\/\/ellypara.com\/index.php\/wp-json\/wp\/v2\/types\/product"}],"replies":[{"embeddable":true,"href":"https:\/\/ellypara.com\/index.php\/wp-json\/wp\/v2\/comments?post=164"}],"wp:featuredmedia":[{"embeddable":true,"href":"https:\/\/ellypara.com\/index.php\/wp-json\/wp\/v2\/media\/165"}],"wp:attachment":[{"href":"https:\/\/ellypara.com\/index.php\/wp-json\/wp\/v2\/media?parent=164"}],"wp:term":[{"taxonomy":"product_brand","embeddable":true,"href":"https:\/\/ellypara.com\/index.php\/wp-json\/wp\/v2\/product_brand?post=164"},{"taxonomy":"product_cat","embeddable":true,"href":"https:\/\/ellypara.com\/index.php\/wp-json\/wp\/v2\/product_cat?post=164"},{"taxonomy":"product_tag","embeddable":true,"href":"https:\/\/ellypara.com\/index.php\/wp-json\/wp\/v2\/product_tag?post=164"}],"curies":[{"name":"wp","href":"https:\/\/api.w.org\/{rel}","templated":true}]}}