{"id":1640,"date":"2025-04-22T22:13:54","date_gmt":"2025-04-22T20:13:54","guid":{"rendered":"https:\/\/ellypara.com\/?post_type=product&#038;p=1640"},"modified":"2025-04-22T22:13:54","modified_gmt":"2025-04-22T20:13:54","slug":"mustela-creme-hydratante-bio-visage-et-corps-150ml","status":"publish","type":"product","link":"https:\/\/ellypara.com\/index.php\/produit\/mustela-creme-hydratante-bio-visage-et-corps-150ml\/","title":{"rendered":"Mustela Cr\u00e8me hydratante Bio Visage et Corps 150ml"},"content":{"rendered":"<p>La\u00a0<strong>cr\u00e8me hydratante Bio Mustela<\/strong>\u00a0convient \u00e0\u00a0toute la famille et plus particuli\u00e8rement \u00e0 la peau fragile des nourrissons afin de lui procurer douceur et souplesse. Elle est d\u2019autant plus respectueuse de la sensibilit\u00e9 cutan\u00e9e qu\u2019elle s\u2019appuie sur une liste d\u2019ingr\u00e9dients \u00e0 99% d\u2019origine naturelle et choisis pour leurs qualit\u00e9s essentielles, sans substances superflues. La moiti\u00e9 des composants est d\u2019ailleurs issue directement de l\u2019<strong>agriculture biologique<\/strong>, dans un souci de pr\u00e9servation de l\u2019environnement.<\/p>\n<p>La\u00a0<strong>cr\u00e8me hydratante Mustela<\/strong>\u00a0contient, notamment, de la glyc\u00e9rine v\u00e9g\u00e9tale et de l\u2019extrait d\u2019<strong>aloe<\/strong><strong>\u00a0Vera<\/strong>, aux vertus humectantes essentielles \u00e0 la sant\u00e9 de la peau. Elles p\u00e9n\u00e8trent, en effet, parfaitement l\u2019\u00e9piderme dans le but de renforcer le tissu conjonctif de la peau et retenir les mol\u00e9cules d\u2019eau, maintenant ainsi une parfaite hydratation cutan\u00e9e. La peau est plus souple et douce. L\u2019<strong>huile d\u2019olive bio<\/strong>, qui compl\u00e8te la formule, contient des omega 6 et 9, des acides gras qui consolident le film hydrolipidique de la peau, v\u00e9ritable barri\u00e8re naturelle contre la d\u00e9shydratation et l\u2019agressivit\u00e9 de certaines bact\u00e9ries, responsables des irritations.<\/p>\n<p>Appliqu\u00e9e sur la peau des fesses, du corps, les mains et le visage du nourrisson, apr\u00e8s la toilette, cette\u00a0<strong>cr\u00e8me hydratante Bio Mustela<\/strong>\u00a0participe au confort cutan\u00e9 de votre enfant et peut \u00eatre \u00e9galement utilis\u00e9e par toute la famille.<\/p>\n<p>Elle est fabriqu\u00e9e en France et certifi\u00e9e Vegan.<\/p>\n<p>Pensez \u00e9galement au\u00a0Lait de toilette Mustela\u00a0sans rin\u00e7age\u00a0qui va nettoyer d\u00e9licatement la peau de b\u00e9b\u00e9,\u00a0l\u2019hydrater et la\u00a0rendre douce comme jamais.<\/p>\n<p><strong>Contenance :<\/strong>\u00a0Tube de 150 ml<\/p>\n<p><strong>CONSEILS D\u2019UTILISATION<\/strong><\/p>\n<p>Apr\u00e8s le bain ou la toilette, r\u00e9chauffez la cr\u00e8me entre vos mains et appliquez sur le visage et le corps en insistant sur les zones s\u00e8ches.<\/p>\n<p><iframe id=\"widget2\" title=\"Cr\u00e8me Hydratante certifi\u00e9e bio I Mustela\" src=\"https:\/\/www.youtube.com\/embed\/cRClQMMdQdE?feature=oembed&amp;enablejsapi=1&amp;origin=https:%2F%2Fwww.maparatunisie.tn\" width=\"1020\" height=\"574\" frameborder=\"0\" allowfullscreen=\"allowfullscreen\" data-gtm-yt-inspected-9=\"true\" data-mce-fragment=\"1\"><\/iframe><\/p>\n<p><strong>COMPOSITION<\/strong><\/p>\n<p>Aqua\/Water, Hellanthus Annuus (Sunflower) Seed oil, Glycerin, Polyglyceryl-3 Distearate, C10-18 Triglycerides, Olea Europaea (Olive) fruit oil*, Glyceryl Stearate Citrate, Levulinic Acid, Sclerotium Gum, Sodium Stearoyl Glutamate, Sodium Benzoate, Sodium Levulinate, Aloe Barbdensis, Leaf Juice Powder*, Tocopherol, Xanthan Gum<br \/>\n*Ingr\u00e9dients issus de l\u2019agriculture biologique.<\/p>\n","protected":false},"excerpt":{"rendered":"<p>La cr\u00e8me hydratante bio de MUSTELA peut \u00eatre utilis\u00e9e d\u00e8s la naissane.<br \/>\nElle permet d\u2019hydrater en profondeur la peau de votre b\u00e9b\u00e9, son visage et son corps.<\/p>\n","protected":false},"featured_media":1641,"comment_status":"open","ping_status":"closed","template":"","meta":{"ocean_post_layout":"","ocean_both_sidebars_style":"","ocean_both_sidebars_content_width":0,"ocean_both_sidebars_sidebars_width":0,"ocean_sidebar":"0","ocean_second_sidebar":"0","ocean_disable_margins":"enable","ocean_add_body_class":"","ocean_shortcode_before_top_bar":"","ocean_shortcode_after_top_bar":"","ocean_shortcode_before_header":"","ocean_shortcode_after_header":"","ocean_has_shortcode":"","ocean_shortcode_after_title":"","ocean_shortcode_before_footer_widgets":"","ocean_shortcode_after_footer_widgets":"","ocean_shortcode_before_footer_bottom":"","ocean_shortcode_after_footer_bottom":"","ocean_display_top_bar":"default","ocean_display_header":"default","ocean_header_style":"","ocean_center_header_left_menu":"0","ocean_custom_header_template":"0","ocean_custom_logo":0,"ocean_custom_retina_logo":0,"ocean_custom_logo_max_width":0,"ocean_custom_logo_tablet_max_width":0,"ocean_custom_logo_mobile_max_width":0,"ocean_custom_logo_max_height":0,"ocean_custom_logo_tablet_max_height":0,"ocean_custom_logo_mobile_max_height":0,"ocean_header_custom_menu":"0","ocean_menu_typo_font_family":"0","ocean_menu_typo_font_subset":"","ocean_menu_typo_font_size":0,"ocean_menu_typo_font_size_tablet":0,"ocean_menu_typo_font_size_mobile":0,"ocean_menu_typo_font_size_unit":"px","ocean_menu_typo_font_weight":"","ocean_menu_typo_font_weight_tablet":"","ocean_menu_typo_font_weight_mobile":"","ocean_menu_typo_transform":"","ocean_menu_typo_transform_tablet":"","ocean_menu_typo_transform_mobile":"","ocean_menu_typo_line_height":0,"ocean_menu_typo_line_height_tablet":0,"ocean_menu_typo_line_height_mobile":0,"ocean_menu_typo_line_height_unit":"","ocean_menu_typo_spacing":0,"ocean_menu_typo_spacing_tablet":0,"ocean_menu_typo_spacing_mobile":0,"ocean_menu_typo_spacing_unit":"","ocean_menu_link_color":"","ocean_menu_link_color_hover":"","ocean_menu_link_color_active":"","ocean_menu_link_background":"","ocean_menu_link_hover_background":"","ocean_menu_link_active_background":"","ocean_menu_social_links_bg":"","ocean_menu_social_hover_links_bg":"","ocean_menu_social_links_color":"","ocean_menu_social_hover_links_color":"","ocean_disable_title":"default","ocean_disable_heading":"default","ocean_post_title":"","ocean_post_subheading":"","ocean_post_title_style":"","ocean_post_title_background_color":"","ocean_post_title_background":0,"ocean_post_title_bg_image_position":"","ocean_post_title_bg_image_attachment":"","ocean_post_title_bg_image_repeat":"","ocean_post_title_bg_image_size":"","ocean_post_title_height":0,"ocean_post_title_bg_overlay":0.5,"ocean_post_title_bg_overlay_color":"","ocean_disable_breadcrumbs":"default","ocean_breadcrumbs_color":"","ocean_breadcrumbs_separator_color":"","ocean_breadcrumbs_links_color":"","ocean_breadcrumbs_links_hover_color":"","ocean_display_footer_widgets":"default","ocean_display_footer_bottom":"default","ocean_custom_footer_template":"0"},"product_brand":[],"product_cat":[24,57],"product_tag":[],"class_list":{"0":"post-1640","1":"product","2":"type-product","3":"status-publish","4":"has-post-thumbnail","6":"product_cat-bebe-et-maman","7":"product_cat-toilette-et-soin-bebe","9":"entry","10":"has-media","12":"first","13":"instock","14":"taxable","15":"shipping-taxable","16":"purchasable","17":"product-type-simple","18":"has-product-nav","19":"col","20":"span_1_of_3","21":"owp-content-center","22":"owp-thumbs-layout-horizontal","23":"owp-btn-normal","24":"owp-tabs-layout-horizontal","25":"has-no-thumbnails"},"_links":{"self":[{"href":"https:\/\/ellypara.com\/index.php\/wp-json\/wp\/v2\/product\/1640","targetHints":{"allow":["GET"]}}],"collection":[{"href":"https:\/\/ellypara.com\/index.php\/wp-json\/wp\/v2\/product"}],"about":[{"href":"https:\/\/ellypara.com\/index.php\/wp-json\/wp\/v2\/types\/product"}],"replies":[{"embeddable":true,"href":"https:\/\/ellypara.com\/index.php\/wp-json\/wp\/v2\/comments?post=1640"}],"wp:featuredmedia":[{"embeddable":true,"href":"https:\/\/ellypara.com\/index.php\/wp-json\/wp\/v2\/media\/1641"}],"wp:attachment":[{"href":"https:\/\/ellypara.com\/index.php\/wp-json\/wp\/v2\/media?parent=1640"}],"wp:term":[{"taxonomy":"product_brand","embeddable":true,"href":"https:\/\/ellypara.com\/index.php\/wp-json\/wp\/v2\/product_brand?post=1640"},{"taxonomy":"product_cat","embeddable":true,"href":"https:\/\/ellypara.com\/index.php\/wp-json\/wp\/v2\/product_cat?post=1640"},{"taxonomy":"product_tag","embeddable":true,"href":"https:\/\/ellypara.com\/index.php\/wp-json\/wp\/v2\/product_tag?post=1640"}],"curies":[{"name":"wp","href":"https:\/\/api.w.org\/{rel}","templated":true}]}}