{"id":1655,"date":"2025-04-24T16:55:55","date_gmt":"2025-04-24T14:55:55","guid":{"rendered":"https:\/\/ellypara.com\/?post_type=product&#038;p=1655"},"modified":"2025-04-24T16:55:55","modified_gmt":"2025-04-24T14:55:55","slug":"mustela-eau-nettoyante-sans-rincage-300ml","status":"publish","type":"product","link":"https:\/\/ellypara.com\/index.php\/produit\/mustela-eau-nettoyante-sans-rincage-300ml\/","title":{"rendered":"MUSTELA Eau Nettoyante Sans Rin\u00e7age 300ml"},"content":{"rendered":"<p>L\u2019<strong>eau nettoyante sans rin\u00e7age \u00e0 l\u2019avocat Bio Mustela<\/strong>\u00a0est un soin nettoyant pour le visage et le si\u00e8ge de b\u00e9b\u00e9 capable de capturer toutes les impuret\u00e9s, m\u00eame les plus rebelles. Elle s\u2019utilise d\u00e8s la naissance sur la peau de b\u00e9b\u00e9.<\/p>\n<p><strong>BIENFAITS DE L\u2019EAU NETTOYANTE MUSTELA SANS RIN\u00c7AGE \u00c0 L\u2019AVOCAT BIO<\/strong><\/p>\n<p>Apr\u00e8s un repas ou au sortir de la sieste, b\u00e9b\u00e9 peut avoir besoin d\u2019un petit nettoyage rapide : c\u2019est pour intervenir dans ce genre de situations que l\u2019eau nettoyante sans rin\u00e7age \u00e0 l\u2019avocat Bio Mustela a \u00e9t\u00e9 d\u00e9velopp\u00e9e !<\/p>\n<p>Formul\u00e9e \u00e0 98% d\u2019ingr\u00e9dients d\u2019origine naturelle, l\u2019<strong>eau nettoyante sans rin\u00e7age \u00e0 l\u2019avocat Bio\u00a0Mustela<\/strong>\u00a0est id\u00e9ale pour d\u00e9barbouiller votre tout-petit sans avoir \u00e0 le mettre dans le bain. En un seul geste, elle capture les salet\u00e9s et les impuret\u00e9s de la peau de b\u00e9b\u00e9 tout en l\u2019enveloppant d\u2019un voile de douceur.\u00a0Gr\u00e2ce \u00e0 sa haute tol\u00e9rance cutan\u00e9e et oculaire, elle respecte la peau fragile et d\u00e9licate de b\u00e9b\u00e9.\u00a0Ce soin adoucit, apaise et hydrate la peau de b\u00e9b\u00e9 gr\u00e2ce notamment \u00e0 l\u2019Aloe Vera et l\u2019allanto\u00efne. La peau de b\u00e9b\u00e9 est parfaitement\u00a0<strong>nettoy\u00e9e\u00a0<\/strong>et\u00a0<strong>apais\u00e9e\u00a0<\/strong>!<\/p>\n<p><em>Produit fabriqu\u00e9 en France. Certifi\u00e9 Bio. Test\u00e9 sous contr\u00f4le dermatologique.\u00a0Sans paraben, sans phtalate, sans\u00a0phenoxyethanol. Sans alcool, sans savon, pH neutre. Formule V\u00e9gan.<\/em><\/p>\n<p><u>Pr\u00e9sentations propos\u00e9es par votre\u00a0parapharmacie en ligne<\/u>\u00a0:<\/p>\n<ul>\n<li>Flacon-pompe de 300 ml ;<\/li>\n<li>MUSTELA Eau Nettoyante Sans Rin\u00e7age 500 ml.<\/li>\n<\/ul>\n<p><i class=\"fa fa-fw fa-user-md\"><\/i><strong>\u00a0CONSEIL DU PHARMACIEN SUR MUSTELA EAU NETTOYANTE SANS RIN\u00c7AGE \u00c0 L\u2019AVOCAT<\/strong><\/p>\n<p>Appliquez une ou deux doses du produit lavant sur un coton, la pompe doseuse permet de d\u00e9livrer la dose exacte d\u2019une seule main. Nettoyez d\u00e9licatement le visage et\/ou le si\u00e8ge de votre b\u00e9b\u00e9. Renouvelez l\u2019op\u00e9ration jusqu\u2019\u00e0 ce que le coton soit parfaitement propre. Inutile de rincer. S\u00e9chez, sans frotter, en tamponnant le si\u00e8ge et les plis cutan\u00e9s.<\/p>\n<p>Vous pouvez ensuite parfaire l\u2019hydratation de la peau de votre b\u00e9b\u00e9 avec le\u00a0lait Mustela Hydra \u00e0 l\u2019avocat Bio.<\/p>\n<p><iframe id=\"widget2\" title=\"COMMENT BIEN UTILISER ? L'Eau Nettoyante Sans Rin\u00e7age | Mustela\" src=\"https:\/\/www.youtube.com\/embed\/Zip354Lx4a4?feature=oembed&amp;enablejsapi=1&amp;origin=https:%2F%2Fwww.maparatunisie.tn\" width=\"1020\" height=\"574\" frameborder=\"0\" allowfullscreen=\"allowfullscreen\" data-gtm-yt-inspected-9=\"true\" data-mce-fragment=\"1\"><\/iframe><\/p>\n<p><strong>Composition<\/strong><\/p>\n<p>AQUA\/WATER\/EAU, GLYCERIN, SODIUM BENZOATE, PEG-40 HYDROGENATED CASTOR OIL, 1,2-HEXANEDIOL, ALLANTOIN, CAPRYLYL GLYCOL, PARFUM (FRAGRANCE), TARTARIC ACID, SODIUM HYDROXIDE, ALOE BARBADENSIS LEAF JUICE POWDER, PERSEA GRATISSIMA (AVOCADO) FRUIT EXTRACT, PROPYLENE GLYCOL, SAPONARIA OFFICINALIS LEAF\/ROOT EXTRACT.<\/p>\n","protected":false},"excerpt":{"rendered":"<p>L\u2019<strong>eau nettoyante sans rin\u00e7age \u00e0 l\u2019avocat Bio Mustela<\/strong>\u00a0est un soin nettoyant pour le visage et le si\u00e8ge de b\u00e9b\u00e9 capable de capturer toutes les impuret\u00e9s, m\u00eame les plus rebelles. Elle s\u2019utilise d\u00e8s la naissance sur la peau de b\u00e9b\u00e9.<\/p>\n","protected":false},"featured_media":1656,"comment_status":"open","ping_status":"closed","template":"","meta":{"ocean_post_layout":"","ocean_both_sidebars_style":"","ocean_both_sidebars_content_width":0,"ocean_both_sidebars_sidebars_width":0,"ocean_sidebar":"0","ocean_second_sidebar":"0","ocean_disable_margins":"enable","ocean_add_body_class":"","ocean_shortcode_before_top_bar":"","ocean_shortcode_after_top_bar":"","ocean_shortcode_before_header":"","ocean_shortcode_after_header":"","ocean_has_shortcode":"","ocean_shortcode_after_title":"","ocean_shortcode_before_footer_widgets":"","ocean_shortcode_after_footer_widgets":"","ocean_shortcode_before_footer_bottom":"","ocean_shortcode_after_footer_bottom":"","ocean_display_top_bar":"default","ocean_display_header":"default","ocean_header_style":"","ocean_center_header_left_menu":"0","ocean_custom_header_template":"0","ocean_custom_logo":0,"ocean_custom_retina_logo":0,"ocean_custom_logo_max_width":0,"ocean_custom_logo_tablet_max_width":0,"ocean_custom_logo_mobile_max_width":0,"ocean_custom_logo_max_height":0,"ocean_custom_logo_tablet_max_height":0,"ocean_custom_logo_mobile_max_height":0,"ocean_header_custom_menu":"0","ocean_menu_typo_font_family":"0","ocean_menu_typo_font_subset":"","ocean_menu_typo_font_size":0,"ocean_menu_typo_font_size_tablet":0,"ocean_menu_typo_font_size_mobile":0,"ocean_menu_typo_font_size_unit":"px","ocean_menu_typo_font_weight":"","ocean_menu_typo_font_weight_tablet":"","ocean_menu_typo_font_weight_mobile":"","ocean_menu_typo_transform":"","ocean_menu_typo_transform_tablet":"","ocean_menu_typo_transform_mobile":"","ocean_menu_typo_line_height":0,"ocean_menu_typo_line_height_tablet":0,"ocean_menu_typo_line_height_mobile":0,"ocean_menu_typo_line_height_unit":"","ocean_menu_typo_spacing":0,"ocean_menu_typo_spacing_tablet":0,"ocean_menu_typo_spacing_mobile":0,"ocean_menu_typo_spacing_unit":"","ocean_menu_link_color":"","ocean_menu_link_color_hover":"","ocean_menu_link_color_active":"","ocean_menu_link_background":"","ocean_menu_link_hover_background":"","ocean_menu_link_active_background":"","ocean_menu_social_links_bg":"","ocean_menu_social_hover_links_bg":"","ocean_menu_social_links_color":"","ocean_menu_social_hover_links_color":"","ocean_disable_title":"default","ocean_disable_heading":"default","ocean_post_title":"","ocean_post_subheading":"","ocean_post_title_style":"","ocean_post_title_background_color":"","ocean_post_title_background":0,"ocean_post_title_bg_image_position":"","ocean_post_title_bg_image_attachment":"","ocean_post_title_bg_image_repeat":"","ocean_post_title_bg_image_size":"","ocean_post_title_height":0,"ocean_post_title_bg_overlay":0.5,"ocean_post_title_bg_overlay_color":"","ocean_disable_breadcrumbs":"default","ocean_breadcrumbs_color":"","ocean_breadcrumbs_separator_color":"","ocean_breadcrumbs_links_color":"","ocean_breadcrumbs_links_hover_color":"","ocean_display_footer_widgets":"default","ocean_display_footer_bottom":"default","ocean_custom_footer_template":"0"},"product_brand":[],"product_cat":[24,57],"product_tag":[],"class_list":{"0":"post-1655","1":"product","2":"type-product","3":"status-publish","4":"has-post-thumbnail","6":"product_cat-bebe-et-maman","7":"product_cat-toilette-et-soin-bebe","9":"entry","10":"has-media","12":"first","13":"instock","14":"taxable","15":"shipping-taxable","16":"purchasable","17":"product-type-simple","18":"has-product-nav","19":"col","20":"span_1_of_3","21":"owp-content-center","22":"owp-thumbs-layout-horizontal","23":"owp-btn-normal","24":"owp-tabs-layout-horizontal","25":"has-no-thumbnails"},"_links":{"self":[{"href":"https:\/\/ellypara.com\/index.php\/wp-json\/wp\/v2\/product\/1655","targetHints":{"allow":["GET"]}}],"collection":[{"href":"https:\/\/ellypara.com\/index.php\/wp-json\/wp\/v2\/product"}],"about":[{"href":"https:\/\/ellypara.com\/index.php\/wp-json\/wp\/v2\/types\/product"}],"replies":[{"embeddable":true,"href":"https:\/\/ellypara.com\/index.php\/wp-json\/wp\/v2\/comments?post=1655"}],"wp:featuredmedia":[{"embeddable":true,"href":"https:\/\/ellypara.com\/index.php\/wp-json\/wp\/v2\/media\/1656"}],"wp:attachment":[{"href":"https:\/\/ellypara.com\/index.php\/wp-json\/wp\/v2\/media?parent=1655"}],"wp:term":[{"taxonomy":"product_brand","embeddable":true,"href":"https:\/\/ellypara.com\/index.php\/wp-json\/wp\/v2\/product_brand?post=1655"},{"taxonomy":"product_cat","embeddable":true,"href":"https:\/\/ellypara.com\/index.php\/wp-json\/wp\/v2\/product_cat?post=1655"},{"taxonomy":"product_tag","embeddable":true,"href":"https:\/\/ellypara.com\/index.php\/wp-json\/wp\/v2\/product_tag?post=1655"}],"curies":[{"name":"wp","href":"https:\/\/api.w.org\/{rel}","templated":true}]}}