{"id":1657,"date":"2025-04-24T17:17:40","date_gmt":"2025-04-24T15:17:40","guid":{"rendered":"https:\/\/ellypara.com\/?post_type=product&#038;p=1657"},"modified":"2025-04-24T17:17:40","modified_gmt":"2025-04-24T15:17:40","slug":"mustela-eau-rafraichissante-et-coiffante-200ml","status":"publish","type":"product","link":"https:\/\/ellypara.com\/index.php\/produit\/mustela-eau-rafraichissante-et-coiffante-200ml\/","title":{"rendered":"MUSTELA Eau Rafraichissante et Coiffante 200ml"},"content":{"rendered":"<p>L\u2019<strong>eau rafra\u00eechissante et coiffante de Mustela<\/strong>\u00a0est con\u00e7ue pour<strong>\u00a0rafra\u00eechir votre b\u00e9b\u00e9 au quotidien ou le coiffer avec facilit\u00e9<\/strong>. Elle peut s\u2019employer d\u00e8s la naissance et est parfaitement adapt\u00e9e aux peaux normales.<\/p>\n<p>L\u2019eau rafra\u00eechissante et coiffante Mustela a\u00a0\u00e9t\u00e9 test\u00e9e sous contr\u00f4le dermatologique et p\u00e9diatrique afin de garantir le moins de risques allergiques possible. Elle poss\u00e8de une haute tol\u00e9rance.<\/p>\n<p>Cette eau laisse la peau du nourrisson plus douce et parfum\u00e9e et ses cheveux parfaitement d\u00e9m\u00eal\u00e9s. Elle contient de l\u2019eau florale de camomille qui fait b\u00e9n\u00e9ficier la peau et le cuir chevelu de ses bienfaits apaisants, purifiants et r\u00e9gulateurs. Elle contribue \u00e0 adoucir l\u2019\u00e9piderme et \u00e0 r\u00e9duire les risques d\u2019irritations, en particulier\u00a0chez les personnes sensibles comme les enfants et les nourrissons.<\/p>\n<p>Cette eau rafra\u00eechissante et coiffante de Mustela est pr\u00e9sent\u00e9e sous forme de spray pour une utilisation plus pratique et confortable.<br \/>\nB\u00e9n\u00e9ficiez d\u2019un flacon de 200 ml pour une utilisation longue dur\u00e9e et \u00e9conomique\u00a0!<\/p>\n<p>Ce produit a \u00e9t\u00e9 \u00e9labor\u00e9 par la marque Mustela. Elle existe depuis plus de 60 ans et d\u00e9veloppe des solutions efficaces pour prendre soin de la peau des b\u00e9b\u00e9s. Mustela propose \u00e9galement des produits de soin pour accompagner les\u00a0femmes enceintes ou venant d\u2019accoucher.<\/p>\n<p>Et pour le\u00a0change et d\u00e9barbouiller b\u00e9b\u00e9 \u00e0 tout moment de la journ\u00e9e, pensez aux\u00a0Lingettes de coton Bio \u00e0 l\u2019eau Mustela.<\/p>\n<p><strong>Conditionnement\u00a0<\/strong>: spray de 200 ml<\/p>\n<p><strong>CONSEILS D\u2019UTILISATION<\/strong><\/p>\n<p>Vaporisez l\u2019eau rafra\u00eechissante et coiffante sur la peau et les cheveux, lors de la toilette quotidienne.<\/p>\n<p><iframe id=\"widget2\" title=\"COMMENT BIEN UTILISER ? L'Eau rafra\u00eechissante et coiffante | Mustela\" src=\"https:\/\/www.youtube.com\/embed\/3-uzmYHYH7Y?feature=oembed&amp;enablejsapi=1&amp;origin=https:%2F%2Fwww.maparatunisie.tn\" width=\"1020\" height=\"574\" frameborder=\"0\" allowfullscreen=\"allowfullscreen\" data-gtm-yt-inspected-9=\"true\" data-mce-fragment=\"1\"><\/iframe><\/p>\n<p><strong>COMPOSITION<\/strong><\/p>\n<p>Aqua\/Water\/Eau, Inulin, Lauryl Glucoside, Polyglyceryl-6, Laurate, Parfum (fragrance), Myristil Glucoside Sodium Benzoate, 1,2-Hexanediol, Caprylyl Glycol, Triisodium Ethylenediamine Disuccinate, Citric Acid, Chamomilla recutita (matricaria) Flower water, Potassium sorbate.<\/p>\n","protected":false},"excerpt":{"rendered":"<p>Mustela Peau Normale eau rafra\u00eechissante et coiffante, Rafra\u00eechir la peau et coiffer les cheveux de b\u00e9b\u00e9<\/p>\n","protected":false},"featured_media":1658,"comment_status":"open","ping_status":"closed","template":"","meta":{"ocean_post_layout":"","ocean_both_sidebars_style":"","ocean_both_sidebars_content_width":0,"ocean_both_sidebars_sidebars_width":0,"ocean_sidebar":"0","ocean_second_sidebar":"0","ocean_disable_margins":"enable","ocean_add_body_class":"","ocean_shortcode_before_top_bar":"","ocean_shortcode_after_top_bar":"","ocean_shortcode_before_header":"","ocean_shortcode_after_header":"","ocean_has_shortcode":"","ocean_shortcode_after_title":"","ocean_shortcode_before_footer_widgets":"","ocean_shortcode_after_footer_widgets":"","ocean_shortcode_before_footer_bottom":"","ocean_shortcode_after_footer_bottom":"","ocean_display_top_bar":"default","ocean_display_header":"default","ocean_header_style":"","ocean_center_header_left_menu":"0","ocean_custom_header_template":"0","ocean_custom_logo":0,"ocean_custom_retina_logo":0,"ocean_custom_logo_max_width":0,"ocean_custom_logo_tablet_max_width":0,"ocean_custom_logo_mobile_max_width":0,"ocean_custom_logo_max_height":0,"ocean_custom_logo_tablet_max_height":0,"ocean_custom_logo_mobile_max_height":0,"ocean_header_custom_menu":"0","ocean_menu_typo_font_family":"0","ocean_menu_typo_font_subset":"","ocean_menu_typo_font_size":0,"ocean_menu_typo_font_size_tablet":0,"ocean_menu_typo_font_size_mobile":0,"ocean_menu_typo_font_size_unit":"px","ocean_menu_typo_font_weight":"","ocean_menu_typo_font_weight_tablet":"","ocean_menu_typo_font_weight_mobile":"","ocean_menu_typo_transform":"","ocean_menu_typo_transform_tablet":"","ocean_menu_typo_transform_mobile":"","ocean_menu_typo_line_height":0,"ocean_menu_typo_line_height_tablet":0,"ocean_menu_typo_line_height_mobile":0,"ocean_menu_typo_line_height_unit":"","ocean_menu_typo_spacing":0,"ocean_menu_typo_spacing_tablet":0,"ocean_menu_typo_spacing_mobile":0,"ocean_menu_typo_spacing_unit":"","ocean_menu_link_color":"","ocean_menu_link_color_hover":"","ocean_menu_link_color_active":"","ocean_menu_link_background":"","ocean_menu_link_hover_background":"","ocean_menu_link_active_background":"","ocean_menu_social_links_bg":"","ocean_menu_social_hover_links_bg":"","ocean_menu_social_links_color":"","ocean_menu_social_hover_links_color":"","ocean_disable_title":"default","ocean_disable_heading":"default","ocean_post_title":"","ocean_post_subheading":"","ocean_post_title_style":"","ocean_post_title_background_color":"","ocean_post_title_background":0,"ocean_post_title_bg_image_position":"","ocean_post_title_bg_image_attachment":"","ocean_post_title_bg_image_repeat":"","ocean_post_title_bg_image_size":"","ocean_post_title_height":0,"ocean_post_title_bg_overlay":0.5,"ocean_post_title_bg_overlay_color":"","ocean_disable_breadcrumbs":"default","ocean_breadcrumbs_color":"","ocean_breadcrumbs_separator_color":"","ocean_breadcrumbs_links_color":"","ocean_breadcrumbs_links_hover_color":"","ocean_display_footer_widgets":"default","ocean_display_footer_bottom":"default","ocean_custom_footer_template":"0"},"product_brand":[],"product_cat":[24,57],"product_tag":[],"class_list":{"0":"post-1657","1":"product","2":"type-product","3":"status-publish","4":"has-post-thumbnail","6":"product_cat-bebe-et-maman","7":"product_cat-toilette-et-soin-bebe","9":"entry","10":"has-media","12":"first","13":"instock","14":"taxable","15":"shipping-taxable","16":"purchasable","17":"product-type-simple","18":"has-product-nav","19":"col","20":"span_1_of_3","21":"owp-content-center","22":"owp-thumbs-layout-horizontal","23":"owp-btn-normal","24":"owp-tabs-layout-horizontal","25":"has-no-thumbnails"},"_links":{"self":[{"href":"https:\/\/ellypara.com\/index.php\/wp-json\/wp\/v2\/product\/1657","targetHints":{"allow":["GET"]}}],"collection":[{"href":"https:\/\/ellypara.com\/index.php\/wp-json\/wp\/v2\/product"}],"about":[{"href":"https:\/\/ellypara.com\/index.php\/wp-json\/wp\/v2\/types\/product"}],"replies":[{"embeddable":true,"href":"https:\/\/ellypara.com\/index.php\/wp-json\/wp\/v2\/comments?post=1657"}],"wp:featuredmedia":[{"embeddable":true,"href":"https:\/\/ellypara.com\/index.php\/wp-json\/wp\/v2\/media\/1658"}],"wp:attachment":[{"href":"https:\/\/ellypara.com\/index.php\/wp-json\/wp\/v2\/media?parent=1657"}],"wp:term":[{"taxonomy":"product_brand","embeddable":true,"href":"https:\/\/ellypara.com\/index.php\/wp-json\/wp\/v2\/product_brand?post=1657"},{"taxonomy":"product_cat","embeddable":true,"href":"https:\/\/ellypara.com\/index.php\/wp-json\/wp\/v2\/product_cat?post=1657"},{"taxonomy":"product_tag","embeddable":true,"href":"https:\/\/ellypara.com\/index.php\/wp-json\/wp\/v2\/product_tag?post=1657"}],"curies":[{"name":"wp","href":"https:\/\/api.w.org\/{rel}","templated":true}]}}