{"id":1659,"date":"2025-04-24T18:20:55","date_gmt":"2025-04-24T16:20:55","guid":{"rendered":"https:\/\/ellypara.com\/?post_type=product&#038;p=1659"},"modified":"2025-04-24T18:20:55","modified_gmt":"2025-04-24T16:20:55","slug":"mustela-lait-solaire-tres-haute-protection-spf-50-100-ml","status":"publish","type":"product","link":"https:\/\/ellypara.com\/index.php\/produit\/mustela-lait-solaire-tres-haute-protection-spf-50-100-ml\/","title":{"rendered":"Mustela Lait Solaire Tr\u00e8s Haute Protection SPF 50+ 100 ml"},"content":{"rendered":"<p>Le\u00a0<strong>lait solaire SPF\u00a050+<\/strong>\u00a0<strong>Mustela<\/strong>\u00a0b\u00e9n\u00e9fice d\u2019une tr\u00e8s haute protection contre les agressions du soleil, au travers notamment de\u00a0ses rayons UV. Il pr\u00e9sente l\u2019avantage d\u2019\u00eatre efficace sur tous les types de peau et de couvrir l\u2019ensemble de la famille, m\u00eame les plus petits puisqu\u2019il est applicable d\u00e8s la naissance. De plus, outre sa capacit\u00e9 \u00e0 former un bouclier sur la peau, il contribue \u00e0 sa bonne nutrition et \u00e0 son hydratation en profondeur.<\/p>\n<p>Les rayons UV qui p\u00e9n\u00e8trent dans notre atmosph\u00e8re sont peut-\u00eatre les moins n\u00e9fastes du spectre solaire, mais\u00a0restent n\u00e9anmoins tr\u00e8s nocifs pour la peau. Ils se distinguent en deux types, les UVB dont l\u2019impact se mesure \u00e0 l\u2019intensit\u00e9 de l\u2019\u00e9chauffement occasionn\u00e9 par un coup de soleil \u00e0 la surface de l\u2019\u00e9piderme, et les UVA dont la longueur d\u2019onde leur permet d\u2019atteindre les couches plus profondes du derme et de cibler les m\u00e9tabolismes cellulaires avec comme cons\u00e9quence l\u2019apparition de taches pigmentaires et le d\u00e9veloppement de cancer. Plus la peau est fine, telle que celle des b\u00e9b\u00e9s et des enfants, plus elle est perm\u00e9able.<\/p>\n<p>Gr\u00e2ce \u00e0 ses filtres anti UV d\u2019indice SPF\u00a050+, le\u00a0<strong>lait\u00a0solaire Mustela<\/strong>\u00a0assure une protection tr\u00e8s \u00e9lev\u00e9e contre les rayons du soleil, mais ne s\u2019arr\u00eate pas l\u00e0 puisqu\u2019il s\u2019appuie sur la pr\u00e9sence de pers\u00e9ose d\u2019avocat, une mol\u00e9cule naturellement pr\u00e9sente dans le fruit est missionn\u00e9e pour l\u2019aider \u00e0 se d\u00e9velopper lors de sa maturation. Elle agit de la m\u00eame mani\u00e8re sur le r\u00e9seau cellulaire dont elle accompagne la bonne r\u00e9g\u00e9n\u00e9ration. Coupl\u00e9e aux acides gras issus d\u2019huile v\u00e9g\u00e9tale (avocat et tournesol), elle renforce la barri\u00e8re cutan\u00e9e et freine la d\u00e9shydratation du derme.<\/p>\n<p>R\u00e9sistant \u00e0 l\u2019eau, le\u00a0<strong>lait solaire SPF\u00a050+ Mustela<\/strong>\u00a0est aussi respectueux de l\u2019environnement et plus pr\u00e9cis\u00e9ment des oc\u00e9ans. Sa couverture n\u2019est toutefois pas \u00e9ternelle et doit \u00eatre renouvel\u00e9e r\u00e9guli\u00e8rement, tout le temps de l\u2019exposition. La marque propose \u00e9galement son produit solaire sous la forme d\u2019un\u00a0spray de haute protection SPF\u00a050\u00a0pour une application plus simple.<\/p>\n<p><strong>CONSEILS D\u2019UTILISATION<\/strong><\/p>\n<p>Appliquer g\u00e9n\u00e9reusement et de fa\u00e7on uniforme sur le visage et le corps avant l\u2019exposition,<br \/>\nRenouveler toutes les deux heures, apr\u00e8s chaque baignade sur peau s\u00e8che et en cas de transpiration,<br \/>\nNe pas exposer directement les enfants les plus jeunes.<\/p>\n<p><strong>COMPOSITION<\/strong><\/p>\n<p>Aqua (water), Caprylic\/capric Triglyceride, Dicaprylyl Carbonate, Diethylamino Hydroxybenzoyl Hexyl Benzoate, Bis-Ethylhexyloxyphenol Methoxyphenyl Triazine, Diethylhexyl Butamido Triazone, Glycerin, Cetyl Alcohol, Ethylhexyl Triazone, C20-22 Alkyl Phosphate, C20-22 Alcohols, Arginine, 1,2-Hexanediol, Glyceryl Caprylate, Persea Gratissima (Avocado) Oil, Tocopherol, Caprylyl Glycol, Xanthan Gum, Helianthus Annuus (Sunflower) Seed Oil, Acrylates\/C10-30 Alkyl Acrylate Crosspolymer, Persea Gratissima (Avocado) Fruit Extract.<\/p>\n","protected":false},"excerpt":{"rendered":"<p>Le\u00a0<strong>lait solaire SPF\u00a050+<\/strong>\u00a0<strong>Mustela<\/strong>\u00a0b\u00e9n\u00e9fice d\u2019une tr\u00e8s haute protection contre les agressions du soleil, au travers notamment de\u00a0ses rayons UV.<\/p>\n","protected":false},"featured_media":1661,"comment_status":"open","ping_status":"closed","template":"","meta":{"ocean_post_layout":"","ocean_both_sidebars_style":"","ocean_both_sidebars_content_width":0,"ocean_both_sidebars_sidebars_width":0,"ocean_sidebar":"0","ocean_second_sidebar":"0","ocean_disable_margins":"enable","ocean_add_body_class":"","ocean_shortcode_before_top_bar":"","ocean_shortcode_after_top_bar":"","ocean_shortcode_before_header":"","ocean_shortcode_after_header":"","ocean_has_shortcode":"","ocean_shortcode_after_title":"","ocean_shortcode_before_footer_widgets":"","ocean_shortcode_after_footer_widgets":"","ocean_shortcode_before_footer_bottom":"","ocean_shortcode_after_footer_bottom":"","ocean_display_top_bar":"default","ocean_display_header":"default","ocean_header_style":"","ocean_center_header_left_menu":"0","ocean_custom_header_template":"0","ocean_custom_logo":0,"ocean_custom_retina_logo":0,"ocean_custom_logo_max_width":0,"ocean_custom_logo_tablet_max_width":0,"ocean_custom_logo_mobile_max_width":0,"ocean_custom_logo_max_height":0,"ocean_custom_logo_tablet_max_height":0,"ocean_custom_logo_mobile_max_height":0,"ocean_header_custom_menu":"0","ocean_menu_typo_font_family":"0","ocean_menu_typo_font_subset":"","ocean_menu_typo_font_size":0,"ocean_menu_typo_font_size_tablet":0,"ocean_menu_typo_font_size_mobile":0,"ocean_menu_typo_font_size_unit":"px","ocean_menu_typo_font_weight":"","ocean_menu_typo_font_weight_tablet":"","ocean_menu_typo_font_weight_mobile":"","ocean_menu_typo_transform":"","ocean_menu_typo_transform_tablet":"","ocean_menu_typo_transform_mobile":"","ocean_menu_typo_line_height":0,"ocean_menu_typo_line_height_tablet":0,"ocean_menu_typo_line_height_mobile":0,"ocean_menu_typo_line_height_unit":"","ocean_menu_typo_spacing":0,"ocean_menu_typo_spacing_tablet":0,"ocean_menu_typo_spacing_mobile":0,"ocean_menu_typo_spacing_unit":"","ocean_menu_link_color":"","ocean_menu_link_color_hover":"","ocean_menu_link_color_active":"","ocean_menu_link_background":"","ocean_menu_link_hover_background":"","ocean_menu_link_active_background":"","ocean_menu_social_links_bg":"","ocean_menu_social_hover_links_bg":"","ocean_menu_social_links_color":"","ocean_menu_social_hover_links_color":"","ocean_disable_title":"default","ocean_disable_heading":"default","ocean_post_title":"","ocean_post_subheading":"","ocean_post_title_style":"","ocean_post_title_background_color":"","ocean_post_title_background":0,"ocean_post_title_bg_image_position":"","ocean_post_title_bg_image_attachment":"","ocean_post_title_bg_image_repeat":"","ocean_post_title_bg_image_size":"","ocean_post_title_height":0,"ocean_post_title_bg_overlay":0.5,"ocean_post_title_bg_overlay_color":"","ocean_disable_breadcrumbs":"default","ocean_breadcrumbs_color":"","ocean_breadcrumbs_separator_color":"","ocean_breadcrumbs_links_color":"","ocean_breadcrumbs_links_hover_color":"","ocean_display_footer_widgets":"default","ocean_display_footer_bottom":"default","ocean_custom_footer_template":"0"},"product_brand":[],"product_cat":[72,20,79],"product_tag":[],"class_list":{"0":"post-1659","1":"product","2":"type-product","3":"status-publish","4":"has-post-thumbnail","6":"product_cat-protection-solaire-solaire","7":"product_cat-solaire","8":"product_cat-tout-type-de-peaux","10":"entry","11":"has-media","13":"first","14":"instock","15":"taxable","16":"shipping-taxable","17":"purchasable","18":"product-type-simple","19":"has-product-nav","20":"col","21":"span_1_of_3","22":"owp-content-center","23":"owp-thumbs-layout-horizontal","24":"owp-btn-normal","25":"owp-tabs-layout-horizontal"},"_links":{"self":[{"href":"https:\/\/ellypara.com\/index.php\/wp-json\/wp\/v2\/product\/1659","targetHints":{"allow":["GET"]}}],"collection":[{"href":"https:\/\/ellypara.com\/index.php\/wp-json\/wp\/v2\/product"}],"about":[{"href":"https:\/\/ellypara.com\/index.php\/wp-json\/wp\/v2\/types\/product"}],"replies":[{"embeddable":true,"href":"https:\/\/ellypara.com\/index.php\/wp-json\/wp\/v2\/comments?post=1659"}],"wp:featuredmedia":[{"embeddable":true,"href":"https:\/\/ellypara.com\/index.php\/wp-json\/wp\/v2\/media\/1661"}],"wp:attachment":[{"href":"https:\/\/ellypara.com\/index.php\/wp-json\/wp\/v2\/media?parent=1659"}],"wp:term":[{"taxonomy":"product_brand","embeddable":true,"href":"https:\/\/ellypara.com\/index.php\/wp-json\/wp\/v2\/product_brand?post=1659"},{"taxonomy":"product_cat","embeddable":true,"href":"https:\/\/ellypara.com\/index.php\/wp-json\/wp\/v2\/product_cat?post=1659"},{"taxonomy":"product_tag","embeddable":true,"href":"https:\/\/ellypara.com\/index.php\/wp-json\/wp\/v2\/product_tag?post=1659"}],"curies":[{"name":"wp","href":"https:\/\/api.w.org\/{rel}","templated":true}]}}