{"id":1667,"date":"2025-04-24T18:43:34","date_gmt":"2025-04-24T16:43:34","guid":{"rendered":"https:\/\/ellypara.com\/?post_type=product&#038;p=1667"},"modified":"2025-04-24T18:43:35","modified_gmt":"2025-04-24T16:43:35","slug":"mustela-huile-de-massage-bebe-a-lhuile-davocat-100ml","status":"publish","type":"product","link":"https:\/\/ellypara.com\/index.php\/produit\/mustela-huile-de-massage-bebe-a-lhuile-davocat-100ml\/","title":{"rendered":"MUSTELA Huile de Massage B\u00e9b\u00e9 \u00e0 l\u2019huile d\u2019avocat 100ml"},"content":{"rendered":"<p>L\u2019<strong>huile de massage Mustela<\/strong>\u00a0est utile pour le\u00a0<strong>massage-c\u00e2lin de b\u00e9b\u00e9<\/strong>. Le massage de votre enfant permet d\u2019enrichir la relation avec lui et contribue \u00e0 son d\u00e9veloppement. Cela a un effet positif sur le sommeil et contribue \u00e0 une bonne digestion. Le massage permet aussi de stimuler la circulation sanguine, ce qui favorise le transport de l\u2019oxyg\u00e8ne et maintient la temp\u00e9rature du corps.<\/p>\n<p>Enrichie en\u00a0<strong>huiles v\u00e9g\u00e9tales<\/strong>\u00a0d\u2019avocat, d\u2019amande douce et de grenade, cette huile de massage<strong>\u00a0hydrate intens\u00e9ment<\/strong>\u00a0et laisse un film protecteur. Ces ingr\u00e9dients sont r\u00e9put\u00e9s pour leurs propri\u00e9t\u00e9s nourrissantes, hydratantes, assouplissantes et adoucissantes. Elles p\u00e9n\u00e8trent facilement au fur et \u00e0 mesure du massage et ne laissent aucune sensation grasse d\u00e9sagr\u00e9able. L\u2019huile de massage Mustela permet aussi d\u2019<strong>apaiser rapidement<\/strong>\u00a0les \u00e9ventuelles sensations d\u2019inconfort, en particulier les tiraillements et les plaques de s\u00e9cheresse, qui sont des ph\u00e9nom\u00e8nes fr\u00e9quents chez les tout-petits, dont la peau est encore fragile.<\/p>\n<p>Le\u00a0<strong>massage de b\u00e9b\u00e9<\/strong>\u00a0est un moment de partage et d\u2019\u00e9change entre le nourrisson et ses parents. Il peut \u00eatre int\u00e9gr\u00e9 \u00e0 la routine de soins ou au rituel du coucher, pour apporter de la s\u00e9r\u00e9nit\u00e9. Afin d\u2019offrir une utilisation simple et \u00e9conomique, ce produit est conditionn\u00e9 sous forme de spray. Une petite quantit\u00e9 d\u2019huile permet de r\u00e9aliser un massage complet du corps de b\u00e9b\u00e9.<\/p>\n<p>Mustela est une des marques consacr\u00e9es au bien-\u00eatre des femmes enceintes, mamans et b\u00e9b\u00e9s les plus appr\u00e9ci\u00e9es en France. Ses gammes couvrent tous les besoins du quotidien, des soins de la peau aux accessoires de toilette.<\/p>\n<p><em>99 % d\u2019ingr\u00e9dients d\u2019origine naturelle \u2013 Test\u00e9 dermatologiquement \u2013 Formule vegan \u2013 Utilisable d\u00e8s la naissance<\/em><\/p>\n<p>Et pour laver b\u00e9b\u00e9 de la t\u00eate aux pieds, pensez au\u00a0Gel lavant bio Corps et cheveux Mustela \u00e0 l\u2019huile d\u2019olive.<\/p>\n<p><strong>Conditionnement<\/strong>\u00a0: spray de 100 ml<\/p>\n<p><strong>CONSEILS D\u2019UTILISATION<\/strong><\/p>\n<p>Vaporiser dans le creux de la main et masser le corps.<\/p>\n<p><iframe id=\"widget2\" title=\"COMMENT BIEN UTILISER ? L' Huile de Massage | Mustela\" src=\"https:\/\/www.youtube.com\/embed\/fdKw-QYr2LQ?feature=oembed&amp;enablejsapi=1&amp;origin=https:%2F%2Fwww.maparatunisie.tn\" width=\"1020\" height=\"574\" frameborder=\"0\" allowfullscreen=\"allowfullscreen\" data-gtm-yt-inspected-9=\"true\" data-mce-fragment=\"1\"><\/iframe><\/p>\n<p><strong>COMPOSITION<\/strong><\/p>\n<p>Helianthus Annuus (Sunflower) Seed oil, Persea Gratissima (Avocado) Oil, Parfum (Fragrance), Punica Granatum Seed Oil, Tocopherol<\/p>\n","protected":false},"excerpt":{"rendered":"<p>L\u2019<strong>huile de massage Mustela<\/strong>\u00a0est utile pour le\u00a0<strong>massage-c\u00e2lin de b\u00e9b\u00e9<\/strong>. Le massage de votre enfant permet d\u2019enrichir la relation avec lui et contribue \u00e0 son d\u00e9veloppement. Cela a un effet positif sur le sommeil et contribue \u00e0 une bonne digestion.<\/p>\n","protected":false},"featured_media":1668,"comment_status":"open","ping_status":"closed","template":"","meta":{"ocean_post_layout":"","ocean_both_sidebars_style":"","ocean_both_sidebars_content_width":0,"ocean_both_sidebars_sidebars_width":0,"ocean_sidebar":"0","ocean_second_sidebar":"0","ocean_disable_margins":"enable","ocean_add_body_class":"","ocean_shortcode_before_top_bar":"","ocean_shortcode_after_top_bar":"","ocean_shortcode_before_header":"","ocean_shortcode_after_header":"","ocean_has_shortcode":"","ocean_shortcode_after_title":"","ocean_shortcode_before_footer_widgets":"","ocean_shortcode_after_footer_widgets":"","ocean_shortcode_before_footer_bottom":"","ocean_shortcode_after_footer_bottom":"","ocean_display_top_bar":"default","ocean_display_header":"default","ocean_header_style":"","ocean_center_header_left_menu":"0","ocean_custom_header_template":"0","ocean_custom_logo":0,"ocean_custom_retina_logo":0,"ocean_custom_logo_max_width":0,"ocean_custom_logo_tablet_max_width":0,"ocean_custom_logo_mobile_max_width":0,"ocean_custom_logo_max_height":0,"ocean_custom_logo_tablet_max_height":0,"ocean_custom_logo_mobile_max_height":0,"ocean_header_custom_menu":"0","ocean_menu_typo_font_family":"0","ocean_menu_typo_font_subset":"","ocean_menu_typo_font_size":0,"ocean_menu_typo_font_size_tablet":0,"ocean_menu_typo_font_size_mobile":0,"ocean_menu_typo_font_size_unit":"px","ocean_menu_typo_font_weight":"","ocean_menu_typo_font_weight_tablet":"","ocean_menu_typo_font_weight_mobile":"","ocean_menu_typo_transform":"","ocean_menu_typo_transform_tablet":"","ocean_menu_typo_transform_mobile":"","ocean_menu_typo_line_height":0,"ocean_menu_typo_line_height_tablet":0,"ocean_menu_typo_line_height_mobile":0,"ocean_menu_typo_line_height_unit":"","ocean_menu_typo_spacing":0,"ocean_menu_typo_spacing_tablet":0,"ocean_menu_typo_spacing_mobile":0,"ocean_menu_typo_spacing_unit":"","ocean_menu_link_color":"","ocean_menu_link_color_hover":"","ocean_menu_link_color_active":"","ocean_menu_link_background":"","ocean_menu_link_hover_background":"","ocean_menu_link_active_background":"","ocean_menu_social_links_bg":"","ocean_menu_social_hover_links_bg":"","ocean_menu_social_links_color":"","ocean_menu_social_hover_links_color":"","ocean_disable_title":"default","ocean_disable_heading":"default","ocean_post_title":"","ocean_post_subheading":"","ocean_post_title_style":"","ocean_post_title_background_color":"","ocean_post_title_background":0,"ocean_post_title_bg_image_position":"","ocean_post_title_bg_image_attachment":"","ocean_post_title_bg_image_repeat":"","ocean_post_title_bg_image_size":"","ocean_post_title_height":0,"ocean_post_title_bg_overlay":0.5,"ocean_post_title_bg_overlay_color":"","ocean_disable_breadcrumbs":"default","ocean_breadcrumbs_color":"","ocean_breadcrumbs_separator_color":"","ocean_breadcrumbs_links_color":"","ocean_breadcrumbs_links_hover_color":"","ocean_display_footer_widgets":"default","ocean_display_footer_bottom":"default","ocean_custom_footer_template":"0"},"product_brand":[],"product_cat":[24,57],"product_tag":[],"class_list":{"0":"post-1667","1":"product","2":"type-product","3":"status-publish","4":"has-post-thumbnail","6":"product_cat-bebe-et-maman","7":"product_cat-toilette-et-soin-bebe","9":"entry","10":"has-media","12":"first","13":"instock","14":"taxable","15":"shipping-taxable","16":"purchasable","17":"product-type-simple","18":"has-product-nav","19":"col","20":"span_1_of_3","21":"owp-content-center","22":"owp-thumbs-layout-horizontal","23":"owp-btn-normal","24":"owp-tabs-layout-horizontal","25":"has-no-thumbnails"},"_links":{"self":[{"href":"https:\/\/ellypara.com\/index.php\/wp-json\/wp\/v2\/product\/1667","targetHints":{"allow":["GET"]}}],"collection":[{"href":"https:\/\/ellypara.com\/index.php\/wp-json\/wp\/v2\/product"}],"about":[{"href":"https:\/\/ellypara.com\/index.php\/wp-json\/wp\/v2\/types\/product"}],"replies":[{"embeddable":true,"href":"https:\/\/ellypara.com\/index.php\/wp-json\/wp\/v2\/comments?post=1667"}],"wp:featuredmedia":[{"embeddable":true,"href":"https:\/\/ellypara.com\/index.php\/wp-json\/wp\/v2\/media\/1668"}],"wp:attachment":[{"href":"https:\/\/ellypara.com\/index.php\/wp-json\/wp\/v2\/media?parent=1667"}],"wp:term":[{"taxonomy":"product_brand","embeddable":true,"href":"https:\/\/ellypara.com\/index.php\/wp-json\/wp\/v2\/product_brand?post=1667"},{"taxonomy":"product_cat","embeddable":true,"href":"https:\/\/ellypara.com\/index.php\/wp-json\/wp\/v2\/product_cat?post=1667"},{"taxonomy":"product_tag","embeddable":true,"href":"https:\/\/ellypara.com\/index.php\/wp-json\/wp\/v2\/product_tag?post=1667"}],"curies":[{"name":"wp","href":"https:\/\/api.w.org\/{rel}","templated":true}]}}