{"id":167,"date":"2025-01-13T13:03:14","date_gmt":"2025-01-13T12:03:14","guid":{"rendered":"https:\/\/ellypara.com\/?post_type=product&#038;p=167"},"modified":"2025-01-13T13:03:15","modified_gmt":"2025-01-13T12:03:15","slug":"cytol-basic-creme-apaisante-reparatrice-100ml","status":"publish","type":"product","link":"https:\/\/ellypara.com\/index.php\/produit\/cytol-basic-creme-apaisante-reparatrice-100ml\/","title":{"rendered":"CYTOL Basic Cr\u00e8me Apaisante R\u00e9paratrice 100ml"},"content":{"rendered":"<p><strong>CYTOL Basic 100ml<\/strong><\/p>\n<p>CYTOLBASIC est une cr\u00e8me dermatologique apaisante et r\u00e9paratrice qui a \u00e9t\u00e9 sp\u00e9cialement d\u00e9velopp\u00e9e pour apaiser les rougeurs des peaux irrit\u00e9es et r\u00e9duire la sensation d\u2019inconfort.<\/p>\n<p>Avec CYTOLBASIC votre peau est douce, fraiche et confortable.<\/p>\n<p><strong>Propri\u00e9t\u00e9s<\/strong><\/p>\n<p>Gr\u00e2ce \u00e0 l\u2019extrait de p\u00e9pins de raisins, connu par sa propri\u00e9t\u00e9 apaisante efficace, et le Tocoph\u00e9rol ac\u00e9tate, puissant extrait v\u00e9g\u00e9tal riche en vitamine E connu par son pouvoir antioxydant et cicatrisant, agissant en synergie avec les autres constituants du produit, CYTOLBASIC assure la diminution de la r\u00e9action cutan\u00e9e, l\u2019apaisement et la protection des peaux irrit\u00e9es.<\/p>\n<p><strong>Bienfaits<\/strong><\/p>\n<p>Adoucit la peau et calme imm\u00e9diatement les irritations.<\/p>\n<p>R\u00e9duit la sensation de tiraillement et apaise les rougeurs.<\/p>\n<p>Enveloppe la peau d\u2019un voile protecteur permettant de confronter les agressions ext\u00e9rieures.<\/p>\n<p>Nourrit, assouplit la peau et en procure une meilleure hydratation.<\/p>\n<p><strong>Indications<\/strong><\/p>\n<p>CYTOLBASIC est destin\u00e9 aux peaux agress\u00e9es par :<\/p>\n<p>L\u2019environnement : coups de soleil, froid vent, air conditionn\u00e9, pollution,\u2026<\/p>\n<p>Des agents chimiques : d\u00e9tergents, savon alcalin, \u2026<\/p>\n<p>Des stress m\u00e9caniques : \u00e9pilation, peeling, rasage, piq\u00fbres d\u2019insectes,\u2026<\/p>\n<p><strong>Conseils d\u2019utilisation<\/strong><\/p>\n<p>Appliquer CYTOL BASIC quotidiennement sur les zones \u00e0 traiter en couche \u00e9paisse le plus souvent.<\/p>\n","protected":false},"excerpt":{"rendered":"<p>Cytol Basic est un soin anti-rougeurs destin\u00e9 au peaux agress\u00e9es par:<br \/>\n-l\u2019environnement: coups de soleil, froid, vent, air conditionn\u00e9, pollution.<br \/>\n-des agents chimiques: d\u00e9tergent, savons alcalins.<br \/>\n-des stress m\u00e9caniques: \u00e9pilation, peeling, rasage, piq\u00fbres d\u2019insectes<\/p>\n","protected":false},"featured_media":168,"comment_status":"open","ping_status":"closed","template":"","meta":{"ocean_post_layout":"","ocean_both_sidebars_style":"","ocean_both_sidebars_content_width":0,"ocean_both_sidebars_sidebars_width":0,"ocean_sidebar":"0","ocean_second_sidebar":"0","ocean_disable_margins":"enable","ocean_add_body_class":"","ocean_shortcode_before_top_bar":"","ocean_shortcode_after_top_bar":"","ocean_shortcode_before_header":"","ocean_shortcode_after_header":"","ocean_has_shortcode":"","ocean_shortcode_after_title":"","ocean_shortcode_before_footer_widgets":"","ocean_shortcode_after_footer_widgets":"","ocean_shortcode_before_footer_bottom":"","ocean_shortcode_after_footer_bottom":"","ocean_display_top_bar":"default","ocean_display_header":"default","ocean_header_style":"","ocean_center_header_left_menu":"0","ocean_custom_header_template":"0","ocean_custom_logo":0,"ocean_custom_retina_logo":0,"ocean_custom_logo_max_width":0,"ocean_custom_logo_tablet_max_width":0,"ocean_custom_logo_mobile_max_width":0,"ocean_custom_logo_max_height":0,"ocean_custom_logo_tablet_max_height":0,"ocean_custom_logo_mobile_max_height":0,"ocean_header_custom_menu":"0","ocean_menu_typo_font_family":"0","ocean_menu_typo_font_subset":"","ocean_menu_typo_font_size":0,"ocean_menu_typo_font_size_tablet":0,"ocean_menu_typo_font_size_mobile":0,"ocean_menu_typo_font_size_unit":"px","ocean_menu_typo_font_weight":"","ocean_menu_typo_font_weight_tablet":"","ocean_menu_typo_font_weight_mobile":"","ocean_menu_typo_transform":"","ocean_menu_typo_transform_tablet":"","ocean_menu_typo_transform_mobile":"","ocean_menu_typo_line_height":0,"ocean_menu_typo_line_height_tablet":0,"ocean_menu_typo_line_height_mobile":0,"ocean_menu_typo_line_height_unit":"","ocean_menu_typo_spacing":0,"ocean_menu_typo_spacing_tablet":0,"ocean_menu_typo_spacing_mobile":0,"ocean_menu_typo_spacing_unit":"","ocean_menu_link_color":"","ocean_menu_link_color_hover":"","ocean_menu_link_color_active":"","ocean_menu_link_background":"","ocean_menu_link_hover_background":"","ocean_menu_link_active_background":"","ocean_menu_social_links_bg":"","ocean_menu_social_hover_links_bg":"","ocean_menu_social_links_color":"","ocean_menu_social_hover_links_color":"","ocean_disable_title":"default","ocean_disable_heading":"default","ocean_post_title":"","ocean_post_subheading":"","ocean_post_title_style":"","ocean_post_title_background_color":"","ocean_post_title_background":0,"ocean_post_title_bg_image_position":"","ocean_post_title_bg_image_attachment":"","ocean_post_title_bg_image_repeat":"","ocean_post_title_bg_image_size":"","ocean_post_title_height":0,"ocean_post_title_bg_overlay":0.5,"ocean_post_title_bg_overlay_color":"","ocean_disable_breadcrumbs":"default","ocean_breadcrumbs_color":"","ocean_breadcrumbs_separator_color":"","ocean_breadcrumbs_links_color":"","ocean_breadcrumbs_links_hover_color":"","ocean_display_footer_widgets":"default","ocean_display_footer_bottom":"default","ocean_custom_footer_template":"0"},"product_brand":[],"product_cat":[26,35],"product_tag":[],"class_list":{"0":"post-167","1":"product","2":"type-product","3":"status-publish","4":"has-post-thumbnail","6":"product_cat-promo","7":"product_cat-soins-hydratants-et-nourrissants","9":"entry","10":"has-media","12":"first","13":"instock","14":"sale","15":"taxable","16":"shipping-taxable","17":"purchasable","18":"product-type-simple","19":"has-product-nav","20":"col","21":"span_1_of_3","22":"owp-content-center","23":"owp-thumbs-layout-horizontal","24":"owp-btn-normal","25":"owp-tabs-layout-horizontal","26":"has-no-thumbnails"},"_links":{"self":[{"href":"https:\/\/ellypara.com\/index.php\/wp-json\/wp\/v2\/product\/167","targetHints":{"allow":["GET"]}}],"collection":[{"href":"https:\/\/ellypara.com\/index.php\/wp-json\/wp\/v2\/product"}],"about":[{"href":"https:\/\/ellypara.com\/index.php\/wp-json\/wp\/v2\/types\/product"}],"replies":[{"embeddable":true,"href":"https:\/\/ellypara.com\/index.php\/wp-json\/wp\/v2\/comments?post=167"}],"wp:featuredmedia":[{"embeddable":true,"href":"https:\/\/ellypara.com\/index.php\/wp-json\/wp\/v2\/media\/168"}],"wp:attachment":[{"href":"https:\/\/ellypara.com\/index.php\/wp-json\/wp\/v2\/media?parent=167"}],"wp:term":[{"taxonomy":"product_brand","embeddable":true,"href":"https:\/\/ellypara.com\/index.php\/wp-json\/wp\/v2\/product_brand?post=167"},{"taxonomy":"product_cat","embeddable":true,"href":"https:\/\/ellypara.com\/index.php\/wp-json\/wp\/v2\/product_cat?post=167"},{"taxonomy":"product_tag","embeddable":true,"href":"https:\/\/ellypara.com\/index.php\/wp-json\/wp\/v2\/product_tag?post=167"}],"curies":[{"name":"wp","href":"https:\/\/api.w.org\/{rel}","templated":true}]}}