{"id":1717,"date":"2025-04-29T18:15:16","date_gmt":"2025-04-29T16:15:16","guid":{"rendered":"https:\/\/ellypara.com\/?post_type=product&#038;p=1717"},"modified":"2025-04-29T18:15:17","modified_gmt":"2025-04-29T16:15:17","slug":"svr-topialyse-baume-en-spray-200ml","status":"publish","type":"product","link":"https:\/\/ellypara.com\/index.php\/produit\/svr-topialyse-baume-en-spray-200ml\/","title":{"rendered":"SVR Topialyse Baume en Spray 200ml"},"content":{"rendered":"<p><strong>SVR Topialyse Baume en Spray 200ml<\/strong>\u00a0est un baume soin relipident qui va calmer les irritations et apaiser les envies de grattage.<\/p>\n<p>Il est indispensable pour les peaux autopiques des petits comme des grands, qui souffrent d\u2019irritations sur le corps ou sur le visage.<\/p>\n<p>Gr\u00e2ce \u00e0 sa formule \u00e0 base de :<\/p>\n<p>huile de coco vierge : assouplit et hydrate la peau.<br \/>\nhuile de cameline : nourrit et adoucit l\u2019\u00e9piderme.<br \/>\nbeurre de babassu.<\/p>\n<p><strong>Indications :<\/strong><\/p>\n<p>Spray relipident convient aux peaux atopiques et sensibles.<\/p>\n<p><strong>Conseils d\u2019utilisation :<\/strong><\/p>\n<p>Vaporisez \u00e0 15cm de la peau pr\u00e9alablement s\u00e9ch\u00e9e, puis \u00e9taler en insistant sur les zones tr\u00e8s s\u00e8ches et irrit\u00e9es.<br \/>\nPour une utilisation sur le visage, pulv\u00e9riser au creux des mains puis appliquer avec les mains.<\/p>\n<p><strong>Composition :<\/strong><\/p>\n<p>Aqua\/water\/eau, caprylic\/capric triglyceride, hexydecyl stearate, cocos nucifera (coconut) oil, niacinamide, butyrospermum parkii (shea butter) extract, glycerin, orbignya oleiffera seed oil, c12-16 alcohols, c10-18 triglycerides, glyceryl stearate citrate, argania spinosa kernel oil, lecithin, oleyl alcohol, pullulan, sclerotium gum, spent grain wax, zanthoxylum bungeanum fruit extract, alpha-glucan oligosaccharide, camelina sativa seed oil, helianthus annuus (sunflower)seed oil, tocopherol, tocopheryl acetate, 1-2-hexanediol, caprylyl glycol, hydrogenated lecithin, hydrogenated palm glycerides citrate, palmitic acid, pentylene glycol, silica, xanthan gum.<\/p>\n<p><strong>Conditionnement :<\/strong><\/p>\n<p>1 flacon spray de 200ml.<\/p>\n","protected":false},"excerpt":{"rendered":"<p>SVR TOPIALYSE Baume en spray est un baume anti-r\u00e9cidive qui soulage imm\u00e9diatement et apaise durablement les irritations et sensations de grattage.<\/p>\n","protected":false},"featured_media":1718,"comment_status":"open","ping_status":"closed","template":"","meta":{"ocean_post_layout":"","ocean_both_sidebars_style":"","ocean_both_sidebars_content_width":0,"ocean_both_sidebars_sidebars_width":0,"ocean_sidebar":"0","ocean_second_sidebar":"0","ocean_disable_margins":"enable","ocean_add_body_class":"","ocean_shortcode_before_top_bar":"","ocean_shortcode_after_top_bar":"","ocean_shortcode_before_header":"","ocean_shortcode_after_header":"","ocean_has_shortcode":"","ocean_shortcode_after_title":"","ocean_shortcode_before_footer_widgets":"","ocean_shortcode_after_footer_widgets":"","ocean_shortcode_before_footer_bottom":"","ocean_shortcode_after_footer_bottom":"","ocean_display_top_bar":"default","ocean_display_header":"default","ocean_header_style":"","ocean_center_header_left_menu":"0","ocean_custom_header_template":"0","ocean_custom_logo":0,"ocean_custom_retina_logo":0,"ocean_custom_logo_max_width":0,"ocean_custom_logo_tablet_max_width":0,"ocean_custom_logo_mobile_max_width":0,"ocean_custom_logo_max_height":0,"ocean_custom_logo_tablet_max_height":0,"ocean_custom_logo_mobile_max_height":0,"ocean_header_custom_menu":"0","ocean_menu_typo_font_family":"0","ocean_menu_typo_font_subset":"","ocean_menu_typo_font_size":0,"ocean_menu_typo_font_size_tablet":0,"ocean_menu_typo_font_size_mobile":0,"ocean_menu_typo_font_size_unit":"px","ocean_menu_typo_font_weight":"","ocean_menu_typo_font_weight_tablet":"","ocean_menu_typo_font_weight_mobile":"","ocean_menu_typo_transform":"","ocean_menu_typo_transform_tablet":"","ocean_menu_typo_transform_mobile":"","ocean_menu_typo_line_height":0,"ocean_menu_typo_line_height_tablet":0,"ocean_menu_typo_line_height_mobile":0,"ocean_menu_typo_line_height_unit":"","ocean_menu_typo_spacing":0,"ocean_menu_typo_spacing_tablet":0,"ocean_menu_typo_spacing_mobile":0,"ocean_menu_typo_spacing_unit":"","ocean_menu_link_color":"","ocean_menu_link_color_hover":"","ocean_menu_link_color_active":"","ocean_menu_link_background":"","ocean_menu_link_hover_background":"","ocean_menu_link_active_background":"","ocean_menu_social_links_bg":"","ocean_menu_social_hover_links_bg":"","ocean_menu_social_links_color":"","ocean_menu_social_hover_links_color":"","ocean_disable_title":"default","ocean_disable_heading":"default","ocean_post_title":"","ocean_post_subheading":"","ocean_post_title_style":"","ocean_post_title_background_color":"","ocean_post_title_background":0,"ocean_post_title_bg_image_position":"","ocean_post_title_bg_image_attachment":"","ocean_post_title_bg_image_repeat":"","ocean_post_title_bg_image_size":"","ocean_post_title_height":0,"ocean_post_title_bg_overlay":0.5,"ocean_post_title_bg_overlay_color":"","ocean_disable_breadcrumbs":"default","ocean_breadcrumbs_color":"","ocean_breadcrumbs_separator_color":"","ocean_breadcrumbs_links_color":"","ocean_breadcrumbs_links_hover_color":"","ocean_display_footer_widgets":"default","ocean_display_footer_bottom":"default","ocean_custom_footer_template":"0"},"product_brand":[],"product_cat":[42,35,21],"product_tag":[],"class_list":{"0":"post-1717","1":"product","2":"type-product","3":"status-publish","4":"has-post-thumbnail","6":"product_cat-peaux-seches","7":"product_cat-soins-hydratants-et-nourrissants","8":"product_cat-visage","10":"entry","11":"has-media","13":"first","14":"instock","15":"taxable","16":"shipping-taxable","17":"purchasable","18":"product-type-simple","19":"has-product-nav","20":"col","21":"span_1_of_3","22":"owp-content-center","23":"owp-thumbs-layout-horizontal","24":"owp-btn-normal","25":"owp-tabs-layout-horizontal"},"_links":{"self":[{"href":"https:\/\/ellypara.com\/index.php\/wp-json\/wp\/v2\/product\/1717","targetHints":{"allow":["GET"]}}],"collection":[{"href":"https:\/\/ellypara.com\/index.php\/wp-json\/wp\/v2\/product"}],"about":[{"href":"https:\/\/ellypara.com\/index.php\/wp-json\/wp\/v2\/types\/product"}],"replies":[{"embeddable":true,"href":"https:\/\/ellypara.com\/index.php\/wp-json\/wp\/v2\/comments?post=1717"}],"wp:featuredmedia":[{"embeddable":true,"href":"https:\/\/ellypara.com\/index.php\/wp-json\/wp\/v2\/media\/1718"}],"wp:attachment":[{"href":"https:\/\/ellypara.com\/index.php\/wp-json\/wp\/v2\/media?parent=1717"}],"wp:term":[{"taxonomy":"product_brand","embeddable":true,"href":"https:\/\/ellypara.com\/index.php\/wp-json\/wp\/v2\/product_brand?post=1717"},{"taxonomy":"product_cat","embeddable":true,"href":"https:\/\/ellypara.com\/index.php\/wp-json\/wp\/v2\/product_cat?post=1717"},{"taxonomy":"product_tag","embeddable":true,"href":"https:\/\/ellypara.com\/index.php\/wp-json\/wp\/v2\/product_tag?post=1717"}],"curies":[{"name":"wp","href":"https:\/\/api.w.org\/{rel}","templated":true}]}}