{"id":1727,"date":"2025-05-08T12:21:58","date_gmt":"2025-05-08T10:21:58","guid":{"rendered":"https:\/\/ellypara.com\/?post_type=product&#038;p=1727"},"modified":"2025-05-08T12:21:58","modified_gmt":"2025-05-08T10:21:58","slug":"svr-clairial-lait-de-corps-200ml","status":"publish","type":"product","link":"https:\/\/ellypara.com\/index.php\/produit\/svr-clairial-lait-de-corps-200ml\/","title":{"rendered":"SVR Clairial Lait de Corps 200ml"},"content":{"rendered":"<p>Le Lait Corps Clairial de SVR est un soin corporel innovant qui allie action\u00a0<strong>\u00e9claircissante\u00a0et\u00a0 hydratation intense 24<\/strong>h .<\/p>\n<p>Formul\u00e9 pour unifier le teint et att\u00e9nuer les taches pigmentaires, ce lait l\u00e9ger et non gras p\u00e9n\u00e8tre rapidement pour laisser la peau douce, hydrat\u00e9e et lumineuse. Enrichi en actifs cibl\u00e9s et avec de l<strong>\u2018Ur\u00e9e pure 10%<\/strong>, il aide \u00e0 r\u00e9duire les imperfections cutan\u00e9es ainsi que les zones de frottement et\u00a0<strong>les zones intimes externes<\/strong>\u00a0tout en renfor\u00e7ant la barri\u00e8re hydrolipidique de la peau.<\/p>\n<p>Parfait pour les peaux ternes ou sujettes aux taches, il s\u2019applique quotidiennement pour des r\u00e9sultats visibles et une peau \u00e9clatante de sant\u00e9.<\/p>\n<p><strong>Conseils d\u2019utilisation :<\/strong><\/p>\n<p>Pour un teint plus uniforme et une hydratation optimale, appliquez deux fois par jour une noisette de lait sur les zones concern\u00e9es. Ce soin correcteur agit d\u00e8s 20 minutes apr\u00e8s application pour une peau visiblement plus lumineuse et homog\u00e8ne.<\/p>\n<p>Astuce beaut\u00e9 : Pour une meilleure absorption, appliquez sur une peau propre et s\u00e8che, en effectuant de l\u00e9gers massages circulaires jusqu\u2019\u00e0 p\u00e9n\u00e9tration compl\u00e8te du produit.<\/p>\n<p><strong>Composition :<\/strong><\/p>\n<p>Une formule experte alliant efficacit\u00e9 et tol\u00e9rance :<\/p>\n<p>Principes actifs cl\u00e9s :<\/p>\n<p><strong>\u2714 Ur\u00e9e pure 10 % : Hydratant puissant, favorise le renouvellement cellulaire<\/strong><\/p>\n<p><strong>\u2714 Actifs d\u00e9pigmentants : Aident \u00e0 corriger les irr\u00e9gularit\u00e9s pigmentaires<\/strong><\/p>\n<p><strong>\u2714 Huile de Babassu (Orbignya Oleifera Seed Oil) : Nourrissante et adoucissante<\/strong><\/p>\n<p>Liste INCI compl\u00e8te :<\/p>\n<p>CAPRYLIC\/CAPRIC TRIGLYCERIDE, ORBIGNYA OLEIFERA SEED OIL, AQUA\/WATER\/EAU, UREA, BUTYLENE GLYCOL, SILICA, GLYCERIN, GLYCERYL STEARATE CITRATE, CYSTOSEIRA POLYACRYLOYLDIMETHYL TAURATE, TETRASODIUM GLUTAMATE DIACETATE, TRIACETIN, MONARDA DIDYMA CALLUS EXTRACT, TAMARISCIFOLIA EXTRACT, SODIUM 12-HEXANEDIOL, CAPRYLYL GLYCOL, CETEARYL ALCOHOL, CETEARYL GLUCOSIDE, CITRIC ACID, PENTYLENE GLYCOL, PROPANEDIOL, SODIUM CITRATE, SODIUM LACTATE, XANTHAN GUM, PARFUM\/FRAGRANCE.<\/p>\n","protected":false},"excerpt":{"rendered":"<p>Le Lait Corps Clairial de SVR est un soin hydratant et \u00e9claircissant de 200 ml, con\u00e7u pour unifier le teint et hydrater la peau en profondeur.<\/p>\n<p>Id\u00e9al pour les zones intimes externes pr\u00e9sentant des taches pigmentaires.<\/p>\n","protected":false},"featured_media":1728,"comment_status":"open","ping_status":"closed","template":"","meta":{"ocean_post_layout":"","ocean_both_sidebars_style":"","ocean_both_sidebars_content_width":0,"ocean_both_sidebars_sidebars_width":0,"ocean_sidebar":"0","ocean_second_sidebar":"0","ocean_disable_margins":"enable","ocean_add_body_class":"","ocean_shortcode_before_top_bar":"","ocean_shortcode_after_top_bar":"","ocean_shortcode_before_header":"","ocean_shortcode_after_header":"","ocean_has_shortcode":"","ocean_shortcode_after_title":"","ocean_shortcode_before_footer_widgets":"","ocean_shortcode_after_footer_widgets":"","ocean_shortcode_before_footer_bottom":"","ocean_shortcode_after_footer_bottom":"","ocean_display_top_bar":"default","ocean_display_header":"default","ocean_header_style":"","ocean_center_header_left_menu":"0","ocean_custom_header_template":"0","ocean_custom_logo":0,"ocean_custom_retina_logo":0,"ocean_custom_logo_max_width":0,"ocean_custom_logo_tablet_max_width":0,"ocean_custom_logo_mobile_max_width":0,"ocean_custom_logo_max_height":0,"ocean_custom_logo_tablet_max_height":0,"ocean_custom_logo_mobile_max_height":0,"ocean_header_custom_menu":"0","ocean_menu_typo_font_family":"0","ocean_menu_typo_font_subset":"","ocean_menu_typo_font_size":0,"ocean_menu_typo_font_size_tablet":0,"ocean_menu_typo_font_size_mobile":0,"ocean_menu_typo_font_size_unit":"px","ocean_menu_typo_font_weight":"","ocean_menu_typo_font_weight_tablet":"","ocean_menu_typo_font_weight_mobile":"","ocean_menu_typo_transform":"","ocean_menu_typo_transform_tablet":"","ocean_menu_typo_transform_mobile":"","ocean_menu_typo_line_height":0,"ocean_menu_typo_line_height_tablet":0,"ocean_menu_typo_line_height_mobile":0,"ocean_menu_typo_line_height_unit":"","ocean_menu_typo_spacing":0,"ocean_menu_typo_spacing_tablet":0,"ocean_menu_typo_spacing_mobile":0,"ocean_menu_typo_spacing_unit":"","ocean_menu_link_color":"","ocean_menu_link_color_hover":"","ocean_menu_link_color_active":"","ocean_menu_link_background":"","ocean_menu_link_hover_background":"","ocean_menu_link_active_background":"","ocean_menu_social_links_bg":"","ocean_menu_social_hover_links_bg":"","ocean_menu_social_links_color":"","ocean_menu_social_hover_links_color":"","ocean_disable_title":"default","ocean_disable_heading":"default","ocean_post_title":"","ocean_post_subheading":"","ocean_post_title_style":"","ocean_post_title_background_color":"","ocean_post_title_background":0,"ocean_post_title_bg_image_position":"","ocean_post_title_bg_image_attachment":"","ocean_post_title_bg_image_repeat":"","ocean_post_title_bg_image_size":"","ocean_post_title_height":0,"ocean_post_title_bg_overlay":0.5,"ocean_post_title_bg_overlay_color":"","ocean_disable_breadcrumbs":"default","ocean_breadcrumbs_color":"","ocean_breadcrumbs_separator_color":"","ocean_breadcrumbs_links_color":"","ocean_breadcrumbs_links_hover_color":"","ocean_display_footer_widgets":"default","ocean_display_footer_bottom":"default","ocean_custom_footer_template":"0"},"product_brand":[],"product_cat":[26,22,45,39],"product_tag":[],"class_list":{"0":"post-1727","1":"product","2":"type-product","3":"status-publish","4":"has-post-thumbnail","6":"product_cat-promo","7":"product_cat-corps","8":"product_cat-hydratation-et-nutrition-corps","9":"product_cat-soins-anti-taches-et-depigmentants","11":"entry","12":"has-media","14":"first","15":"instock","16":"sale","17":"taxable","18":"shipping-taxable","19":"purchasable","20":"product-type-simple","21":"has-product-nav","22":"col","23":"span_1_of_3","24":"owp-content-center","25":"owp-thumbs-layout-horizontal","26":"owp-btn-normal","27":"owp-tabs-layout-horizontal"},"_links":{"self":[{"href":"https:\/\/ellypara.com\/index.php\/wp-json\/wp\/v2\/product\/1727","targetHints":{"allow":["GET"]}}],"collection":[{"href":"https:\/\/ellypara.com\/index.php\/wp-json\/wp\/v2\/product"}],"about":[{"href":"https:\/\/ellypara.com\/index.php\/wp-json\/wp\/v2\/types\/product"}],"replies":[{"embeddable":true,"href":"https:\/\/ellypara.com\/index.php\/wp-json\/wp\/v2\/comments?post=1727"}],"wp:featuredmedia":[{"embeddable":true,"href":"https:\/\/ellypara.com\/index.php\/wp-json\/wp\/v2\/media\/1728"}],"wp:attachment":[{"href":"https:\/\/ellypara.com\/index.php\/wp-json\/wp\/v2\/media?parent=1727"}],"wp:term":[{"taxonomy":"product_brand","embeddable":true,"href":"https:\/\/ellypara.com\/index.php\/wp-json\/wp\/v2\/product_brand?post=1727"},{"taxonomy":"product_cat","embeddable":true,"href":"https:\/\/ellypara.com\/index.php\/wp-json\/wp\/v2\/product_cat?post=1727"},{"taxonomy":"product_tag","embeddable":true,"href":"https:\/\/ellypara.com\/index.php\/wp-json\/wp\/v2\/product_tag?post=1727"}],"curies":[{"name":"wp","href":"https:\/\/api.w.org\/{rel}","templated":true}]}}