{"id":173,"date":"2025-01-13T13:46:33","date_gmt":"2025-01-13T12:46:33","guid":{"rendered":"https:\/\/ellypara.com\/?post_type=product&#038;p=173"},"modified":"2025-02-01T16:00:48","modified_gmt":"2025-02-01T15:00:48","slug":"avene-hydrance-creme-riche-spf30-uv-40ml","status":"publish","type":"product","link":"https:\/\/ellypara.com\/index.php\/produit\/avene-hydrance-creme-riche-spf30-uv-40ml\/","title":{"rendered":"AVENE Hydrance Cr\u00e8me Riche SPF30 UV 40ml"},"content":{"rendered":"<p>La\u00a0<strong>cr\u00e8me riche Av\u00e8ne Hydrance UV<\/strong>\u00a0est sp\u00e9cialement formul\u00e9e pour les\u00a0<strong>peaux sensibles s\u00e8ches \u00e0 tr\u00e8s s\u00e8ches<\/strong>.<\/p>\n<p>Riche en agents hydratants, elle optimise la diffusion de l\u2019eau thermale d\u2019Av\u00e8ne dans la peau gr\u00e2ce \u00e0 son complexe hydratant brevet\u00e9 Cohederm. C\u2019est un trio lipidique qui va cr\u00e9er dans la peau des microscopiques r\u00e9servoirs d\u2019eau, pour une hydratation intense.<\/p>\n<p>L\u2019<strong>eau thermale d\u2019Av\u00e8ne<\/strong>\u00a0exercera son\u00a0<strong>action apaisante et anti-irritations<\/strong>\u00a0qui soulagera instantan\u00e9ment les peaux sensibles souvent sujettes aux tiraillements et aux rougeurs. Hydrat\u00e9e, la peau retrouve sa souplesse et r\u00e9agit moins aux \u00e9l\u00e9ments ext\u00e9rieurs. Ainsi, la peau sensible s\u00e8che est soulag\u00e9e et moins r\u00e9active.<\/p>\n<p>La cr\u00e8me hydratante riche Hydrance d\u2019Av\u00e8ne poss\u00e8de un<strong>\u00a0indice de protection SPF 30<\/strong>. Elle incorpore \u00e9galement un pr\u00e9curseur de la vitamine E, le pr\u00e9-tocoph\u00e9ryl, qui a des propri\u00e9t\u00e9s anti-oxydantes. La peau est donc prot\u00e9g\u00e9e des radicaux libres, responsables notamment du vieillissement cutan\u00e9 pr\u00e9matur\u00e9.<\/p>\n<p>Gr\u00e2ce \u00e0 la cr\u00e8me hydratante riche Hydrance d\u2019Av\u00e8ne, la peau est durablement hydrat\u00e9e. Elle retrouve douceur, confort et souplesse. Elle est apais\u00e9e et tiraille moins. Le teint cesse d\u2019\u00eatre terne et devient lumineux.<\/p>\n<p>La\u00a0<strong>texture riche et onctueuse<\/strong>\u00a0de la cr\u00e8me Hydrance Av\u00e8ne SPF 30 est agr\u00e9able. Sa formule hypoallerg\u00e9nique lui permet de minimiser tout risque d\u2019allergie. Elle est \u00e9galement non com\u00e9dog\u00e8ne.<\/p>\n<p><strong>Conditionnement\u00a0<\/strong>: tube de\u00a040 ml<\/p>\n<p><strong>CONSEILS D\u2019UTILISATION<\/strong><\/p>\n<p>Utiliser le matin.<br \/>\nAppliquer sur la peau du cou, du visage et du d\u00e9collet\u00e9.<br \/>\nS\u2019utilise seule ou apr\u00e8s le s\u00e9rum Av\u00e8ne Hydrance intense.<\/p>\n<p><strong>COMPOSITION<\/strong><\/p>\n<p>Avene thermal spring water (avene aqua), C12-15 alkyl benzoate, Dicaprylyl carbonate, Diisopropyl adipate, Glycerin, Methylene bis-benzotriazolyl tetramethylbutylphenol [nano], Water (aqua), Bis-ethylhexyloxyphenol methoxyphenyl triazine, Diethylhexyl butamido triazone, Polymethyl methacrylate, Butyl methoxydibenzoylmethane, Butyrospermum parkii (shea) butter (butyrospermum parkii butter), Methyl gluceth-20, Isocetyl stearoyl stearate, Triethylhexanoin, Hydrogenated starch hydrolysate, C10-18 triglycerides, Glyceryl stearate, PEG-100 stearate, Potassium cetyl phosphate, Benzoic acid, Caprylic\/capric triglyceride, Caprylyl glycol, Decyl glucoside, Disodium EDTA, Fragrance (parfum), Glyceryl behenate, Glyceryl dibehenate, Phytosterols, Polyacrylate-13, Polyisobutene, Polysorbate 20, Propylene glycol, Sorbitan isostearate, Stearyl alcohol, Tocopherol, Tocopheryl glucoside, Tribehenin, Xanthan gum.<\/p>\n","protected":false},"excerpt":{"rendered":"<div class=\"product-short-description\">\n<p>La\u00a0cr\u00e8me riche Av\u00e8ne Hydrance UV\u00a0est sp\u00e9cialement formul\u00e9e pour les\u00a0peaux sensibles s\u00e8ches \u00e0 tr\u00e8s s\u00e8ches.<\/p>\n<\/div>\n<form class=\"cart\" action=\"https:\/\/www.maparatunisie.tn\/produit\/avene-hydrance-riche-creme-hydratante-40ml\/\" enctype=\"multipart\/form-data\" method=\"post\">\n<div class=\"ux-quantity quantity buttons_added\"><\/div>\n<\/form>\n","protected":false},"featured_media":174,"comment_status":"open","ping_status":"closed","template":"","meta":{"ocean_post_layout":"","ocean_both_sidebars_style":"","ocean_both_sidebars_content_width":0,"ocean_both_sidebars_sidebars_width":0,"ocean_sidebar":"0","ocean_second_sidebar":"0","ocean_disable_margins":"enable","ocean_add_body_class":"","ocean_shortcode_before_top_bar":"","ocean_shortcode_after_top_bar":"","ocean_shortcode_before_header":"","ocean_shortcode_after_header":"","ocean_has_shortcode":"","ocean_shortcode_after_title":"","ocean_shortcode_before_footer_widgets":"","ocean_shortcode_after_footer_widgets":"","ocean_shortcode_before_footer_bottom":"","ocean_shortcode_after_footer_bottom":"","ocean_display_top_bar":"default","ocean_display_header":"default","ocean_header_style":"","ocean_center_header_left_menu":"0","ocean_custom_header_template":"0","ocean_custom_logo":0,"ocean_custom_retina_logo":0,"ocean_custom_logo_max_width":0,"ocean_custom_logo_tablet_max_width":0,"ocean_custom_logo_mobile_max_width":0,"ocean_custom_logo_max_height":0,"ocean_custom_logo_tablet_max_height":0,"ocean_custom_logo_mobile_max_height":0,"ocean_header_custom_menu":"0","ocean_menu_typo_font_family":"0","ocean_menu_typo_font_subset":"","ocean_menu_typo_font_size":0,"ocean_menu_typo_font_size_tablet":0,"ocean_menu_typo_font_size_mobile":0,"ocean_menu_typo_font_size_unit":"px","ocean_menu_typo_font_weight":"","ocean_menu_typo_font_weight_tablet":"","ocean_menu_typo_font_weight_mobile":"","ocean_menu_typo_transform":"","ocean_menu_typo_transform_tablet":"","ocean_menu_typo_transform_mobile":"","ocean_menu_typo_line_height":0,"ocean_menu_typo_line_height_tablet":0,"ocean_menu_typo_line_height_mobile":0,"ocean_menu_typo_line_height_unit":"","ocean_menu_typo_spacing":0,"ocean_menu_typo_spacing_tablet":0,"ocean_menu_typo_spacing_mobile":0,"ocean_menu_typo_spacing_unit":"","ocean_menu_link_color":"","ocean_menu_link_color_hover":"","ocean_menu_link_color_active":"","ocean_menu_link_background":"","ocean_menu_link_hover_background":"","ocean_menu_link_active_background":"","ocean_menu_social_links_bg":"","ocean_menu_social_hover_links_bg":"","ocean_menu_social_links_color":"","ocean_menu_social_hover_links_color":"","ocean_disable_title":"default","ocean_disable_heading":"default","ocean_post_title":"","ocean_post_subheading":"","ocean_post_title_style":"","ocean_post_title_background_color":"","ocean_post_title_background":0,"ocean_post_title_bg_image_position":"","ocean_post_title_bg_image_attachment":"","ocean_post_title_bg_image_repeat":"","ocean_post_title_bg_image_size":"","ocean_post_title_height":0,"ocean_post_title_bg_overlay":0.5,"ocean_post_title_bg_overlay_color":"","ocean_disable_breadcrumbs":"default","ocean_breadcrumbs_color":"","ocean_breadcrumbs_separator_color":"","ocean_breadcrumbs_links_color":"","ocean_breadcrumbs_links_hover_color":"","ocean_display_footer_widgets":"default","ocean_display_footer_bottom":"default","ocean_custom_footer_template":"0"},"product_brand":[],"product_cat":[26,71,35,20],"product_tag":[],"class_list":{"0":"post-173","1":"product","2":"type-product","3":"status-publish","4":"has-post-thumbnail","6":"product_cat-promo","7":"product_cat-cremes-solaires","8":"product_cat-soins-hydratants-et-nourrissants","9":"product_cat-solaire","11":"entry","12":"has-media","14":"first","15":"instock","16":"sale","17":"taxable","18":"shipping-taxable","19":"purchasable","20":"product-type-simple","21":"has-product-nav","22":"col","23":"span_1_of_3","24":"owp-content-center","25":"owp-thumbs-layout-horizontal","26":"owp-btn-normal","27":"owp-tabs-layout-horizontal","28":"has-no-thumbnails"},"_links":{"self":[{"href":"https:\/\/ellypara.com\/index.php\/wp-json\/wp\/v2\/product\/173","targetHints":{"allow":["GET"]}}],"collection":[{"href":"https:\/\/ellypara.com\/index.php\/wp-json\/wp\/v2\/product"}],"about":[{"href":"https:\/\/ellypara.com\/index.php\/wp-json\/wp\/v2\/types\/product"}],"replies":[{"embeddable":true,"href":"https:\/\/ellypara.com\/index.php\/wp-json\/wp\/v2\/comments?post=173"}],"wp:featuredmedia":[{"embeddable":true,"href":"https:\/\/ellypara.com\/index.php\/wp-json\/wp\/v2\/media\/174"}],"wp:attachment":[{"href":"https:\/\/ellypara.com\/index.php\/wp-json\/wp\/v2\/media?parent=173"}],"wp:term":[{"taxonomy":"product_brand","embeddable":true,"href":"https:\/\/ellypara.com\/index.php\/wp-json\/wp\/v2\/product_brand?post=173"},{"taxonomy":"product_cat","embeddable":true,"href":"https:\/\/ellypara.com\/index.php\/wp-json\/wp\/v2\/product_cat?post=173"},{"taxonomy":"product_tag","embeddable":true,"href":"https:\/\/ellypara.com\/index.php\/wp-json\/wp\/v2\/product_tag?post=173"}],"curies":[{"name":"wp","href":"https:\/\/api.w.org\/{rel}","templated":true}]}}