{"id":1731,"date":"2025-05-08T13:53:51","date_gmt":"2025-05-08T11:53:51","guid":{"rendered":"https:\/\/ellypara.com\/?post_type=product&#038;p=1731"},"modified":"2025-05-08T13:53:52","modified_gmt":"2025-05-08T11:53:52","slug":"svr-clairial-creme-solaire-anti-taches-spf50-40ml","status":"publish","type":"product","link":"https:\/\/ellypara.com\/index.php\/produit\/svr-clairial-creme-solaire-anti-taches-spf50-40ml\/","title":{"rendered":"SVR Clairial Cr\u00e8me Solaire Anti-Taches SPF50+ 40ml"},"content":{"rendered":"<p><strong>SVR Clairial Cr\u00e8me Solaire Anti-Taches SPF50+<\/strong>\u00a0est une cr\u00e8me qui att\u00e9nue les\u00a0<strong>taches brunes li\u00e9es au soleil<\/strong>\u00a0et pr\u00e9vient leur apparition. Cette\u00a0<strong>cr\u00e8me solaire tr\u00e8s haute protection<\/strong>\u00a0est \u00e9labor\u00e9e \u00e0 partir de\u00a0<strong>filtres protecteurs UVA \/ UVB<\/strong>\u00a0\u00e0 large spectre et d\u2019une association d\u2019actifs\u00a0<strong>d\u00e9pigmentants<\/strong>\u00a0nouvelle g\u00e9n\u00e9ration.\u00a0<strong>Clairial Cr\u00e8me Solaire Anti-Taches\u00a0SPF 50+ cr\u00e8me<\/strong>\u00a0s\u2019\u00e9tale facilement sans laisser de traces blanches.<\/p>\n<p>Les taches brunes sont le symbole d\u2019un d\u00e9r\u00e8glement de la production de m\u00e9lanine (un pigment fabriqu\u00e9 par les cellules de la peau) et d\u2019une exposition prolong\u00e9e au soleil. La peau n\u2019arrive plus \u00e0 g\u00e9rer les effets des UV et r\u00e9agit en cr\u00e9ant de petites taches brunes sur le visage ou sur le corps. Les personnes \u00e0 la peau tr\u00e8s claire sont les plus sujettes \u00e0 ce type de probl\u00e8me alors la cr\u00e8me solaire Clairial SPF 50+ saura combler leur besoin de protection.<\/p>\n<p>Cette cr\u00e8me est\u00a0<strong>hypoallerg\u00e9nique<\/strong>\u00a0c\u2019est-\u00e0-dire qu\u2019elle respecte la peau en la pr\u00e9servant au maximum de r\u00e9actions allergiques.\u00a0<strong>Non com\u00e9dog\u00e8ne<\/strong>, elle ne bouche pas les pores de la peau et emp\u00eache l\u2019apparition de points noirs.<\/p>\n<p>SVR est un laboratoire qui r\u00e9pond au besoin de toute la famille en mati\u00e8re de soin cosm\u00e9tique.<\/p>\n<p><em>Sans parfum \u2013 Sans paraben<\/em><\/p>\n<p><strong>Conditionnement :<\/strong>\u00a0Tube de 40 ml<\/p>\n<p>Pour une action ultra efficace contre les taches brunes, utilisez\u00a0Clairial Night Peel SVR.<\/p>\n<p><strong>CONSEILS D\u2019UTILISATION<\/strong><\/p>\n<p>Appliquez Clairial SPF 50+ uniform\u00e9ment le matin. En cas d\u2019exposition au soleil, renouveler fr\u00e9quemment l\u2019application. Cette cr\u00e8me permet le maquillage.<\/p>\n<p><strong>COMPOSITION<\/strong><\/p>\n<p>Aqua\/Water\/Eau, diethylamino hydroxybenzoyl hexyl benzoate, diisopropyl adipate, undecane, isoamyl Laurate, bis-ethylhexyloxyphenol methoxyphenyl triazine, ethylhexyl triazone, silica, beheneth-25, niacinamide, tridecane, acrylates C12-22 alkyl methacrylate copolymer, diethylhexyl butamido triazone, glyceryl stearate citrate, butylene glycol, hydrogenated vegetable oil, solanum lycopersicum (tomato) fruit extract, alkanna tinctoria root extract, arginine, disodium lauryl sulfoccinate, lecithin, lepidium sativum sprout extract, plankton extract, glycerin, helanthus annuus (sunflower) seed oil, tocopherol, 1,2 hexanediol, caprylyl glycol, citric acid, hydrohexyethyl acrylate\/sodium acroyldimethyl taurate copolymer, pentylene glycol, polysorbate-60, sorbitan isostearate, xanthan gum, coc-glucoside, parfum (fragrance).<\/p>\n","protected":false},"excerpt":{"rendered":"<p>La\u00a0cr\u00e8me solaire sp\u00e9cifique Clairial SPF 50+ de SVR\u00a0est une cr\u00e8me qui att\u00e9nue les\u00a0taches brunes li\u00e9es au soleil\u00a0et pr\u00e9vient leur apparition.<\/p>\n","protected":false},"featured_media":1732,"comment_status":"open","ping_status":"closed","template":"","meta":{"ocean_post_layout":"","ocean_both_sidebars_style":"","ocean_both_sidebars_content_width":0,"ocean_both_sidebars_sidebars_width":0,"ocean_sidebar":"0","ocean_second_sidebar":"0","ocean_disable_margins":"enable","ocean_add_body_class":"","ocean_shortcode_before_top_bar":"","ocean_shortcode_after_top_bar":"","ocean_shortcode_before_header":"","ocean_shortcode_after_header":"","ocean_has_shortcode":"","ocean_shortcode_after_title":"","ocean_shortcode_before_footer_widgets":"","ocean_shortcode_after_footer_widgets":"","ocean_shortcode_before_footer_bottom":"","ocean_shortcode_after_footer_bottom":"","ocean_display_top_bar":"default","ocean_display_header":"default","ocean_header_style":"","ocean_center_header_left_menu":"0","ocean_custom_header_template":"0","ocean_custom_logo":0,"ocean_custom_retina_logo":0,"ocean_custom_logo_max_width":0,"ocean_custom_logo_tablet_max_width":0,"ocean_custom_logo_mobile_max_width":0,"ocean_custom_logo_max_height":0,"ocean_custom_logo_tablet_max_height":0,"ocean_custom_logo_mobile_max_height":0,"ocean_header_custom_menu":"0","ocean_menu_typo_font_family":"0","ocean_menu_typo_font_subset":"","ocean_menu_typo_font_size":0,"ocean_menu_typo_font_size_tablet":0,"ocean_menu_typo_font_size_mobile":0,"ocean_menu_typo_font_size_unit":"px","ocean_menu_typo_font_weight":"","ocean_menu_typo_font_weight_tablet":"","ocean_menu_typo_font_weight_mobile":"","ocean_menu_typo_transform":"","ocean_menu_typo_transform_tablet":"","ocean_menu_typo_transform_mobile":"","ocean_menu_typo_line_height":0,"ocean_menu_typo_line_height_tablet":0,"ocean_menu_typo_line_height_mobile":0,"ocean_menu_typo_line_height_unit":"","ocean_menu_typo_spacing":0,"ocean_menu_typo_spacing_tablet":0,"ocean_menu_typo_spacing_mobile":0,"ocean_menu_typo_spacing_unit":"","ocean_menu_link_color":"","ocean_menu_link_color_hover":"","ocean_menu_link_color_active":"","ocean_menu_link_background":"","ocean_menu_link_hover_background":"","ocean_menu_link_active_background":"","ocean_menu_social_links_bg":"","ocean_menu_social_hover_links_bg":"","ocean_menu_social_links_color":"","ocean_menu_social_hover_links_color":"","ocean_disable_title":"default","ocean_disable_heading":"default","ocean_post_title":"","ocean_post_subheading":"","ocean_post_title_style":"","ocean_post_title_background_color":"","ocean_post_title_background":0,"ocean_post_title_bg_image_position":"","ocean_post_title_bg_image_attachment":"","ocean_post_title_bg_image_repeat":"","ocean_post_title_bg_image_size":"","ocean_post_title_height":0,"ocean_post_title_bg_overlay":0.5,"ocean_post_title_bg_overlay_color":"","ocean_disable_breadcrumbs":"default","ocean_breadcrumbs_color":"","ocean_breadcrumbs_separator_color":"","ocean_breadcrumbs_links_color":"","ocean_breadcrumbs_links_hover_color":"","ocean_display_footer_widgets":"default","ocean_display_footer_bottom":"default","ocean_custom_footer_template":"0"},"product_brand":[],"product_cat":[75,71,20],"product_tag":[],"class_list":{"0":"post-1731","1":"product","2":"type-product","3":"status-publish","4":"has-post-thumbnail","6":"product_cat-anti-taches-et-eclaircissant","7":"product_cat-cremes-solaires","8":"product_cat-solaire","10":"entry","11":"has-media","13":"first","14":"instock","15":"taxable","16":"shipping-taxable","17":"purchasable","18":"product-type-simple","19":"has-product-nav","20":"col","21":"span_1_of_3","22":"owp-content-center","23":"owp-thumbs-layout-horizontal","24":"owp-btn-normal","25":"owp-tabs-layout-horizontal"},"_links":{"self":[{"href":"https:\/\/ellypara.com\/index.php\/wp-json\/wp\/v2\/product\/1731","targetHints":{"allow":["GET"]}}],"collection":[{"href":"https:\/\/ellypara.com\/index.php\/wp-json\/wp\/v2\/product"}],"about":[{"href":"https:\/\/ellypara.com\/index.php\/wp-json\/wp\/v2\/types\/product"}],"replies":[{"embeddable":true,"href":"https:\/\/ellypara.com\/index.php\/wp-json\/wp\/v2\/comments?post=1731"}],"wp:featuredmedia":[{"embeddable":true,"href":"https:\/\/ellypara.com\/index.php\/wp-json\/wp\/v2\/media\/1732"}],"wp:attachment":[{"href":"https:\/\/ellypara.com\/index.php\/wp-json\/wp\/v2\/media?parent=1731"}],"wp:term":[{"taxonomy":"product_brand","embeddable":true,"href":"https:\/\/ellypara.com\/index.php\/wp-json\/wp\/v2\/product_brand?post=1731"},{"taxonomy":"product_cat","embeddable":true,"href":"https:\/\/ellypara.com\/index.php\/wp-json\/wp\/v2\/product_cat?post=1731"},{"taxonomy":"product_tag","embeddable":true,"href":"https:\/\/ellypara.com\/index.php\/wp-json\/wp\/v2\/product_tag?post=1731"}],"curies":[{"name":"wp","href":"https:\/\/api.w.org\/{rel}","templated":true}]}}