{"id":1736,"date":"2025-05-11T14:16:40","date_gmt":"2025-05-11T12:16:40","guid":{"rendered":"https:\/\/ellypara.com\/?post_type=product&#038;p=1736"},"modified":"2025-05-11T15:12:24","modified_gmt":"2025-05-11T13:12:24","slug":"papulex-gel-nettoyant-moussant-sans-savon-150ml","status":"publish","type":"product","link":"https:\/\/ellypara.com\/index.php\/produit\/papulex-gel-nettoyant-moussant-sans-savon-150ml\/","title":{"rendered":"PAPULEX Gel Nettoyant Moussant Sans Savon 150ml"},"content":{"rendered":"<p><strong>Papulex gel Nettoyant moussant<\/strong>\u00a0est un gel nettoyant\u00a0<strong>sans savon<\/strong>\u00a0destin\u00e9 aux\u00a0<strong>peaux \u00e0 imperfections<\/strong>.<\/p>\n<p>Alliance Papulex Gel Nettoyant Moussant Sans Savon 150ml est un gel nettoyant anti-impuret\u00e9s qui aide \u00e0 purifier et \u00e0 nettoyer la peau en douceur.<\/p>\n<p>Gr\u00e2ce \u00e0 une association de Niacinamide et d\u2019un actif anti-adh\u00e9sion bact\u00e9rienne brevet\u00e9 (AAB), sa formule contribue \u00e0 r\u00e9duire les imperfections et les rougeurs.<\/p>\n<p>Convient aux\u00a0peaux \u00e0 imperfections.<\/p>\n<p>Sans savon.<\/p>\n<p>Ce type de peaux est marqu\u00e9 par un grain de peau irr\u00e9gulier, par des rougeurs et des com\u00e9dons. Les pores sont \u00e9galement dilat\u00e9s. La peau \u00e0 imperfections est propice au d\u00e9veloppement de l\u2019acn\u00e9. Il faut \u00e0 cette peau un soin particulier. Certains savons, par leur effet agressif, sont \u00e0 proscrire : en effet, ils ne feraient qu\u2019irriter la peau en la d\u00e9capant, laquelle r\u00e9agirait en \u00e9mettant plus de s\u00e9bum en r\u00e9action, ce qui est \u00e0 \u00e9viter.<\/p>\n<p>Papulex gel moussant permet de bien nettoyer la peau \u00e0 imperfections gr\u00e2ce \u00e0 ses tensioactifs. Il convient aussi bien pour le\u00a0<strong>visage<\/strong>\u00a0que pour le\u00a0<strong>corps<\/strong>. Il est formul\u00e9 avec de la\u00a0<strong>glyc\u00e9rine<\/strong>, un actif poss\u00e9dant de tr\u00e8s nombreuses vertus. Ainsi, il est hydratant. Il aide \u00e9galement la peau \u00e0 reconstruire ses d\u00e9fenses. Il agit aussi sur la r\u00e9paration de l\u2019\u00e9piderme.<\/p>\n<p>Enfin, il est lissant et adoucissant. Autre actif clef de ce gel moussant : la\u00a0<strong>niacinamide<\/strong>. C\u2019est une forme de la vitamine B3. Elle poss\u00e8de la capacit\u00e9 de maintenir l\u2019hydratation cutan\u00e9e. Elle va \u00e9galement lutter contre les rougeurs qui marquent la peau. Elle poss\u00e8de des propri\u00e9t\u00e9s anti-inflammatoires et aussi antioxydantes.<\/p>\n<p><strong><u>A<\/u><u>ctifs principaux :<\/u><\/strong><\/p>\n<p>Nicotinamide, Actif Anti-Adh\u00e9sion Bact\u00e9rienne.<\/p>\n<p>Dans la m\u00eame gamme, retrouvez la\u00a0PAPULEX Lotion 125ml<\/p>\n<p><strong>Conditionnement :<\/strong>\u00a0tube de 150 ml<\/p>\n<p><strong>CONSEILS D\u2019UTILISATION<\/strong><\/p>\n<p>Utiliser Papulex Gel Nettoyant matin et soir. Appliquer sur la peau humidifi\u00e9e du visage et du corps en massant avec d\u00e9licatesse. Rincer abondamment puis s\u00e9cher sans frotter.<\/p>\n<p>Tenir hors de la port\u00e9e des enfants.<br \/>\nEn cas de projection dans l\u2019oeil, rincer avec de l\u2019eau imm\u00e9diatement.<\/p>\n<p><iframe id=\"widget4\" title=\"Tuto - Comment appliquer un gel nettoyant ?\" src=\"https:\/\/www.youtube.com\/embed\/kVYztNLbgR4?feature=oembed&amp;enablejsapi=1&amp;origin=https:%2F%2Fwww.maparatunisie.tn\" width=\"1020\" height=\"574\" frameborder=\"0\" allowfullscreen=\"allowfullscreen\" data-gtm-yt-inspected-9=\"true\" data-mce-fragment=\"1\"><\/iframe><\/p>\n<p><strong>COMPOSITION<\/strong><\/p>\n<p>Aqua, decyl glucoside, glycerin, cocamidopropyl hydroxysultaine, niacinamide, ceteareth-60 myristyl glycol, sorbitol, tea-lauryl sulfate, citric acid, lauryl glucoside, parfum, disodium phosphate, DMDM hydantoin, disodium EDTA, iodopropynyl butylcarbamate, CI 19140, CI 42090.<\/p>\n","protected":false},"excerpt":{"rendered":"<p>Papulex Gel Nettoyant Moussant d\u2019Alliance Pharma est un soin de nettoyage \u00e0 usage quotidien. Il est sp\u00e9cialement con\u00e7u pour r\u00e9pondre aux besoins des peaux grasses ayant une tendance acn\u00e9ique.<\/p>\n","protected":false},"featured_media":1737,"comment_status":"open","ping_status":"closed","template":"","meta":{"ocean_post_layout":"","ocean_both_sidebars_style":"","ocean_both_sidebars_content_width":0,"ocean_both_sidebars_sidebars_width":0,"ocean_sidebar":"0","ocean_second_sidebar":"0","ocean_disable_margins":"enable","ocean_add_body_class":"","ocean_shortcode_before_top_bar":"","ocean_shortcode_after_top_bar":"","ocean_shortcode_before_header":"","ocean_shortcode_after_header":"","ocean_has_shortcode":"","ocean_shortcode_after_title":"","ocean_shortcode_before_footer_widgets":"","ocean_shortcode_after_footer_widgets":"","ocean_shortcode_before_footer_bottom":"","ocean_shortcode_after_footer_bottom":"","ocean_display_top_bar":"default","ocean_display_header":"default","ocean_header_style":"","ocean_center_header_left_menu":"0","ocean_custom_header_template":"0","ocean_custom_logo":0,"ocean_custom_retina_logo":0,"ocean_custom_logo_max_width":0,"ocean_custom_logo_tablet_max_width":0,"ocean_custom_logo_mobile_max_width":0,"ocean_custom_logo_max_height":0,"ocean_custom_logo_tablet_max_height":0,"ocean_custom_logo_mobile_max_height":0,"ocean_header_custom_menu":"0","ocean_menu_typo_font_family":"0","ocean_menu_typo_font_subset":"","ocean_menu_typo_font_size":0,"ocean_menu_typo_font_size_tablet":0,"ocean_menu_typo_font_size_mobile":0,"ocean_menu_typo_font_size_unit":"px","ocean_menu_typo_font_weight":"","ocean_menu_typo_font_weight_tablet":"","ocean_menu_typo_font_weight_mobile":"","ocean_menu_typo_transform":"","ocean_menu_typo_transform_tablet":"","ocean_menu_typo_transform_mobile":"","ocean_menu_typo_line_height":0,"ocean_menu_typo_line_height_tablet":0,"ocean_menu_typo_line_height_mobile":0,"ocean_menu_typo_line_height_unit":"","ocean_menu_typo_spacing":0,"ocean_menu_typo_spacing_tablet":0,"ocean_menu_typo_spacing_mobile":0,"ocean_menu_typo_spacing_unit":"","ocean_menu_link_color":"","ocean_menu_link_color_hover":"","ocean_menu_link_color_active":"","ocean_menu_link_background":"","ocean_menu_link_hover_background":"","ocean_menu_link_active_background":"","ocean_menu_social_links_bg":"","ocean_menu_social_hover_links_bg":"","ocean_menu_social_links_color":"","ocean_menu_social_hover_links_color":"","ocean_disable_title":"default","ocean_disable_heading":"default","ocean_post_title":"","ocean_post_subheading":"","ocean_post_title_style":"","ocean_post_title_background_color":"","ocean_post_title_background":0,"ocean_post_title_bg_image_position":"","ocean_post_title_bg_image_attachment":"","ocean_post_title_bg_image_repeat":"","ocean_post_title_bg_image_size":"","ocean_post_title_height":0,"ocean_post_title_bg_overlay":0.5,"ocean_post_title_bg_overlay_color":"","ocean_disable_breadcrumbs":"default","ocean_breadcrumbs_color":"","ocean_breadcrumbs_separator_color":"","ocean_breadcrumbs_links_color":"","ocean_breadcrumbs_links_hover_color":"","ocean_display_footer_widgets":"default","ocean_display_footer_bottom":"default","ocean_custom_footer_template":"0"},"product_brand":[],"product_cat":[26,41,37,42,39,21],"product_tag":[],"class_list":{"0":"post-1736","1":"product","2":"type-product","3":"status-publish","4":"has-post-thumbnail","6":"product_cat-promo","7":"product_cat-nettoyants-visage","8":"product_cat-soins-peau-grasse","9":"product_cat-peaux-seches","10":"product_cat-soins-anti-taches-et-depigmentants","11":"product_cat-visage","13":"entry","14":"has-media","16":"first","17":"outofstock","18":"sale","19":"taxable","20":"shipping-taxable","21":"purchasable","22":"product-type-simple","23":"has-product-nav","24":"col","25":"span_1_of_3","26":"owp-content-center","27":"owp-thumbs-layout-horizontal","28":"owp-btn-normal","29":"owp-tabs-layout-horizontal"},"_links":{"self":[{"href":"https:\/\/ellypara.com\/index.php\/wp-json\/wp\/v2\/product\/1736","targetHints":{"allow":["GET"]}}],"collection":[{"href":"https:\/\/ellypara.com\/index.php\/wp-json\/wp\/v2\/product"}],"about":[{"href":"https:\/\/ellypara.com\/index.php\/wp-json\/wp\/v2\/types\/product"}],"replies":[{"embeddable":true,"href":"https:\/\/ellypara.com\/index.php\/wp-json\/wp\/v2\/comments?post=1736"}],"wp:featuredmedia":[{"embeddable":true,"href":"https:\/\/ellypara.com\/index.php\/wp-json\/wp\/v2\/media\/1737"}],"wp:attachment":[{"href":"https:\/\/ellypara.com\/index.php\/wp-json\/wp\/v2\/media?parent=1736"}],"wp:term":[{"taxonomy":"product_brand","embeddable":true,"href":"https:\/\/ellypara.com\/index.php\/wp-json\/wp\/v2\/product_brand?post=1736"},{"taxonomy":"product_cat","embeddable":true,"href":"https:\/\/ellypara.com\/index.php\/wp-json\/wp\/v2\/product_cat?post=1736"},{"taxonomy":"product_tag","embeddable":true,"href":"https:\/\/ellypara.com\/index.php\/wp-json\/wp\/v2\/product_tag?post=1736"}],"curies":[{"name":"wp","href":"https:\/\/api.w.org\/{rel}","templated":true}]}}