{"id":1743,"date":"2025-05-11T14:47:42","date_gmt":"2025-05-11T12:47:42","guid":{"rendered":"https:\/\/ellypara.com\/?post_type=product&#038;p=1743"},"modified":"2025-05-11T14:47:43","modified_gmt":"2025-05-11T12:47:43","slug":"naturtint-cc-cream-anti-age-cheveux-200ml","status":"publish","type":"product","link":"https:\/\/ellypara.com\/index.php\/produit\/naturtint-cc-cream-anti-age-cheveux-200ml\/","title":{"rendered":"Naturtint CC Cream Anti-Age Cheveux 200ml"},"content":{"rendered":"<p>Traitement anti-\u00e2ge et r\u00e9parateur des\u00a0cheveux, formul\u00e9 \u00e0 96% d\u2019ingr\u00e9dients d\u2019origine naturelle. Il arr\u00eate les signes du vieillissement des cheveux en reconstruisant la k\u00e9ratine des cheveux et en les prot\u00e9geant des effets n\u00e9fastes du soleil, de la chaleur et de la pollution.<\/p>\n<p><strong>Principaux actifs<\/strong><\/p>\n<p>Extrait de Baobab: multiactif anti-\u00e2ge. Nourrit et prot\u00e8ge. Conditionneur naturel qui donne vitalit\u00e9, luminosit\u00e9 et volume.<br \/>\nHydrolysat de prot\u00e9ines de Lactos\u00e9rum: force et volume. Effet anti-casse + 80%.<br \/>\nHydrolysat d\u2019extrait de Pois: r\u00e9cup\u00e8re les fibres endommag\u00e9es.<br \/>\nExtrait de Graine de Tournesol: r\u00e9g\u00e9n\u00e9rateur et scellant naturel des fourches<\/p>\n<p><strong>Ingr\u00e9dients :<\/strong><\/p>\n<p>Aqua Purificata (Purified Water), Helianthus Annuus (Sunflower) Flower Extract, Behentrimonium Methosulfate, Cetearyl Alcohol, Quaternium-80, Hydrolyzed Wheat Protein, Hydrolyzed Adansonia Digitata Seed Protein, Hydrolyzed Pea Protein, Potato Starch Modified, Parfum (Fragrance) Sodium Benzoate, Potassium Sorbate, d-Limonene, Linalool, Citronellol.<\/p>\n","protected":false},"excerpt":{"rendered":"<p>Traitement anti-\u00e2ge et r\u00e9parateur des cheveux, formul\u00e9 \u00e0 96% d\u2019ingr\u00e9dients d\u2019origine naturelle.<\/p>\n","protected":false},"featured_media":1744,"comment_status":"open","ping_status":"closed","template":"","meta":{"ocean_post_layout":"","ocean_both_sidebars_style":"","ocean_both_sidebars_content_width":0,"ocean_both_sidebars_sidebars_width":0,"ocean_sidebar":"0","ocean_second_sidebar":"0","ocean_disable_margins":"enable","ocean_add_body_class":"","ocean_shortcode_before_top_bar":"","ocean_shortcode_after_top_bar":"","ocean_shortcode_before_header":"","ocean_shortcode_after_header":"","ocean_has_shortcode":"","ocean_shortcode_after_title":"","ocean_shortcode_before_footer_widgets":"","ocean_shortcode_after_footer_widgets":"","ocean_shortcode_before_footer_bottom":"","ocean_shortcode_after_footer_bottom":"","ocean_display_top_bar":"default","ocean_display_header":"default","ocean_header_style":"","ocean_center_header_left_menu":"0","ocean_custom_header_template":"0","ocean_custom_logo":0,"ocean_custom_retina_logo":0,"ocean_custom_logo_max_width":0,"ocean_custom_logo_tablet_max_width":0,"ocean_custom_logo_mobile_max_width":0,"ocean_custom_logo_max_height":0,"ocean_custom_logo_tablet_max_height":0,"ocean_custom_logo_mobile_max_height":0,"ocean_header_custom_menu":"0","ocean_menu_typo_font_family":"0","ocean_menu_typo_font_subset":"","ocean_menu_typo_font_size":0,"ocean_menu_typo_font_size_tablet":0,"ocean_menu_typo_font_size_mobile":0,"ocean_menu_typo_font_size_unit":"px","ocean_menu_typo_font_weight":"","ocean_menu_typo_font_weight_tablet":"","ocean_menu_typo_font_weight_mobile":"","ocean_menu_typo_transform":"","ocean_menu_typo_transform_tablet":"","ocean_menu_typo_transform_mobile":"","ocean_menu_typo_line_height":0,"ocean_menu_typo_line_height_tablet":0,"ocean_menu_typo_line_height_mobile":0,"ocean_menu_typo_line_height_unit":"","ocean_menu_typo_spacing":0,"ocean_menu_typo_spacing_tablet":0,"ocean_menu_typo_spacing_mobile":0,"ocean_menu_typo_spacing_unit":"","ocean_menu_link_color":"","ocean_menu_link_color_hover":"","ocean_menu_link_color_active":"","ocean_menu_link_background":"","ocean_menu_link_hover_background":"","ocean_menu_link_active_background":"","ocean_menu_social_links_bg":"","ocean_menu_social_hover_links_bg":"","ocean_menu_social_links_color":"","ocean_menu_social_hover_links_color":"","ocean_disable_title":"default","ocean_disable_heading":"default","ocean_post_title":"","ocean_post_subheading":"","ocean_post_title_style":"","ocean_post_title_background_color":"","ocean_post_title_background":0,"ocean_post_title_bg_image_position":"","ocean_post_title_bg_image_attachment":"","ocean_post_title_bg_image_repeat":"","ocean_post_title_bg_image_size":"","ocean_post_title_height":0,"ocean_post_title_bg_overlay":0.5,"ocean_post_title_bg_overlay_color":"","ocean_disable_breadcrumbs":"default","ocean_breadcrumbs_color":"","ocean_breadcrumbs_separator_color":"","ocean_breadcrumbs_links_color":"","ocean_breadcrumbs_links_hover_color":"","ocean_display_footer_widgets":"default","ocean_display_footer_bottom":"default","ocean_custom_footer_template":"0"},"product_brand":[],"product_cat":[23,53],"product_tag":[],"class_list":{"0":"post-1743","1":"product","2":"type-product","3":"status-publish","4":"has-post-thumbnail","6":"product_cat-cheuveux","7":"product_cat-shampoing","9":"entry","10":"has-media","12":"first","13":"instock","14":"taxable","15":"shipping-taxable","16":"purchasable","17":"product-type-simple","18":"has-product-nav","19":"col","20":"span_1_of_3","21":"owp-content-center","22":"owp-thumbs-layout-horizontal","23":"owp-btn-normal","24":"owp-tabs-layout-horizontal"},"_links":{"self":[{"href":"https:\/\/ellypara.com\/index.php\/wp-json\/wp\/v2\/product\/1743","targetHints":{"allow":["GET"]}}],"collection":[{"href":"https:\/\/ellypara.com\/index.php\/wp-json\/wp\/v2\/product"}],"about":[{"href":"https:\/\/ellypara.com\/index.php\/wp-json\/wp\/v2\/types\/product"}],"replies":[{"embeddable":true,"href":"https:\/\/ellypara.com\/index.php\/wp-json\/wp\/v2\/comments?post=1743"}],"wp:featuredmedia":[{"embeddable":true,"href":"https:\/\/ellypara.com\/index.php\/wp-json\/wp\/v2\/media\/1744"}],"wp:attachment":[{"href":"https:\/\/ellypara.com\/index.php\/wp-json\/wp\/v2\/media?parent=1743"}],"wp:term":[{"taxonomy":"product_brand","embeddable":true,"href":"https:\/\/ellypara.com\/index.php\/wp-json\/wp\/v2\/product_brand?post=1743"},{"taxonomy":"product_cat","embeddable":true,"href":"https:\/\/ellypara.com\/index.php\/wp-json\/wp\/v2\/product_cat?post=1743"},{"taxonomy":"product_tag","embeddable":true,"href":"https:\/\/ellypara.com\/index.php\/wp-json\/wp\/v2\/product_tag?post=1743"}],"curies":[{"name":"wp","href":"https:\/\/api.w.org\/{rel}","templated":true}]}}