{"id":1750,"date":"2025-05-11T15:01:47","date_gmt":"2025-05-11T13:01:47","guid":{"rendered":"https:\/\/ellypara.com\/?post_type=product&#038;p=1750"},"modified":"2025-05-11T15:11:37","modified_gmt":"2025-05-11T13:11:37","slug":"papulex-cr-anti-imperfec-oil-free-40ml","status":"publish","type":"product","link":"https:\/\/ellypara.com\/index.php\/produit\/papulex-cr-anti-imperfec-oil-free-40ml\/","title":{"rendered":"PAPULEX CR ANTI IMPERFEC (OIL FREE) 40ML"},"content":{"rendered":"<p><strong>PAPULEX Creme Oil-free Peaux A Imperfections 40ml<\/strong><\/p>\n<p>A la pubert\u00e9 ou parfois m\u00eame \u00e0 l\u2019\u00e2ge adulte, les modifications hormonales favorisent l\u2019apparition de boutons rouges (papules, pustules). Les \u00e9l\u00e9ments actifs de\u00a0<strong>Papulex Cr\u00e8me Oil-Free 40 ml<\/strong>\u00a0(Nicotinamide et Actif Anti-Adh\u00e9sion Bact\u00e9rienne) ont \u00e9t\u00e9 s\u00e9lectionn\u00e9s pour am\u00e9liorer l\u2019\u00e9tat de votre peau en favorisant la disparition des imperfections.<\/p>\n<p><strong>Conseils d\u2019utilisation<\/strong><\/p>\n<p>Applique matin et soir sur les zones concern\u00e9es (visage, torse, dos) pr\u00e9alablement nettoy\u00e9es.<\/p>\n<p><strong>Indication\u00a0<\/strong>:\u00a0Acn\u00e9 inflammatoire l\u00e9g\u00e8re \u00e0 mod\u00e9r\u00e9e, peaux \u00e0 tendance acn\u00e9ique. Visage, dos et torse.<\/p>\n<p><strong>Composition<\/strong><\/p>\n<p>Formule INCI : Aqua, butylene glycol dicaprylate (caprate), cetearyl alcohol, isodecyl neopentanoate, niacinamide, cyclomethicone, polymethyl methacrylate, dimethicone (vinyl dimethicone crosspolymer, C12-14 pareth-12, cera alba, cetearyl glucoside, sucrose stearate, zinc PCA, C30-45 alkyl methicone and C30-45 olefin, polyacrylamide, C13-14 isoparaffin, methylparaben, laureth-7, propylparaben, diazolidinyl urea.<\/p>\n<p><em>Non photosensibilisant. Non com\u00e9dog\u00e8ne.<\/em><\/p>\n","protected":false},"excerpt":{"rendered":"<p>Gr\u00e2ce \u00e0 sa formule sans huile et enrichie en agents matifiants, PAPULEX Creme Oil-free Peaux A Imperfections 40ml favorise la disparition des imperfections en r\u00e9gulant la s\u00e9cr\u00e9tion de s\u00e9bum.<\/p>\n","protected":false},"featured_media":1751,"comment_status":"open","ping_status":"closed","template":"","meta":{"ocean_post_layout":"","ocean_both_sidebars_style":"","ocean_both_sidebars_content_width":0,"ocean_both_sidebars_sidebars_width":0,"ocean_sidebar":"0","ocean_second_sidebar":"0","ocean_disable_margins":"enable","ocean_add_body_class":"","ocean_shortcode_before_top_bar":"","ocean_shortcode_after_top_bar":"","ocean_shortcode_before_header":"","ocean_shortcode_after_header":"","ocean_has_shortcode":"","ocean_shortcode_after_title":"","ocean_shortcode_before_footer_widgets":"","ocean_shortcode_after_footer_widgets":"","ocean_shortcode_before_footer_bottom":"","ocean_shortcode_after_footer_bottom":"","ocean_display_top_bar":"default","ocean_display_header":"default","ocean_header_style":"","ocean_center_header_left_menu":"0","ocean_custom_header_template":"0","ocean_custom_logo":0,"ocean_custom_retina_logo":0,"ocean_custom_logo_max_width":0,"ocean_custom_logo_tablet_max_width":0,"ocean_custom_logo_mobile_max_width":0,"ocean_custom_logo_max_height":0,"ocean_custom_logo_tablet_max_height":0,"ocean_custom_logo_mobile_max_height":0,"ocean_header_custom_menu":"0","ocean_menu_typo_font_family":"0","ocean_menu_typo_font_subset":"","ocean_menu_typo_font_size":0,"ocean_menu_typo_font_size_tablet":0,"ocean_menu_typo_font_size_mobile":0,"ocean_menu_typo_font_size_unit":"px","ocean_menu_typo_font_weight":"","ocean_menu_typo_font_weight_tablet":"","ocean_menu_typo_font_weight_mobile":"","ocean_menu_typo_transform":"","ocean_menu_typo_transform_tablet":"","ocean_menu_typo_transform_mobile":"","ocean_menu_typo_line_height":0,"ocean_menu_typo_line_height_tablet":0,"ocean_menu_typo_line_height_mobile":0,"ocean_menu_typo_line_height_unit":"","ocean_menu_typo_spacing":0,"ocean_menu_typo_spacing_tablet":0,"ocean_menu_typo_spacing_mobile":0,"ocean_menu_typo_spacing_unit":"","ocean_menu_link_color":"","ocean_menu_link_color_hover":"","ocean_menu_link_color_active":"","ocean_menu_link_background":"","ocean_menu_link_hover_background":"","ocean_menu_link_active_background":"","ocean_menu_social_links_bg":"","ocean_menu_social_hover_links_bg":"","ocean_menu_social_links_color":"","ocean_menu_social_hover_links_color":"","ocean_disable_title":"default","ocean_disable_heading":"default","ocean_post_title":"","ocean_post_subheading":"","ocean_post_title_style":"","ocean_post_title_background_color":"","ocean_post_title_background":0,"ocean_post_title_bg_image_position":"","ocean_post_title_bg_image_attachment":"","ocean_post_title_bg_image_repeat":"","ocean_post_title_bg_image_size":"","ocean_post_title_height":0,"ocean_post_title_bg_overlay":0.5,"ocean_post_title_bg_overlay_color":"","ocean_disable_breadcrumbs":"default","ocean_breadcrumbs_color":"","ocean_breadcrumbs_separator_color":"","ocean_breadcrumbs_links_color":"","ocean_breadcrumbs_links_hover_color":"","ocean_display_footer_widgets":"default","ocean_display_footer_bottom":"default","ocean_custom_footer_template":"0"},"product_brand":[],"product_cat":[37,42,39,21],"product_tag":[],"class_list":{"0":"post-1750","1":"product","2":"type-product","3":"status-publish","4":"has-post-thumbnail","6":"product_cat-soins-peau-grasse","7":"product_cat-peaux-seches","8":"product_cat-soins-anti-taches-et-depigmentants","9":"product_cat-visage","11":"entry","12":"has-media","14":"first","15":"outofstock","16":"taxable","17":"shipping-taxable","18":"purchasable","19":"product-type-simple","20":"has-product-nav","21":"col","22":"span_1_of_3","23":"owp-content-center","24":"owp-thumbs-layout-horizontal","25":"owp-btn-normal","26":"owp-tabs-layout-horizontal","27":"has-no-thumbnails"},"_links":{"self":[{"href":"https:\/\/ellypara.com\/index.php\/wp-json\/wp\/v2\/product\/1750","targetHints":{"allow":["GET"]}}],"collection":[{"href":"https:\/\/ellypara.com\/index.php\/wp-json\/wp\/v2\/product"}],"about":[{"href":"https:\/\/ellypara.com\/index.php\/wp-json\/wp\/v2\/types\/product"}],"replies":[{"embeddable":true,"href":"https:\/\/ellypara.com\/index.php\/wp-json\/wp\/v2\/comments?post=1750"}],"wp:featuredmedia":[{"embeddable":true,"href":"https:\/\/ellypara.com\/index.php\/wp-json\/wp\/v2\/media\/1751"}],"wp:attachment":[{"href":"https:\/\/ellypara.com\/index.php\/wp-json\/wp\/v2\/media?parent=1750"}],"wp:term":[{"taxonomy":"product_brand","embeddable":true,"href":"https:\/\/ellypara.com\/index.php\/wp-json\/wp\/v2\/product_brand?post=1750"},{"taxonomy":"product_cat","embeddable":true,"href":"https:\/\/ellypara.com\/index.php\/wp-json\/wp\/v2\/product_cat?post=1750"},{"taxonomy":"product_tag","embeddable":true,"href":"https:\/\/ellypara.com\/index.php\/wp-json\/wp\/v2\/product_tag?post=1750"}],"curies":[{"name":"wp","href":"https:\/\/api.w.org\/{rel}","templated":true}]}}