{"id":1753,"date":"2025-05-11T15:10:33","date_gmt":"2025-05-11T13:10:33","guid":{"rendered":"https:\/\/ellypara.com\/?post_type=product&#038;p=1753"},"modified":"2025-05-11T15:10:33","modified_gmt":"2025-05-11T13:10:33","slug":"papulex-cr-iso-correction-50ml","status":"publish","type":"product","link":"https:\/\/ellypara.com\/index.php\/produit\/papulex-cr-iso-correction-50ml\/","title":{"rendered":"PAPULEX CR ISO CORRECTION 50ML"},"content":{"rendered":"<p>Papulex Isocorrexion 50 ml\u00a0est \u00e9labor\u00e9e pour favoriser la disparition des imperfections gr\u00e2ce \u00e0 l\u2019association Nicotinamide et Actif Anti-Adh\u00e9sion Bact\u00e9rienne.<\/p>\n<p>Le Phytos\u00e9bum r\u00e9duit la s\u00e9cheresse et les tiraillements provoqu\u00e9s par les traitements m\u00e9dicaux. La peau retrouve son \u00e9quilibre, sa matit\u00e9 e sa puret\u00e9.<\/p>\n<p>Sans conservateur.<\/p>\n<p><strong>Conseil d\u2019utilisation<\/strong><\/p>\n<p class=\"champ2_noir\">\u2013 Nettoyer la peau avec un savon doux, rincer puis s\u00e9cher.<br \/>\n\u2013 Appliquer, 2 fois par jour, matin et soir, en fine couche sur les surfaces \u00e0 traiter : VISAGE, TORSE, DOS.<br \/>\n\u2013 Masser l\u00e9g\u00e8rement pour faire p\u00e9n\u00e9trer.<br \/>\nPeut \u00eatre utilis\u00e9 en p\u00e9riode estivale en \u00e9vitant les yeux et les muqueuses.<\/p>\n<p><strong>Composition<\/strong><\/p>\n<p>Emulsion H\/E (Huile dans Huile) :<br \/>\n\u2013 Nicotinamide ou vitamine B3 4%<br \/>\n\u2013 Agents antiadh\u00e9sion bact\u00e9rienne (AAB)\u00a0 1%<br \/>\n\u2013 Extrait d\u2019Imperate (Impereta cylindrica)<br \/>\n\u2013 Beurre de Karit\u00e9<br \/>\n\u2013 Cire d\u2019Abeille<br \/>\n\u2013 Zinc PCA<br \/>\n\u2013 Extrait de\u00a0Pamplemousse\u00a0(Citrus grandis)<br \/>\n\u2013 Excipients : eau, c\u00e9t\u00e9aryl isononanoate, caprylique\/caprique triglyc\u00e9rides, trid\u00e9cyl salicylate, C14-22 alcools\/C12-20 alkyl glucoside, d\u00e9cyl olivate, PEG-12 dim\u00e9thicone, ammonium acrylate\/acrylamide copolymer\/polyisobut\u00e8ne\/polysorbate-20, sucrose st\u00e9arate, ammonium acryloyldim\u00e9thyl taurate\/VP copolymer, squal\u00e8ne, caprylyl glycol, carbomer, acrylates\/C10-30 alkyl acrylate crosspolymer.<\/p>\n","protected":false},"excerpt":{"rendered":"<p>Cr\u00e8me ANTIACNEIQUE, pour soin du visage et du corps, peaux JEUNES A PROBLEMES, \u00e0 base de nicotinamide, \u00e0 action antiinflammatoire, antibact\u00e9rienne et hydratante, permettant de favoriser la disparition des imperfections cutan\u00e9es, de r\u00e9parer la barri\u00e8re cutan\u00e9e, tout en r\u00e9duisant la s\u00e9cheresse de la peau et en hydratante des couches sup\u00e9rieures de l\u2019\u00e9piderme.<\/p>\n","protected":false},"featured_media":1754,"comment_status":"open","ping_status":"closed","template":"","meta":{"ocean_post_layout":"","ocean_both_sidebars_style":"","ocean_both_sidebars_content_width":0,"ocean_both_sidebars_sidebars_width":0,"ocean_sidebar":"0","ocean_second_sidebar":"0","ocean_disable_margins":"enable","ocean_add_body_class":"","ocean_shortcode_before_top_bar":"","ocean_shortcode_after_top_bar":"","ocean_shortcode_before_header":"","ocean_shortcode_after_header":"","ocean_has_shortcode":"","ocean_shortcode_after_title":"","ocean_shortcode_before_footer_widgets":"","ocean_shortcode_after_footer_widgets":"","ocean_shortcode_before_footer_bottom":"","ocean_shortcode_after_footer_bottom":"","ocean_display_top_bar":"default","ocean_display_header":"default","ocean_header_style":"","ocean_center_header_left_menu":"0","ocean_custom_header_template":"0","ocean_custom_logo":0,"ocean_custom_retina_logo":0,"ocean_custom_logo_max_width":0,"ocean_custom_logo_tablet_max_width":0,"ocean_custom_logo_mobile_max_width":0,"ocean_custom_logo_max_height":0,"ocean_custom_logo_tablet_max_height":0,"ocean_custom_logo_mobile_max_height":0,"ocean_header_custom_menu":"0","ocean_menu_typo_font_family":"0","ocean_menu_typo_font_subset":"","ocean_menu_typo_font_size":0,"ocean_menu_typo_font_size_tablet":0,"ocean_menu_typo_font_size_mobile":0,"ocean_menu_typo_font_size_unit":"px","ocean_menu_typo_font_weight":"","ocean_menu_typo_font_weight_tablet":"","ocean_menu_typo_font_weight_mobile":"","ocean_menu_typo_transform":"","ocean_menu_typo_transform_tablet":"","ocean_menu_typo_transform_mobile":"","ocean_menu_typo_line_height":0,"ocean_menu_typo_line_height_tablet":0,"ocean_menu_typo_line_height_mobile":0,"ocean_menu_typo_line_height_unit":"","ocean_menu_typo_spacing":0,"ocean_menu_typo_spacing_tablet":0,"ocean_menu_typo_spacing_mobile":0,"ocean_menu_typo_spacing_unit":"","ocean_menu_link_color":"","ocean_menu_link_color_hover":"","ocean_menu_link_color_active":"","ocean_menu_link_background":"","ocean_menu_link_hover_background":"","ocean_menu_link_active_background":"","ocean_menu_social_links_bg":"","ocean_menu_social_hover_links_bg":"","ocean_menu_social_links_color":"","ocean_menu_social_hover_links_color":"","ocean_disable_title":"default","ocean_disable_heading":"default","ocean_post_title":"","ocean_post_subheading":"","ocean_post_title_style":"","ocean_post_title_background_color":"","ocean_post_title_background":0,"ocean_post_title_bg_image_position":"","ocean_post_title_bg_image_attachment":"","ocean_post_title_bg_image_repeat":"","ocean_post_title_bg_image_size":"","ocean_post_title_height":0,"ocean_post_title_bg_overlay":0.5,"ocean_post_title_bg_overlay_color":"","ocean_disable_breadcrumbs":"default","ocean_breadcrumbs_color":"","ocean_breadcrumbs_separator_color":"","ocean_breadcrumbs_links_color":"","ocean_breadcrumbs_links_hover_color":"","ocean_display_footer_widgets":"default","ocean_display_footer_bottom":"default","ocean_custom_footer_template":"0"},"product_brand":[],"product_cat":[37,42,39,35,21],"product_tag":[],"class_list":{"0":"post-1753","1":"product","2":"type-product","3":"status-publish","4":"has-post-thumbnail","6":"product_cat-soins-peau-grasse","7":"product_cat-peaux-seches","8":"product_cat-soins-anti-taches-et-depigmentants","9":"product_cat-soins-hydratants-et-nourrissants","10":"product_cat-visage","12":"entry","13":"has-media","15":"first","16":"instock","17":"taxable","18":"shipping-taxable","19":"purchasable","20":"product-type-simple","21":"has-product-nav","22":"col","23":"span_1_of_3","24":"owp-content-center","25":"owp-thumbs-layout-horizontal","26":"owp-btn-normal","27":"owp-tabs-layout-horizontal","28":"has-no-thumbnails"},"_links":{"self":[{"href":"https:\/\/ellypara.com\/index.php\/wp-json\/wp\/v2\/product\/1753","targetHints":{"allow":["GET"]}}],"collection":[{"href":"https:\/\/ellypara.com\/index.php\/wp-json\/wp\/v2\/product"}],"about":[{"href":"https:\/\/ellypara.com\/index.php\/wp-json\/wp\/v2\/types\/product"}],"replies":[{"embeddable":true,"href":"https:\/\/ellypara.com\/index.php\/wp-json\/wp\/v2\/comments?post=1753"}],"wp:featuredmedia":[{"embeddable":true,"href":"https:\/\/ellypara.com\/index.php\/wp-json\/wp\/v2\/media\/1754"}],"wp:attachment":[{"href":"https:\/\/ellypara.com\/index.php\/wp-json\/wp\/v2\/media?parent=1753"}],"wp:term":[{"taxonomy":"product_brand","embeddable":true,"href":"https:\/\/ellypara.com\/index.php\/wp-json\/wp\/v2\/product_brand?post=1753"},{"taxonomy":"product_cat","embeddable":true,"href":"https:\/\/ellypara.com\/index.php\/wp-json\/wp\/v2\/product_cat?post=1753"},{"taxonomy":"product_tag","embeddable":true,"href":"https:\/\/ellypara.com\/index.php\/wp-json\/wp\/v2\/product_tag?post=1753"}],"curies":[{"name":"wp","href":"https:\/\/api.w.org\/{rel}","templated":true}]}}