{"id":1758,"date":"2025-05-12T16:54:14","date_gmt":"2025-05-12T14:54:14","guid":{"rendered":"https:\/\/ellypara.com\/?post_type=product&#038;p=1758"},"modified":"2025-05-12T16:54:15","modified_gmt":"2025-05-12T14:54:15","slug":"svr-topialyse-creme-200ml","status":"publish","type":"product","link":"https:\/\/ellypara.com\/index.php\/produit\/svr-topialyse-creme-200ml\/","title":{"rendered":"SVR Topialyse Cr\u00e8me 200ml"},"content":{"rendered":"<p><strong>SVR Topialyse Cr\u00e8me 200ml<\/strong>\u00a0est le soin des peaux s\u00e8ches et sensibles de toute la famille. Cette cr\u00e8me poss\u00e8de une formule apaisante et nourrissante pour dire bye-bye aux sensations de tiraillement pour un confort imm\u00e9diat et durable.<\/p>\n<p>L\u2019hydratation intense dans une cr\u00e8me velours : Sa texture est ultra-fondante non grasse et non collante permet un habillage imm\u00e9diat.<br \/>\nUne nouvelle formule encore plus clean 98% d\u2019ingr\u00e9dients d\u2019origine naturelle enrichie en beurre de karit\u00e9, beurre de babassu et huiles v\u00e9g\u00e9tales.<br \/>\nEt\u00e9 comme hiver, elle prot\u00e8ge la peau des facteurs dess\u00e9chants (chaleur ou froid, pollution, calcaire\u2026).<\/p>\n<p>R\u00e9sultats : la peau est nourrie, assouplie et apais\u00e9e pendant 48h (1)(3).<br \/>\n(1)+ 25% d\u2019hydratation en 24h.<br \/>\nOdeur d\u00e9licate et enveloppante.<\/p>\n<p>Une cr\u00e8me adopt\u00e9e par les petits\u2026<br \/>\n100% (2) : la peau de mon enfant est souple et douce d\u00e8s la premi\u00e8re application<br \/>\n100% (2) : la peau de mon enfant est moins s\u00e8che<br \/>\n100% (2) : la peau de mon enfant est plus forte<\/p>\n<p>\u2026Comme les grands !<br \/>\n100% (3) : le produit procure une sensation de confort imm\u00e9diat et durable<br \/>\n100% (3) : ma peau est apais\u00e9e et nourrie intens\u00e9ment<br \/>\n96% (3) : les sensations de tiraillements sont diminu\u00e9es<\/p>\n<p>(1) Corn\u00e9om\u00e9trie \u2013 11 volontaires, 8h, 24h et 48h apr\u00e8s 1 application. Test\u00e9 sur des peaux s\u00e8ches et sensibles.<br \/>\n(2) Auto-\u00e9valuation-22 enfants- 21 jours-2 applications par jour- peaux sensibles, s\u00e8ches \u00e0 tendance atopiques. % de satisfaction.<br \/>\n(3) Auto-\u00e9valuation \u2013 24 sujets \u2013 21 jours \u2013 2 applications par jour \u2013 Peaux sensibles, s\u00e8ches \u00e0 tendance atopiques. % de satisfaction.<\/p>\n<p><strong>Indications :<\/strong><\/p>\n<p>Soin pour toute la famille, pour peaux sensibles et s\u00e8ches.<br \/>\nHypoallerg\u00e9nique, test\u00e9e sur peaux sensibles sous contr\u00f4le dermatologique et p\u00e9diatrique.<\/p>\n<p>Fabriqu\u00e9 en France.<\/p>\n<p><strong>Conseils d\u2019utilisation :<\/strong><\/p>\n<p>Appliquer quotidiennement sur le visage et\/ou le corps sur une peau pr\u00e9alablement nettoy\u00e9e.<\/p>\n<p>Compl\u00e9ter la routine avec Topialyse Gel Lavant ou Topialyse Huile Lavante Micellaire.<\/p>\n<p><strong>Composition :<\/strong><\/p>\n<p>Ingr\u00e9dients : Aqua\/water\/eau, butyrospermum parkii (shea) butter, orbignya oleifera seed oil, glycerin, c10-18 triglycerides, cocos nucifera (coconut) oil, pentylene glycol, glyceryl stearate citrate, glyceryl stearate se, borago officinalis seed oil, glyceryl glucoside, glycine soja (soybean) oil, sodium stearoyl glutamate, alpha-glucan oligosaccharide, tocopherol, 1,2- hexanediol, acrylates\/c10-30 alkyl acrylate crosspolymer, caprylyl glycol, citric acid, sodium hydroxide, parfum (fragrance).<\/p>\n<p><strong>Conditionnement :<\/strong><\/p>\n<p>1 tube de 200ml.<\/p>\n","protected":false},"excerpt":{"rendered":"<p>SVR Topialyse Cr\u00e8me Nourrissante Apaisante 48H 200 ml est une cr\u00e8me pour peaux sensibles, s\u00e8ches et inconfortables.<\/p>\n","protected":false},"featured_media":1759,"comment_status":"open","ping_status":"closed","template":"","meta":{"ocean_post_layout":"","ocean_both_sidebars_style":"","ocean_both_sidebars_content_width":0,"ocean_both_sidebars_sidebars_width":0,"ocean_sidebar":"0","ocean_second_sidebar":"0","ocean_disable_margins":"enable","ocean_add_body_class":"","ocean_shortcode_before_top_bar":"","ocean_shortcode_after_top_bar":"","ocean_shortcode_before_header":"","ocean_shortcode_after_header":"","ocean_has_shortcode":"","ocean_shortcode_after_title":"","ocean_shortcode_before_footer_widgets":"","ocean_shortcode_after_footer_widgets":"","ocean_shortcode_before_footer_bottom":"","ocean_shortcode_after_footer_bottom":"","ocean_display_top_bar":"default","ocean_display_header":"default","ocean_header_style":"","ocean_center_header_left_menu":"0","ocean_custom_header_template":"0","ocean_custom_logo":0,"ocean_custom_retina_logo":0,"ocean_custom_logo_max_width":0,"ocean_custom_logo_tablet_max_width":0,"ocean_custom_logo_mobile_max_width":0,"ocean_custom_logo_max_height":0,"ocean_custom_logo_tablet_max_height":0,"ocean_custom_logo_mobile_max_height":0,"ocean_header_custom_menu":"0","ocean_menu_typo_font_family":"0","ocean_menu_typo_font_subset":"","ocean_menu_typo_font_size":0,"ocean_menu_typo_font_size_tablet":0,"ocean_menu_typo_font_size_mobile":0,"ocean_menu_typo_font_size_unit":"px","ocean_menu_typo_font_weight":"","ocean_menu_typo_font_weight_tablet":"","ocean_menu_typo_font_weight_mobile":"","ocean_menu_typo_transform":"","ocean_menu_typo_transform_tablet":"","ocean_menu_typo_transform_mobile":"","ocean_menu_typo_line_height":0,"ocean_menu_typo_line_height_tablet":0,"ocean_menu_typo_line_height_mobile":0,"ocean_menu_typo_line_height_unit":"","ocean_menu_typo_spacing":0,"ocean_menu_typo_spacing_tablet":0,"ocean_menu_typo_spacing_mobile":0,"ocean_menu_typo_spacing_unit":"","ocean_menu_link_color":"","ocean_menu_link_color_hover":"","ocean_menu_link_color_active":"","ocean_menu_link_background":"","ocean_menu_link_hover_background":"","ocean_menu_link_active_background":"","ocean_menu_social_links_bg":"","ocean_menu_social_hover_links_bg":"","ocean_menu_social_links_color":"","ocean_menu_social_hover_links_color":"","ocean_disable_title":"default","ocean_disable_heading":"default","ocean_post_title":"","ocean_post_subheading":"","ocean_post_title_style":"","ocean_post_title_background_color":"","ocean_post_title_background":0,"ocean_post_title_bg_image_position":"","ocean_post_title_bg_image_attachment":"","ocean_post_title_bg_image_repeat":"","ocean_post_title_bg_image_size":"","ocean_post_title_height":0,"ocean_post_title_bg_overlay":0.5,"ocean_post_title_bg_overlay_color":"","ocean_disable_breadcrumbs":"default","ocean_breadcrumbs_color":"","ocean_breadcrumbs_separator_color":"","ocean_breadcrumbs_links_color":"","ocean_breadcrumbs_links_hover_color":"","ocean_display_footer_widgets":"default","ocean_display_footer_bottom":"default","ocean_custom_footer_template":"0"},"product_brand":[],"product_cat":[35,21],"product_tag":[],"class_list":{"0":"post-1758","1":"product","2":"type-product","3":"status-publish","4":"has-post-thumbnail","6":"product_cat-soins-hydratants-et-nourrissants","7":"product_cat-visage","9":"entry","10":"has-media","12":"first","13":"instock","14":"taxable","15":"shipping-taxable","16":"purchasable","17":"product-type-simple","18":"has-product-nav","19":"col","20":"span_1_of_3","21":"owp-content-center","22":"owp-thumbs-layout-horizontal","23":"owp-btn-normal","24":"owp-tabs-layout-horizontal","25":"has-no-thumbnails"},"_links":{"self":[{"href":"https:\/\/ellypara.com\/index.php\/wp-json\/wp\/v2\/product\/1758","targetHints":{"allow":["GET"]}}],"collection":[{"href":"https:\/\/ellypara.com\/index.php\/wp-json\/wp\/v2\/product"}],"about":[{"href":"https:\/\/ellypara.com\/index.php\/wp-json\/wp\/v2\/types\/product"}],"replies":[{"embeddable":true,"href":"https:\/\/ellypara.com\/index.php\/wp-json\/wp\/v2\/comments?post=1758"}],"wp:featuredmedia":[{"embeddable":true,"href":"https:\/\/ellypara.com\/index.php\/wp-json\/wp\/v2\/media\/1759"}],"wp:attachment":[{"href":"https:\/\/ellypara.com\/index.php\/wp-json\/wp\/v2\/media?parent=1758"}],"wp:term":[{"taxonomy":"product_brand","embeddable":true,"href":"https:\/\/ellypara.com\/index.php\/wp-json\/wp\/v2\/product_brand?post=1758"},{"taxonomy":"product_cat","embeddable":true,"href":"https:\/\/ellypara.com\/index.php\/wp-json\/wp\/v2\/product_cat?post=1758"},{"taxonomy":"product_tag","embeddable":true,"href":"https:\/\/ellypara.com\/index.php\/wp-json\/wp\/v2\/product_tag?post=1758"}],"curies":[{"name":"wp","href":"https:\/\/api.w.org\/{rel}","templated":true}]}}