{"id":1765,"date":"2025-05-12T17:06:06","date_gmt":"2025-05-12T15:06:06","guid":{"rendered":"https:\/\/ellypara.com\/?post_type=product&#038;p=1765"},"modified":"2025-05-12T17:06:06","modified_gmt":"2025-05-12T15:06:06","slug":"svr-topialyse-gel-lavant-1l-2","status":"publish","type":"product","link":"https:\/\/ellypara.com\/index.php\/produit\/svr-topialyse-gel-lavant-1l-2\/","title":{"rendered":"SVR Topialyse Gel Lavant 1L"},"content":{"rendered":"<p><strong>SVR Topialyse Gel Lavant 1L<\/strong>\u00a0est un gel nettoyant doux protecteur, id\u00e9al pour l\u2019hygi\u00e8ne quotidienne des peaux sensibles et s\u00e8ches, du visage et du corps.<br \/>\nSa formule apaisante et hydratante 24h r\u00e9duit les sensations de grattages et adoucie la peau pour un confort imm\u00e9diat et longue dur\u00e9e.<\/p>\n<p>Respectueux pour votre peau et pour la plan\u00e8te, il a une formule biod\u00e9gradable compos\u00e9e \u00e0 89% d\u2019ingr\u00e9dients d\u2019origine naturelle, protectrice du film hydrolipidique.<\/p>\n<p>Les peaux sensibles sont fragiles et plus perm\u00e9ables aux agressions ext\u00e9rieures (eau calcaire, changements de temp\u00e9ratures\u2026). Elles ont besoin d\u2019une attention toute particuli\u00e8re, notamment lors de l\u2019hygi\u00e8ne qui est le premier geste de soin. Pour \u00e9viter un ass\u00e8chement et une irritation de la peau, il est important d\u2019\u00e9viter les sulfates et le savon et de privil\u00e9gier des nettoyants doux haute tol\u00e9rance qui respectent les peaux les plus sensibles.<\/p>\n<p>Gr\u00e2ce \u00e0 son complexe lavant ultra-doux sans savon, Topialyse Gel Lavant restaure et prot\u00e8ge la barri\u00e8re cutan\u00e9e :<\/p>\n<p>3 tensioactifs doux haute tol\u00e9rance : forment une mousse onctueuse qui \u00e9limine en douceur les impuret\u00e9s tout en r\u00e9duisant irritations et dess\u00e8chement.<\/p>\n<p>Glyc\u00e9rine v\u00e9g\u00e9tale : hydratant incontournable, il retient son poids en eau et permet une hydratation optimale de la peau et le maintien du film hydrolipidique.<\/p>\n<p><strong>Indications :<\/strong><\/p>\n<p>Hygi\u00e8ne quotidienne des peaux sensibles et s\u00e8ches.<br \/>\nVisage et corps.<br \/>\nTest\u00e9 sous contr\u00f4le dermatologique, ophtalmologique et p\u00e9diatrique.<br \/>\nHypoallerg\u00e9nique.<br \/>\nFabriqu\u00e9 en France.<br \/>\nPour toute la famille.<\/p>\n<p><strong>Conseils d\u2019utilisation :<\/strong><\/p>\n<p>Appliquer sur peau mouill\u00e9e, faire mousser, rincer puis s\u00e9cher d\u00e9licatement sans frotter.<\/p>\n<p><strong>Composition :<\/strong><\/p>\n<p>Aqua\/water\/eau, sodium c14-16 olefin sulfonate, coco-glucoside, coco-betaine, glycerin, parfum (fragrance), citric acid, sodium benzoate, potassium sorbate, sodium phytate<\/p>\n<p><strong>Conditionnement :<\/strong><\/p>\n<p>1 flacon de 1L.<\/p>\n","protected":false},"excerpt":{"rendered":"<p><strong>SVR Topialyse Gel Lavant 1L<\/strong> est un gel lavant doux anti-dess\u00e8chement sans savon, qui nettoie en douceur et prot\u00e8ge les peaux sensibles et s\u00e8ches du visage et du corps de toute la famille d\u00e8s la naissance (hors pr\u00e9matur\u00e9s).<\/p>\n","protected":false},"featured_media":1766,"comment_status":"open","ping_status":"closed","template":"","meta":{"ocean_post_layout":"","ocean_both_sidebars_style":"","ocean_both_sidebars_content_width":0,"ocean_both_sidebars_sidebars_width":0,"ocean_sidebar":"0","ocean_second_sidebar":"0","ocean_disable_margins":"enable","ocean_add_body_class":"","ocean_shortcode_before_top_bar":"","ocean_shortcode_after_top_bar":"","ocean_shortcode_before_header":"","ocean_shortcode_after_header":"","ocean_has_shortcode":"","ocean_shortcode_after_title":"","ocean_shortcode_before_footer_widgets":"","ocean_shortcode_after_footer_widgets":"","ocean_shortcode_before_footer_bottom":"","ocean_shortcode_after_footer_bottom":"","ocean_display_top_bar":"default","ocean_display_header":"default","ocean_header_style":"","ocean_center_header_left_menu":"0","ocean_custom_header_template":"0","ocean_custom_logo":0,"ocean_custom_retina_logo":0,"ocean_custom_logo_max_width":0,"ocean_custom_logo_tablet_max_width":0,"ocean_custom_logo_mobile_max_width":0,"ocean_custom_logo_max_height":0,"ocean_custom_logo_tablet_max_height":0,"ocean_custom_logo_mobile_max_height":0,"ocean_header_custom_menu":"0","ocean_menu_typo_font_family":"0","ocean_menu_typo_font_subset":"","ocean_menu_typo_font_size":0,"ocean_menu_typo_font_size_tablet":0,"ocean_menu_typo_font_size_mobile":0,"ocean_menu_typo_font_size_unit":"px","ocean_menu_typo_font_weight":"","ocean_menu_typo_font_weight_tablet":"","ocean_menu_typo_font_weight_mobile":"","ocean_menu_typo_transform":"","ocean_menu_typo_transform_tablet":"","ocean_menu_typo_transform_mobile":"","ocean_menu_typo_line_height":0,"ocean_menu_typo_line_height_tablet":0,"ocean_menu_typo_line_height_mobile":0,"ocean_menu_typo_line_height_unit":"","ocean_menu_typo_spacing":0,"ocean_menu_typo_spacing_tablet":0,"ocean_menu_typo_spacing_mobile":0,"ocean_menu_typo_spacing_unit":"","ocean_menu_link_color":"","ocean_menu_link_color_hover":"","ocean_menu_link_color_active":"","ocean_menu_link_background":"","ocean_menu_link_hover_background":"","ocean_menu_link_active_background":"","ocean_menu_social_links_bg":"","ocean_menu_social_hover_links_bg":"","ocean_menu_social_links_color":"","ocean_menu_social_hover_links_color":"","ocean_disable_title":"default","ocean_disable_heading":"default","ocean_post_title":"","ocean_post_subheading":"","ocean_post_title_style":"","ocean_post_title_background_color":"","ocean_post_title_background":0,"ocean_post_title_bg_image_position":"","ocean_post_title_bg_image_attachment":"","ocean_post_title_bg_image_repeat":"","ocean_post_title_bg_image_size":"","ocean_post_title_height":0,"ocean_post_title_bg_overlay":0.5,"ocean_post_title_bg_overlay_color":"","ocean_disable_breadcrumbs":"default","ocean_breadcrumbs_color":"","ocean_breadcrumbs_separator_color":"","ocean_breadcrumbs_links_color":"","ocean_breadcrumbs_links_hover_color":"","ocean_display_footer_widgets":"default","ocean_display_footer_bottom":"default","ocean_custom_footer_template":"0"},"product_brand":[],"product_cat":[41,21],"product_tag":[],"class_list":{"0":"post-1765","1":"product","2":"type-product","3":"status-publish","4":"has-post-thumbnail","6":"product_cat-nettoyants-visage","7":"product_cat-visage","9":"entry","10":"has-media","12":"first","13":"instock","14":"taxable","15":"shipping-taxable","16":"purchasable","17":"product-type-simple","18":"has-product-nav","19":"col","20":"span_1_of_3","21":"owp-content-center","22":"owp-thumbs-layout-horizontal","23":"owp-btn-normal","24":"owp-tabs-layout-horizontal"},"_links":{"self":[{"href":"https:\/\/ellypara.com\/index.php\/wp-json\/wp\/v2\/product\/1765","targetHints":{"allow":["GET"]}}],"collection":[{"href":"https:\/\/ellypara.com\/index.php\/wp-json\/wp\/v2\/product"}],"about":[{"href":"https:\/\/ellypara.com\/index.php\/wp-json\/wp\/v2\/types\/product"}],"replies":[{"embeddable":true,"href":"https:\/\/ellypara.com\/index.php\/wp-json\/wp\/v2\/comments?post=1765"}],"wp:featuredmedia":[{"embeddable":true,"href":"https:\/\/ellypara.com\/index.php\/wp-json\/wp\/v2\/media\/1766"}],"wp:attachment":[{"href":"https:\/\/ellypara.com\/index.php\/wp-json\/wp\/v2\/media?parent=1765"}],"wp:term":[{"taxonomy":"product_brand","embeddable":true,"href":"https:\/\/ellypara.com\/index.php\/wp-json\/wp\/v2\/product_brand?post=1765"},{"taxonomy":"product_cat","embeddable":true,"href":"https:\/\/ellypara.com\/index.php\/wp-json\/wp\/v2\/product_cat?post=1765"},{"taxonomy":"product_tag","embeddable":true,"href":"https:\/\/ellypara.com\/index.php\/wp-json\/wp\/v2\/product_tag?post=1765"}],"curies":[{"name":"wp","href":"https:\/\/api.w.org\/{rel}","templated":true}]}}