{"id":1769,"date":"2025-05-12T17:10:11","date_gmt":"2025-05-12T15:10:11","guid":{"rendered":"https:\/\/ellypara.com\/?post_type=product&#038;p=1769"},"modified":"2025-05-12T17:10:11","modified_gmt":"2025-05-12T15:10:11","slug":"svr-topialyse-gel-lavant-200ml","status":"publish","type":"product","link":"https:\/\/ellypara.com\/index.php\/produit\/svr-topialyse-gel-lavant-200ml\/","title":{"rendered":"SVR Topialyse Gel Lavant 200ml"},"content":{"rendered":"<p>Le\u00a0<strong>gel lavant Topialyse<\/strong>\u00a0du laboratoire\u00a0<strong>SVR<\/strong>\u00a0est un nettoyant destin\u00e9 aux\u00a0<strong>peaux sensibles et s\u00e8ches<\/strong>. Il peut \u00eatre utilis\u00e9 \u00e0 la fois sur le corps, les cheveux et le visage et convient pour une utilisation par toute la famille, y compris les b\u00e9b\u00e9s. Ce gel lavant\u00a0<strong>nettoie<\/strong>\u00a0la peau tout en douceur, la\u00a0<strong>pr\u00e9serve<\/strong>\u00a0de l\u2019effet dess\u00e9chant induit par le nettoyage \u00e0 l\u2019eau et laisse un\u00a0<strong>film protecteur<\/strong>\u00a0pour limiter l\u2019impact des \u00e9l\u00e9ments ext\u00e9rieurs comme le vent, le froid ou la pollution qui peuvent entra\u00eener des d\u00e9mangeaisons, des irritations et des picotements.<\/p>\n<p><strong>SVR Topialyse Gel Lavant 200ml<\/strong>\u00a0est un gel nettoyant doux protecteur, id\u00e9al pour l\u2019hygi\u00e8ne quotidienne des peaux sensibles et s\u00e8ches, du visage et du corps.<\/p>\n<p>Le\u00a0<strong>gel lavant Topialyse<\/strong>\u00a0est dot\u00e9 d\u2019un\u00a0<strong>pH physiologique<\/strong>\u00a0et d\u2019une\u00a0<strong>base nettoyante sans savon<\/strong>\u00a0qui respectent l\u2019\u00e9quilibre naturel de la peau. La formule est enrichie en\u00a0<strong>om\u00e9gas 3, 6 et 9<\/strong>, des \u00e9l\u00e9ments essentiels \u00e0 la sant\u00e9 de l\u2019\u00e9piderme qui\u00a0<strong>restructurent et restaurent le film hydrolipidique<\/strong>\u00a0pour l\u2019aider \u00e0 assurer sa fonction barri\u00e8re tout en apaisant les signes d\u2019inconfort cutan\u00e9. Enfin, on retrouve \u00e9galement dans la composition de la glyc\u00e9rine d\u2019origine v\u00e9g\u00e9tale qui va\u00a0<strong>hydrater\u00a0<\/strong>intens\u00e9ment\u00a0la peau et la prot\u00e9ger du dess\u00e8chement pendant 24h.<\/p>\n<p>Id\u00e9al pour petits et grands, le\u00a0<strong>gel lavant Topialyse<\/strong>\u00a0de\u00a0<strong>SVR<\/strong>\u00a0lib\u00e8re une mousse d\u00e9licate au parfum neutre qui\u00a0<strong>ne pique pas les yeux<\/strong>\u00a0et ne laisse aucune sensation de tiraillement apr\u00e8s la douche. La peau est\u00a0<strong>parfaitement nettoy\u00e9e et pr\u00e9serv\u00e9e du dess\u00e8chement<\/strong>. Destin\u00e9e au m\u00eame\u00a0type de peau, l\u2019eau micellaire\u00a0Sensifine AR\u00a0de la marque s\u2019emploie en combinaison parfait avec le gel lavant.<\/p>\n<p><strong>Caract\u00e9ristiques :<\/strong><\/p>\n<ul>\n<li>Hypoallerg\u00e9nique<\/li>\n<li>Parfum sans allerg\u00e8ne<\/li>\n<li>Sans paraben<\/li>\n<li>Peaux sensibles et s\u00e8ches<\/li>\n<li>Test\u00e9 sous contr\u00f4le dermatologique, ophtalmologique, p\u00e9diatrique et gyn\u00e9cologique<\/li>\n<li>Formule biod\u00e9gradable<\/li>\n<\/ul>\n<p><strong>CONSEILS D\u2019UTILISATION<\/strong><\/p>\n<p>Utiliser le gel lavant Topialyse chaque jour sur le corps, le visage et\/ou les cheveux. Pr\u00e9lever une noix de gel dans le creux de la main et appliquer sr la peau pr\u00e9alablement humidifi\u00e9e. Faire mousser puis rincer soigneusement et s\u00e9cher sans frotter.<\/p>\n<p><strong>COMPOSITION<\/strong><\/p>\n<p>Aqua\/water\/eau, sodium C14-16 olefin sulfonate, coco-glucoside, coco-betaine, glycerin, parfum (fragrance), citric acid, sodium benzoate, potassium sorbate, sodium phytate.<\/p>\n<p><strong>VARIANTES DE L\u2019ARTICLE<\/strong><\/p>\n<p>SVR Topialyse Gel lavant \u2013 Contenance : 1 L<\/p>\n<p>SVR Topialyse Gel lavant \u2013 Contenance : recharge 1 litre<\/p>\n","protected":false},"excerpt":{"rendered":"<p>Le\u00a0<strong>gel lavant Topialyse<\/strong>\u00a0du laboratoire\u00a0<strong>SVR<\/strong>\u00a0est un nettoyant destin\u00e9 aux\u00a0<strong>peaux sensibles et s\u00e8ches<\/strong>. Il peut \u00eatre utilis\u00e9 \u00e0 la fois sur le corps, les cheveux et le visage et convient pour une utilisation par toute la famille, y compris les b\u00e9b\u00e9s.<\/p>\n","protected":false},"featured_media":1770,"comment_status":"open","ping_status":"closed","template":"","meta":{"ocean_post_layout":"","ocean_both_sidebars_style":"","ocean_both_sidebars_content_width":0,"ocean_both_sidebars_sidebars_width":0,"ocean_sidebar":"0","ocean_second_sidebar":"0","ocean_disable_margins":"enable","ocean_add_body_class":"","ocean_shortcode_before_top_bar":"","ocean_shortcode_after_top_bar":"","ocean_shortcode_before_header":"","ocean_shortcode_after_header":"","ocean_has_shortcode":"","ocean_shortcode_after_title":"","ocean_shortcode_before_footer_widgets":"","ocean_shortcode_after_footer_widgets":"","ocean_shortcode_before_footer_bottom":"","ocean_shortcode_after_footer_bottom":"","ocean_display_top_bar":"default","ocean_display_header":"default","ocean_header_style":"","ocean_center_header_left_menu":"0","ocean_custom_header_template":"0","ocean_custom_logo":0,"ocean_custom_retina_logo":0,"ocean_custom_logo_max_width":0,"ocean_custom_logo_tablet_max_width":0,"ocean_custom_logo_mobile_max_width":0,"ocean_custom_logo_max_height":0,"ocean_custom_logo_tablet_max_height":0,"ocean_custom_logo_mobile_max_height":0,"ocean_header_custom_menu":"0","ocean_menu_typo_font_family":"0","ocean_menu_typo_font_subset":"","ocean_menu_typo_font_size":0,"ocean_menu_typo_font_size_tablet":0,"ocean_menu_typo_font_size_mobile":0,"ocean_menu_typo_font_size_unit":"px","ocean_menu_typo_font_weight":"","ocean_menu_typo_font_weight_tablet":"","ocean_menu_typo_font_weight_mobile":"","ocean_menu_typo_transform":"","ocean_menu_typo_transform_tablet":"","ocean_menu_typo_transform_mobile":"","ocean_menu_typo_line_height":0,"ocean_menu_typo_line_height_tablet":0,"ocean_menu_typo_line_height_mobile":0,"ocean_menu_typo_line_height_unit":"","ocean_menu_typo_spacing":0,"ocean_menu_typo_spacing_tablet":0,"ocean_menu_typo_spacing_mobile":0,"ocean_menu_typo_spacing_unit":"","ocean_menu_link_color":"","ocean_menu_link_color_hover":"","ocean_menu_link_color_active":"","ocean_menu_link_background":"","ocean_menu_link_hover_background":"","ocean_menu_link_active_background":"","ocean_menu_social_links_bg":"","ocean_menu_social_hover_links_bg":"","ocean_menu_social_links_color":"","ocean_menu_social_hover_links_color":"","ocean_disable_title":"default","ocean_disable_heading":"default","ocean_post_title":"","ocean_post_subheading":"","ocean_post_title_style":"","ocean_post_title_background_color":"","ocean_post_title_background":0,"ocean_post_title_bg_image_position":"","ocean_post_title_bg_image_attachment":"","ocean_post_title_bg_image_repeat":"","ocean_post_title_bg_image_size":"","ocean_post_title_height":0,"ocean_post_title_bg_overlay":0.5,"ocean_post_title_bg_overlay_color":"","ocean_disable_breadcrumbs":"default","ocean_breadcrumbs_color":"","ocean_breadcrumbs_separator_color":"","ocean_breadcrumbs_links_color":"","ocean_breadcrumbs_links_hover_color":"","ocean_display_footer_widgets":"default","ocean_display_footer_bottom":"default","ocean_custom_footer_template":"0"},"product_brand":[],"product_cat":[41,21],"product_tag":[],"class_list":{"0":"post-1769","1":"product","2":"type-product","3":"status-publish","4":"has-post-thumbnail","6":"product_cat-nettoyants-visage","7":"product_cat-visage","9":"entry","10":"has-media","12":"first","13":"instock","14":"taxable","15":"shipping-taxable","16":"purchasable","17":"product-type-simple","18":"has-product-nav","19":"col","20":"span_1_of_3","21":"owp-content-center","22":"owp-thumbs-layout-horizontal","23":"owp-btn-normal","24":"owp-tabs-layout-horizontal","25":"has-no-thumbnails"},"_links":{"self":[{"href":"https:\/\/ellypara.com\/index.php\/wp-json\/wp\/v2\/product\/1769","targetHints":{"allow":["GET"]}}],"collection":[{"href":"https:\/\/ellypara.com\/index.php\/wp-json\/wp\/v2\/product"}],"about":[{"href":"https:\/\/ellypara.com\/index.php\/wp-json\/wp\/v2\/types\/product"}],"replies":[{"embeddable":true,"href":"https:\/\/ellypara.com\/index.php\/wp-json\/wp\/v2\/comments?post=1769"}],"wp:featuredmedia":[{"embeddable":true,"href":"https:\/\/ellypara.com\/index.php\/wp-json\/wp\/v2\/media\/1770"}],"wp:attachment":[{"href":"https:\/\/ellypara.com\/index.php\/wp-json\/wp\/v2\/media?parent=1769"}],"wp:term":[{"taxonomy":"product_brand","embeddable":true,"href":"https:\/\/ellypara.com\/index.php\/wp-json\/wp\/v2\/product_brand?post=1769"},{"taxonomy":"product_cat","embeddable":true,"href":"https:\/\/ellypara.com\/index.php\/wp-json\/wp\/v2\/product_cat?post=1769"},{"taxonomy":"product_tag","embeddable":true,"href":"https:\/\/ellypara.com\/index.php\/wp-json\/wp\/v2\/product_tag?post=1769"}],"curies":[{"name":"wp","href":"https:\/\/api.w.org\/{rel}","templated":true}]}}