{"id":1780,"date":"2025-05-12T17:41:53","date_gmt":"2025-05-12T15:41:53","guid":{"rendered":"https:\/\/ellypara.com\/?post_type=product&#038;p=1780"},"modified":"2025-05-12T17:41:53","modified_gmt":"2025-05-12T15:41:53","slug":"svr-topialyse-huile-lavante-micellaire-1l","status":"publish","type":"product","link":"https:\/\/ellypara.com\/index.php\/produit\/svr-topialyse-huile-lavante-micellaire-1l\/","title":{"rendered":"SVR Topialyse Huile Lavante Micellaire 1L"},"content":{"rendered":"<p><strong>SVR Topialyse Huile Lavante Micellaire 1L<\/strong><\/p>\n<p>Le soin lavant qui remplace tous les autres : gel douche, bain moussant, shampoing, hygi\u00e8ne intime, nettoyant visage et mains, d\u00e9maquillant sous la douche. Ne pique pas les yeux.<\/p>\n<p>Destin\u00e9e aux peaux s\u00e8ches \u00e0 atopiques,\u00a0<strong>SVR Topialyse huile lavante<\/strong>\u00a0micellaire est une huile relipidante anti-grattage qui convient aussi bien pour la douche que pour le bain. Ce soin lavant nourrit intens\u00e9ment les peaux de toute la famille et pr\u00e9serve leur film hydrolipidique tout en r\u00e9duisant les sensations de tiraillements et de grattage.<\/p>\n<p>Sa formule associe une forte concentration de composants hydratants et relipidants sources d\u2019om\u00e9gas 3, 6 et 9 (35%) \u00e0 de la niacinamide aux vertus apaisantes et anti-irritations et \u00e0 du sucre pr\u00e9biotique qui respecte l\u2019\u00e9quilibre du microbiome.<\/p>\n<p>Sa base lavante tol\u00e9rance optimale nettoie d\u00e9licatement la peau sans l\u2019agresser ni la dess\u00e9cher. Ainsi, cette huile lavante SVR peut \u00eatre utilis\u00e9e sur les cheveux et le corps de b\u00e9b\u00e9. Elle ne pique pas les yeux. Sa texture soyeuse non grasse enveloppe votre corps d\u2019un voile protecteur d\u00e9licatement parfum\u00e9.<\/p>\n<p>Les adeptes appr\u00e9cieront la\u00a0recharge d\u2019huile Topialyse.<\/p>\n<p>Peaux sensibles s\u00e8ches \u00e0\u00a0tr\u00e8s s\u00e8ches \u00e0 tendance atopique. D\u00e8s la naissance, pour toute la famille.\u00a0Corps, visage, cheveux, hygi\u00e8ne intime. Ne pique pas les yeux.<\/p>\n<p><strong>TOPIALYSE HUILE LAVANTE MICELLAIRE<\/strong>\u00a0est un v\u00e9ritable soin lavant qui nourrit intens\u00e9ment la peau et pr\u00e9serve le film hydrolipidique tout en r\u00e9duisant les sensations de tiraillements et de grattage.<\/p>\n<p>Sa texture huile soyeuse et enveloppante pr\u00e9serve l\u2019hydratation pendant 24h pour un confort imm\u00e9diat et longue dur\u00e9e. Et en plus elle est totalement addictive\u00a0!<\/p>\n<p><strong>UNE EFFICACITE CLINIQUEMENT PROUVEE<\/strong><br \/>\nMaintient l\u2019hydratation pendant\u00a0<strong>24h<\/strong><\/p>\n<p><strong>UNE EFFICACITE PLEBISCITEE PAR LES VOLONTAIRES<\/strong><br \/>\n\u2022\u00a0<strong>100%<\/strong>\u00a0Sensation de confort imm\u00e9diat et laisse la peau douce<br \/>\n\u2022\u00a0<strong>95%<\/strong>\u00a0R\u00e9duit les sensations de grattage<br \/>\n\u2022\u00a0<strong>86%<\/strong>\u00a0Nourrit intens\u00e9ment et apaise durablement la peau<\/p>\n<p>Corn\u00e9om\u00e9trie, 16 volontaires Etude clinique sur 22 volontaires, apr\u00e8s 3 semaines d\u2019utilisation % de satisfaction<\/p>\n<p><strong>Comment l\u2019utiliser<\/strong><\/p>\n<p>Usage quotidien.<\/p>\n<p>Pour la douche : appliquer sur peau mouill\u00e9e, faire mousser, rincer puis s\u00e9cher d\u00e9licatement sans frotter.<\/p>\n<p>Pour le bain : verser l\u2019\u00e9quivalent de 5 pressions longues pendant le remplissage de la baignoire.<\/p>\n<p>Se rince facilement. Ne laisse pas de r\u00e9sidus glissants dans le bain ou la douche.<\/p>\n<p>Convient aux cheveux et au corps du b\u00e9b\u00e9, ne pique pas les yeux.<\/p>\n<p>Pour compl\u00e9ter l\u2019action de cette huile lavante, n\u2019oubliez pas d\u2019appliquer la\u00a0cr\u00e8me hydratante Topialyse\u00a0apr\u00e8s la douche.<\/p>\n<p><strong>L\u2019huile lavante Topialyse<\/strong>\u00a0a \u00e9t\u00e9 mise au point par les Laboratoires SVR dans l\u2019optique de nettoyer en douceur\u00a0<strong>les peaux s\u00e8ches et atopiques. Il dispose d\u2019une\u00a0<\/strong>nature hypoallerg\u00e9nique et douce qui convient tout autant\u00a0aux\u00a0adultes qu\u2019aux\u00a0enfants, sans oublier les nourrissons.<\/p>\n<p>Concentr\u00e9e en actifs<strong>\u00a0hydratants et relipidants<\/strong>\u00a0et ainsi qu\u2019en niacinamide aux propri\u00e9t\u00e9s\u00a0<strong>apaisantes et anti-irritations<\/strong>, l\u2019huile lavante\u00a0Topialyse apaise instantan\u00e9ment les peaux les plus r\u00e9actives de leurs d\u00e9mangeaisons et de la sensation de tiraillement qu\u2019elles subissent. Sa formule a \u00e9t\u00e9 sp\u00e9cialement \u00e9tudi\u00e9e dans le but d\u2019offrir un produit<strong>\u00a0parfaitement tol\u00e9r\u00e9 par tous les types de peaux<\/strong>\u00a0m\u00eame les plus sensibles. En effet, l\u2019huile lavante micellaire Topialyse est hypoallerg\u00e9nique, c\u2019est \u00e0 dire qu\u2019elle r\u00e9duit au minimum les risques de r\u00e9actions allergiques. D\u2019autre part, son pH physiologique, proche de celui du corps, respecte l\u2019\u00e9quilibre naturel de votre flore cutan\u00e9e.<\/p>\n<p>La texture huile du soin SVR Topialyse \u00e0 l\u2019avantage d\u2019\u00eatre naturellement riche et douce pour la peau afin de la nourrir et de\u00a0<strong>maintenir son hydratation pendant 24 heures<\/strong>. L\u2019huile lavante micellaire Topialyse poss\u00e8de une texture soyeuse qui vous procure un r\u00e9el confort lors de l\u2019application tout en d\u00e9posant sur votre peau une d\u00e9licate odeur.<\/p>\n<p>Pour compl\u00e9ter l\u2019action de cette huile lavante, n\u2019oubliez pas d\u2019appliquer la\u00a0cr\u00e8me hydratante Topialyse\u00a0apr\u00e8s la douche.<\/p>\n","protected":false},"excerpt":{"rendered":"<p><strong>SVR Topialyse Huile Lavante Oceans \u00c9dition Limit\u00e9e 1 L<\/strong> une huile lavante anti-irritation relipidante 24H pour le visage, le corps, les cheveux et l\u2019hygi\u00e8ne intime des peaux tr\u00e8s s\u00e8ches \u00e0 atopiques de toute la famille (hors pr\u00e9matur\u00e9s).<\/p>\n","protected":false},"featured_media":1781,"comment_status":"open","ping_status":"closed","template":"","meta":{"ocean_post_layout":"","ocean_both_sidebars_style":"","ocean_both_sidebars_content_width":0,"ocean_both_sidebars_sidebars_width":0,"ocean_sidebar":"0","ocean_second_sidebar":"0","ocean_disable_margins":"enable","ocean_add_body_class":"","ocean_shortcode_before_top_bar":"","ocean_shortcode_after_top_bar":"","ocean_shortcode_before_header":"","ocean_shortcode_after_header":"","ocean_has_shortcode":"","ocean_shortcode_after_title":"","ocean_shortcode_before_footer_widgets":"","ocean_shortcode_after_footer_widgets":"","ocean_shortcode_before_footer_bottom":"","ocean_shortcode_after_footer_bottom":"","ocean_display_top_bar":"default","ocean_display_header":"default","ocean_header_style":"","ocean_center_header_left_menu":"0","ocean_custom_header_template":"0","ocean_custom_logo":0,"ocean_custom_retina_logo":0,"ocean_custom_logo_max_width":0,"ocean_custom_logo_tablet_max_width":0,"ocean_custom_logo_mobile_max_width":0,"ocean_custom_logo_max_height":0,"ocean_custom_logo_tablet_max_height":0,"ocean_custom_logo_mobile_max_height":0,"ocean_header_custom_menu":"0","ocean_menu_typo_font_family":"0","ocean_menu_typo_font_subset":"","ocean_menu_typo_font_size":0,"ocean_menu_typo_font_size_tablet":0,"ocean_menu_typo_font_size_mobile":0,"ocean_menu_typo_font_size_unit":"px","ocean_menu_typo_font_weight":"","ocean_menu_typo_font_weight_tablet":"","ocean_menu_typo_font_weight_mobile":"","ocean_menu_typo_transform":"","ocean_menu_typo_transform_tablet":"","ocean_menu_typo_transform_mobile":"","ocean_menu_typo_line_height":0,"ocean_menu_typo_line_height_tablet":0,"ocean_menu_typo_line_height_mobile":0,"ocean_menu_typo_line_height_unit":"","ocean_menu_typo_spacing":0,"ocean_menu_typo_spacing_tablet":0,"ocean_menu_typo_spacing_mobile":0,"ocean_menu_typo_spacing_unit":"","ocean_menu_link_color":"","ocean_menu_link_color_hover":"","ocean_menu_link_color_active":"","ocean_menu_link_background":"","ocean_menu_link_hover_background":"","ocean_menu_link_active_background":"","ocean_menu_social_links_bg":"","ocean_menu_social_hover_links_bg":"","ocean_menu_social_links_color":"","ocean_menu_social_hover_links_color":"","ocean_disable_title":"default","ocean_disable_heading":"default","ocean_post_title":"","ocean_post_subheading":"","ocean_post_title_style":"","ocean_post_title_background_color":"","ocean_post_title_background":0,"ocean_post_title_bg_image_position":"","ocean_post_title_bg_image_attachment":"","ocean_post_title_bg_image_repeat":"","ocean_post_title_bg_image_size":"","ocean_post_title_height":0,"ocean_post_title_bg_overlay":0.5,"ocean_post_title_bg_overlay_color":"","ocean_disable_breadcrumbs":"default","ocean_breadcrumbs_color":"","ocean_breadcrumbs_separator_color":"","ocean_breadcrumbs_links_color":"","ocean_breadcrumbs_links_hover_color":"","ocean_display_footer_widgets":"default","ocean_display_footer_bottom":"default","ocean_custom_footer_template":"0"},"product_brand":[],"product_cat":[41,21],"product_tag":[],"class_list":{"0":"post-1780","1":"product","2":"type-product","3":"status-publish","4":"has-post-thumbnail","6":"product_cat-nettoyants-visage","7":"product_cat-visage","9":"entry","10":"has-media","12":"first","13":"instock","14":"taxable","15":"shipping-taxable","16":"purchasable","17":"product-type-simple","18":"has-product-nav","19":"col","20":"span_1_of_3","21":"owp-content-center","22":"owp-thumbs-layout-horizontal","23":"owp-btn-normal","24":"owp-tabs-layout-horizontal"},"_links":{"self":[{"href":"https:\/\/ellypara.com\/index.php\/wp-json\/wp\/v2\/product\/1780","targetHints":{"allow":["GET"]}}],"collection":[{"href":"https:\/\/ellypara.com\/index.php\/wp-json\/wp\/v2\/product"}],"about":[{"href":"https:\/\/ellypara.com\/index.php\/wp-json\/wp\/v2\/types\/product"}],"replies":[{"embeddable":true,"href":"https:\/\/ellypara.com\/index.php\/wp-json\/wp\/v2\/comments?post=1780"}],"wp:featuredmedia":[{"embeddable":true,"href":"https:\/\/ellypara.com\/index.php\/wp-json\/wp\/v2\/media\/1781"}],"wp:attachment":[{"href":"https:\/\/ellypara.com\/index.php\/wp-json\/wp\/v2\/media?parent=1780"}],"wp:term":[{"taxonomy":"product_brand","embeddable":true,"href":"https:\/\/ellypara.com\/index.php\/wp-json\/wp\/v2\/product_brand?post=1780"},{"taxonomy":"product_cat","embeddable":true,"href":"https:\/\/ellypara.com\/index.php\/wp-json\/wp\/v2\/product_cat?post=1780"},{"taxonomy":"product_tag","embeddable":true,"href":"https:\/\/ellypara.com\/index.php\/wp-json\/wp\/v2\/product_tag?post=1780"}],"curies":[{"name":"wp","href":"https:\/\/api.w.org\/{rel}","templated":true}]}}