{"id":1783,"date":"2025-05-12T17:46:23","date_gmt":"2025-05-12T15:46:23","guid":{"rendered":"https:\/\/ellypara.com\/?post_type=product&#038;p=1783"},"modified":"2025-05-12T17:46:23","modified_gmt":"2025-05-12T15:46:23","slug":"svr-topialyse-huile-lavante-micellaire-relipidante-200ml","status":"publish","type":"product","link":"https:\/\/ellypara.com\/index.php\/produit\/svr-topialyse-huile-lavante-micellaire-relipidante-200ml\/","title":{"rendered":"SVR Topialyse Huile Lavante Micellaire Relipidante 200ml"},"content":{"rendered":"<p><strong>SVR Topialyse Huile Lavante Micellaire Relipidante 200ml<\/strong>\u00a0est un v\u00e9ritable soin lavant ; le premier geste de votre routine apaisante, anti-irritation, anti-grattage. Cette huile sensorielle riche en actifs relipidants et hydratants nourrit intens\u00e9ment la peau, pr\u00e9serve le film hydrolipidique et prot\u00e8ge des agressions ext\u00e9rieures (froid, frottements) et des effets dess\u00e9chants de l\u2019eau calcaire. Sa texture huile soyeuse et enveloppante pr\u00e9serve l\u2019hydratation pendant 24h pour un confort imm\u00e9diat et longue dur\u00e9e. La peau est douce, le parfum d\u00e9licat, c\u2019est le produit chouchou de toute la famille !<\/p>\n<p>Qu\u2019elle soit fragile ou s\u00e8che, la peau est plus facilement irrit\u00e9e par les facteurs environnementaux, l\u2019eau calcaire ou encore les produits d\u2019hygi\u00e8ne non adapt\u00e9s (savon\u2026). A tendance atopique, sa barri\u00e8re est encore plus alt\u00e9r\u00e9e.<\/p>\n<p>C\u2019est un concentr\u00e9 d\u2019actifs, de douceur et de tol\u00e9rance dans un soin lavant et hydratant qui remplace tous les autres.<\/p>\n<p>35% d\u2019actifs hydratants et relipidants :<\/p>\n<p>\u2013 Om\u00e9gas 3, 6 et 9 dont huile de coton : relipident, restaurent et pr\u00e9servent la barri\u00e8re cutan\u00e9e.<\/p>\n<p>\u2013 Hydratation 24h.<\/p>\n<p>\u2013 Niacinamide : actif de r\u00e9f\u00e9rence dans l\u2019apaisement des peaux sensibles.<\/p>\n<p>\u2013 Sucre pr\u00e9biotique : respecte l\u2019\u00e9quilibre du microbiome, limite le grattage en aidant \u00e0 r\u00e9\u00e9quilibrer la flore cutan\u00e9e.<\/p>\n<p>\u2013 Base lavante tol\u00e9rance optimale avec tensio-actifs ultra-doux : nettoie d\u00e9licatement la peau sans l\u2019agresser ni la dess\u00e9cher. Elle est prot\u00e9g\u00e9e des agressions ext\u00e9rieures (frottements, froid, calcaire\u2026).<\/p>\n<p><strong>Indications :<\/strong><\/p>\n<p>Convient pour les peaux sensibles s\u00e8ches \u00e0 tr\u00e8s s\u00e8ches \u00e0 tendance atopique. D\u00e8s la naissance, pour toute la famille. Corps, visage, cheveux, hygi\u00e8ne intime. Ne pique pas les yeux.<\/p>\n<p><strong>Conseils d\u2019utilisation :<\/strong><\/p>\n<p>Pour la douche : appliquer sur peau mouill\u00e9e, faire mousser, rincer puis s\u00e9cher d\u00e9licatement sans frotter.<br \/>\nPour le bain : verser l\u2019\u00e9quivalent de 5 pressions longues pendant le remplissage de la baignoire.<br \/>\nSe rince facilement. Ne laisse pas de r\u00e9sidus glissants dans le bain ou la douche.<\/p>\n<p><strong>Composition :<\/strong><\/p>\n<p>Aqua\/water\/eau, glycerin, sodium c14-16 olefin sulfonate, sodium lauroamphoacetate, coco-betaine, niacinamide, citric acid, sodium olivamphoacetate, alpha-glucan oligosaccharide, parfum (fragrance), saccharide isomerate, caprylyl\/capryl glucoside, sodium benzoate, potassium sorbate, polyglyceryl-3 cocoate, polyglyceryl-10 laurate, gossypium herbaceum (cotton) seed oil, sodium citrate.<\/p>\n<p><strong>Conditionnement :<\/strong><\/p>\n<p>1 flacon de 200ml.<\/p>\n","protected":false},"excerpt":{"rendered":"<p><strong>SVR Topialyse Huile Lavante Micellaire 200 ml<\/strong> est une huile lavante anti-irritation relipidante 24H pour le visage, le corps, les cheveux et les peaux tr\u00e8s s\u00e8ches \u00e0 atopiques de toute la famille (hors nourrissons pr\u00e9matur\u00e9s).<\/p>\n","protected":false},"featured_media":1784,"comment_status":"open","ping_status":"closed","template":"","meta":{"ocean_post_layout":"","ocean_both_sidebars_style":"","ocean_both_sidebars_content_width":0,"ocean_both_sidebars_sidebars_width":0,"ocean_sidebar":"0","ocean_second_sidebar":"0","ocean_disable_margins":"enable","ocean_add_body_class":"","ocean_shortcode_before_top_bar":"","ocean_shortcode_after_top_bar":"","ocean_shortcode_before_header":"","ocean_shortcode_after_header":"","ocean_has_shortcode":"","ocean_shortcode_after_title":"","ocean_shortcode_before_footer_widgets":"","ocean_shortcode_after_footer_widgets":"","ocean_shortcode_before_footer_bottom":"","ocean_shortcode_after_footer_bottom":"","ocean_display_top_bar":"default","ocean_display_header":"default","ocean_header_style":"","ocean_center_header_left_menu":"0","ocean_custom_header_template":"0","ocean_custom_logo":0,"ocean_custom_retina_logo":0,"ocean_custom_logo_max_width":0,"ocean_custom_logo_tablet_max_width":0,"ocean_custom_logo_mobile_max_width":0,"ocean_custom_logo_max_height":0,"ocean_custom_logo_tablet_max_height":0,"ocean_custom_logo_mobile_max_height":0,"ocean_header_custom_menu":"0","ocean_menu_typo_font_family":"0","ocean_menu_typo_font_subset":"","ocean_menu_typo_font_size":0,"ocean_menu_typo_font_size_tablet":0,"ocean_menu_typo_font_size_mobile":0,"ocean_menu_typo_font_size_unit":"px","ocean_menu_typo_font_weight":"","ocean_menu_typo_font_weight_tablet":"","ocean_menu_typo_font_weight_mobile":"","ocean_menu_typo_transform":"","ocean_menu_typo_transform_tablet":"","ocean_menu_typo_transform_mobile":"","ocean_menu_typo_line_height":0,"ocean_menu_typo_line_height_tablet":0,"ocean_menu_typo_line_height_mobile":0,"ocean_menu_typo_line_height_unit":"","ocean_menu_typo_spacing":0,"ocean_menu_typo_spacing_tablet":0,"ocean_menu_typo_spacing_mobile":0,"ocean_menu_typo_spacing_unit":"","ocean_menu_link_color":"","ocean_menu_link_color_hover":"","ocean_menu_link_color_active":"","ocean_menu_link_background":"","ocean_menu_link_hover_background":"","ocean_menu_link_active_background":"","ocean_menu_social_links_bg":"","ocean_menu_social_hover_links_bg":"","ocean_menu_social_links_color":"","ocean_menu_social_hover_links_color":"","ocean_disable_title":"default","ocean_disable_heading":"default","ocean_post_title":"","ocean_post_subheading":"","ocean_post_title_style":"","ocean_post_title_background_color":"","ocean_post_title_background":0,"ocean_post_title_bg_image_position":"","ocean_post_title_bg_image_attachment":"","ocean_post_title_bg_image_repeat":"","ocean_post_title_bg_image_size":"","ocean_post_title_height":0,"ocean_post_title_bg_overlay":0.5,"ocean_post_title_bg_overlay_color":"","ocean_disable_breadcrumbs":"default","ocean_breadcrumbs_color":"","ocean_breadcrumbs_separator_color":"","ocean_breadcrumbs_links_color":"","ocean_breadcrumbs_links_hover_color":"","ocean_display_footer_widgets":"default","ocean_display_footer_bottom":"default","ocean_custom_footer_template":"0"},"product_brand":[],"product_cat":[41,21],"product_tag":[],"class_list":{"0":"post-1783","1":"product","2":"type-product","3":"status-publish","4":"has-post-thumbnail","6":"product_cat-nettoyants-visage","7":"product_cat-visage","9":"entry","10":"has-media","12":"first","13":"instock","14":"taxable","15":"shipping-taxable","16":"purchasable","17":"product-type-simple","18":"has-product-nav","19":"col","20":"span_1_of_3","21":"owp-content-center","22":"owp-thumbs-layout-horizontal","23":"owp-btn-normal","24":"owp-tabs-layout-horizontal","25":"has-no-thumbnails"},"_links":{"self":[{"href":"https:\/\/ellypara.com\/index.php\/wp-json\/wp\/v2\/product\/1783","targetHints":{"allow":["GET"]}}],"collection":[{"href":"https:\/\/ellypara.com\/index.php\/wp-json\/wp\/v2\/product"}],"about":[{"href":"https:\/\/ellypara.com\/index.php\/wp-json\/wp\/v2\/types\/product"}],"replies":[{"embeddable":true,"href":"https:\/\/ellypara.com\/index.php\/wp-json\/wp\/v2\/comments?post=1783"}],"wp:featuredmedia":[{"embeddable":true,"href":"https:\/\/ellypara.com\/index.php\/wp-json\/wp\/v2\/media\/1784"}],"wp:attachment":[{"href":"https:\/\/ellypara.com\/index.php\/wp-json\/wp\/v2\/media?parent=1783"}],"wp:term":[{"taxonomy":"product_brand","embeddable":true,"href":"https:\/\/ellypara.com\/index.php\/wp-json\/wp\/v2\/product_brand?post=1783"},{"taxonomy":"product_cat","embeddable":true,"href":"https:\/\/ellypara.com\/index.php\/wp-json\/wp\/v2\/product_cat?post=1783"},{"taxonomy":"product_tag","embeddable":true,"href":"https:\/\/ellypara.com\/index.php\/wp-json\/wp\/v2\/product_tag?post=1783"}],"curies":[{"name":"wp","href":"https:\/\/api.w.org\/{rel}","templated":true}]}}