{"id":1789,"date":"2025-05-12T17:58:35","date_gmt":"2025-05-12T15:58:35","guid":{"rendered":"https:\/\/ellypara.com\/?post_type=product&#038;p=1789"},"modified":"2025-05-12T17:58:36","modified_gmt":"2025-05-12T15:58:36","slug":"svr-topialyse-stick-levres-soin-nourrissant-apaisant-protecteur-4g","status":"publish","type":"product","link":"https:\/\/ellypara.com\/index.php\/produit\/svr-topialyse-stick-levres-soin-nourrissant-apaisant-protecteur-4g\/","title":{"rendered":"SVR Topialyse Stick L\u00e8vres Soin Nourrissant Apaisant Protecteur 4g"},"content":{"rendered":"<p><strong>SVR Topialyse Stick L\u00e8vres Soin Nourrissant Apaisant Protecteur 4g<\/strong>\u00a0nourrit et r\u00e9pare les l\u00e8vres sensibles, gerc\u00e9es, ab\u00eem\u00e9es et craquel\u00e9es.<br \/>\nEnrichi en om\u00e9gas 3, 6 et 9, ce stick offre des propri\u00e9t\u00e9s protectrices face aux agressions ext\u00e9rieures et hydratantes pendant 8h.<\/p>\n<p>Texture ultra-fondante au fini invisible et non collant.<\/p>\n<p><strong>Indications :<\/strong><\/p>\n<p>L\u00e8vres sensibles, gerc\u00e9es, ab\u00eem\u00e9es et craquel\u00e9es.<\/p>\n<p><strong>Conseils d\u2019utilisation :<\/strong><\/p>\n<p>Appliquer sur les l\u00e8vres quotidiennement aussi souvent que n\u00e9cessaire.<\/p>\n<p><strong>Composition :<\/strong><\/p>\n<p>Ricinus communis (castor) seed oil, caprilic\/capric triglycerides, helianthus annuus (sunflower) seed oil, oleic\/linoleic\/linolenic polyglycerides, helianthus annuus (sunflower) seed wax, butyrospermum parkii (shea) butter, hydrogenated castor oil, cera carnauba\/copernicia cerifera (carnauba) wax\/cire\u00a0 de carnauba, camelina sativa seed oil, tocopherol, ascorbyl palmitate, citric acid.<\/p>\n<p><strong>Conditionnement :<\/strong><\/p>\n<p>1 stick de 4g.<\/p>\n","protected":false},"excerpt":{"rendered":"<p><strong>SVR Topialyse Stick L\u00e8vres 4 g<\/strong> est un soin nourrissant, apaisant, protecteur pour les l\u00e8vres ab\u00eem\u00e9es de toute la famille.<\/p>\n","protected":false},"featured_media":1790,"comment_status":"open","ping_status":"closed","template":"","meta":{"ocean_post_layout":"","ocean_both_sidebars_style":"","ocean_both_sidebars_content_width":0,"ocean_both_sidebars_sidebars_width":0,"ocean_sidebar":"0","ocean_second_sidebar":"0","ocean_disable_margins":"enable","ocean_add_body_class":"","ocean_shortcode_before_top_bar":"","ocean_shortcode_after_top_bar":"","ocean_shortcode_before_header":"","ocean_shortcode_after_header":"","ocean_has_shortcode":"","ocean_shortcode_after_title":"","ocean_shortcode_before_footer_widgets":"","ocean_shortcode_after_footer_widgets":"","ocean_shortcode_before_footer_bottom":"","ocean_shortcode_after_footer_bottom":"","ocean_display_top_bar":"default","ocean_display_header":"default","ocean_header_style":"","ocean_center_header_left_menu":"0","ocean_custom_header_template":"0","ocean_custom_logo":0,"ocean_custom_retina_logo":0,"ocean_custom_logo_max_width":0,"ocean_custom_logo_tablet_max_width":0,"ocean_custom_logo_mobile_max_width":0,"ocean_custom_logo_max_height":0,"ocean_custom_logo_tablet_max_height":0,"ocean_custom_logo_mobile_max_height":0,"ocean_header_custom_menu":"0","ocean_menu_typo_font_family":"0","ocean_menu_typo_font_subset":"","ocean_menu_typo_font_size":0,"ocean_menu_typo_font_size_tablet":0,"ocean_menu_typo_font_size_mobile":0,"ocean_menu_typo_font_size_unit":"px","ocean_menu_typo_font_weight":"","ocean_menu_typo_font_weight_tablet":"","ocean_menu_typo_font_weight_mobile":"","ocean_menu_typo_transform":"","ocean_menu_typo_transform_tablet":"","ocean_menu_typo_transform_mobile":"","ocean_menu_typo_line_height":0,"ocean_menu_typo_line_height_tablet":0,"ocean_menu_typo_line_height_mobile":0,"ocean_menu_typo_line_height_unit":"","ocean_menu_typo_spacing":0,"ocean_menu_typo_spacing_tablet":0,"ocean_menu_typo_spacing_mobile":0,"ocean_menu_typo_spacing_unit":"","ocean_menu_link_color":"","ocean_menu_link_color_hover":"","ocean_menu_link_color_active":"","ocean_menu_link_background":"","ocean_menu_link_hover_background":"","ocean_menu_link_active_background":"","ocean_menu_social_links_bg":"","ocean_menu_social_hover_links_bg":"","ocean_menu_social_links_color":"","ocean_menu_social_hover_links_color":"","ocean_disable_title":"default","ocean_disable_heading":"default","ocean_post_title":"","ocean_post_subheading":"","ocean_post_title_style":"","ocean_post_title_background_color":"","ocean_post_title_background":0,"ocean_post_title_bg_image_position":"","ocean_post_title_bg_image_attachment":"","ocean_post_title_bg_image_repeat":"","ocean_post_title_bg_image_size":"","ocean_post_title_height":0,"ocean_post_title_bg_overlay":0.5,"ocean_post_title_bg_overlay_color":"","ocean_disable_breadcrumbs":"default","ocean_breadcrumbs_color":"","ocean_breadcrumbs_separator_color":"","ocean_breadcrumbs_links_color":"","ocean_breadcrumbs_links_hover_color":"","ocean_display_footer_widgets":"default","ocean_display_footer_bottom":"default","ocean_custom_footer_template":"0"},"product_brand":[],"product_cat":[111,21],"product_tag":[],"class_list":{"0":"post-1789","1":"product","2":"type-product","3":"status-publish","4":"has-post-thumbnail","6":"product_cat-sticks-baumes-levres-et-reparateurs","7":"product_cat-visage","9":"entry","10":"has-media","12":"first","13":"instock","14":"taxable","15":"shipping-taxable","16":"purchasable","17":"product-type-simple","18":"has-product-nav","19":"col","20":"span_1_of_3","21":"owp-content-center","22":"owp-thumbs-layout-horizontal","23":"owp-btn-normal","24":"owp-tabs-layout-horizontal","25":"has-no-thumbnails"},"_links":{"self":[{"href":"https:\/\/ellypara.com\/index.php\/wp-json\/wp\/v2\/product\/1789","targetHints":{"allow":["GET"]}}],"collection":[{"href":"https:\/\/ellypara.com\/index.php\/wp-json\/wp\/v2\/product"}],"about":[{"href":"https:\/\/ellypara.com\/index.php\/wp-json\/wp\/v2\/types\/product"}],"replies":[{"embeddable":true,"href":"https:\/\/ellypara.com\/index.php\/wp-json\/wp\/v2\/comments?post=1789"}],"wp:featuredmedia":[{"embeddable":true,"href":"https:\/\/ellypara.com\/index.php\/wp-json\/wp\/v2\/media\/1790"}],"wp:attachment":[{"href":"https:\/\/ellypara.com\/index.php\/wp-json\/wp\/v2\/media?parent=1789"}],"wp:term":[{"taxonomy":"product_brand","embeddable":true,"href":"https:\/\/ellypara.com\/index.php\/wp-json\/wp\/v2\/product_brand?post=1789"},{"taxonomy":"product_cat","embeddable":true,"href":"https:\/\/ellypara.com\/index.php\/wp-json\/wp\/v2\/product_cat?post=1789"},{"taxonomy":"product_tag","embeddable":true,"href":"https:\/\/ellypara.com\/index.php\/wp-json\/wp\/v2\/product_tag?post=1789"}],"curies":[{"name":"wp","href":"https:\/\/api.w.org\/{rel}","templated":true}]}}