{"id":1801,"date":"2025-05-12T19:56:18","date_gmt":"2025-05-12T17:56:18","guid":{"rendered":"https:\/\/ellypara.com\/?post_type=product&#038;p=1801"},"modified":"2025-05-12T19:56:18","modified_gmt":"2025-05-12T17:56:18","slug":"svr-xerial-30-gel-creme-corps-concentre-anti-rugosite-75ml","status":"publish","type":"product","link":"https:\/\/ellypara.com\/index.php\/produit\/svr-xerial-30-gel-creme-corps-concentre-anti-rugosite-75ml\/","title":{"rendered":"SVR Xerial 30 Gel Cr\u00e8me Corps Concentr\u00e9 Anti-Rugosit\u00e9 75ml"},"content":{"rendered":"<p>Le gel\u00a0<strong>cr\u00e8me X\u00e9rial 30,<\/strong>\u00a0\u00e9labor\u00e9\u00a0par la marque\u00a0<strong>SVR,<\/strong>\u00a0est un\u00a0<strong>soin pour le corps<\/strong>\u00a0destin\u00e9 aux personnes qui pr\u00e9sentent des\u00a0<strong>zones tr\u00e8s s\u00e8ches et rugueuses<\/strong>. Il\u00a0est dot\u00e9 d\u2019une action\u00a0<strong>anti-rugosit\u00e9s et anti-poils incarn\u00e9s<\/strong>\u00a0et permet d\u2019apporter une\u00a0<strong>hydratation longue dur\u00e9e<\/strong>\u00a0\u00e0 la peau. L\u2019\u00e9piderme est ainsi efficacement\u00a0<strong>prot\u00e9g\u00e9 et isol\u00e9 des \u00e9l\u00e9ments ext\u00e9rieurs<\/strong>\u00a0qui pourraient le fragiliser encore davantage.<\/p>\n<p>Ce\u00a0<strong>gel<\/strong>\u00a0<strong>cr\u00e8me pour le corps SVR<\/strong>\u00a0s\u2019appuie sur des actifs reconnus pour leurs bienfaits sur la peau. On retrouve notamment dans la composition de l\u2019<strong>ur\u00e9e pure dos\u00e9e \u00e0 30 %<\/strong>\u00a0et dot\u00e9e d\u2019une\u00a0<strong>action k\u00e9ratolytique renforc\u00e9e<\/strong>. L\u2019ur\u00e9e va activer le\u00a0<strong>renouvellement cellulaire<\/strong>,\u00a0<strong>\u00e9liminer les rugosit\u00e9s et les zones granuleuses<\/strong>\u00a0et\u00a0<strong>lisser<\/strong>\u00a0la peau. Du panth\u00e9nol compl\u00e8te la formule et dispose de qualit\u00e9s anti-inflammatoires et hydratantes qui visent \u00e0 apaiser durablement la sensation de d\u00e9mangeaisons et les irritations.<\/p>\n<p>Avec sa texture hybride entre la cr\u00e8me et le gel, le\u00a0<strong>gel<\/strong>\u00a0<strong>cr\u00e8me SVR X\u00e9rial 30<\/strong>\u00a0p\u00e9n\u00e8tre rapidement pour une action imm\u00e9diate sur les\u00a0<strong>zones de s\u00e9cheresse<\/strong>. Elle est id\u00e9ale apr\u00e8s chaque \u00e9pilation pour \u00e9viter les\u00a0<strong>poils incarn\u00e9s<\/strong>\u00a0et prend soin des\u00a0<strong>peaux fragilis\u00e9es<\/strong>\u00a0sujettes \u00e0 des affections cutan\u00e9es telles que le\u00a0<strong>psoriasis<\/strong>\u00a0ou l\u2019<strong>ecz\u00e9ma<\/strong>. Formul\u00e9e sans parfum, elle convient parfaitement aux peaux sensibles.<\/p>\n<p>Les bienfaits de l\u2019ur\u00e9e sont \u00e9galement disponibles dans la\u00a0cr\u00e8me pour les pieds X\u00e9rial 30.<\/p>\n<p><strong>Conditionnement :<\/strong>\u00a0Tube de 75 ml<\/p>\n<p><strong>CONSEILS D\u2019UTILISATION<\/strong><\/p>\n<p>Appliquer le gel cr\u00e8me X\u00e9rial 30 une \u00e0 deux fois par jour sur les zones \u00e0 traiter.<br \/>\nFaire p\u00e9n\u00e9trer en effectuant des massages doux.<\/p>\n<p><strong>COMPOSITION<\/strong><\/p>\n<p>Aqua, Urea, Cocos Nucifera (Coconut) Oil, Glycerin, Octyldodecanone, Hydroxyethyl Acrylate\/Sodium Acryloyldimethyl Taurate Copolymer, Panthenol, Silica, Pentylene Glycol, Glyceryl Glucoside, Octyldodecyl Xyloside, PEG-30 Dipolyhydroxystearate, Triacetin, Serine, 1,2 Hexanediol, Caprylyl Glycol, Sodium Lactate, Propylene Glycol, Disodium EDTA, Polysorbate 60, Sorbitan Isostearate, Histidine, Bacillus Ferment, Citric Acid, Potassium Sorbate.<\/p>\n","protected":false},"excerpt":{"rendered":"<p><strong>SVR Xerial 30 Gel Cr\u00e8me 75 ml<\/strong> est un soin corporel concentr\u00e9 anti-rugosit\u00e9s exfoliant et hydratant 48 heures.<\/p>\n","protected":false},"featured_media":1802,"comment_status":"open","ping_status":"closed","template":"","meta":{"ocean_post_layout":"","ocean_both_sidebars_style":"","ocean_both_sidebars_content_width":0,"ocean_both_sidebars_sidebars_width":0,"ocean_sidebar":"0","ocean_second_sidebar":"0","ocean_disable_margins":"enable","ocean_add_body_class":"","ocean_shortcode_before_top_bar":"","ocean_shortcode_after_top_bar":"","ocean_shortcode_before_header":"","ocean_shortcode_after_header":"","ocean_has_shortcode":"","ocean_shortcode_after_title":"","ocean_shortcode_before_footer_widgets":"","ocean_shortcode_after_footer_widgets":"","ocean_shortcode_before_footer_bottom":"","ocean_shortcode_after_footer_bottom":"","ocean_display_top_bar":"default","ocean_display_header":"default","ocean_header_style":"","ocean_center_header_left_menu":"0","ocean_custom_header_template":"0","ocean_custom_logo":0,"ocean_custom_retina_logo":0,"ocean_custom_logo_max_width":0,"ocean_custom_logo_tablet_max_width":0,"ocean_custom_logo_mobile_max_width":0,"ocean_custom_logo_max_height":0,"ocean_custom_logo_tablet_max_height":0,"ocean_custom_logo_mobile_max_height":0,"ocean_header_custom_menu":"0","ocean_menu_typo_font_family":"0","ocean_menu_typo_font_subset":"","ocean_menu_typo_font_size":0,"ocean_menu_typo_font_size_tablet":0,"ocean_menu_typo_font_size_mobile":0,"ocean_menu_typo_font_size_unit":"px","ocean_menu_typo_font_weight":"","ocean_menu_typo_font_weight_tablet":"","ocean_menu_typo_font_weight_mobile":"","ocean_menu_typo_transform":"","ocean_menu_typo_transform_tablet":"","ocean_menu_typo_transform_mobile":"","ocean_menu_typo_line_height":0,"ocean_menu_typo_line_height_tablet":0,"ocean_menu_typo_line_height_mobile":0,"ocean_menu_typo_line_height_unit":"","ocean_menu_typo_spacing":0,"ocean_menu_typo_spacing_tablet":0,"ocean_menu_typo_spacing_mobile":0,"ocean_menu_typo_spacing_unit":"","ocean_menu_link_color":"","ocean_menu_link_color_hover":"","ocean_menu_link_color_active":"","ocean_menu_link_background":"","ocean_menu_link_hover_background":"","ocean_menu_link_active_background":"","ocean_menu_social_links_bg":"","ocean_menu_social_hover_links_bg":"","ocean_menu_social_links_color":"","ocean_menu_social_hover_links_color":"","ocean_disable_title":"default","ocean_disable_heading":"default","ocean_post_title":"","ocean_post_subheading":"","ocean_post_title_style":"","ocean_post_title_background_color":"","ocean_post_title_background":0,"ocean_post_title_bg_image_position":"","ocean_post_title_bg_image_attachment":"","ocean_post_title_bg_image_repeat":"","ocean_post_title_bg_image_size":"","ocean_post_title_height":0,"ocean_post_title_bg_overlay":0.5,"ocean_post_title_bg_overlay_color":"","ocean_disable_breadcrumbs":"default","ocean_breadcrumbs_color":"","ocean_breadcrumbs_separator_color":"","ocean_breadcrumbs_links_color":"","ocean_breadcrumbs_links_hover_color":"","ocean_display_footer_widgets":"default","ocean_display_footer_bottom":"default","ocean_custom_footer_template":"0"},"product_brand":[],"product_cat":[22,47],"product_tag":[],"class_list":{"0":"post-1801","1":"product","2":"type-product","3":"status-publish","4":"has-post-thumbnail","6":"product_cat-corps","7":"product_cat-soins-corps","9":"entry","10":"has-media","12":"first","13":"instock","14":"taxable","15":"shipping-taxable","16":"purchasable","17":"product-type-simple","18":"has-product-nav","19":"col","20":"span_1_of_3","21":"owp-content-center","22":"owp-thumbs-layout-horizontal","23":"owp-btn-normal","24":"owp-tabs-layout-horizontal","25":"has-no-thumbnails"},"_links":{"self":[{"href":"https:\/\/ellypara.com\/index.php\/wp-json\/wp\/v2\/product\/1801","targetHints":{"allow":["GET"]}}],"collection":[{"href":"https:\/\/ellypara.com\/index.php\/wp-json\/wp\/v2\/product"}],"about":[{"href":"https:\/\/ellypara.com\/index.php\/wp-json\/wp\/v2\/types\/product"}],"replies":[{"embeddable":true,"href":"https:\/\/ellypara.com\/index.php\/wp-json\/wp\/v2\/comments?post=1801"}],"wp:featuredmedia":[{"embeddable":true,"href":"https:\/\/ellypara.com\/index.php\/wp-json\/wp\/v2\/media\/1802"}],"wp:attachment":[{"href":"https:\/\/ellypara.com\/index.php\/wp-json\/wp\/v2\/media?parent=1801"}],"wp:term":[{"taxonomy":"product_brand","embeddable":true,"href":"https:\/\/ellypara.com\/index.php\/wp-json\/wp\/v2\/product_brand?post=1801"},{"taxonomy":"product_cat","embeddable":true,"href":"https:\/\/ellypara.com\/index.php\/wp-json\/wp\/v2\/product_cat?post=1801"},{"taxonomy":"product_tag","embeddable":true,"href":"https:\/\/ellypara.com\/index.php\/wp-json\/wp\/v2\/product_tag?post=1801"}],"curies":[{"name":"wp","href":"https:\/\/api.w.org\/{rel}","templated":true}]}}