{"id":1803,"date":"2025-05-12T20:10:15","date_gmt":"2025-05-12T18:10:15","guid":{"rendered":"https:\/\/ellypara.com\/?post_type=product&#038;p=1803"},"modified":"2025-05-12T20:10:15","modified_gmt":"2025-05-12T18:10:15","slug":"svr-xerial-40-ongle-10ml","status":"publish","type":"product","link":"https:\/\/ellypara.com\/index.php\/produit\/svr-xerial-40-ongle-10ml\/","title":{"rendered":"SVR Xerial 40 Ongle 10ml"},"content":{"rendered":"<p>Le\u00a0<strong>gel SVR X\u00e9rial 40 Ongles<\/strong>\u00a0dispose d\u2019une formule riche en ur\u00e9e pour \u00eatre en mesure de lisser et prot\u00e9ger efficacement les ongles des attaques externes tout en veillant \u00e0 assainir la flore fongique gr\u00e2ce \u00e0 la piroctone olamine.<\/p>\n<p>Constitu\u00e9 de k\u00e9ratine, de prot\u00e9ines, soufre, lipides, eau, sels min\u00e9raux et vitamines, l\u2019ongle pr\u00e9sente parfois des anomalies. Cassant, \u00e9pais, d\u00e9doubl\u00e9, mou ou ab\u00eem\u00e9, l\u2019ongle peut souffrir d\u2019une carence et c\u2019est pourquoi le laboratoire SVR a mis au point une formule enrichie avec\u00a0<strong>40\u00a0% d\u2019ur\u00e9e<\/strong>\u00a0qui permet aux ongles de retrouver souplesse et bonne sant\u00e9 (brevet technologie Ur\u00e9e Pure).<\/p>\n<p>En effet, l\u2019ur\u00e9e est un actif couramment utilis\u00e9 dans les cosm\u00e9tiques. Il est r\u00e9put\u00e9 pour ses bienfaits hydratants. Cet ingr\u00e9dient poss\u00e8de \u00e9galement des propri\u00e9t\u00e9s exfoliantes douces et s\u2019av\u00e8re performant pour lisser les irr\u00e9gularit\u00e9s des ongles. L\u2019ur\u00e9e est un ingr\u00e9dient de premier choix qui apporte ici ses\u00a0<strong>propri\u00e9t\u00e9s hydratantes et k\u00e9ratolytiques<\/strong>\u00a0afin que la texture des ongles puisse se reconstituer pour un aspect uniforme et une bonne \u00e9lasticit\u00e9.<\/p>\n<p>Muni d\u2019un embout applicateur et d\u2019un pinceau ultra doux pour une utilisation simplifi\u00e9e et pr\u00e9cise, cet actif filmog\u00e8ne diminue l\u2019\u00e9paississement des ongles alt\u00e9r\u00e9s et leur permet de retrouver une apparence normale.\u00a0<strong>R\u00e9g\u00e9n\u00e9r\u00e9s, les ongles repoussent correctement.<\/strong><\/p>\n<p>Enfin, ce gel b\u00e9n\u00e9ficie d\u2019un excellent seuil de tol\u00e9rance. Il ne contient pas de paraben et son action k\u00e9ratolytique apporte des r\u00e9sultats significatifs.<\/p>\n<p><strong>Caract\u00e9ristiques\u00a0:\u00a0<\/strong>test\u00e9 sous contr\u00f4le dermatologique<\/p>\n<p><strong>Conditionnement\u00a0:\u00a0<\/strong>10 ml.<\/p>\n<p>SVR propose diff\u00e9rents soins enrichis en ur\u00e9e pour\u00a0les mains,\u00a0le corps afin d\u2019hydrater et gommer la peau en cas de talons fendill\u00e9s,\u00a0de k\u00e9ratose pilaire ou de poils incarn\u00e9s\u00a0comme le\u00a0Gel Cr\u00e8me X\u00e9rial 30.<\/p>\n<p><strong>CONSEILS D\u2019UTILISATION<\/strong><\/p>\n<p>Peut s\u2019utiliser seul 2 fois par jour pendant 3 mois.<br \/>\nA l\u2019aide du tube pinceau, appliquer X\u00e9rial 40 Ongles sur l\u2019ongle pr\u00e9alablement nettoy\u00e9 et s\u00e9ch\u00e9.<br \/>\nLaisser s\u00e9cher. Ne pas rincer.<br \/>\nNettoyer le pinceau apr\u00e8s utilisation avec de l\u2019alcool ou un dissolvant \u00e0 l\u2019ac\u00e9tone.<br \/>\nUne l\u00e9g\u00e8re coloration jaune li\u00e9e \u00e0 la Piroctone olamine peut appara\u00eetre \u00e0 la base des poils du pinceau. Elle est parfaitement normale et n\u2019a aucune incidence sur l\u2019activit\u00e9 du produit.<\/p>\n<p>Produit cosm\u00e9tique, peut s\u2019utiliser aussi au pr\u00e9alable ou en compl\u00e9ment des traitements dermatologiques locaux. Demander conseil \u00e0 votre dermatologue.<\/p>\n<p><strong>Conseils pratiques :<\/strong><\/p>\n<p>Bien s\u00e9cher les pieds apr\u00e8s lavage et se couper les ongles courts.<br \/>\nMettre des sandales dans les vestiaires, les piscines\u2026<br \/>\nPorter des chaussures qui laissent respirer les pieds.<br \/>\nChanger de chaussettes chaque jour.<br \/>\nLaver r\u00e9guli\u00e8rement les chaussures de sport.<\/p>\n<p><strong>Pr\u00e9cautions d\u2019emploi :<\/strong><\/p>\n<p>Ne pas avaler.<br \/>\nNe pas utiliser chez l\u2019enfant de moins de 3 ans.<br \/>\nNe pas utiliser en cas d\u2019intol\u00e9rance \u00e0 l\u2019un des composants.<br \/>\nNe pas utiliser sur la peau.<\/p>\n<p><strong>COMPOSITION<\/strong><\/p>\n<p>Ingr\u00e9dients : Aqua (purified water), urea, glycerin, propylene glycol, triethanolamine, polyacrylate-13, salicylic acid, polyisobutene, piroctone olamine, serine, Bacillus ferment, histidine, polysorbate-20, sorbitan isostearate, disodium EDTA, phenoxyethanol, potassium sorbate.<\/p>\n","protected":false},"excerpt":{"rendered":"<div class=\"product-short-description\">\n<p>X\u00e9rial 40 Ongles R\u00e9pare la flore fongique pour des ongles plus sains.<\/p>\n<\/div>\n<form class=\"cart\" action=\"https:\/\/www.maparatunisie.tn\/produit\/svr-xerial-40-ongle-10ml\/\" enctype=\"multipart\/form-data\" method=\"post\">\n<div class=\"ux-quantity quantity buttons_added\"><\/div>\n<\/form>\n","protected":false},"featured_media":1804,"comment_status":"open","ping_status":"closed","template":"","meta":{"ocean_post_layout":"","ocean_both_sidebars_style":"","ocean_both_sidebars_content_width":0,"ocean_both_sidebars_sidebars_width":0,"ocean_sidebar":"0","ocean_second_sidebar":"0","ocean_disable_margins":"enable","ocean_add_body_class":"","ocean_shortcode_before_top_bar":"","ocean_shortcode_after_top_bar":"","ocean_shortcode_before_header":"","ocean_shortcode_after_header":"","ocean_has_shortcode":"","ocean_shortcode_after_title":"","ocean_shortcode_before_footer_widgets":"","ocean_shortcode_after_footer_widgets":"","ocean_shortcode_before_footer_bottom":"","ocean_shortcode_after_footer_bottom":"","ocean_display_top_bar":"default","ocean_display_header":"default","ocean_header_style":"","ocean_center_header_left_menu":"0","ocean_custom_header_template":"0","ocean_custom_logo":0,"ocean_custom_retina_logo":0,"ocean_custom_logo_max_width":0,"ocean_custom_logo_tablet_max_width":0,"ocean_custom_logo_mobile_max_width":0,"ocean_custom_logo_max_height":0,"ocean_custom_logo_tablet_max_height":0,"ocean_custom_logo_mobile_max_height":0,"ocean_header_custom_menu":"0","ocean_menu_typo_font_family":"0","ocean_menu_typo_font_subset":"","ocean_menu_typo_font_size":0,"ocean_menu_typo_font_size_tablet":0,"ocean_menu_typo_font_size_mobile":0,"ocean_menu_typo_font_size_unit":"px","ocean_menu_typo_font_weight":"","ocean_menu_typo_font_weight_tablet":"","ocean_menu_typo_font_weight_mobile":"","ocean_menu_typo_transform":"","ocean_menu_typo_transform_tablet":"","ocean_menu_typo_transform_mobile":"","ocean_menu_typo_line_height":0,"ocean_menu_typo_line_height_tablet":0,"ocean_menu_typo_line_height_mobile":0,"ocean_menu_typo_line_height_unit":"","ocean_menu_typo_spacing":0,"ocean_menu_typo_spacing_tablet":0,"ocean_menu_typo_spacing_mobile":0,"ocean_menu_typo_spacing_unit":"","ocean_menu_link_color":"","ocean_menu_link_color_hover":"","ocean_menu_link_color_active":"","ocean_menu_link_background":"","ocean_menu_link_hover_background":"","ocean_menu_link_active_background":"","ocean_menu_social_links_bg":"","ocean_menu_social_hover_links_bg":"","ocean_menu_social_links_color":"","ocean_menu_social_hover_links_color":"","ocean_disable_title":"default","ocean_disable_heading":"default","ocean_post_title":"","ocean_post_subheading":"","ocean_post_title_style":"","ocean_post_title_background_color":"","ocean_post_title_background":0,"ocean_post_title_bg_image_position":"","ocean_post_title_bg_image_attachment":"","ocean_post_title_bg_image_repeat":"","ocean_post_title_bg_image_size":"","ocean_post_title_height":0,"ocean_post_title_bg_overlay":0.5,"ocean_post_title_bg_overlay_color":"","ocean_disable_breadcrumbs":"default","ocean_breadcrumbs_color":"","ocean_breadcrumbs_separator_color":"","ocean_breadcrumbs_links_color":"","ocean_breadcrumbs_links_hover_color":"","ocean_display_footer_widgets":"default","ocean_display_footer_bottom":"default","ocean_custom_footer_template":"0"},"product_brand":[],"product_cat":[22,50],"product_tag":[],"class_list":{"0":"post-1803","1":"product","2":"type-product","3":"status-publish","4":"has-post-thumbnail","6":"product_cat-corps","7":"product_cat-soins-des-mains","9":"entry","10":"has-media","12":"first","13":"instock","14":"taxable","15":"shipping-taxable","16":"purchasable","17":"product-type-simple","18":"has-product-nav","19":"col","20":"span_1_of_3","21":"owp-content-center","22":"owp-thumbs-layout-horizontal","23":"owp-btn-normal","24":"owp-tabs-layout-horizontal"},"_links":{"self":[{"href":"https:\/\/ellypara.com\/index.php\/wp-json\/wp\/v2\/product\/1803","targetHints":{"allow":["GET"]}}],"collection":[{"href":"https:\/\/ellypara.com\/index.php\/wp-json\/wp\/v2\/product"}],"about":[{"href":"https:\/\/ellypara.com\/index.php\/wp-json\/wp\/v2\/types\/product"}],"replies":[{"embeddable":true,"href":"https:\/\/ellypara.com\/index.php\/wp-json\/wp\/v2\/comments?post=1803"}],"wp:featuredmedia":[{"embeddable":true,"href":"https:\/\/ellypara.com\/index.php\/wp-json\/wp\/v2\/media\/1804"}],"wp:attachment":[{"href":"https:\/\/ellypara.com\/index.php\/wp-json\/wp\/v2\/media?parent=1803"}],"wp:term":[{"taxonomy":"product_brand","embeddable":true,"href":"https:\/\/ellypara.com\/index.php\/wp-json\/wp\/v2\/product_brand?post=1803"},{"taxonomy":"product_cat","embeddable":true,"href":"https:\/\/ellypara.com\/index.php\/wp-json\/wp\/v2\/product_cat?post=1803"},{"taxonomy":"product_tag","embeddable":true,"href":"https:\/\/ellypara.com\/index.php\/wp-json\/wp\/v2\/product_tag?post=1803"}],"curies":[{"name":"wp","href":"https:\/\/api.w.org\/{rel}","templated":true}]}}