{"id":1814,"date":"2025-05-12T20:41:28","date_gmt":"2025-05-12T18:41:28","guid":{"rendered":"https:\/\/ellypara.com\/?post_type=product&#038;p=1814"},"modified":"2025-05-12T20:41:29","modified_gmt":"2025-05-12T18:41:29","slug":"svr-xerial-gommage-corps-100g","status":"publish","type":"product","link":"https:\/\/ellypara.com\/index.php\/produit\/svr-xerial-gommage-corps-100g\/","title":{"rendered":"SVR X\u00e9rial Gommage Corps 100g"},"content":{"rendered":"<p><strong>SVR X\u00e9rial Gommage Corps<\/strong>\u00a0est un soin sp\u00e9cialement formul\u00e9 pour\u00a0<strong>\u00e9liminer les peaux mortes<\/strong>\u00a0et\u00a0<strong>lisser les rugosit\u00e9s<\/strong>\u00a0des peaux s\u00e8ches. En effet, lorsque la peau est s\u00e8che, son film hydrolipidique protecteur\u00a0est endommag\u00e9. Il ne prot\u00e8ge plus la peau des agressions ext\u00e9rieures et ne\u00a0pr\u00e9serve plus son hydratation. Les\u00a0peaux mortes\u00a0finissent par s\u2019accumuler sur des zones sp\u00e9cifiques, comme les coudes ou encore les genoux, qui subissent nombre de frottements au quotidien. Elles peuvent aussi\u00a0boucher les follicules pileux et entrainer une k\u00e9ratose pilaire, avec un risque d\u2019apparition de boutons.\u00a0La peau est terne et inconfortable. Pour vous aider \u00e0 retrouver une peau, lisse, douce et belle, SVR a cr\u00e9\u00e9 le gommage corps\u00a0Xerial SVR.<\/p>\n<h2>Quels sont les atouts du\u00a0Gommage Corps SVR X\u00e9rial ?<\/h2>\n<p>Le gommage pour le corps X\u00e9rial SVR\u00a0est un gommage corporel\u00a0<strong>100% naturel<\/strong>. Sa\u00a0<strong>formule sans eau<\/strong>\u00a0100 % grains est une v\u00e9ritable petite r\u00e9volution. Elle vous permet de profiter \u00e0 100 % des bienfaits des grains exfoliants et de doser de fa\u00e7on personnalis\u00e9e la quantit\u00e9 de grains adapt\u00e9e \u00e0 vos besoins. Ce gommage corps SVR X\u00e9rial est compos\u00e9 de\u00a0<strong>grains d\u2019origine v\u00e9g\u00e9tale<\/strong>. L\u2019action m\u00e9canique des grains sur la peau va exercer une\u00a0<strong>action exfoliante naturelle<\/strong>\u00a0permettant d\u2019\u00e9liminer les rugosit\u00e9s et les peaux mortes qui ternissent la beaut\u00e9 de la\u00a0peau.<\/p>\n<p>Des<strong>\u00a0p\u00e9pins de raisin<\/strong>\u00a0d\u2019origine fran\u00e7aise\u00a0concass\u00e9s selon deux\u00a0granulom\u00e9tries diff\u00e9rentes\u00a0vont se charger d\u2019exfolier la peau en douceur et en profondeur. La taille sup\u00e9rieure des grains de\u00a0<strong>noyaux d\u2019olive<\/strong>\u00a0d\u2019origine espagnole va, quant \u00e0 elle, permettre d\u2019\u00e9liminer sans effort et tout en douceur les rugosit\u00e9s de la peau et pr\u00e9venir l\u2019apparition des poils incarn\u00e9s. Avec ce gommage sans eau Xerial, SVR met l\u2019exfoliation au c\u0153ur de son gommage et vous permet ainsi d\u2019ajuster le dosage selon votre envie et vos besoins.<\/p>\n<p>Pour l\u2019utiliser ? Rien de plus facile ! Il vous suffit d\u2019appliquer la quantit\u00e9 souhait\u00e9e de gommage sur votre peau mouill\u00e9e et de r\u00e9aliser des mouvements circulaires doux. Vous pourrez m\u00eame l\u2019utiliser associ\u00e9 \u00e0 votre gel douche ou savon habituel ! Avec le gommage corps SVR X\u00e9rial, vous retrouvez rapidement une peau lisse et douce.<\/p>\n<p><strong>Caract\u00e9ristiques :<\/strong><\/p>\n<ul>\n<li>Elimine\u00a0les peaux mortes, et pr\u00e9vient les rugosit\u00e9s et les poils incarn\u00e9s.<\/li>\n<li>Adapt\u00e9 aux peaux sensibles, s\u00e8ches et tr\u00e8s s\u00e8ches<\/li>\n<li>Formule sans eau<\/li>\n<li>Ingr\u00e9dients 100 % d\u2019origine naturelle<\/li>\n<li>Fabriqu\u00e9 en France<\/li>\n<li>Test\u00e9 sous contr\u00f4le dermatologique<\/li>\n<li>D\u00e8s 10 ans<\/li>\n<li>Emballage recyclable<\/li>\n<\/ul>\n<p><strong>Conditionnement :\u00a0<\/strong>flacon de 100 g<\/p>\n<p><strong>Comment utiliser le Gommage Corps SVR X\u00e9rial ?<\/strong><\/p>\n<p>A utiliser sous la douche 1 \u00e0 2 fois par semaine.<\/p>\n<p><strong>2 utilisations possibles :<\/strong><\/p>\n<p>Pour une exfoliation intense, vous pouvez l\u2019utiliser seul :<br \/>\nVersez dans votre main pr\u00e9alablement mouill\u00e9e la quantit\u00e9 de grains souhait\u00e9e.<br \/>\nMassez votre peau mouill\u00e9e en r\u00e9alisant des mouvements circulaires.<br \/>\nInsistez sur les zones rugueuses.<br \/>\nRincez.<\/p>\n<p>Pour une exfoliation plus douce, m\u00e9langez votre gommage corps SVR X\u00e9rial \u00e0 l\u2019Huile Lavante Topialyse ou votre produit d\u2019hygi\u00e8ne habituel :<br \/>\nD\u00e9posez au creux de votre main votre soin lavant, ajoutez par-dessus la quantit\u00e9 de grains souhait\u00e9e, puis massez par mouvements circulaires sur votre peau mouill\u00e9e.<br \/>\nInsistez sur les zones rugueuses, puis rincez.<\/p>\n<p><strong>COMPOSITION<\/strong><\/p>\n<p>Ingr\u00e9dients : vitis vinifera (grape) seed powder, olea europaea (olive) seed<\/p>\n","protected":false},"excerpt":{"rendered":"<p>Gommage Corps Xerial con\u00e7u par SVR pour peaux \u00e9paissies, rugueuses avec des irr\u00e9gularit\u00e9s cutan\u00e9es, squames, poils incarn\u00e9s, tendance \u00e0 la k\u00e9ratose pilaire. Adapt\u00e9 aux peaux sensibles, aux peaux s\u00e8ches \u00e0 tr\u00e8s s\u00e8ches.<\/p>\n","protected":false},"featured_media":1816,"comment_status":"open","ping_status":"closed","template":"","meta":{"ocean_post_layout":"","ocean_both_sidebars_style":"","ocean_both_sidebars_content_width":0,"ocean_both_sidebars_sidebars_width":0,"ocean_sidebar":"0","ocean_second_sidebar":"0","ocean_disable_margins":"enable","ocean_add_body_class":"","ocean_shortcode_before_top_bar":"","ocean_shortcode_after_top_bar":"","ocean_shortcode_before_header":"","ocean_shortcode_after_header":"","ocean_has_shortcode":"","ocean_shortcode_after_title":"","ocean_shortcode_before_footer_widgets":"","ocean_shortcode_after_footer_widgets":"","ocean_shortcode_before_footer_bottom":"","ocean_shortcode_after_footer_bottom":"","ocean_display_top_bar":"default","ocean_display_header":"default","ocean_header_style":"","ocean_center_header_left_menu":"0","ocean_custom_header_template":"0","ocean_custom_logo":0,"ocean_custom_retina_logo":0,"ocean_custom_logo_max_width":0,"ocean_custom_logo_tablet_max_width":0,"ocean_custom_logo_mobile_max_width":0,"ocean_custom_logo_max_height":0,"ocean_custom_logo_tablet_max_height":0,"ocean_custom_logo_mobile_max_height":0,"ocean_header_custom_menu":"0","ocean_menu_typo_font_family":"0","ocean_menu_typo_font_subset":"","ocean_menu_typo_font_size":0,"ocean_menu_typo_font_size_tablet":0,"ocean_menu_typo_font_size_mobile":0,"ocean_menu_typo_font_size_unit":"px","ocean_menu_typo_font_weight":"","ocean_menu_typo_font_weight_tablet":"","ocean_menu_typo_font_weight_mobile":"","ocean_menu_typo_transform":"","ocean_menu_typo_transform_tablet":"","ocean_menu_typo_transform_mobile":"","ocean_menu_typo_line_height":0,"ocean_menu_typo_line_height_tablet":0,"ocean_menu_typo_line_height_mobile":0,"ocean_menu_typo_line_height_unit":"","ocean_menu_typo_spacing":0,"ocean_menu_typo_spacing_tablet":0,"ocean_menu_typo_spacing_mobile":0,"ocean_menu_typo_spacing_unit":"","ocean_menu_link_color":"","ocean_menu_link_color_hover":"","ocean_menu_link_color_active":"","ocean_menu_link_background":"","ocean_menu_link_hover_background":"","ocean_menu_link_active_background":"","ocean_menu_social_links_bg":"","ocean_menu_social_hover_links_bg":"","ocean_menu_social_links_color":"","ocean_menu_social_hover_links_color":"","ocean_disable_title":"default","ocean_disable_heading":"default","ocean_post_title":"","ocean_post_subheading":"","ocean_post_title_style":"","ocean_post_title_background_color":"","ocean_post_title_background":0,"ocean_post_title_bg_image_position":"","ocean_post_title_bg_image_attachment":"","ocean_post_title_bg_image_repeat":"","ocean_post_title_bg_image_size":"","ocean_post_title_height":0,"ocean_post_title_bg_overlay":0.5,"ocean_post_title_bg_overlay_color":"","ocean_disable_breadcrumbs":"default","ocean_breadcrumbs_color":"","ocean_breadcrumbs_separator_color":"","ocean_breadcrumbs_links_color":"","ocean_breadcrumbs_links_hover_color":"","ocean_display_footer_widgets":"default","ocean_display_footer_bottom":"default","ocean_custom_footer_template":"0"},"product_brand":[],"product_cat":[22,47],"product_tag":[],"class_list":{"0":"post-1814","1":"product","2":"type-product","3":"status-publish","4":"has-post-thumbnail","6":"product_cat-corps","7":"product_cat-soins-corps","9":"entry","10":"has-media","12":"first","13":"instock","14":"taxable","15":"shipping-taxable","16":"purchasable","17":"product-type-simple","18":"has-product-nav","19":"col","20":"span_1_of_3","21":"owp-content-center","22":"owp-thumbs-layout-horizontal","23":"owp-btn-normal","24":"owp-tabs-layout-horizontal"},"_links":{"self":[{"href":"https:\/\/ellypara.com\/index.php\/wp-json\/wp\/v2\/product\/1814","targetHints":{"allow":["GET"]}}],"collection":[{"href":"https:\/\/ellypara.com\/index.php\/wp-json\/wp\/v2\/product"}],"about":[{"href":"https:\/\/ellypara.com\/index.php\/wp-json\/wp\/v2\/types\/product"}],"replies":[{"embeddable":true,"href":"https:\/\/ellypara.com\/index.php\/wp-json\/wp\/v2\/comments?post=1814"}],"wp:featuredmedia":[{"embeddable":true,"href":"https:\/\/ellypara.com\/index.php\/wp-json\/wp\/v2\/media\/1816"}],"wp:attachment":[{"href":"https:\/\/ellypara.com\/index.php\/wp-json\/wp\/v2\/media?parent=1814"}],"wp:term":[{"taxonomy":"product_brand","embeddable":true,"href":"https:\/\/ellypara.com\/index.php\/wp-json\/wp\/v2\/product_brand?post=1814"},{"taxonomy":"product_cat","embeddable":true,"href":"https:\/\/ellypara.com\/index.php\/wp-json\/wp\/v2\/product_cat?post=1814"},{"taxonomy":"product_tag","embeddable":true,"href":"https:\/\/ellypara.com\/index.php\/wp-json\/wp\/v2\/product_tag?post=1814"}],"curies":[{"name":"wp","href":"https:\/\/api.w.org\/{rel}","templated":true}]}}