{"id":1830,"date":"2025-05-13T18:24:47","date_gmt":"2025-05-13T16:24:47","guid":{"rendered":"https:\/\/ellypara.com\/?post_type=product&#038;p=1830"},"modified":"2025-05-13T18:24:48","modified_gmt":"2025-05-13T16:24:48","slug":"roncey-mixaskin-coffret-serum-b3-anti-imperfection-eau-micellaire-gratuit","status":"publish","type":"product","link":"https:\/\/ellypara.com\/index.php\/produit\/roncey-mixaskin-coffret-serum-b3-anti-imperfection-eau-micellaire-gratuit\/","title":{"rendered":"RONCEY MIXASKIN COFFRET SERUM B3 ANTI IMPERFECTION + EAU MICELLAIRE GRATUIT"},"content":{"rendered":"<p>Ce pack de la gamme\u00a0<strong>Roncey Mixaskin<\/strong>\u00a0comprend deux produits compl\u00e9mentaires pour un soin de la peau optimal :<\/p>\n<ol>\n<li><strong>S\u00e9rum Roncey Mixaskin<\/strong>\u00a0: Un s\u00e9rum hautement concentr\u00e9, formul\u00e9 pour traiter en profondeur la peau. Il aide \u00e0 am\u00e9liorer l\u2019apparence de la peau, en l\u2019hydratant, en la nourrissant et en r\u00e9duisant les signes de fatigue et de vieillissement cutan\u00e9. Ce s\u00e9rum est con\u00e7u pour offrir un teint \u00e9clatant, unifi\u00e9 et revitalis\u00e9.<\/li>\n<li><strong>Eau Micellaire gratuite<\/strong>\u00a0: Ce soin nettoyant et d\u00e9maquillant est inclus dans le pack pour compl\u00e9ter la routine de soin. L&#8217;eau micellaire \u00e9limine en douceur les impuret\u00e9s, le maquillage et l&#8217;exc\u00e8s de s\u00e9bum tout en respectant l&#8217;\u00e9quilibre de la peau. Elle apaise et hydrate la peau, laissant une sensation de fra\u00eecheur et de confort.<\/li>\n<\/ol>\n<p>&nbsp;<\/p>\n","protected":false},"excerpt":{"rendered":"<p>Ce pack est id\u00e9al pour ceux qui cherchent \u00e0 purifier, hydrater et revitaliser leur peau, tout en b\u00e9n\u00e9ficiant d\u2019un nettoyage doux et d\u2019un soin cibl\u00e9 avec le s\u00e9rum. Une combinaison parfaite pour une peau saine, \u00e9clatante et bien entretenue.<\/p>\n","protected":false},"featured_media":1831,"comment_status":"open","ping_status":"closed","template":"","meta":{"ocean_post_layout":"","ocean_both_sidebars_style":"","ocean_both_sidebars_content_width":0,"ocean_both_sidebars_sidebars_width":0,"ocean_sidebar":"0","ocean_second_sidebar":"0","ocean_disable_margins":"enable","ocean_add_body_class":"","ocean_shortcode_before_top_bar":"","ocean_shortcode_after_top_bar":"","ocean_shortcode_before_header":"","ocean_shortcode_after_header":"","ocean_has_shortcode":"","ocean_shortcode_after_title":"","ocean_shortcode_before_footer_widgets":"","ocean_shortcode_after_footer_widgets":"","ocean_shortcode_before_footer_bottom":"","ocean_shortcode_after_footer_bottom":"","ocean_display_top_bar":"default","ocean_display_header":"default","ocean_header_style":"","ocean_center_header_left_menu":"0","ocean_custom_header_template":"0","ocean_custom_logo":0,"ocean_custom_retina_logo":0,"ocean_custom_logo_max_width":0,"ocean_custom_logo_tablet_max_width":0,"ocean_custom_logo_mobile_max_width":0,"ocean_custom_logo_max_height":0,"ocean_custom_logo_tablet_max_height":0,"ocean_custom_logo_mobile_max_height":0,"ocean_header_custom_menu":"0","ocean_menu_typo_font_family":"0","ocean_menu_typo_font_subset":"","ocean_menu_typo_font_size":0,"ocean_menu_typo_font_size_tablet":0,"ocean_menu_typo_font_size_mobile":0,"ocean_menu_typo_font_size_unit":"px","ocean_menu_typo_font_weight":"","ocean_menu_typo_font_weight_tablet":"","ocean_menu_typo_font_weight_mobile":"","ocean_menu_typo_transform":"","ocean_menu_typo_transform_tablet":"","ocean_menu_typo_transform_mobile":"","ocean_menu_typo_line_height":0,"ocean_menu_typo_line_height_tablet":0,"ocean_menu_typo_line_height_mobile":0,"ocean_menu_typo_line_height_unit":"","ocean_menu_typo_spacing":0,"ocean_menu_typo_spacing_tablet":0,"ocean_menu_typo_spacing_mobile":0,"ocean_menu_typo_spacing_unit":"","ocean_menu_link_color":"","ocean_menu_link_color_hover":"","ocean_menu_link_color_active":"","ocean_menu_link_background":"","ocean_menu_link_hover_background":"","ocean_menu_link_active_background":"","ocean_menu_social_links_bg":"","ocean_menu_social_hover_links_bg":"","ocean_menu_social_links_color":"","ocean_menu_social_hover_links_color":"","ocean_disable_title":"default","ocean_disable_heading":"default","ocean_post_title":"","ocean_post_subheading":"","ocean_post_title_style":"","ocean_post_title_background_color":"","ocean_post_title_background":0,"ocean_post_title_bg_image_position":"","ocean_post_title_bg_image_attachment":"","ocean_post_title_bg_image_repeat":"","ocean_post_title_bg_image_size":"","ocean_post_title_height":0,"ocean_post_title_bg_overlay":0.5,"ocean_post_title_bg_overlay_color":"","ocean_disable_breadcrumbs":"default","ocean_breadcrumbs_color":"","ocean_breadcrumbs_separator_color":"","ocean_breadcrumbs_links_color":"","ocean_breadcrumbs_links_hover_color":"","ocean_display_footer_widgets":"default","ocean_display_footer_bottom":"default","ocean_custom_footer_template":"0"},"product_brand":[],"product_cat":[41,36,35,21],"product_tag":[],"class_list":{"0":"post-1830","1":"product","2":"type-product","3":"status-publish","4":"has-post-thumbnail","6":"product_cat-nettoyants-visage","7":"product_cat-soins-anti-age-et-anti-rides","8":"product_cat-soins-hydratants-et-nourrissants","9":"product_cat-visage","11":"entry","12":"has-media","14":"first","15":"instock","16":"taxable","17":"shipping-taxable","18":"purchasable","19":"product-type-simple","20":"has-product-nav","21":"col","22":"span_1_of_3","23":"owp-content-center","24":"owp-thumbs-layout-horizontal","25":"owp-btn-normal","26":"owp-tabs-layout-horizontal","27":"has-no-thumbnails"},"_links":{"self":[{"href":"https:\/\/ellypara.com\/index.php\/wp-json\/wp\/v2\/product\/1830","targetHints":{"allow":["GET"]}}],"collection":[{"href":"https:\/\/ellypara.com\/index.php\/wp-json\/wp\/v2\/product"}],"about":[{"href":"https:\/\/ellypara.com\/index.php\/wp-json\/wp\/v2\/types\/product"}],"replies":[{"embeddable":true,"href":"https:\/\/ellypara.com\/index.php\/wp-json\/wp\/v2\/comments?post=1830"}],"wp:featuredmedia":[{"embeddable":true,"href":"https:\/\/ellypara.com\/index.php\/wp-json\/wp\/v2\/media\/1831"}],"wp:attachment":[{"href":"https:\/\/ellypara.com\/index.php\/wp-json\/wp\/v2\/media?parent=1830"}],"wp:term":[{"taxonomy":"product_brand","embeddable":true,"href":"https:\/\/ellypara.com\/index.php\/wp-json\/wp\/v2\/product_brand?post=1830"},{"taxonomy":"product_cat","embeddable":true,"href":"https:\/\/ellypara.com\/index.php\/wp-json\/wp\/v2\/product_cat?post=1830"},{"taxonomy":"product_tag","embeddable":true,"href":"https:\/\/ellypara.com\/index.php\/wp-json\/wp\/v2\/product_tag?post=1830"}],"curies":[{"name":"wp","href":"https:\/\/api.w.org\/{rel}","templated":true}]}}