{"id":1837,"date":"2025-05-19T17:48:12","date_gmt":"2025-05-19T15:48:12","guid":{"rendered":"https:\/\/ellypara.com\/?post_type=product&#038;p=1837"},"modified":"2025-05-19T17:48:12","modified_gmt":"2025-05-19T15:48:12","slug":"bioderma-atoderm-baume-reparateur-levres-15ml","status":"publish","type":"product","link":"https:\/\/ellypara.com\/index.php\/produit\/bioderma-atoderm-baume-reparateur-levres-15ml\/","title":{"rendered":"BIODERMA Atoderm Baume R\u00e9parateur L\u00e8vres 15ml"},"content":{"rendered":"<h2>Bioderma Atoderm L\u00e8vres Baume R\u00e9parateur L\u00e8vres Dess\u00e9ch\u00e9es Et Gerc\u00e9es Tube 15ml<\/h2>\n<p>\u00c0 travers sa gamme\u00a0<strong>Atoderm<\/strong>,\u00a0<strong>Bioderma<\/strong>\u00a0apporte une solution diff\u00e9rente aux\u00a0<strong>peaux sensibles s\u00e8ches<\/strong>,\u00a0<strong>tr\u00e8s s\u00e8ches<\/strong>,\u00a0<strong>irrit\u00e9es \u00e0 atopiques<\/strong>.<br \/>\nGr\u00e2ce \u00e0 ses formules dermo-brevet\u00e9es, Atoderm permet de restaurer biologiquement et durablement le film hydrolipidique des peaux en manque d\u2019hydratation et de lipides.<\/p>\n<p>\u2013 La peau normale est une peau en bonne sant\u00e9 qu\u2019il faut pr\u00e9server au maximum. Il est donc essentiel d\u2019en prendre soin quotidiennement en utilisant des produits adapt\u00e9s pour qu\u2019elle ne se d\u00e9s\u00e9quilibre pas et qu\u2019elle ne se dess\u00e8che pas.<br \/>\n\u2013 La peau s\u00e8che se d\u00e9finit d\u2019abord par des sensations de tiraillement ou des desquamations l\u00e9g\u00e8res. La personne ressent sa peau s\u00e8che parce qu\u2019elle la per\u00e7oit inconfortable, tendue, \u00e9ventuellement rugueuse, et que l\u2019application d\u2019un produit adapt\u00e9 la soulage.<br \/>\n\u2013 La peau tr\u00e8s s\u00e8che se caract\u00e9rise par de l\u2019inconfort, des tiraillements tout comme la peau s\u00e8che. G\u00e9n\u00e9ralement, les desquamations sont plus accentu\u00e9es et en plus de ces signes cliniques il peut y avoir des d\u00e9mangeaisons, fissures ou des ger\u00e7ures notamment au niveau des zones les plus expos\u00e9es ou les plus fragiles. On parle souvent de \u00ab peau de serpent ou peau de crocodile \u00bb.<br \/>\n\u2013 \u00c9tat exacerb\u00e9 de la peau tr\u00e8s s\u00e8che, la peau irrit\u00e9e avec d\u00e9mangeaisons correspond \u00e0 une peau atopique. Cette pathologie cutan\u00e9e qui commence d\u00e8s la petite enfance est m\u00eame l\u2019une des premi\u00e8res causes de consultation en dermatologie.<br \/>\n\u2013 La dermatite atopique est une maladie inflammatoire de la peau qui se caract\u00e9rise par une extr\u00eame s\u00e9cheresse cutan\u00e9e et des plaques rouges provoquant d\u2019intenses d\u00e9mangeaisons.<br \/>\nB\u00e9nigne, non contagieuse, la dermatite atopique est une maladie chronique qui \u00e9volue par pouss\u00e9es d\u2019ecz\u00e9ma. La peau devient plus perm\u00e9able et ne remplit plus son r\u00f4le de barri\u00e8re face aux agressions ext\u00e9rieures et aux allerg\u00e8nes.<\/p>\n<p>Les l\u00e8vres sont particuli\u00e8rement sensibles car leur couche cutan\u00e9e sup\u00e9rieure est tr\u00e8s fine.<br \/>\nEn raison de la faible pr\u00e9sence de glandes s\u00e9bac\u00e9es et de glandes sudoripares, la peau est donc naturellement moins nourrie et moins hydrat\u00e9e que les autres parties du visage. Ce manque d\u2019hydratation, engendre souvent des l\u00e8vres gerc\u00e9es et parfois m\u00eame fissur\u00e9es.<\/p>\n<p><strong>Atoderm Baume R\u00e9parateur L\u00e8vres<\/strong>\u00a0est un soin quotidien labial r\u00e9parateur, nourrissant et apaisant.<br \/>\nR\u00e9pare et nourrit intensement les l\u00e8vres s\u00e9v\u00e8rement ab\u00eem\u00e9es.<br \/>\nR\u00e9tablit et respecte l\u2019\u00e9quilibre physiologique des peaux s\u00e8ches.<br \/>\nApaise.<br \/>\nLa texture riche du Baume procure instantan\u00e9ment un confort extr\u00eame et laisse les l\u00e8vres souples et douces.<br \/>\nGarantit une tol\u00e9rance optimale.<br \/>\nFormule sans parfum<br \/>\nSans parab\u00e8ne<br \/>\nHypoallerg\u00e9nique<br \/>\nL\u2019embout applicateur facilite l\u2019utilisation.<\/p>\n<p>Mode d\u2019action biologique :<br \/>\n\u2013 V\u00e9ritable soin r\u00e9parateur,\u00a0<strong>Atoderm L\u00e8vres<\/strong>\u00a0reconstitue la muqueuse labiale gerc\u00e9e et dess\u00e9ch\u00e9e.<br \/>\n\u2013 Ses actifs hydratants et nourrissants r\u00e9parent et apaisent instantan\u00e9ment les l\u00e8vres ab\u00eem\u00e9es.<br \/>\n\u2013 Ses actifs hautement nutritifs comme permettent de r\u00e9parer et r\u00e9g\u00e9n\u00e9rer biologiquement les l\u00e8vres fragilis\u00e9es.<br \/>\n\u2013 Beurre de karit\u00e9, huile de soja, huile d\u2019avocat : nourrissent et r\u00e9parent la peau.<br \/>\n\u2013 Vaseline : prot\u00e8ge.<br \/>\n\u2013 Extrait d\u2019algue dor\u00e9e : apaise, diminue la r\u00e9activit\u00e9.<\/p>\n","protected":false},"excerpt":{"rendered":"<p>Atoderm Baume L\u00e8vres reconstitue la muqueuse labiale gerc\u00e9e et dess\u00e9ch\u00e9e.<br \/>\nSes actifs hautement nutritifs comme l\u2019huile d\u2019avocat et le beurre de karit\u00e9 permettent de r\u00e9parer et r\u00e9g\u00e9n\u00e9rer biologiquement les l\u00e8vres fragilis\u00e9e.<\/p>\n","protected":false},"featured_media":1838,"comment_status":"open","ping_status":"closed","template":"","meta":{"ocean_post_layout":"","ocean_both_sidebars_style":"","ocean_both_sidebars_content_width":0,"ocean_both_sidebars_sidebars_width":0,"ocean_sidebar":"0","ocean_second_sidebar":"0","ocean_disable_margins":"enable","ocean_add_body_class":"","ocean_shortcode_before_top_bar":"","ocean_shortcode_after_top_bar":"","ocean_shortcode_before_header":"","ocean_shortcode_after_header":"","ocean_has_shortcode":"","ocean_shortcode_after_title":"","ocean_shortcode_before_footer_widgets":"","ocean_shortcode_after_footer_widgets":"","ocean_shortcode_before_footer_bottom":"","ocean_shortcode_after_footer_bottom":"","ocean_display_top_bar":"default","ocean_display_header":"default","ocean_header_style":"","ocean_center_header_left_menu":"0","ocean_custom_header_template":"0","ocean_custom_logo":0,"ocean_custom_retina_logo":0,"ocean_custom_logo_max_width":0,"ocean_custom_logo_tablet_max_width":0,"ocean_custom_logo_mobile_max_width":0,"ocean_custom_logo_max_height":0,"ocean_custom_logo_tablet_max_height":0,"ocean_custom_logo_mobile_max_height":0,"ocean_header_custom_menu":"0","ocean_menu_typo_font_family":"0","ocean_menu_typo_font_subset":"","ocean_menu_typo_font_size":0,"ocean_menu_typo_font_size_tablet":0,"ocean_menu_typo_font_size_mobile":0,"ocean_menu_typo_font_size_unit":"px","ocean_menu_typo_font_weight":"","ocean_menu_typo_font_weight_tablet":"","ocean_menu_typo_font_weight_mobile":"","ocean_menu_typo_transform":"","ocean_menu_typo_transform_tablet":"","ocean_menu_typo_transform_mobile":"","ocean_menu_typo_line_height":0,"ocean_menu_typo_line_height_tablet":0,"ocean_menu_typo_line_height_mobile":0,"ocean_menu_typo_line_height_unit":"","ocean_menu_typo_spacing":0,"ocean_menu_typo_spacing_tablet":0,"ocean_menu_typo_spacing_mobile":0,"ocean_menu_typo_spacing_unit":"","ocean_menu_link_color":"","ocean_menu_link_color_hover":"","ocean_menu_link_color_active":"","ocean_menu_link_background":"","ocean_menu_link_hover_background":"","ocean_menu_link_active_background":"","ocean_menu_social_links_bg":"","ocean_menu_social_hover_links_bg":"","ocean_menu_social_links_color":"","ocean_menu_social_hover_links_color":"","ocean_disable_title":"default","ocean_disable_heading":"default","ocean_post_title":"","ocean_post_subheading":"","ocean_post_title_style":"","ocean_post_title_background_color":"","ocean_post_title_background":0,"ocean_post_title_bg_image_position":"","ocean_post_title_bg_image_attachment":"","ocean_post_title_bg_image_repeat":"","ocean_post_title_bg_image_size":"","ocean_post_title_height":0,"ocean_post_title_bg_overlay":0.5,"ocean_post_title_bg_overlay_color":"","ocean_disable_breadcrumbs":"default","ocean_breadcrumbs_color":"","ocean_breadcrumbs_separator_color":"","ocean_breadcrumbs_links_color":"","ocean_breadcrumbs_links_hover_color":"","ocean_display_footer_widgets":"default","ocean_display_footer_bottom":"default","ocean_custom_footer_template":"0"},"product_brand":[],"product_cat":[111,21],"product_tag":[],"class_list":{"0":"post-1837","1":"product","2":"type-product","3":"status-publish","4":"has-post-thumbnail","6":"product_cat-sticks-baumes-levres-et-reparateurs","7":"product_cat-visage","9":"entry","10":"has-media","12":"first","13":"instock","14":"taxable","15":"shipping-taxable","16":"purchasable","17":"product-type-simple","18":"has-product-nav","19":"col","20":"span_1_of_3","21":"owp-content-center","22":"owp-thumbs-layout-horizontal","23":"owp-btn-normal","24":"owp-tabs-layout-horizontal","25":"has-no-thumbnails"},"_links":{"self":[{"href":"https:\/\/ellypara.com\/index.php\/wp-json\/wp\/v2\/product\/1837","targetHints":{"allow":["GET"]}}],"collection":[{"href":"https:\/\/ellypara.com\/index.php\/wp-json\/wp\/v2\/product"}],"about":[{"href":"https:\/\/ellypara.com\/index.php\/wp-json\/wp\/v2\/types\/product"}],"replies":[{"embeddable":true,"href":"https:\/\/ellypara.com\/index.php\/wp-json\/wp\/v2\/comments?post=1837"}],"wp:featuredmedia":[{"embeddable":true,"href":"https:\/\/ellypara.com\/index.php\/wp-json\/wp\/v2\/media\/1838"}],"wp:attachment":[{"href":"https:\/\/ellypara.com\/index.php\/wp-json\/wp\/v2\/media?parent=1837"}],"wp:term":[{"taxonomy":"product_brand","embeddable":true,"href":"https:\/\/ellypara.com\/index.php\/wp-json\/wp\/v2\/product_brand?post=1837"},{"taxonomy":"product_cat","embeddable":true,"href":"https:\/\/ellypara.com\/index.php\/wp-json\/wp\/v2\/product_cat?post=1837"},{"taxonomy":"product_tag","embeddable":true,"href":"https:\/\/ellypara.com\/index.php\/wp-json\/wp\/v2\/product_tag?post=1837"}],"curies":[{"name":"wp","href":"https:\/\/api.w.org\/{rel}","templated":true}]}}