{"id":1839,"date":"2025-05-19T17:53:24","date_gmt":"2025-05-19T15:53:24","guid":{"rendered":"https:\/\/ellypara.com\/?post_type=product&#038;p=1839"},"modified":"2025-05-19T17:53:24","modified_gmt":"2025-05-19T15:53:24","slug":"bioderma-atoderm-creme-mains-ongles-2","status":"publish","type":"product","link":"https:\/\/ellypara.com\/index.php\/produit\/bioderma-atoderm-creme-mains-ongles-2\/","title":{"rendered":"BIODERMA Atoderm Cr\u00e8me Mains &#038; Ongles"},"content":{"rendered":"<h2>Bioderma Atoderm Mains cr\u00e8me r\u00e9paratrice<\/h2>\n<p>La\u00a0<strong>cr\u00e8me r\u00e9paratrice Atoderm de Bioderma<\/strong>\u00a0s\u2019adresse aux mains s\u00e8ches et fragilis\u00e9es par les intemp\u00e9ries et la pollution. Elle agit comme un v\u00e9ritable \u00ab\u00a0gant\u00a0\u00bb protecteur qui nourrit et apaise la peau ab\u00eem\u00e9e et sensible.<\/p>\n<p>En fonction de sa physiologie, qui varie selon chaque individu, l\u2019enveloppe cutan\u00e9e peut \u00eatre plus ou moins r\u00e9sistante aux agressions ext\u00e9rieures qui la bombardent au quotidien. Soleil, vent, pluie, froid, chaleur, la peau est perp\u00e9tuellement mise \u00e0 rude \u00e9preuve et doit se d\u00e9fendre par elle-m\u00eame afin de prot\u00e9ger l\u2019organisme de ces attaques. Les mains sont d\u2019autant plus expos\u00e9es qu\u2019elles constituent souvent notre premier contact avec l\u2019environnement. Cependant, plus elle est fine et claire et plus la peau risque de s\u2019ab\u00eemer. Aussi, et ce afin d\u2019\u00e9viter qu\u2019elles ne s\u2019irritent et qu\u2019elles ne rougissent, les peaux les plus fragiles ont besoin d\u2019un soin r\u00e9parateur qui les aide \u00e0 se renforcer. Cette\u00a0<strong>cr\u00e8me pour les mains Atoderm de Bioderma<\/strong>\u00a0fortifie le\u00a0<strong>film hydrolipidique cutan\u00e9<\/strong>\u00a0et maintient la bonne hydratation des couches inf\u00e9rieures de l\u2019\u00e9piderme et du derme. Elle augmente ainsi la capacit\u00e9 d\u2019absorption de l\u2019eau par les cellules tissulaires et limite le dess\u00e8chement.<\/p>\n<p>D\u2019autre part, elle consolide la\u00a0<strong>fonction barri\u00e8re de la peau<\/strong>\u00a0et r\u00e9duit sa sensibilit\u00e9 aux agressions ext\u00e9rieures. Humect\u00e9e et densifi\u00e9e, cette derni\u00e8re s\u2019assouplit et retrouve son \u00e9clat originel. Hypoallerg\u00e9nique, cette\u00a0<strong>cr\u00e8me pour les mains Atoderm de Bioderma<\/strong>\u00a0s\u2019applique \u00e0 tout moment, d\u00e8s que des tiraillements se font ressentir.<\/p>\n<p><strong>Caract\u00e9ristiques :<\/strong><br \/>\nTest\u00e9 sous contr\u00f4le dermatologique<br \/>\nFini non gras et non gras<br \/>\nEt pour nourrir intens\u00e9ment la peau s\u00e8che du visage et du corps, pensez aussi au\u00a0PP Baume ultra-nourrissant Atoderm\u00a0de Bioderma.<\/p>\n<p><strong>CONSEILS D\u2019UTILISATION<\/strong><\/p>\n<p>Appliquez Atoderm Cr\u00e8me mains &amp; ongles plusieurs fois par jour en massant d\u00e9licatement vos mains pr\u00e9alablement nettoy\u00e9es et s\u00e9ch\u00e9es.<br \/>\nNous vous recommandons de renouveler l\u2019application aussi souvent que n\u00e9cessaire, notamment apr\u00e8s un contact long avec l\u2019eau.<\/p>\n","protected":false},"excerpt":{"rendered":"<p>V\u00e9ritable \u00ab gant \u00bb r\u00e9g\u00e9n\u00e9rant et nutritif, Atoderm mains r\u00e9g\u00e9n\u00e8re les peaux les plus ab\u00eem\u00e9es et soulage rapidement les mains dess\u00e9ch\u00e9es et agress\u00e9es fr\u00e9quemment sujettes \u00e0 des probl\u00e8mes dermatologiques (s\u00e9cheresses irritatives, ger\u00e7ures, craquelures, \u2026).<\/p>\n","protected":false},"featured_media":1840,"comment_status":"open","ping_status":"closed","template":"","meta":{"ocean_post_layout":"","ocean_both_sidebars_style":"","ocean_both_sidebars_content_width":0,"ocean_both_sidebars_sidebars_width":0,"ocean_sidebar":"0","ocean_second_sidebar":"0","ocean_disable_margins":"enable","ocean_add_body_class":"","ocean_shortcode_before_top_bar":"","ocean_shortcode_after_top_bar":"","ocean_shortcode_before_header":"","ocean_shortcode_after_header":"","ocean_has_shortcode":"","ocean_shortcode_after_title":"","ocean_shortcode_before_footer_widgets":"","ocean_shortcode_after_footer_widgets":"","ocean_shortcode_before_footer_bottom":"","ocean_shortcode_after_footer_bottom":"","ocean_display_top_bar":"default","ocean_display_header":"default","ocean_header_style":"","ocean_center_header_left_menu":"0","ocean_custom_header_template":"0","ocean_custom_logo":0,"ocean_custom_retina_logo":0,"ocean_custom_logo_max_width":0,"ocean_custom_logo_tablet_max_width":0,"ocean_custom_logo_mobile_max_width":0,"ocean_custom_logo_max_height":0,"ocean_custom_logo_tablet_max_height":0,"ocean_custom_logo_mobile_max_height":0,"ocean_header_custom_menu":"0","ocean_menu_typo_font_family":"0","ocean_menu_typo_font_subset":"","ocean_menu_typo_font_size":0,"ocean_menu_typo_font_size_tablet":0,"ocean_menu_typo_font_size_mobile":0,"ocean_menu_typo_font_size_unit":"px","ocean_menu_typo_font_weight":"","ocean_menu_typo_font_weight_tablet":"","ocean_menu_typo_font_weight_mobile":"","ocean_menu_typo_transform":"","ocean_menu_typo_transform_tablet":"","ocean_menu_typo_transform_mobile":"","ocean_menu_typo_line_height":0,"ocean_menu_typo_line_height_tablet":0,"ocean_menu_typo_line_height_mobile":0,"ocean_menu_typo_line_height_unit":"","ocean_menu_typo_spacing":0,"ocean_menu_typo_spacing_tablet":0,"ocean_menu_typo_spacing_mobile":0,"ocean_menu_typo_spacing_unit":"","ocean_menu_link_color":"","ocean_menu_link_color_hover":"","ocean_menu_link_color_active":"","ocean_menu_link_background":"","ocean_menu_link_hover_background":"","ocean_menu_link_active_background":"","ocean_menu_social_links_bg":"","ocean_menu_social_hover_links_bg":"","ocean_menu_social_links_color":"","ocean_menu_social_hover_links_color":"","ocean_disable_title":"default","ocean_disable_heading":"default","ocean_post_title":"","ocean_post_subheading":"","ocean_post_title_style":"","ocean_post_title_background_color":"","ocean_post_title_background":0,"ocean_post_title_bg_image_position":"","ocean_post_title_bg_image_attachment":"","ocean_post_title_bg_image_repeat":"","ocean_post_title_bg_image_size":"","ocean_post_title_height":0,"ocean_post_title_bg_overlay":0.5,"ocean_post_title_bg_overlay_color":"","ocean_disable_breadcrumbs":"default","ocean_breadcrumbs_color":"","ocean_breadcrumbs_separator_color":"","ocean_breadcrumbs_links_color":"","ocean_breadcrumbs_links_hover_color":"","ocean_display_footer_widgets":"default","ocean_display_footer_bottom":"default","ocean_custom_footer_template":"0"},"product_brand":[],"product_cat":[22,50],"product_tag":[],"class_list":{"0":"post-1839","1":"product","2":"type-product","3":"status-publish","4":"has-post-thumbnail","6":"product_cat-corps","7":"product_cat-soins-des-mains","9":"entry","10":"has-media","12":"first","13":"instock","14":"taxable","15":"shipping-taxable","16":"purchasable","17":"product-type-simple","18":"has-product-nav","19":"col","20":"span_1_of_3","21":"owp-content-center","22":"owp-thumbs-layout-horizontal","23":"owp-btn-normal","24":"owp-tabs-layout-horizontal","25":"has-no-thumbnails"},"_links":{"self":[{"href":"https:\/\/ellypara.com\/index.php\/wp-json\/wp\/v2\/product\/1839","targetHints":{"allow":["GET"]}}],"collection":[{"href":"https:\/\/ellypara.com\/index.php\/wp-json\/wp\/v2\/product"}],"about":[{"href":"https:\/\/ellypara.com\/index.php\/wp-json\/wp\/v2\/types\/product"}],"replies":[{"embeddable":true,"href":"https:\/\/ellypara.com\/index.php\/wp-json\/wp\/v2\/comments?post=1839"}],"wp:featuredmedia":[{"embeddable":true,"href":"https:\/\/ellypara.com\/index.php\/wp-json\/wp\/v2\/media\/1840"}],"wp:attachment":[{"href":"https:\/\/ellypara.com\/index.php\/wp-json\/wp\/v2\/media?parent=1839"}],"wp:term":[{"taxonomy":"product_brand","embeddable":true,"href":"https:\/\/ellypara.com\/index.php\/wp-json\/wp\/v2\/product_brand?post=1839"},{"taxonomy":"product_cat","embeddable":true,"href":"https:\/\/ellypara.com\/index.php\/wp-json\/wp\/v2\/product_cat?post=1839"},{"taxonomy":"product_tag","embeddable":true,"href":"https:\/\/ellypara.com\/index.php\/wp-json\/wp\/v2\/product_tag?post=1839"}],"curies":[{"name":"wp","href":"https:\/\/api.w.org\/{rel}","templated":true}]}}