{"id":1866,"date":"2025-06-14T13:55:59","date_gmt":"2025-06-14T11:55:59","guid":{"rendered":"https:\/\/ellypara.com\/?post_type=product&#038;p=1866"},"modified":"2025-06-14T13:56:00","modified_gmt":"2025-06-14T11:56:00","slug":"la-roche-posay-cicaplast-levres-baume-7-5ml","status":"publish","type":"product","link":"https:\/\/ellypara.com\/index.php\/produit\/la-roche-posay-cicaplast-levres-baume-7-5ml\/","title":{"rendered":"LA ROCHE POSAY Cicaplast Levres Baume 7.5ml"},"content":{"rendered":"<p>La Roche-Posay Cicaplast Baume Barri\u00e8re R\u00e9parateur 7,5 ml est un baume qui permet d\u2019agir sur les l\u00e8vres et zones gerc\u00e9es, irrit\u00e9es et fendill\u00e9es.<\/p>\n<p>Sa texture barri\u00e8re isole contre les agressions, r\u00e9pare et apaise de mani\u00e8re imm\u00e9diate. Gr\u00e2ce \u00e0 l\u2019innovation MP-Lipides, il aide \u00e0 reconstruire la barri\u00e8re cutan\u00e9e et le Panth\u00e9nol pr\u00e9sent \u00e0 hauteur de 5% dans sa formule aide \u00e0 apaiser imm\u00e9diatement.<\/p>\n<p>Sans paraben. Sans parfum.<\/p>\n<p><strong>Conseils d\u2019utilisation<\/strong><\/p>\n<p>Appliquer aussi souvent que n\u00e9cessaire.<\/p>\n<p>Indication : L\u00e8vres et zones gerc\u00e9es, irrit\u00e9es, fendill\u00e9es. Enfants et adultes.<\/p>\n<p><strong>Composition<\/strong><\/p>\n<p>Capylic\/Capric Triglyceride, Ppg-5 Pentaerythrithyl Ether, Peg-5 Pentaerythrityl Ether, Butyrospermum Parkii Butter\/Shea Butter, Cera Alba\/Beeswax, Penthenol, Hydrogenated Vegetable Oil, Ethylhexyl Palmitate, Silica Silylate, Polybutene, Glycine Soja\/Soybean Sterols, Aqua (Water), Sodium Saccharin, Myristyl Malate Phosphonic Acid, Pentaerythrityl Tetra-di-t-Butyl Hydroxyhydrocinnamate.<\/p>\n","protected":false},"excerpt":{"rendered":"<p>Ce baume barri\u00e8re r\u00e9parateur soulage, prot\u00e8ge et reconstruit l\u2019\u00e9piderme des l\u00e8vres et zones gerc\u00e9es, irrit\u00e9es, fendill\u00e9es, gr\u00e2ce \u00e0 sa formule concentr\u00e9e \u00e0 5% de Panth\u00e9nol apaisant et r\u00e9parateur, et enrichie en MP-Lipides, actifs relipidant de r\u00e9f\u00e9rence, dans une formule filmog\u00e8ne in\u00e9dite ultra-confortable et protectrice.<\/p>\n","protected":false},"featured_media":1867,"comment_status":"open","ping_status":"closed","template":"","meta":{"ocean_post_layout":"","ocean_both_sidebars_style":"","ocean_both_sidebars_content_width":0,"ocean_both_sidebars_sidebars_width":0,"ocean_sidebar":"0","ocean_second_sidebar":"0","ocean_disable_margins":"enable","ocean_add_body_class":"","ocean_shortcode_before_top_bar":"","ocean_shortcode_after_top_bar":"","ocean_shortcode_before_header":"","ocean_shortcode_after_header":"","ocean_has_shortcode":"","ocean_shortcode_after_title":"","ocean_shortcode_before_footer_widgets":"","ocean_shortcode_after_footer_widgets":"","ocean_shortcode_before_footer_bottom":"","ocean_shortcode_after_footer_bottom":"","ocean_display_top_bar":"default","ocean_display_header":"default","ocean_header_style":"","ocean_center_header_left_menu":"0","ocean_custom_header_template":"0","ocean_custom_logo":0,"ocean_custom_retina_logo":0,"ocean_custom_logo_max_width":0,"ocean_custom_logo_tablet_max_width":0,"ocean_custom_logo_mobile_max_width":0,"ocean_custom_logo_max_height":0,"ocean_custom_logo_tablet_max_height":0,"ocean_custom_logo_mobile_max_height":0,"ocean_header_custom_menu":"0","ocean_menu_typo_font_family":"0","ocean_menu_typo_font_subset":"","ocean_menu_typo_font_size":0,"ocean_menu_typo_font_size_tablet":0,"ocean_menu_typo_font_size_mobile":0,"ocean_menu_typo_font_size_unit":"px","ocean_menu_typo_font_weight":"","ocean_menu_typo_font_weight_tablet":"","ocean_menu_typo_font_weight_mobile":"","ocean_menu_typo_transform":"","ocean_menu_typo_transform_tablet":"","ocean_menu_typo_transform_mobile":"","ocean_menu_typo_line_height":0,"ocean_menu_typo_line_height_tablet":0,"ocean_menu_typo_line_height_mobile":0,"ocean_menu_typo_line_height_unit":"","ocean_menu_typo_spacing":0,"ocean_menu_typo_spacing_tablet":0,"ocean_menu_typo_spacing_mobile":0,"ocean_menu_typo_spacing_unit":"","ocean_menu_link_color":"","ocean_menu_link_color_hover":"","ocean_menu_link_color_active":"","ocean_menu_link_background":"","ocean_menu_link_hover_background":"","ocean_menu_link_active_background":"","ocean_menu_social_links_bg":"","ocean_menu_social_hover_links_bg":"","ocean_menu_social_links_color":"","ocean_menu_social_hover_links_color":"","ocean_disable_title":"default","ocean_disable_heading":"default","ocean_post_title":"","ocean_post_subheading":"","ocean_post_title_style":"","ocean_post_title_background_color":"","ocean_post_title_background":0,"ocean_post_title_bg_image_position":"","ocean_post_title_bg_image_attachment":"","ocean_post_title_bg_image_repeat":"","ocean_post_title_bg_image_size":"","ocean_post_title_height":0,"ocean_post_title_bg_overlay":0.5,"ocean_post_title_bg_overlay_color":"","ocean_disable_breadcrumbs":"default","ocean_breadcrumbs_color":"","ocean_breadcrumbs_separator_color":"","ocean_breadcrumbs_links_color":"","ocean_breadcrumbs_links_hover_color":"","ocean_display_footer_widgets":"default","ocean_display_footer_bottom":"default","ocean_custom_footer_template":"0"},"product_brand":[],"product_cat":[111,21],"product_tag":[],"class_list":{"0":"post-1866","1":"product","2":"type-product","3":"status-publish","4":"has-post-thumbnail","6":"product_cat-sticks-baumes-levres-et-reparateurs","7":"product_cat-visage","9":"entry","10":"has-media","12":"first","13":"instock","14":"taxable","15":"shipping-taxable","16":"purchasable","17":"product-type-simple","18":"has-product-nav","19":"col","20":"span_1_of_3","21":"owp-content-center","22":"owp-thumbs-layout-horizontal","23":"owp-btn-normal","24":"owp-tabs-layout-horizontal"},"_links":{"self":[{"href":"https:\/\/ellypara.com\/index.php\/wp-json\/wp\/v2\/product\/1866","targetHints":{"allow":["GET"]}}],"collection":[{"href":"https:\/\/ellypara.com\/index.php\/wp-json\/wp\/v2\/product"}],"about":[{"href":"https:\/\/ellypara.com\/index.php\/wp-json\/wp\/v2\/types\/product"}],"replies":[{"embeddable":true,"href":"https:\/\/ellypara.com\/index.php\/wp-json\/wp\/v2\/comments?post=1866"}],"wp:featuredmedia":[{"embeddable":true,"href":"https:\/\/ellypara.com\/index.php\/wp-json\/wp\/v2\/media\/1867"}],"wp:attachment":[{"href":"https:\/\/ellypara.com\/index.php\/wp-json\/wp\/v2\/media?parent=1866"}],"wp:term":[{"taxonomy":"product_brand","embeddable":true,"href":"https:\/\/ellypara.com\/index.php\/wp-json\/wp\/v2\/product_brand?post=1866"},{"taxonomy":"product_cat","embeddable":true,"href":"https:\/\/ellypara.com\/index.php\/wp-json\/wp\/v2\/product_cat?post=1866"},{"taxonomy":"product_tag","embeddable":true,"href":"https:\/\/ellypara.com\/index.php\/wp-json\/wp\/v2\/product_tag?post=1866"}],"curies":[{"name":"wp","href":"https:\/\/api.w.org\/{rel}","templated":true}]}}