{"id":1885,"date":"2025-07-02T16:24:52","date_gmt":"2025-07-02T14:24:52","guid":{"rendered":"https:\/\/ellypara.com\/?post_type=product&#038;p=1885"},"modified":"2025-07-02T16:36:00","modified_gmt":"2025-07-02T14:36:00","slug":"acm-azeane-creme-acide-azelaique-15-30-ml","status":"publish","type":"product","link":"https:\/\/ellypara.com\/index.php\/produit\/acm-azeane-creme-acide-azelaique-15-30-ml\/","title":{"rendered":"ACM Az\u00e9ane Creme Acide Azelaique 15% 30 ml"},"content":{"rendered":"<p>La\u00a0<strong>Cr\u00e8me Az\u00e9ane d\u2019ACM<\/strong>\u00a0est sp\u00e9cialement con\u00e7ue pour traiter les imperfections cutan\u00e9es telles que les boutons, les taches et les rougeurs.<\/p>\n<p>Avec sa formule hautement concentr\u00e9e en<strong>\u00a0acide az\u00e9laique \u00e0 15%<\/strong>, cette cr\u00e8me va estomper les\u00a0<strong>taches brunes<\/strong>\u00a0et r\u00e9duire leur apparence, vous offrant ainsi un<strong>\u00a0teint plus uniforme\u00a0<\/strong>et lumineux.<\/p>\n<p>La Cr\u00e8me Az\u00e9ane va \u00e9galement\u00a0<strong>exfolier\u00a0<\/strong>la peau en douceur et<strong>\u00a0att\u00e9nuer les imperfections\u00a0<\/strong>cutan\u00e9es et les marques post-acn\u00e9iques<\/p>\n<p>En plus de r\u00e9duire les taches brunes et les imperfections cutan\u00e9es, la cr\u00e8me Az\u00e9ane est \u00e9galement efficace pour<strong>\u00a0apaiser les rougeurs\u00a0<\/strong>et les marques r\u00e9siduelles.<\/p>\n<p>Ce soin offre une<strong>\u00a0hydratation en profondeur<\/strong>\u00a0gr\u00e2ce \u00e0 sa formule nourrissante et hydratante qui laisse la peau\u00a0<strong>douce, souple et radieuse<\/strong>.<\/p>\n<p>La<strong>\u00a0texture l\u00e9g\u00e8re<\/strong>\u00a0de la cr\u00e8me Az\u00e9ane est rapidement absorb\u00e9e par la peau, laissant un<strong>\u00a0fini doux<\/strong>, non collant et sans brillance.<\/p>\n<p>D\u00e8s l\u2019application, vous ressentirez une<strong>\u00a0sensation de confort<\/strong>\u00a0et de fra\u00eecheur<\/p>\n<p>&nbsp;<\/p>\n<p><strong>Composition<\/strong><\/p>\n<p>Aqua (water), Azelaic Acid, Octyldodecyl Myristate, Isononyl Isononanoate, Isostearyl Isostearate, Cetyl Alcohol, Glyceryl Stearate, Ethoxydiglycol, Glycerin, Coco-Caprylate\/Caprate, Niacinamide, Xylitol, PEG-75 Stearate, Pentylene Glycol, Cetearyl Alcohol, Ceteth-20, Steareth-20, Glyceryl Caprylate\/Caprate.<\/p>\n<p>&nbsp;<\/p>\n<p><strong>Conseil d\u2019utilisation<\/strong><\/p>\n<p>Appliquer 1 \u00e0 2 fois par jour sur l\u2019ensemble du visage propre et sec.<\/p>\n<p>\u00c0 partir de 10 ans.<\/p>\n<p>\u00c9viter le contact avec les yeux.<\/p>\n<p>En cas d\u2019exposition au soleil, appliquer une protection solaire adapt\u00e9e.<\/p>\n","protected":false},"excerpt":{"rendered":"<p>La Cr\u00e8me Az\u00e9ane d\u2019ACM, compos\u00e9e de 15% d\u2019acide az\u00e9laique, est sp\u00e9cialement con\u00e7ue pour traiter les imperfections cutan\u00e9es telles que les boutons, les taches et les rougeurs.<\/p>\n","protected":false},"featured_media":1886,"comment_status":"open","ping_status":"closed","template":"","meta":{"ocean_post_layout":"","ocean_both_sidebars_style":"","ocean_both_sidebars_content_width":0,"ocean_both_sidebars_sidebars_width":0,"ocean_sidebar":"0","ocean_second_sidebar":"0","ocean_disable_margins":"enable","ocean_add_body_class":"","ocean_shortcode_before_top_bar":"","ocean_shortcode_after_top_bar":"","ocean_shortcode_before_header":"","ocean_shortcode_after_header":"","ocean_has_shortcode":"","ocean_shortcode_after_title":"","ocean_shortcode_before_footer_widgets":"","ocean_shortcode_after_footer_widgets":"","ocean_shortcode_before_footer_bottom":"","ocean_shortcode_after_footer_bottom":"","ocean_display_top_bar":"default","ocean_display_header":"default","ocean_header_style":"","ocean_center_header_left_menu":"0","ocean_custom_header_template":"0","ocean_custom_logo":0,"ocean_custom_retina_logo":0,"ocean_custom_logo_max_width":0,"ocean_custom_logo_tablet_max_width":0,"ocean_custom_logo_mobile_max_width":0,"ocean_custom_logo_max_height":0,"ocean_custom_logo_tablet_max_height":0,"ocean_custom_logo_mobile_max_height":0,"ocean_header_custom_menu":"0","ocean_menu_typo_font_family":"0","ocean_menu_typo_font_subset":"","ocean_menu_typo_font_size":0,"ocean_menu_typo_font_size_tablet":0,"ocean_menu_typo_font_size_mobile":0,"ocean_menu_typo_font_size_unit":"px","ocean_menu_typo_font_weight":"","ocean_menu_typo_font_weight_tablet":"","ocean_menu_typo_font_weight_mobile":"","ocean_menu_typo_transform":"","ocean_menu_typo_transform_tablet":"","ocean_menu_typo_transform_mobile":"","ocean_menu_typo_line_height":0,"ocean_menu_typo_line_height_tablet":0,"ocean_menu_typo_line_height_mobile":0,"ocean_menu_typo_line_height_unit":"","ocean_menu_typo_spacing":0,"ocean_menu_typo_spacing_tablet":0,"ocean_menu_typo_spacing_mobile":0,"ocean_menu_typo_spacing_unit":"","ocean_menu_link_color":"","ocean_menu_link_color_hover":"","ocean_menu_link_color_active":"","ocean_menu_link_background":"","ocean_menu_link_hover_background":"","ocean_menu_link_active_background":"","ocean_menu_social_links_bg":"","ocean_menu_social_hover_links_bg":"","ocean_menu_social_links_color":"","ocean_menu_social_hover_links_color":"","ocean_disable_title":"default","ocean_disable_heading":"default","ocean_post_title":"","ocean_post_subheading":"","ocean_post_title_style":"","ocean_post_title_background_color":"","ocean_post_title_background":0,"ocean_post_title_bg_image_position":"","ocean_post_title_bg_image_attachment":"","ocean_post_title_bg_image_repeat":"","ocean_post_title_bg_image_size":"","ocean_post_title_height":0,"ocean_post_title_bg_overlay":0.5,"ocean_post_title_bg_overlay_color":"","ocean_disable_breadcrumbs":"default","ocean_breadcrumbs_color":"","ocean_breadcrumbs_separator_color":"","ocean_breadcrumbs_links_color":"","ocean_breadcrumbs_links_hover_color":"","ocean_display_footer_widgets":"default","ocean_display_footer_bottom":"default","ocean_custom_footer_template":"0"},"product_brand":[],"product_cat":[37,43,39,21],"product_tag":[],"class_list":{"0":"post-1885","1":"product","2":"type-product","3":"status-publish","4":"has-post-thumbnail","6":"product_cat-soins-peau-grasse","7":"product_cat-soins-anti-rougeurs-et-peau-sensible","8":"product_cat-soins-anti-taches-et-depigmentants","9":"product_cat-visage","11":"entry","12":"has-media","14":"first","15":"instock","16":"taxable","17":"shipping-taxable","18":"purchasable","19":"product-type-simple","20":"has-product-nav","21":"col","22":"span_1_of_3","23":"owp-content-center","24":"owp-thumbs-layout-horizontal","25":"owp-btn-normal","26":"owp-tabs-layout-horizontal"},"_links":{"self":[{"href":"https:\/\/ellypara.com\/index.php\/wp-json\/wp\/v2\/product\/1885","targetHints":{"allow":["GET"]}}],"collection":[{"href":"https:\/\/ellypara.com\/index.php\/wp-json\/wp\/v2\/product"}],"about":[{"href":"https:\/\/ellypara.com\/index.php\/wp-json\/wp\/v2\/types\/product"}],"replies":[{"embeddable":true,"href":"https:\/\/ellypara.com\/index.php\/wp-json\/wp\/v2\/comments?post=1885"}],"wp:featuredmedia":[{"embeddable":true,"href":"https:\/\/ellypara.com\/index.php\/wp-json\/wp\/v2\/media\/1886"}],"wp:attachment":[{"href":"https:\/\/ellypara.com\/index.php\/wp-json\/wp\/v2\/media?parent=1885"}],"wp:term":[{"taxonomy":"product_brand","embeddable":true,"href":"https:\/\/ellypara.com\/index.php\/wp-json\/wp\/v2\/product_brand?post=1885"},{"taxonomy":"product_cat","embeddable":true,"href":"https:\/\/ellypara.com\/index.php\/wp-json\/wp\/v2\/product_cat?post=1885"},{"taxonomy":"product_tag","embeddable":true,"href":"https:\/\/ellypara.com\/index.php\/wp-json\/wp\/v2\/product_tag?post=1885"}],"curies":[{"name":"wp","href":"https:\/\/api.w.org\/{rel}","templated":true}]}}